{"id":10275,"date":"2019-05-10T13:33:46","date_gmt":"2019-05-10T11:33:46","guid":{"rendered":"https:\/\/tender-colden.109-235-78-20.plesk.page\/ontvang-onze-nieuwsbrief\/"},"modified":"2025-07-03T14:54:48","modified_gmt":"2025-07-03T12:54:48","slug":"newsletter","status":"publish","type":"page","link":"https:\/\/www.ecomare.nl\/de\/newsletter\/","title":{"rendered":"Erhalten Sie unseren Newsletter"},"content":{"rendered":"<p><strong><span style=\"font-family: 'Arial',sans-serif;\">Bei Ecomare passiert immer etwas! Wenn Sie \u00fcber alle Neuigkeiten informiert bleiben m\u00f6chten, melden Sie sich f\u00fcr den monatlichen Newsletter an. Darin finden Sie Berichte aus der Auffangstation, neue Ausstellungen und besondere Ereignisse. Geben Sie unten Ihre E-Mailadresse an und Sie bekommen den Newsletter jeden Monat in Ihre Mailbox. Der Newsletter erscheint nur auf niederl\u00e4ndisch.<\/span><\/strong><\/p>\n","protected":false},"excerpt":{"rendered":"<p>Jeden Monat erscheint von Ecomare ein Newsletter. Darin finden Sie Berichte aus der Auffangstation, neue Ausstellungen und besondere Ereignisse.<\/p>\n","protected":false},"author":1,"featured_media":23955,"parent":0,"menu_order":0,"comment_status":"closed","ping_status":"closed","template":"","meta":{"_acf_changed":false,"footnotes":""},"tags":[],"class_list":["post-10275","page","type-page","status-publish","has-post-thumbnail","hentry"],"acf":[],"yoast_head":"<!-- This site is optimized with the Yoast SEO plugin v27.6 - https:\/\/yoast.com\/product\/yoast-seo-wordpress\/ -->\n<title>Erhalten Sie unseren Newsletter - Ecomare<\/title>\n<meta name=\"description\" content=\"Jeden Monat erscheint von Ecomare ein Newsletter. Darin finden Sie Berichte aus der Auffangstation, neue Ausstellungen und besondere Ereignisse.\" \/>\n<meta name=\"robots\" content=\"index, follow, max-snippet:-1, max-image-preview:large, max-video-preview:-1\" \/>\n<meta property=\"og:locale\" content=\"de_DE\" \/>\n<meta property=\"og:type\" content=\"article\" \/>\n<meta property=\"og:description\" content=\"Jeden Monat erscheint von Ecomare ein Newsletter. Darin finden Sie Berichte aus der Auffangstation, neue Ausstellungen und besondere Ereignisse.\" \/>\n<meta property=\"og:site_name\" content=\"Ecomare\" \/>\n<meta property=\"article:publisher\" content=\"https:\/\/www.facebook.com\/beheerder.ecomaretexel\/\" \/>\n<meta property=\"article:modified_time\" content=\"2025-07-03T12:54:48+00:00\" \/>\n<meta property=\"og:image\" content=\"https:\/\/www.ecomare.nl\/wp-content\/uploads\/2024\/07\/Uitgelichte-foto-Jeroen-Hoekendijk-Bo-links_Abby-rechts-4.jpg\" \/>\n\t<meta property=\"og:image:width\" content=\"1000\" \/>\n\t<meta property=\"og:image:height\" content=\"625\" \/>\n\t<meta property=\"og:image:type\" content=\"image\/jpeg\" \/>\n<meta name=\"twitter:card\" content=\"summary_large_image\" \/>\n<meta name=\"twitter:site\" content=\"@ecomaretexel\" \/>\n<meta name=\"twitter:label1\" content=\"Est. reading time\" \/>\n\t<meta name=\"twitter:data1\" content=\"1 minute\" \/>\n<script type=\"application\/ld+json\" class=\"yoast-schema-graph\">{\"@context\":\"https:\\\/\\\/schema.org\",\"@graph\":[{\"@type\":\"WebPage\",\"@id\":\"https:\\\/\\\/www.ecomare.nl\\\/de\\\/newsletter\\\/\",\"url\":\"https:\\\/\\\/www.ecomare.nl\\\/de\\\/newsletter\\\/\",\"name\":\"Erhalten Sie unseren Newsletter - Ecomare\",\"isPartOf\":{\"@id\":\"https:\\\/\\\/www.ecomare.nl\\\/#website\"},\"primaryImageOfPage\":{\"@id\":\"https:\\\/\\\/www.ecomare.nl\\\/de\\\/newsletter\\\/#primaryimage\"},\"image\":{\"@id\":\"https:\\\/\\\/www.ecomare.nl\\\/de\\\/newsletter\\\/#primaryimage\"},\"thumbnailUrl\":\"https:\\\/\\\/www.ecomare.nl\\\/wp-content\\\/uploads\\\/2024\\\/07\\\/Uitgelichte-foto-Jeroen-Hoekendijk-Bo-links_Abby-rechts-4.jpg\",\"datePublished\":\"2019-05-10T11:33:46+00:00\",\"dateModified\":\"2025-07-03T12:54:48+00:00\",\"description\":\"Jeden Monat erscheint von Ecomare ein Newsletter. Darin finden Sie Berichte aus der Auffangstation, neue Ausstellungen und besondere Ereignisse.\",\"breadcrumb\":{\"@id\":\"https:\\\/\\\/www.ecomare.nl\\\/de\\\/newsletter\\\/#breadcrumb\"},\"inLanguage\":\"de-DE\",\"potentialAction\":[{\"@type\":\"ReadAction\",\"target\":[\"https:\\\/\\\/www.ecomare.nl\\\/de\\\/newsletter\\\/\"]}]},{\"@type\":\"ImageObject\",\"inLanguage\":\"de-DE\",\"@id\":\"https:\\\/\\\/www.ecomare.nl\\\/de\\\/newsletter\\\/#primaryimage\",\"url\":\"https:\\\/\\\/www.ecomare.nl\\\/wp-content\\\/uploads\\\/2024\\\/07\\\/Uitgelichte-foto-Jeroen-Hoekendijk-Bo-links_Abby-rechts-4.jpg\",\"contentUrl\":\"https:\\\/\\\/www.ecomare.nl\\\/wp-content\\\/uploads\\\/2024\\\/07\\\/Uitgelichte-foto-Jeroen-Hoekendijk-Bo-links_Abby-rechts-4.jpg\",\"width\":1000,\"height\":625},{\"@type\":\"BreadcrumbList\",\"@id\":\"https:\\\/\\\/www.ecomare.nl\\\/de\\\/newsletter\\\/#breadcrumb\",\"itemListElement\":[{\"@type\":\"ListItem\",\"position\":1,\"name\":\"Home\",\"item\":\"https:\\\/\\\/www.ecomare.nl\\\/de\\\/\"},{\"@type\":\"ListItem\",\"position\":2,\"name\":\"Erhalten Sie unseren Newsletter\"}]},{\"@type\":\"WebSite\",\"@id\":\"https:\\\/\\\/www.ecomare.nl\\\/#website\",\"url\":\"https:\\\/\\\/www.ecomare.nl\\\/\",\"name\":\"Ecomare\",\"description\":\"\",\"potentialAction\":[{\"@type\":\"SearchAction\",\"target\":{\"@type\":\"EntryPoint\",\"urlTemplate\":\"https:\\\/\\\/www.ecomare.nl\\\/?s={search_term_string}\"},\"query-input\":{\"@type\":\"PropertyValueSpecification\",\"valueRequired\":true,\"valueName\":\"search_term_string\"}}],\"inLanguage\":\"de-DE\"}]}<\/script>\n<!-- \/ Yoast SEO plugin. -->","yoast_head_json":{"title":"Erhalten Sie unseren Newsletter - Ecomare","description":"Jeden Monat erscheint von Ecomare ein Newsletter. Darin finden Sie Berichte aus der Auffangstation, neue Ausstellungen und besondere Ereignisse.","robots":{"index":"index","follow":"follow","max-snippet":"max-snippet:-1","max-image-preview":"max-image-preview:large","max-video-preview":"max-video-preview:-1"},"og_locale":"de_DE","og_type":"article","og_description":"Jeden Monat erscheint von Ecomare ein Newsletter. Darin finden Sie Berichte aus der Auffangstation, neue Ausstellungen und besondere Ereignisse.","og_site_name":"Ecomare","article_publisher":"https:\/\/www.facebook.com\/beheerder.ecomaretexel\/","article_modified_time":"2025-07-03T12:54:48+00:00","og_image":[{"width":1000,"height":625,"url":"https:\/\/www.ecomare.nl\/wp-content\/uploads\/2024\/07\/Uitgelichte-foto-Jeroen-Hoekendijk-Bo-links_Abby-rechts-4.jpg","type":"image\/jpeg"}],"twitter_card":"summary_large_image","twitter_site":"@ecomaretexel","twitter_misc":{"Est. reading time":"1 minute"},"schema":{"@context":"https:\/\/schema.org","@graph":[{"@type":"WebPage","@id":"https:\/\/www.ecomare.nl\/de\/newsletter\/","url":"https:\/\/www.ecomare.nl\/de\/newsletter\/","name":"Erhalten Sie unseren Newsletter - Ecomare","isPartOf":{"@id":"https:\/\/www.ecomare.nl\/#website"},"primaryImageOfPage":{"@id":"https:\/\/www.ecomare.nl\/de\/newsletter\/#primaryimage"},"image":{"@id":"https:\/\/www.ecomare.nl\/de\/newsletter\/#primaryimage"},"thumbnailUrl":"https:\/\/www.ecomare.nl\/wp-content\/uploads\/2024\/07\/Uitgelichte-foto-Jeroen-Hoekendijk-Bo-links_Abby-rechts-4.jpg","datePublished":"2019-05-10T11:33:46+00:00","dateModified":"2025-07-03T12:54:48+00:00","description":"Jeden Monat erscheint von Ecomare ein Newsletter. Darin finden Sie Berichte aus der Auffangstation, neue Ausstellungen und besondere Ereignisse.","breadcrumb":{"@id":"https:\/\/www.ecomare.nl\/de\/newsletter\/#breadcrumb"},"inLanguage":"de-DE","potentialAction":[{"@type":"ReadAction","target":["https:\/\/www.ecomare.nl\/de\/newsletter\/"]}]},{"@type":"ImageObject","inLanguage":"de-DE","@id":"https:\/\/www.ecomare.nl\/de\/newsletter\/#primaryimage","url":"https:\/\/www.ecomare.nl\/wp-content\/uploads\/2024\/07\/Uitgelichte-foto-Jeroen-Hoekendijk-Bo-links_Abby-rechts-4.jpg","contentUrl":"https:\/\/www.ecomare.nl\/wp-content\/uploads\/2024\/07\/Uitgelichte-foto-Jeroen-Hoekendijk-Bo-links_Abby-rechts-4.jpg","width":1000,"height":625},{"@type":"BreadcrumbList","@id":"https:\/\/www.ecomare.nl\/de\/newsletter\/#breadcrumb","itemListElement":[{"@type":"ListItem","position":1,"name":"Home","item":"https:\/\/www.ecomare.nl\/de\/"},{"@type":"ListItem","position":2,"name":"Erhalten Sie unseren Newsletter"}]},{"@type":"WebSite","@id":"https:\/\/www.ecomare.nl\/#website","url":"https:\/\/www.ecomare.nl\/","name":"Ecomare","description":"","potentialAction":[{"@type":"SearchAction","target":{"@type":"EntryPoint","urlTemplate":"https:\/\/www.ecomare.nl\/?s={search_term_string}"},"query-input":{"@type":"PropertyValueSpecification","valueRequired":true,"valueName":"search_term_string"}}],"inLanguage":"de-DE"}]}},"_links":{"self":[{"href":"https:\/\/www.ecomare.nl\/de\/wp-json\/wp\/v2\/pages\/10275","targetHints":{"allow":["GET"]}}],"collection":[{"href":"https:\/\/www.ecomare.nl\/de\/wp-json\/wp\/v2\/pages"}],"about":[{"href":"https:\/\/www.ecomare.nl\/de\/wp-json\/wp\/v2\/types\/page"}],"author":[{"embeddable":true,"href":"https:\/\/www.ecomare.nl\/de\/wp-json\/wp\/v2\/users\/1"}],"replies":[{"embeddable":true,"href":"https:\/\/www.ecomare.nl\/de\/wp-json\/wp\/v2\/comments?post=10275"}],"version-history":[{"count":2,"href":"https:\/\/www.ecomare.nl\/de\/wp-json\/wp\/v2\/pages\/10275\/revisions"}],"predecessor-version":[{"id":25811,"href":"https:\/\/www.ecomare.nl\/de\/wp-json\/wp\/v2\/pages\/10275\/revisions\/25811"}],"wp:featuredmedia":[{"embeddable":true,"href":"https:\/\/www.ecomare.nl\/de\/wp-json\/wp\/v2\/media\/23955"}],"wp:attachment":[{"href":"https:\/\/www.ecomare.nl\/de\/wp-json\/wp\/v2\/media?parent=10275"}],"wp:term":[{"taxonomy":"post_tag","embeddable":true,"href":"https:\/\/www.ecomare.nl\/de\/wp-json\/wp\/v2\/tags?post=10275"}],"curies":[{"name":"wp","href":"https:\/\/api.w.org\/{rel}","templated":true}]}}