{"id":1103,"date":"2017-04-19T14:03:52","date_gmt":"2017-04-19T12:03:52","guid":{"rendered":"https:\/\/tender-colden.109-235-78-20.plesk.page\/?page_id=1103\/"},"modified":"2018-02-27T11:12:32","modified_gmt":"2018-02-27T10:12:32","slug":"sterne-beobachten","status":"publish","type":"page","link":"https:\/\/www.ecomare.nl\/de\/entdecke-ecomare-auf-texel\/sterne-beobachten\/","title":{"rendered":"Sterne beobachten"},"content":{"rendered":"<p><strong>Auf Texel wird es wirklich dunkel! Man kann hier darum besonders gut den Sternenhimmel genie\u00dfen. Neben Ecomare befindet sich das Observatorium der Volkssternenwarte De Jager. Es hat feste Teleskope, Sonnenteleskope sowie ein freistehendes Binokularteleskop. Es gibt immer etwas Besonderes zu sehen!<\/strong><\/p>\n<p><img loading=\"lazy\" decoding=\"async\" class=\"alignnone wp-image-7178\" src=\"https:\/\/www.ecomare.nl\/wp-content\/uploads\/2017\/04\/observatorium-zonnestelsel-sd-360x225.jpg\" alt=\"Planeten op de muur van het observatorium bij Ecomare\" width=\"958\" height=\"599\" srcset=\"https:\/\/www.ecomare.nl\/wp-content\/uploads\/2017\/04\/observatorium-zonnestelsel-sd-360x225.jpg 360w, https:\/\/www.ecomare.nl\/wp-content\/uploads\/2017\/04\/observatorium-zonnestelsel-sd-768x480.jpg 768w, https:\/\/www.ecomare.nl\/wp-content\/uploads\/2017\/04\/observatorium-zonnestelsel-sd-640x400.jpg 640w, https:\/\/www.ecomare.nl\/wp-content\/uploads\/2017\/04\/observatorium-zonnestelsel-sd.jpg 840w\" sizes=\"auto, (max-width: 958px) 100vw, 958px\" \/><\/p>\n<h2>\u00d6ffnungszeiten des Observatoriums<\/h2>\n<p>In der Wintersaison, wenn es abends fr\u00fch dunkel ist, finden regelm\u00e4\u00dfig Beobachtungsabende statt. In der Sommersaison ist das Observatorium manchmal tags\u00fcber ge\u00f6ffnet. Man kann dann Sonnenflammen und Sonnenflecken durch das spezielle Sonnenteleskop beobachten. Ob Sterne oder die Sonne zu sehen sind, ist vom Wetter abh\u00e4ngig. Nimm darum vorab Kontakt zur Sternwarte auf.<\/p>\n<p>Weitere Informationen \u00fcber die Beobachtungsabende und Lesungen in der Sternwarte stehen auf der Internetseite der \u201a<a href=\"http:\/\/oriontexel.nl\/\" target=\"_blank\" rel=\"noopener noreferrer\">Volkssternwarte De Jager<\/a>\u2018 oder auf der <a href=\"https:\/\/www.ecomare.nl\/de\/besuche-ecomare\/exkursionen-ecomare\/\" target=\"_blank\" rel=\"noopener noreferrer\">Exkursionsseite<\/a> unseres Internetauftritts.<\/p>\n","protected":false},"excerpt":{"rendered":"<p>Die Texeler Sternwarte hat ein pr\u00e4chtiges Observatorium bei Ecomare. Im Winter gibt es regelm\u00e4\u00dfig Beobachtungsabende. Es gibt auch ein Sonnenteleskop.<\/p>\n","protected":false},"author":58,"featured_media":1088,"parent":333,"menu_order":50,"comment_status":"closed","ping_status":"closed","template":"page-templates\/content-detail.php","meta":{"_acf_changed":false,"footnotes":""},"tags":[],"class_list":["post-1103","page","type-page","status-publish","has-post-thumbnail","hentry"],"acf":[],"yoast_head":"<!-- This site is optimized with the Yoast SEO plugin v27.5 - https:\/\/yoast.com\/product\/yoast-seo-wordpress\/ -->\n<title>Sterne beobachten - Ecomare<\/title>\n<meta name=\"description\" content=\"Die Texeler Sternwarte hat ein pr\u00e4chtiges Observatorium bei Ecomare. Im Winter gibt es regelm\u00e4\u00dfig Beobachtungsabende. Es gibt auch ein Sonnenteleskop.\" \/>\n<meta name=\"robots\" content=\"index, follow, max-snippet:-1, max-image-preview:large, max-video-preview:-1\" \/>\n<meta property=\"og:locale\" content=\"de_DE\" \/>\n<meta property=\"og:type\" content=\"article\" \/>\n<meta property=\"og:description\" content=\"Die Texeler Sternwarte hat ein pr\u00e4chtiges Observatorium bei Ecomare. Im Winter gibt es regelm\u00e4\u00dfig Beobachtungsabende. Es gibt auch ein Sonnenteleskop.\" \/>\n<meta property=\"og:site_name\" content=\"Ecomare\" \/>\n<meta property=\"article:publisher\" content=\"https:\/\/www.facebook.com\/beheerder.ecomaretexel\/\" \/>\n<meta property=\"article:modified_time\" content=\"2018-02-27T10:12:32+00:00\" \/>\n<meta property=\"og:image\" content=\"https:\/\/www.ecomare.nl\/wp-content\/uploads\/2017\/04\/observatorium-zonnestelsel-03-sd.jpg\" \/>\n\t<meta property=\"og:image:width\" content=\"840\" \/>\n\t<meta property=\"og:image:height\" content=\"525\" \/>\n\t<meta property=\"og:image:type\" content=\"image\/jpeg\" \/>\n<meta name=\"twitter:card\" content=\"summary_large_image\" \/>\n<meta name=\"twitter:site\" content=\"@ecomaretexel\" \/>\n<meta name=\"twitter:label1\" content=\"Est. reading time\" \/>\n\t<meta name=\"twitter:data1\" content=\"1 minute\" \/>\n<script type=\"application\/ld+json\" class=\"yoast-schema-graph\">{\"@context\":\"https:\\\/\\\/schema.org\",\"@graph\":[{\"@type\":\"WebPage\",\"@id\":\"https:\\\/\\\/www.ecomare.nl\\\/de\\\/entdecke-ecomare-auf-texel\\\/sterne-beobachten\\\/\",\"url\":\"https:\\\/\\\/www.ecomare.nl\\\/de\\\/entdecke-ecomare-auf-texel\\\/sterne-beobachten\\\/\",\"name\":\"Sterne beobachten - Ecomare\",\"isPartOf\":{\"@id\":\"https:\\\/\\\/www.ecomare.nl\\\/#website\"},\"primaryImageOfPage\":{\"@id\":\"https:\\\/\\\/www.ecomare.nl\\\/de\\\/entdecke-ecomare-auf-texel\\\/sterne-beobachten\\\/#primaryimage\"},\"image\":{\"@id\":\"https:\\\/\\\/www.ecomare.nl\\\/de\\\/entdecke-ecomare-auf-texel\\\/sterne-beobachten\\\/#primaryimage\"},\"thumbnailUrl\":\"https:\\\/\\\/www.ecomare.nl\\\/wp-content\\\/uploads\\\/2017\\\/04\\\/observatorium-zonnestelsel-03-sd.jpg\",\"datePublished\":\"2017-04-19T12:03:52+00:00\",\"dateModified\":\"2018-02-27T10:12:32+00:00\",\"description\":\"Die Texeler Sternwarte hat ein pr\u00e4chtiges Observatorium bei Ecomare. Im Winter gibt es regelm\u00e4\u00dfig Beobachtungsabende. Es gibt auch ein Sonnenteleskop.\",\"breadcrumb\":{\"@id\":\"https:\\\/\\\/www.ecomare.nl\\\/de\\\/entdecke-ecomare-auf-texel\\\/sterne-beobachten\\\/#breadcrumb\"},\"inLanguage\":\"de-DE\",\"potentialAction\":[{\"@type\":\"ReadAction\",\"target\":[\"https:\\\/\\\/www.ecomare.nl\\\/de\\\/entdecke-ecomare-auf-texel\\\/sterne-beobachten\\\/\"]}]},{\"@type\":\"ImageObject\",\"inLanguage\":\"de-DE\",\"@id\":\"https:\\\/\\\/www.ecomare.nl\\\/de\\\/entdecke-ecomare-auf-texel\\\/sterne-beobachten\\\/#primaryimage\",\"url\":\"https:\\\/\\\/www.ecomare.nl\\\/wp-content\\\/uploads\\\/2017\\\/04\\\/observatorium-zonnestelsel-03-sd.jpg\",\"contentUrl\":\"https:\\\/\\\/www.ecomare.nl\\\/wp-content\\\/uploads\\\/2017\\\/04\\\/observatorium-zonnestelsel-03-sd.jpg\",\"width\":840,\"height\":525,\"caption\":\"Planeten op de muur van het observatorium bij Ecomare\"},{\"@type\":\"BreadcrumbList\",\"@id\":\"https:\\\/\\\/www.ecomare.nl\\\/de\\\/entdecke-ecomare-auf-texel\\\/sterne-beobachten\\\/#breadcrumb\",\"itemListElement\":[{\"@type\":\"ListItem\",\"position\":1,\"name\":\"Home\",\"item\":\"https:\\\/\\\/www.ecomare.nl\\\/de\\\/\"},{\"@type\":\"ListItem\",\"position\":2,\"name\":\"Entdecke Ecomare auf Texel\",\"item\":\"https:\\\/\\\/www.ecomare.nl\\\/de\\\/entdecke-ecomare-auf-texel\\\/\"},{\"@type\":\"ListItem\",\"position\":3,\"name\":\"Sterne beobachten\"}]},{\"@type\":\"WebSite\",\"@id\":\"https:\\\/\\\/www.ecomare.nl\\\/#website\",\"url\":\"https:\\\/\\\/www.ecomare.nl\\\/\",\"name\":\"Ecomare\",\"description\":\"\",\"potentialAction\":[{\"@type\":\"SearchAction\",\"target\":{\"@type\":\"EntryPoint\",\"urlTemplate\":\"https:\\\/\\\/www.ecomare.nl\\\/?s={search_term_string}\"},\"query-input\":{\"@type\":\"PropertyValueSpecification\",\"valueRequired\":true,\"valueName\":\"search_term_string\"}}],\"inLanguage\":\"de-DE\"}]}<\/script>\n<!-- \/ Yoast SEO plugin. -->","yoast_head_json":{"title":"Sterne beobachten - Ecomare","description":"Die Texeler Sternwarte hat ein pr\u00e4chtiges Observatorium bei Ecomare. Im Winter gibt es regelm\u00e4\u00dfig Beobachtungsabende. Es gibt auch ein Sonnenteleskop.","robots":{"index":"index","follow":"follow","max-snippet":"max-snippet:-1","max-image-preview":"max-image-preview:large","max-video-preview":"max-video-preview:-1"},"og_locale":"de_DE","og_type":"article","og_description":"Die Texeler Sternwarte hat ein pr\u00e4chtiges Observatorium bei Ecomare. Im Winter gibt es regelm\u00e4\u00dfig Beobachtungsabende. Es gibt auch ein Sonnenteleskop.","og_site_name":"Ecomare","article_publisher":"https:\/\/www.facebook.com\/beheerder.ecomaretexel\/","article_modified_time":"2018-02-27T10:12:32+00:00","og_image":[{"width":840,"height":525,"url":"https:\/\/www.ecomare.nl\/wp-content\/uploads\/2017\/04\/observatorium-zonnestelsel-03-sd.jpg","type":"image\/jpeg"}],"twitter_card":"summary_large_image","twitter_site":"@ecomaretexel","twitter_misc":{"Est. reading time":"1 minute"},"schema":{"@context":"https:\/\/schema.org","@graph":[{"@type":"WebPage","@id":"https:\/\/www.ecomare.nl\/de\/entdecke-ecomare-auf-texel\/sterne-beobachten\/","url":"https:\/\/www.ecomare.nl\/de\/entdecke-ecomare-auf-texel\/sterne-beobachten\/","name":"Sterne beobachten - Ecomare","isPartOf":{"@id":"https:\/\/www.ecomare.nl\/#website"},"primaryImageOfPage":{"@id":"https:\/\/www.ecomare.nl\/de\/entdecke-ecomare-auf-texel\/sterne-beobachten\/#primaryimage"},"image":{"@id":"https:\/\/www.ecomare.nl\/de\/entdecke-ecomare-auf-texel\/sterne-beobachten\/#primaryimage"},"thumbnailUrl":"https:\/\/www.ecomare.nl\/wp-content\/uploads\/2017\/04\/observatorium-zonnestelsel-03-sd.jpg","datePublished":"2017-04-19T12:03:52+00:00","dateModified":"2018-02-27T10:12:32+00:00","description":"Die Texeler Sternwarte hat ein pr\u00e4chtiges Observatorium bei Ecomare. Im Winter gibt es regelm\u00e4\u00dfig Beobachtungsabende. Es gibt auch ein Sonnenteleskop.","breadcrumb":{"@id":"https:\/\/www.ecomare.nl\/de\/entdecke-ecomare-auf-texel\/sterne-beobachten\/#breadcrumb"},"inLanguage":"de-DE","potentialAction":[{"@type":"ReadAction","target":["https:\/\/www.ecomare.nl\/de\/entdecke-ecomare-auf-texel\/sterne-beobachten\/"]}]},{"@type":"ImageObject","inLanguage":"de-DE","@id":"https:\/\/www.ecomare.nl\/de\/entdecke-ecomare-auf-texel\/sterne-beobachten\/#primaryimage","url":"https:\/\/www.ecomare.nl\/wp-content\/uploads\/2017\/04\/observatorium-zonnestelsel-03-sd.jpg","contentUrl":"https:\/\/www.ecomare.nl\/wp-content\/uploads\/2017\/04\/observatorium-zonnestelsel-03-sd.jpg","width":840,"height":525,"caption":"Planeten op de muur van het observatorium bij Ecomare"},{"@type":"BreadcrumbList","@id":"https:\/\/www.ecomare.nl\/de\/entdecke-ecomare-auf-texel\/sterne-beobachten\/#breadcrumb","itemListElement":[{"@type":"ListItem","position":1,"name":"Home","item":"https:\/\/www.ecomare.nl\/de\/"},{"@type":"ListItem","position":2,"name":"Entdecke Ecomare auf Texel","item":"https:\/\/www.ecomare.nl\/de\/entdecke-ecomare-auf-texel\/"},{"@type":"ListItem","position":3,"name":"Sterne beobachten"}]},{"@type":"WebSite","@id":"https:\/\/www.ecomare.nl\/#website","url":"https:\/\/www.ecomare.nl\/","name":"Ecomare","description":"","potentialAction":[{"@type":"SearchAction","target":{"@type":"EntryPoint","urlTemplate":"https:\/\/www.ecomare.nl\/?s={search_term_string}"},"query-input":{"@type":"PropertyValueSpecification","valueRequired":true,"valueName":"search_term_string"}}],"inLanguage":"de-DE"}]}},"_links":{"self":[{"href":"https:\/\/www.ecomare.nl\/de\/wp-json\/wp\/v2\/pages\/1103","targetHints":{"allow":["GET"]}}],"collection":[{"href":"https:\/\/www.ecomare.nl\/de\/wp-json\/wp\/v2\/pages"}],"about":[{"href":"https:\/\/www.ecomare.nl\/de\/wp-json\/wp\/v2\/types\/page"}],"author":[{"embeddable":true,"href":"https:\/\/www.ecomare.nl\/de\/wp-json\/wp\/v2\/users\/58"}],"replies":[{"embeddable":true,"href":"https:\/\/www.ecomare.nl\/de\/wp-json\/wp\/v2\/comments?post=1103"}],"version-history":[{"count":0,"href":"https:\/\/www.ecomare.nl\/de\/wp-json\/wp\/v2\/pages\/1103\/revisions"}],"up":[{"embeddable":true,"href":"https:\/\/www.ecomare.nl\/de\/wp-json\/wp\/v2\/pages\/333"}],"wp:featuredmedia":[{"embeddable":true,"href":"https:\/\/www.ecomare.nl\/de\/wp-json\/wp\/v2\/media\/1088"}],"wp:attachment":[{"href":"https:\/\/www.ecomare.nl\/de\/wp-json\/wp\/v2\/media?parent=1103"}],"wp:term":[{"taxonomy":"post_tag","embeddable":true,"href":"https:\/\/www.ecomare.nl\/de\/wp-json\/wp\/v2\/tags?post=1103"}],"curies":[{"name":"wp","href":"https:\/\/api.w.org\/{rel}","templated":true}]}}