{"id":11788,"date":"2020-01-30T10:27:11","date_gmt":"2020-01-30T09:27:11","guid":{"rendered":"https:\/\/tender-colden.109-235-78-20.plesk.page\/entdecke-ecomare-auf-texel\/ausstellungen\/in-kurze-wunderbares-watt\/"},"modified":"2022-06-24T14:53:59","modified_gmt":"2022-06-24T12:53:59","slug":"in-kuerze-wunderbares-watt","status":"publish","type":"page","link":"https:\/\/www.ecomare.nl\/de\/entdecke-ecomare-auf-texel\/ausstellungen\/in-kuerze-wunderbares-watt\/","title":{"rendered":"Wunderbares Watt"},"content":{"rendered":"<p><strong>Erleben Sie den Zauber des Wattenmeeres! Die interaktive Ausstellung Wunderbares Watt ist eine Entdeckungsreise durch diesen einzigartigen Ort auf der Erde. Eine Wildnis in unserem Hinterhof, die nicht umsonst den Status eines UNESCO-Weltnaturerbes hat. Kommen Sie auch?\u00a0<\/strong><\/p>\n<div id=\"attachment_12395\" style=\"width: 850px\" class=\"wp-caption alignnone\"><img loading=\"lazy\" decoding=\"async\" aria-describedby=\"caption-attachment-12395\" class=\"wp-image-12395 size-full\" src=\"https:\/\/www.ecomare.nl\/wp-content\/uploads\/2020\/03\/Uitgelichte-afbeeldeing-wonderlijk-wad-Zeehonden-plaat-A0-cmyk.jpg\" alt=\"Wonderlijk Wad - binnenkort bij Ecomare\" width=\"840\" height=\"525\" srcset=\"https:\/\/www.ecomare.nl\/wp-content\/uploads\/2020\/03\/Uitgelichte-afbeeldeing-wonderlijk-wad-Zeehonden-plaat-A0-cmyk.jpg 840w, https:\/\/www.ecomare.nl\/wp-content\/uploads\/2020\/03\/Uitgelichte-afbeeldeing-wonderlijk-wad-Zeehonden-plaat-A0-cmyk-360x225.jpg 360w, https:\/\/www.ecomare.nl\/wp-content\/uploads\/2020\/03\/Uitgelichte-afbeeldeing-wonderlijk-wad-Zeehonden-plaat-A0-cmyk-640x400.jpg 640w, https:\/\/www.ecomare.nl\/wp-content\/uploads\/2020\/03\/Uitgelichte-afbeeldeing-wonderlijk-wad-Zeehonden-plaat-A0-cmyk-768x480.jpg 768w\" sizes=\"auto, (max-width: 840px) 100vw, 840px\" \/><p id=\"caption-attachment-12395\" class=\"wp-caption-text\">(c) Ruth de Ruwe<\/p><\/div>\n<h2>Beeindruckendes Wattenmeer<\/h2>\n<p>Wunderbares Watt handelt vom Weltnaturerbe Wattenmeer im weitesten Sinne des Wortes. Von der geologischen Geschichte bis zu den Irrg\u00e4sten, von den st\u00e4ndigen Bewohnern bis zu den Durchziehern. In Spielen entdeckt man, welche Strecke ein Knutt jedes Jahr zur\u00fccklegt oder wann sich die Steinkohle unter dem Wattenmeer gebildet hat. Ein beeindruckender Film zeigt im Zeitraffer die Gezeiten und die sich st\u00e4ndig ver\u00e4ndernde Landschaft. Auch die Bedrohungen werden diskutiert: Klimawandel, Verschmutzung, \u00dcberfischung.<\/p>\n<h2>Ausstellung f\u00fcr jedes Alter<\/h2>\n<p>Spiele, Filme und leicht zug\u00e4ngliche Texte machen Wunderbares Watt f\u00fcr alle Altersgruppen geeignet. Ein Einf\u00fchrungsfilm nimmt Sie mit durch die Geschichte des Gebietes und streift die in der Ausstellung behandelten Themen. Dieser Film kombiniert sch\u00f6ne Naturaufnahmen mit Animationen und einer klaren Erkl\u00e4rung; ein Fest zum Anschauen. Nachdem Sie den Film gesehen haben, tauchen Sie in die einzelnen Themen ein. Wenn Sie mehr wissen m\u00f6chten, finden Sie zu allen Themen vertiefende Informationen.<\/p>\n<h2>Das Watt: Unseren Schutz wert<\/h2>\n<p>Im Wunderbares Watt k\u00f6nnen Sie die Pracht des Wattenmeeres sehen und erleben. Je mehr Wertsch\u00e4tzung es f\u00fcr das Gebiet gibt, desto besser wird es gesch\u00fctzt werden!<\/p>\n","protected":false},"excerpt":{"rendered":"<p>Jetzt bei Ecomare zu sehen: Wunderbares Watt. Eine Ausstellung \u00fcber das Wattenmeer in all seinen Facetten, ein Eintauchen in das Weltnaturerbe Wattenmeer.<\/p>\n","protected":false},"author":58,"featured_media":13440,"parent":489,"menu_order":6,"comment_status":"closed","ping_status":"closed","template":"page-templates\/content-detail.php","meta":{"_acf_changed":false,"footnotes":""},"tags":[],"class_list":["post-11788","page","type-page","status-publish","has-post-thumbnail","hentry"],"acf":[],"yoast_head":"<!-- This site is optimized with the Yoast SEO plugin v27.5 - https:\/\/yoast.com\/product\/yoast-seo-wordpress\/ -->\n<title>Wunderbares Watt - Ecomare<\/title>\n<meta name=\"description\" content=\"Jetzt bei Ecomare zu sehen: Wunderbares Watt. Eine Ausstellung \u00fcber das Wattenmeer in all seinen Facetten, ein Eintauchen in das Weltnaturerbe Wattenmeer.\" \/>\n<meta name=\"robots\" content=\"index, follow, max-snippet:-1, max-image-preview:large, max-video-preview:-1\" \/>\n<meta property=\"og:locale\" content=\"de_DE\" \/>\n<meta property=\"og:type\" content=\"article\" \/>\n<meta property=\"og:description\" content=\"Jetzt bei Ecomare zu sehen: Wunderbares Watt. Eine Ausstellung \u00fcber das Wattenmeer in all seinen Facetten, ein Eintauchen in das Weltnaturerbe Wattenmeer.\" \/>\n<meta property=\"og:site_name\" content=\"Ecomare\" \/>\n<meta property=\"article:publisher\" content=\"https:\/\/www.facebook.com\/beheerder.ecomaretexel\/\" \/>\n<meta property=\"article:modified_time\" content=\"2022-06-24T12:53:59+00:00\" \/>\n<meta property=\"og:image\" content=\"https:\/\/www.ecomare.nl\/wp-content\/uploads\/2020\/06\/Wonderlijk-Wad-bezoek-touchscreen-2-640x470.jpg\" \/>\n\t<meta property=\"og:image:width\" content=\"640\" \/>\n\t<meta property=\"og:image:height\" content=\"470\" \/>\n\t<meta property=\"og:image:type\" content=\"image\/jpeg\" \/>\n<meta name=\"twitter:card\" content=\"summary_large_image\" \/>\n<meta name=\"twitter:site\" content=\"@ecomaretexel\" \/>\n<meta name=\"twitter:label1\" content=\"Est. reading time\" \/>\n\t<meta name=\"twitter:data1\" content=\"1 minute\" \/>\n<script type=\"application\/ld+json\" class=\"yoast-schema-graph\">{\"@context\":\"https:\\\/\\\/schema.org\",\"@graph\":[{\"@type\":\"WebPage\",\"@id\":\"https:\\\/\\\/www.ecomare.nl\\\/de\\\/entdecke-ecomare-auf-texel\\\/ausstellungen\\\/in-kuerze-wunderbares-watt\\\/\",\"url\":\"https:\\\/\\\/www.ecomare.nl\\\/de\\\/entdecke-ecomare-auf-texel\\\/ausstellungen\\\/in-kuerze-wunderbares-watt\\\/\",\"name\":\"Wunderbares Watt - Ecomare\",\"isPartOf\":{\"@id\":\"https:\\\/\\\/www.ecomare.nl\\\/#website\"},\"primaryImageOfPage\":{\"@id\":\"https:\\\/\\\/www.ecomare.nl\\\/de\\\/entdecke-ecomare-auf-texel\\\/ausstellungen\\\/in-kuerze-wunderbares-watt\\\/#primaryimage\"},\"image\":{\"@id\":\"https:\\\/\\\/www.ecomare.nl\\\/de\\\/entdecke-ecomare-auf-texel\\\/ausstellungen\\\/in-kuerze-wunderbares-watt\\\/#primaryimage\"},\"thumbnailUrl\":\"https:\\\/\\\/www.ecomare.nl\\\/wp-content\\\/uploads\\\/2020\\\/06\\\/Wonderlijk-Wad-bezoek-touchscreen-2.jpg\",\"datePublished\":\"2020-01-30T09:27:11+00:00\",\"dateModified\":\"2022-06-24T12:53:59+00:00\",\"description\":\"Jetzt bei Ecomare zu sehen: Wunderbares Watt. Eine Ausstellung \u00fcber das Wattenmeer in all seinen Facetten, ein Eintauchen in das Weltnaturerbe Wattenmeer.\",\"breadcrumb\":{\"@id\":\"https:\\\/\\\/www.ecomare.nl\\\/de\\\/entdecke-ecomare-auf-texel\\\/ausstellungen\\\/in-kuerze-wunderbares-watt\\\/#breadcrumb\"},\"inLanguage\":\"de-DE\",\"potentialAction\":[{\"@type\":\"ReadAction\",\"target\":[\"https:\\\/\\\/www.ecomare.nl\\\/de\\\/entdecke-ecomare-auf-texel\\\/ausstellungen\\\/in-kuerze-wunderbares-watt\\\/\"]}]},{\"@type\":\"ImageObject\",\"inLanguage\":\"de-DE\",\"@id\":\"https:\\\/\\\/www.ecomare.nl\\\/de\\\/entdecke-ecomare-auf-texel\\\/ausstellungen\\\/in-kuerze-wunderbares-watt\\\/#primaryimage\",\"url\":\"https:\\\/\\\/www.ecomare.nl\\\/wp-content\\\/uploads\\\/2020\\\/06\\\/Wonderlijk-Wad-bezoek-touchscreen-2.jpg\",\"contentUrl\":\"https:\\\/\\\/www.ecomare.nl\\\/wp-content\\\/uploads\\\/2020\\\/06\\\/Wonderlijk-Wad-bezoek-touchscreen-2.jpg\",\"width\":2560,\"height\":1879,\"caption\":\"Wonderlijk Wad: een tentoonstelling over Unesco Werelderfgoed Waddenzee\"},{\"@type\":\"BreadcrumbList\",\"@id\":\"https:\\\/\\\/www.ecomare.nl\\\/de\\\/entdecke-ecomare-auf-texel\\\/ausstellungen\\\/in-kuerze-wunderbares-watt\\\/#breadcrumb\",\"itemListElement\":[{\"@type\":\"ListItem\",\"position\":1,\"name\":\"Home\",\"item\":\"https:\\\/\\\/www.ecomare.nl\\\/de\\\/\"},{\"@type\":\"ListItem\",\"position\":2,\"name\":\"Entdecke Ecomare auf Texel\",\"item\":\"https:\\\/\\\/www.ecomare.nl\\\/de\\\/entdecke-ecomare-auf-texel\\\/\"},{\"@type\":\"ListItem\",\"position\":3,\"name\":\"Ausstellungen\",\"item\":\"https:\\\/\\\/www.ecomare.nl\\\/de\\\/entdecke-ecomare-auf-texel\\\/ausstellungen\\\/\"},{\"@type\":\"ListItem\",\"position\":4,\"name\":\"Wunderbares Watt\"}]},{\"@type\":\"WebSite\",\"@id\":\"https:\\\/\\\/www.ecomare.nl\\\/#website\",\"url\":\"https:\\\/\\\/www.ecomare.nl\\\/\",\"name\":\"Ecomare\",\"description\":\"\",\"potentialAction\":[{\"@type\":\"SearchAction\",\"target\":{\"@type\":\"EntryPoint\",\"urlTemplate\":\"https:\\\/\\\/www.ecomare.nl\\\/?s={search_term_string}\"},\"query-input\":{\"@type\":\"PropertyValueSpecification\",\"valueRequired\":true,\"valueName\":\"search_term_string\"}}],\"inLanguage\":\"de-DE\"}]}<\/script>\n<!-- \/ Yoast SEO plugin. -->","yoast_head_json":{"title":"Wunderbares Watt - Ecomare","description":"Jetzt bei Ecomare zu sehen: Wunderbares Watt. Eine Ausstellung \u00fcber das Wattenmeer in all seinen Facetten, ein Eintauchen in das Weltnaturerbe Wattenmeer.","robots":{"index":"index","follow":"follow","max-snippet":"max-snippet:-1","max-image-preview":"max-image-preview:large","max-video-preview":"max-video-preview:-1"},"og_locale":"de_DE","og_type":"article","og_description":"Jetzt bei Ecomare zu sehen: Wunderbares Watt. Eine Ausstellung \u00fcber das Wattenmeer in all seinen Facetten, ein Eintauchen in das Weltnaturerbe Wattenmeer.","og_site_name":"Ecomare","article_publisher":"https:\/\/www.facebook.com\/beheerder.ecomaretexel\/","article_modified_time":"2022-06-24T12:53:59+00:00","og_image":[{"width":640,"height":470,"url":"https:\/\/www.ecomare.nl\/wp-content\/uploads\/2020\/06\/Wonderlijk-Wad-bezoek-touchscreen-2-640x470.jpg","type":"image\/jpeg"}],"twitter_card":"summary_large_image","twitter_site":"@ecomaretexel","twitter_misc":{"Est. reading time":"1 minute"},"schema":{"@context":"https:\/\/schema.org","@graph":[{"@type":"WebPage","@id":"https:\/\/www.ecomare.nl\/de\/entdecke-ecomare-auf-texel\/ausstellungen\/in-kuerze-wunderbares-watt\/","url":"https:\/\/www.ecomare.nl\/de\/entdecke-ecomare-auf-texel\/ausstellungen\/in-kuerze-wunderbares-watt\/","name":"Wunderbares Watt - Ecomare","isPartOf":{"@id":"https:\/\/www.ecomare.nl\/#website"},"primaryImageOfPage":{"@id":"https:\/\/www.ecomare.nl\/de\/entdecke-ecomare-auf-texel\/ausstellungen\/in-kuerze-wunderbares-watt\/#primaryimage"},"image":{"@id":"https:\/\/www.ecomare.nl\/de\/entdecke-ecomare-auf-texel\/ausstellungen\/in-kuerze-wunderbares-watt\/#primaryimage"},"thumbnailUrl":"https:\/\/www.ecomare.nl\/wp-content\/uploads\/2020\/06\/Wonderlijk-Wad-bezoek-touchscreen-2.jpg","datePublished":"2020-01-30T09:27:11+00:00","dateModified":"2022-06-24T12:53:59+00:00","description":"Jetzt bei Ecomare zu sehen: Wunderbares Watt. Eine Ausstellung \u00fcber das Wattenmeer in all seinen Facetten, ein Eintauchen in das Weltnaturerbe Wattenmeer.","breadcrumb":{"@id":"https:\/\/www.ecomare.nl\/de\/entdecke-ecomare-auf-texel\/ausstellungen\/in-kuerze-wunderbares-watt\/#breadcrumb"},"inLanguage":"de-DE","potentialAction":[{"@type":"ReadAction","target":["https:\/\/www.ecomare.nl\/de\/entdecke-ecomare-auf-texel\/ausstellungen\/in-kuerze-wunderbares-watt\/"]}]},{"@type":"ImageObject","inLanguage":"de-DE","@id":"https:\/\/www.ecomare.nl\/de\/entdecke-ecomare-auf-texel\/ausstellungen\/in-kuerze-wunderbares-watt\/#primaryimage","url":"https:\/\/www.ecomare.nl\/wp-content\/uploads\/2020\/06\/Wonderlijk-Wad-bezoek-touchscreen-2.jpg","contentUrl":"https:\/\/www.ecomare.nl\/wp-content\/uploads\/2020\/06\/Wonderlijk-Wad-bezoek-touchscreen-2.jpg","width":2560,"height":1879,"caption":"Wonderlijk Wad: een tentoonstelling over Unesco Werelderfgoed Waddenzee"},{"@type":"BreadcrumbList","@id":"https:\/\/www.ecomare.nl\/de\/entdecke-ecomare-auf-texel\/ausstellungen\/in-kuerze-wunderbares-watt\/#breadcrumb","itemListElement":[{"@type":"ListItem","position":1,"name":"Home","item":"https:\/\/www.ecomare.nl\/de\/"},{"@type":"ListItem","position":2,"name":"Entdecke Ecomare auf Texel","item":"https:\/\/www.ecomare.nl\/de\/entdecke-ecomare-auf-texel\/"},{"@type":"ListItem","position":3,"name":"Ausstellungen","item":"https:\/\/www.ecomare.nl\/de\/entdecke-ecomare-auf-texel\/ausstellungen\/"},{"@type":"ListItem","position":4,"name":"Wunderbares Watt"}]},{"@type":"WebSite","@id":"https:\/\/www.ecomare.nl\/#website","url":"https:\/\/www.ecomare.nl\/","name":"Ecomare","description":"","potentialAction":[{"@type":"SearchAction","target":{"@type":"EntryPoint","urlTemplate":"https:\/\/www.ecomare.nl\/?s={search_term_string}"},"query-input":{"@type":"PropertyValueSpecification","valueRequired":true,"valueName":"search_term_string"}}],"inLanguage":"de-DE"}]}},"_links":{"self":[{"href":"https:\/\/www.ecomare.nl\/de\/wp-json\/wp\/v2\/pages\/11788","targetHints":{"allow":["GET"]}}],"collection":[{"href":"https:\/\/www.ecomare.nl\/de\/wp-json\/wp\/v2\/pages"}],"about":[{"href":"https:\/\/www.ecomare.nl\/de\/wp-json\/wp\/v2\/types\/page"}],"author":[{"embeddable":true,"href":"https:\/\/www.ecomare.nl\/de\/wp-json\/wp\/v2\/users\/58"}],"replies":[{"embeddable":true,"href":"https:\/\/www.ecomare.nl\/de\/wp-json\/wp\/v2\/comments?post=11788"}],"version-history":[{"count":2,"href":"https:\/\/www.ecomare.nl\/de\/wp-json\/wp\/v2\/pages\/11788\/revisions"}],"predecessor-version":[{"id":17929,"href":"https:\/\/www.ecomare.nl\/de\/wp-json\/wp\/v2\/pages\/11788\/revisions\/17929"}],"up":[{"embeddable":true,"href":"https:\/\/www.ecomare.nl\/de\/wp-json\/wp\/v2\/pages\/489"}],"wp:featuredmedia":[{"embeddable":true,"href":"https:\/\/www.ecomare.nl\/de\/wp-json\/wp\/v2\/media\/13440"}],"wp:attachment":[{"href":"https:\/\/www.ecomare.nl\/de\/wp-json\/wp\/v2\/media?parent=11788"}],"wp:term":[{"taxonomy":"post_tag","embeddable":true,"href":"https:\/\/www.ecomare.nl\/de\/wp-json\/wp\/v2\/tags?post=11788"}],"curies":[{"name":"wp","href":"https:\/\/api.w.org\/{rel}","templated":true}]}}