{"id":13121,"date":"2020-05-14T14:51:11","date_gmt":"2020-05-14T12:51:11","guid":{"rendered":"https:\/\/tender-colden.109-235-78-20.plesk.page\/besuche-ecomare\/corona-massnahmen\/13114-2\/"},"modified":"2026-02-03T11:15:21","modified_gmt":"2026-02-03T10:15:21","slug":"hausregeln","status":"publish","type":"page","link":"https:\/\/www.ecomare.nl\/de\/hausregeln\/","title":{"rendered":"Hausregeln"},"content":{"rendered":"<p><strong>Bei Ecomare legen wir Wert darauf, dass jeder das Museum angenehm und sicher genie\u00dfen kann. Deshalb haben wir Hausregeln f\u00fcr Besucher aufgestellt. Diese finden Sie hier \u00fcbersichtlich aufgelistet.<\/strong><\/p>\n<ul>\n<li>Wir bitten Besucher, das Museum in angemessener Kleidung zu besuchen; das Tragen von Badekleidung ist nicht gestattet.<\/li>\n<li>Kinder unter 13 Jahren sind bei Ecomare in Begleitung eines Erwachsenen willkommen.<br \/>\nRennen und Schreien sind sowohl im Museum als auch auf dem Au\u00dfengel\u00e4nde nicht gestattet.<\/li>\n<li>Bollerwagen, Laufr\u00e4der und (Stunt-)Roller d\u00fcrfen nicht mit ins Museum genommen werden; in der Garderobe gibt es Platz, um diese auf eigene Gefahr abzustellen.<\/li>\n<li>Die Besucher sind verpflichtet, sorgf\u00e4ltig mit unserer Sammlung, dem Geb\u00e4ude und dem Au\u00dfenbereich umzugehen; Sch\u00e4den, die durch Besucher verursacht werden, unterliegen deren Haftung.<\/li>\n<li>Deutlich erkennbare, zertifizierte Assistenzhunde sind im Museum willkommen, andere Tiere nicht.<\/li>\n<li>Besucher, die sich nicht selbstst\u00e4ndig im Museum bewegen k\u00f6nnen, d\u00fcrfen gegen Vorlage einer g\u00fcltigen Begleiterkarte oder \u00e4rztlichen Attests eine Begleitperson kostenlos mitbringen.<\/li>\n<li>Das Essen und Trinken ist im Museum und im Museumsshop nicht gestattet. Dies ist jedoch im Restaurant und\/oder auf dem Au\u00dfengel\u00e4nde m\u00f6glich; das Mitbringen eigener Speisen ist im Restaurant nicht gestattet.<\/li>\n<li>Das gesamte Museum und das Au\u00dfengel\u00e4nde sind rauchfrei, auch E-Zigaretten sind nicht gestattet.<\/li>\n<li>Nach 16:30 Uhr werden keine Eintrittskarten mehr verkauft, da das Museum um 17:00 Uhr schlie\u00dft.<\/li>\n<li>Haben Sie etwas im Museum verloren? Wir bewahren Fundsachen maximal 2 Monate lang auf.<\/li>\n<li>Sowohl im Museum als auch auf dem Au\u00dfenbereich gibt es eine Kamera\u00fcberwachung, die Aufnahmen werden von Ecomare vor\u00fcbergehend gespeichert.<\/li>\n<\/ul>\n","protected":false},"excerpt":{"rendered":"<p>Wie sch\u00f6n, dass Sie Ecomare besuchen m\u00f6chten! Im Zusammenhang mit den Corona-Ma\u00dfnahmen bitten wir Sie, die folgenden Regeln zu beachten.<\/p>\n","protected":false},"author":58,"featured_media":13117,"parent":0,"menu_order":0,"comment_status":"closed","ping_status":"closed","template":"page-templates\/content-detail.php","meta":{"_acf_changed":false,"footnotes":""},"tags":[],"class_list":["post-13121","page","type-page","status-publish","has-post-thumbnail","hentry"],"acf":[],"yoast_head":"<!-- This site is optimized with the Yoast SEO plugin v27.5 - https:\/\/yoast.com\/product\/yoast-seo-wordpress\/ -->\n<title>Hausregeln - Ecomare<\/title>\n<meta name=\"description\" content=\"Wie sch\u00f6n, dass Sie Ecomare besuchen m\u00f6chten! Im Zusammenhang mit den Corona-Ma\u00dfnahmen bitten wir Sie, die folgenden Regeln zu beachten.\" \/>\n<meta name=\"robots\" content=\"index, follow, max-snippet:-1, max-image-preview:large, max-video-preview:-1\" \/>\n<meta property=\"og:locale\" content=\"de_DE\" \/>\n<meta property=\"og:type\" content=\"article\" \/>\n<meta property=\"og:description\" content=\"Wie sch\u00f6n, dass Sie Ecomare besuchen m\u00f6chten! Im Zusammenhang mit den Corona-Ma\u00dfnahmen bitten wir Sie, die folgenden Regeln zu beachten.\" \/>\n<meta property=\"og:site_name\" content=\"Ecomare\" \/>\n<meta property=\"article:publisher\" content=\"https:\/\/www.facebook.com\/beheerder.ecomaretexel\/\" \/>\n<meta property=\"article:modified_time\" content=\"2026-02-03T10:15:21+00:00\" \/>\n<meta property=\"og:image\" content=\"https:\/\/www.ecomare.nl\/wp-content\/uploads\/2020\/05\/huisregelsBuitenterrein-2016-sw.jpg\" \/>\n\t<meta property=\"og:image:width\" content=\"840\" \/>\n\t<meta property=\"og:image:height\" content=\"525\" \/>\n\t<meta property=\"og:image:type\" content=\"image\/jpeg\" \/>\n<meta name=\"twitter:card\" content=\"summary_large_image\" \/>\n<meta name=\"twitter:site\" content=\"@ecomaretexel\" \/>\n<meta name=\"twitter:label1\" content=\"Est. reading time\" \/>\n\t<meta name=\"twitter:data1\" content=\"2 minutes\" \/>\n<script type=\"application\/ld+json\" class=\"yoast-schema-graph\">{\"@context\":\"https:\\\/\\\/schema.org\",\"@graph\":[{\"@type\":\"WebPage\",\"@id\":\"https:\\\/\\\/www.ecomare.nl\\\/de\\\/hausregeln\\\/\",\"url\":\"https:\\\/\\\/www.ecomare.nl\\\/de\\\/hausregeln\\\/\",\"name\":\"Hausregeln - Ecomare\",\"isPartOf\":{\"@id\":\"https:\\\/\\\/www.ecomare.nl\\\/#website\"},\"primaryImageOfPage\":{\"@id\":\"https:\\\/\\\/www.ecomare.nl\\\/de\\\/hausregeln\\\/#primaryimage\"},\"image\":{\"@id\":\"https:\\\/\\\/www.ecomare.nl\\\/de\\\/hausregeln\\\/#primaryimage\"},\"thumbnailUrl\":\"https:\\\/\\\/www.ecomare.nl\\\/wp-content\\\/uploads\\\/2020\\\/05\\\/huisregelsBuitenterrein-2016-sw.jpg\",\"datePublished\":\"2020-05-14T12:51:11+00:00\",\"dateModified\":\"2026-02-03T10:15:21+00:00\",\"description\":\"Wie sch\u00f6n, dass Sie Ecomare besuchen m\u00f6chten! Im Zusammenhang mit den Corona-Ma\u00dfnahmen bitten wir Sie, die folgenden Regeln zu beachten.\",\"breadcrumb\":{\"@id\":\"https:\\\/\\\/www.ecomare.nl\\\/de\\\/hausregeln\\\/#breadcrumb\"},\"inLanguage\":\"de-DE\",\"potentialAction\":[{\"@type\":\"ReadAction\",\"target\":[\"https:\\\/\\\/www.ecomare.nl\\\/de\\\/hausregeln\\\/\"]}]},{\"@type\":\"ImageObject\",\"inLanguage\":\"de-DE\",\"@id\":\"https:\\\/\\\/www.ecomare.nl\\\/de\\\/hausregeln\\\/#primaryimage\",\"url\":\"https:\\\/\\\/www.ecomare.nl\\\/wp-content\\\/uploads\\\/2020\\\/05\\\/huisregelsBuitenterrein-2016-sw.jpg\",\"contentUrl\":\"https:\\\/\\\/www.ecomare.nl\\\/wp-content\\\/uploads\\\/2020\\\/05\\\/huisregelsBuitenterrein-2016-sw.jpg\",\"width\":840,\"height\":525,\"caption\":\"buitenterrein overzicht gewone zeehonden bassin\"},{\"@type\":\"BreadcrumbList\",\"@id\":\"https:\\\/\\\/www.ecomare.nl\\\/de\\\/hausregeln\\\/#breadcrumb\",\"itemListElement\":[{\"@type\":\"ListItem\",\"position\":1,\"name\":\"Home\",\"item\":\"https:\\\/\\\/www.ecomare.nl\\\/de\\\/\"},{\"@type\":\"ListItem\",\"position\":2,\"name\":\"Hausregeln\"}]},{\"@type\":\"WebSite\",\"@id\":\"https:\\\/\\\/www.ecomare.nl\\\/#website\",\"url\":\"https:\\\/\\\/www.ecomare.nl\\\/\",\"name\":\"Ecomare\",\"description\":\"\",\"potentialAction\":[{\"@type\":\"SearchAction\",\"target\":{\"@type\":\"EntryPoint\",\"urlTemplate\":\"https:\\\/\\\/www.ecomare.nl\\\/?s={search_term_string}\"},\"query-input\":{\"@type\":\"PropertyValueSpecification\",\"valueRequired\":true,\"valueName\":\"search_term_string\"}}],\"inLanguage\":\"de-DE\"}]}<\/script>\n<!-- \/ Yoast SEO plugin. -->","yoast_head_json":{"title":"Hausregeln - Ecomare","description":"Wie sch\u00f6n, dass Sie Ecomare besuchen m\u00f6chten! Im Zusammenhang mit den Corona-Ma\u00dfnahmen bitten wir Sie, die folgenden Regeln zu beachten.","robots":{"index":"index","follow":"follow","max-snippet":"max-snippet:-1","max-image-preview":"max-image-preview:large","max-video-preview":"max-video-preview:-1"},"og_locale":"de_DE","og_type":"article","og_description":"Wie sch\u00f6n, dass Sie Ecomare besuchen m\u00f6chten! Im Zusammenhang mit den Corona-Ma\u00dfnahmen bitten wir Sie, die folgenden Regeln zu beachten.","og_site_name":"Ecomare","article_publisher":"https:\/\/www.facebook.com\/beheerder.ecomaretexel\/","article_modified_time":"2026-02-03T10:15:21+00:00","og_image":[{"width":840,"height":525,"url":"https:\/\/www.ecomare.nl\/wp-content\/uploads\/2020\/05\/huisregelsBuitenterrein-2016-sw.jpg","type":"image\/jpeg"}],"twitter_card":"summary_large_image","twitter_site":"@ecomaretexel","twitter_misc":{"Est. reading time":"2 minutes"},"schema":{"@context":"https:\/\/schema.org","@graph":[{"@type":"WebPage","@id":"https:\/\/www.ecomare.nl\/de\/hausregeln\/","url":"https:\/\/www.ecomare.nl\/de\/hausregeln\/","name":"Hausregeln - Ecomare","isPartOf":{"@id":"https:\/\/www.ecomare.nl\/#website"},"primaryImageOfPage":{"@id":"https:\/\/www.ecomare.nl\/de\/hausregeln\/#primaryimage"},"image":{"@id":"https:\/\/www.ecomare.nl\/de\/hausregeln\/#primaryimage"},"thumbnailUrl":"https:\/\/www.ecomare.nl\/wp-content\/uploads\/2020\/05\/huisregelsBuitenterrein-2016-sw.jpg","datePublished":"2020-05-14T12:51:11+00:00","dateModified":"2026-02-03T10:15:21+00:00","description":"Wie sch\u00f6n, dass Sie Ecomare besuchen m\u00f6chten! Im Zusammenhang mit den Corona-Ma\u00dfnahmen bitten wir Sie, die folgenden Regeln zu beachten.","breadcrumb":{"@id":"https:\/\/www.ecomare.nl\/de\/hausregeln\/#breadcrumb"},"inLanguage":"de-DE","potentialAction":[{"@type":"ReadAction","target":["https:\/\/www.ecomare.nl\/de\/hausregeln\/"]}]},{"@type":"ImageObject","inLanguage":"de-DE","@id":"https:\/\/www.ecomare.nl\/de\/hausregeln\/#primaryimage","url":"https:\/\/www.ecomare.nl\/wp-content\/uploads\/2020\/05\/huisregelsBuitenterrein-2016-sw.jpg","contentUrl":"https:\/\/www.ecomare.nl\/wp-content\/uploads\/2020\/05\/huisregelsBuitenterrein-2016-sw.jpg","width":840,"height":525,"caption":"buitenterrein overzicht gewone zeehonden bassin"},{"@type":"BreadcrumbList","@id":"https:\/\/www.ecomare.nl\/de\/hausregeln\/#breadcrumb","itemListElement":[{"@type":"ListItem","position":1,"name":"Home","item":"https:\/\/www.ecomare.nl\/de\/"},{"@type":"ListItem","position":2,"name":"Hausregeln"}]},{"@type":"WebSite","@id":"https:\/\/www.ecomare.nl\/#website","url":"https:\/\/www.ecomare.nl\/","name":"Ecomare","description":"","potentialAction":[{"@type":"SearchAction","target":{"@type":"EntryPoint","urlTemplate":"https:\/\/www.ecomare.nl\/?s={search_term_string}"},"query-input":{"@type":"PropertyValueSpecification","valueRequired":true,"valueName":"search_term_string"}}],"inLanguage":"de-DE"}]}},"_links":{"self":[{"href":"https:\/\/www.ecomare.nl\/de\/wp-json\/wp\/v2\/pages\/13121","targetHints":{"allow":["GET"]}}],"collection":[{"href":"https:\/\/www.ecomare.nl\/de\/wp-json\/wp\/v2\/pages"}],"about":[{"href":"https:\/\/www.ecomare.nl\/de\/wp-json\/wp\/v2\/types\/page"}],"author":[{"embeddable":true,"href":"https:\/\/www.ecomare.nl\/de\/wp-json\/wp\/v2\/users\/58"}],"replies":[{"embeddable":true,"href":"https:\/\/www.ecomare.nl\/de\/wp-json\/wp\/v2\/comments?post=13121"}],"version-history":[{"count":4,"href":"https:\/\/www.ecomare.nl\/de\/wp-json\/wp\/v2\/pages\/13121\/revisions"}],"predecessor-version":[{"id":26607,"href":"https:\/\/www.ecomare.nl\/de\/wp-json\/wp\/v2\/pages\/13121\/revisions\/26607"}],"wp:featuredmedia":[{"embeddable":true,"href":"https:\/\/www.ecomare.nl\/de\/wp-json\/wp\/v2\/media\/13117"}],"wp:attachment":[{"href":"https:\/\/www.ecomare.nl\/de\/wp-json\/wp\/v2\/media?parent=13121"}],"wp:term":[{"taxonomy":"post_tag","embeddable":true,"href":"https:\/\/www.ecomare.nl\/de\/wp-json\/wp\/v2\/tags?post=13121"}],"curies":[{"name":"wp","href":"https:\/\/api.w.org\/{rel}","templated":true}]}}