{"id":17704,"date":"2022-05-13T13:03:08","date_gmt":"2022-05-13T11:03:08","guid":{"rendered":"https:\/\/www.ecomare.nl\/vijf-weetjes-over-gewone-zeehonden\/"},"modified":"2022-05-20T17:04:38","modified_gmt":"2022-05-20T15:04:38","slug":"fuenf-fakten-ueber-seehunde","status":"publish","type":"page","link":"https:\/\/www.ecomare.nl\/de\/fuenf-fakten-ueber-seehunde\/","title":{"rendered":"Lustige Fakten \u00fcber Seehunde"},"content":{"rendered":"<p><strong>M\u00f6chten Sie mehr \u00fcber Seehunde erfahren? In diesem Video erfahren Sie f\u00fcnf lustige Fakten \u00fcber sie. Tipp: Halten Sie Ihr Mobiltelefon waagerecht und machen Sie es zum Vollbild.<\/strong><\/p>\n<p><strong>M\u00f6chten Sie weitere Videos von Ecomare sehen? Folgen Sie uns auf <a href=\"https:\/\/www.youtube.com\/channel\/UCovZbzKjHyVAKlWS02zcUtw\" target=\"_blank\" rel=\"noopener\">YouTube<\/a> und <a href=\"https:\/\/www.facebook.com\/beheerder.ecomaretexel\" target=\"_blank\" rel=\"noopener\">Facebook<\/a>. Viel Spa\u00df! <\/strong><\/p>\n<p><iframe loading=\"lazy\" title=\"YouTube video player\" src=\"https:\/\/www.youtube-nocookie.com\/embed\/bsfz9PtAXfQ\" width=\"840\" height=\"473\" frameborder=\"0\" allowfullscreen=\"allowfullscreen\"><span data-mce-type=\"bookmark\" style=\"display: inline-block; width: 0px; overflow: hidden; line-height: 0;\" class=\"mce_SELRES_start\">\ufeff<\/span><\/iframe><\/p>\n","protected":false},"excerpt":{"rendered":"<p>In diesem Video erfahren Sie f\u00fcnf lustige Fakten \u00fcber Seehunde. Tipp: Halten Sie Ihr Mobiltelefon waagerecht und machen Sie es zum Vollbild.<\/p>\n","protected":false},"author":58,"featured_media":16272,"parent":0,"menu_order":0,"comment_status":"closed","ping_status":"closed","template":"page-templates\/content-detail.php","meta":{"_acf_changed":false,"footnotes":""},"tags":[],"class_list":["post-17704","page","type-page","status-publish","has-post-thumbnail","hentry"],"acf":[],"yoast_head":"<!-- This site is optimized with the Yoast SEO plugin v27.5 - https:\/\/yoast.com\/product\/yoast-seo-wordpress\/ -->\n<title>Lustige Fakten \u00fcber Seehunde - Ecomare<\/title>\n<meta name=\"description\" content=\"In diesem Video erfahren Sie f\u00fcnf lustige Fakten \u00fcber Seehunde. Tipp: Halten Sie Ihr Mobiltelefon waagerecht und machen Sie es zum Vollbild.\" \/>\n<meta name=\"robots\" content=\"index, follow, max-snippet:-1, max-image-preview:large, max-video-preview:-1\" \/>\n<meta property=\"og:locale\" content=\"de_DE\" \/>\n<meta property=\"og:type\" content=\"article\" \/>\n<meta property=\"og:description\" content=\"In diesem Video erfahren Sie f\u00fcnf lustige Fakten \u00fcber Seehunde. Tipp: Halten Sie Ihr Mobiltelefon waagerecht und machen Sie es zum Vollbild.\" \/>\n<meta property=\"og:site_name\" content=\"Ecomare\" \/>\n<meta property=\"article:publisher\" content=\"https:\/\/www.facebook.com\/beheerder.ecomaretexel\/\" \/>\n<meta property=\"article:modified_time\" content=\"2022-05-20T15:04:38+00:00\" \/>\n<meta property=\"og:image\" content=\"https:\/\/www.ecomare.nl\/wp-content\/uploads\/2021\/07\/Neuzende-opvangzeehonden-ws.jpg\" \/>\n\t<meta property=\"og:image:width\" content=\"840\" \/>\n\t<meta property=\"og:image:height\" content=\"525\" \/>\n\t<meta property=\"og:image:type\" content=\"image\/jpeg\" \/>\n<meta name=\"twitter:card\" content=\"summary_large_image\" \/>\n<meta name=\"twitter:site\" content=\"@ecomaretexel\" \/>\n<meta name=\"twitter:label1\" content=\"Est. reading time\" \/>\n\t<meta name=\"twitter:data1\" content=\"1 minute\" \/>\n<script type=\"application\/ld+json\" class=\"yoast-schema-graph\">{\"@context\":\"https:\\\/\\\/schema.org\",\"@graph\":[{\"@type\":\"WebPage\",\"@id\":\"https:\\\/\\\/www.ecomare.nl\\\/vijf-weetjes-over-gewone-zeehonden\\\/\",\"url\":\"https:\\\/\\\/www.ecomare.nl\\\/vijf-weetjes-over-gewone-zeehonden\\\/\",\"name\":\"Lustige Fakten \u00fcber Seehunde - Ecomare\",\"isPartOf\":{\"@id\":\"https:\\\/\\\/www.ecomare.nl\\\/#website\"},\"primaryImageOfPage\":{\"@id\":\"https:\\\/\\\/www.ecomare.nl\\\/vijf-weetjes-over-gewone-zeehonden\\\/#primaryimage\"},\"image\":{\"@id\":\"https:\\\/\\\/www.ecomare.nl\\\/vijf-weetjes-over-gewone-zeehonden\\\/#primaryimage\"},\"thumbnailUrl\":\"https:\\\/\\\/www.ecomare.nl\\\/wp-content\\\/uploads\\\/2021\\\/07\\\/Neuzende-opvangzeehonden-ws.jpg\",\"datePublished\":\"2022-05-13T11:03:08+00:00\",\"dateModified\":\"2022-05-20T15:04:38+00:00\",\"description\":\"In diesem Video erfahren Sie f\u00fcnf lustige Fakten \u00fcber Seehunde. Tipp: Halten Sie Ihr Mobiltelefon waagerecht und machen Sie es zum Vollbild.\",\"breadcrumb\":{\"@id\":\"https:\\\/\\\/www.ecomare.nl\\\/vijf-weetjes-over-gewone-zeehonden\\\/#breadcrumb\"},\"inLanguage\":\"de-DE\",\"potentialAction\":[{\"@type\":\"ReadAction\",\"target\":[\"https:\\\/\\\/www.ecomare.nl\\\/vijf-weetjes-over-gewone-zeehonden\\\/\"]}]},{\"@type\":\"ImageObject\",\"inLanguage\":\"de-DE\",\"@id\":\"https:\\\/\\\/www.ecomare.nl\\\/vijf-weetjes-over-gewone-zeehonden\\\/#primaryimage\",\"url\":\"https:\\\/\\\/www.ecomare.nl\\\/wp-content\\\/uploads\\\/2021\\\/07\\\/Neuzende-opvangzeehonden-ws.jpg\",\"contentUrl\":\"https:\\\/\\\/www.ecomare.nl\\\/wp-content\\\/uploads\\\/2021\\\/07\\\/Neuzende-opvangzeehonden-ws.jpg\",\"width\":840,\"height\":525},{\"@type\":\"BreadcrumbList\",\"@id\":\"https:\\\/\\\/www.ecomare.nl\\\/vijf-weetjes-over-gewone-zeehonden\\\/#breadcrumb\",\"itemListElement\":[{\"@type\":\"ListItem\",\"position\":1,\"name\":\"Home\",\"item\":\"https:\\\/\\\/www.ecomare.nl\\\/de\\\/\"},{\"@type\":\"ListItem\",\"position\":2,\"name\":\"Lustige Fakten \u00fcber Seehunde\"}]},{\"@type\":\"WebSite\",\"@id\":\"https:\\\/\\\/www.ecomare.nl\\\/#website\",\"url\":\"https:\\\/\\\/www.ecomare.nl\\\/\",\"name\":\"Ecomare\",\"description\":\"\",\"potentialAction\":[{\"@type\":\"SearchAction\",\"target\":{\"@type\":\"EntryPoint\",\"urlTemplate\":\"https:\\\/\\\/www.ecomare.nl\\\/?s={search_term_string}\"},\"query-input\":{\"@type\":\"PropertyValueSpecification\",\"valueRequired\":true,\"valueName\":\"search_term_string\"}}],\"inLanguage\":\"de-DE\"}]}<\/script>\n<!-- \/ Yoast SEO plugin. -->","yoast_head_json":{"title":"Lustige Fakten \u00fcber Seehunde - Ecomare","description":"In diesem Video erfahren Sie f\u00fcnf lustige Fakten \u00fcber Seehunde. Tipp: Halten Sie Ihr Mobiltelefon waagerecht und machen Sie es zum Vollbild.","robots":{"index":"index","follow":"follow","max-snippet":"max-snippet:-1","max-image-preview":"max-image-preview:large","max-video-preview":"max-video-preview:-1"},"og_locale":"de_DE","og_type":"article","og_description":"In diesem Video erfahren Sie f\u00fcnf lustige Fakten \u00fcber Seehunde. Tipp: Halten Sie Ihr Mobiltelefon waagerecht und machen Sie es zum Vollbild.","og_site_name":"Ecomare","article_publisher":"https:\/\/www.facebook.com\/beheerder.ecomaretexel\/","article_modified_time":"2022-05-20T15:04:38+00:00","og_image":[{"width":840,"height":525,"url":"https:\/\/www.ecomare.nl\/wp-content\/uploads\/2021\/07\/Neuzende-opvangzeehonden-ws.jpg","type":"image\/jpeg"}],"twitter_card":"summary_large_image","twitter_site":"@ecomaretexel","twitter_misc":{"Est. reading time":"1 minute"},"schema":{"@context":"https:\/\/schema.org","@graph":[{"@type":"WebPage","@id":"https:\/\/www.ecomare.nl\/vijf-weetjes-over-gewone-zeehonden\/","url":"https:\/\/www.ecomare.nl\/vijf-weetjes-over-gewone-zeehonden\/","name":"Lustige Fakten \u00fcber Seehunde - Ecomare","isPartOf":{"@id":"https:\/\/www.ecomare.nl\/#website"},"primaryImageOfPage":{"@id":"https:\/\/www.ecomare.nl\/vijf-weetjes-over-gewone-zeehonden\/#primaryimage"},"image":{"@id":"https:\/\/www.ecomare.nl\/vijf-weetjes-over-gewone-zeehonden\/#primaryimage"},"thumbnailUrl":"https:\/\/www.ecomare.nl\/wp-content\/uploads\/2021\/07\/Neuzende-opvangzeehonden-ws.jpg","datePublished":"2022-05-13T11:03:08+00:00","dateModified":"2022-05-20T15:04:38+00:00","description":"In diesem Video erfahren Sie f\u00fcnf lustige Fakten \u00fcber Seehunde. Tipp: Halten Sie Ihr Mobiltelefon waagerecht und machen Sie es zum Vollbild.","breadcrumb":{"@id":"https:\/\/www.ecomare.nl\/vijf-weetjes-over-gewone-zeehonden\/#breadcrumb"},"inLanguage":"de-DE","potentialAction":[{"@type":"ReadAction","target":["https:\/\/www.ecomare.nl\/vijf-weetjes-over-gewone-zeehonden\/"]}]},{"@type":"ImageObject","inLanguage":"de-DE","@id":"https:\/\/www.ecomare.nl\/vijf-weetjes-over-gewone-zeehonden\/#primaryimage","url":"https:\/\/www.ecomare.nl\/wp-content\/uploads\/2021\/07\/Neuzende-opvangzeehonden-ws.jpg","contentUrl":"https:\/\/www.ecomare.nl\/wp-content\/uploads\/2021\/07\/Neuzende-opvangzeehonden-ws.jpg","width":840,"height":525},{"@type":"BreadcrumbList","@id":"https:\/\/www.ecomare.nl\/vijf-weetjes-over-gewone-zeehonden\/#breadcrumb","itemListElement":[{"@type":"ListItem","position":1,"name":"Home","item":"https:\/\/www.ecomare.nl\/de\/"},{"@type":"ListItem","position":2,"name":"Lustige Fakten \u00fcber Seehunde"}]},{"@type":"WebSite","@id":"https:\/\/www.ecomare.nl\/#website","url":"https:\/\/www.ecomare.nl\/","name":"Ecomare","description":"","potentialAction":[{"@type":"SearchAction","target":{"@type":"EntryPoint","urlTemplate":"https:\/\/www.ecomare.nl\/?s={search_term_string}"},"query-input":{"@type":"PropertyValueSpecification","valueRequired":true,"valueName":"search_term_string"}}],"inLanguage":"de-DE"}]}},"_links":{"self":[{"href":"https:\/\/www.ecomare.nl\/de\/wp-json\/wp\/v2\/pages\/17704","targetHints":{"allow":["GET"]}}],"collection":[{"href":"https:\/\/www.ecomare.nl\/de\/wp-json\/wp\/v2\/pages"}],"about":[{"href":"https:\/\/www.ecomare.nl\/de\/wp-json\/wp\/v2\/types\/page"}],"author":[{"embeddable":true,"href":"https:\/\/www.ecomare.nl\/de\/wp-json\/wp\/v2\/users\/58"}],"replies":[{"embeddable":true,"href":"https:\/\/www.ecomare.nl\/de\/wp-json\/wp\/v2\/comments?post=17704"}],"version-history":[{"count":3,"href":"https:\/\/www.ecomare.nl\/de\/wp-json\/wp\/v2\/pages\/17704\/revisions"}],"predecessor-version":[{"id":17802,"href":"https:\/\/www.ecomare.nl\/de\/wp-json\/wp\/v2\/pages\/17704\/revisions\/17802"}],"wp:featuredmedia":[{"embeddable":true,"href":"https:\/\/www.ecomare.nl\/de\/wp-json\/wp\/v2\/media\/16272"}],"wp:attachment":[{"href":"https:\/\/www.ecomare.nl\/de\/wp-json\/wp\/v2\/media?parent=17704"}],"wp:term":[{"taxonomy":"post_tag","embeddable":true,"href":"https:\/\/www.ecomare.nl\/de\/wp-json\/wp\/v2\/tags?post=17704"}],"curies":[{"name":"wp","href":"https:\/\/api.w.org\/{rel}","templated":true}]}}