{"id":17778,"date":"2022-05-20T10:23:44","date_gmt":"2022-05-20T08:23:44","guid":{"rendered":"https:\/\/www.ecomare.nl\/entdecke-ecomare-auf-texel\/ausstellungen\/vinvisskelet-zeereus-aangespoeld\/"},"modified":"2022-11-15T14:01:20","modified_gmt":"2022-11-15T13:01:20","slug":"finnwal-skelett-meeresriese-angespuelt","status":"publish","type":"page","link":"https:\/\/www.ecomare.nl\/de\/entdecke-ecomare-auf-texel\/ausstellungen\/finnwal-skelett-meeresriese-angespuelt\/","title":{"rendered":"Finnwal-Skelett: Meeresriese angesp\u00fclt"},"content":{"rendered":"<p><strong>Pr\u00e4chtig, beeindruckend, imposant: Superlative reichen nicht aus, wenn man das Skelett des Finnwals sieht. Das 24 Meter lange Skelett stammt von dem gr\u00f6\u00dften Tier, das jemals in den Niederlanden angesp\u00fclt wurde. In der Ausstellung kann man daneben stehen und sich vorstellen, wie er die Ozeane \u00fcberquert hat.<\/strong><\/p>\n<p><img loading=\"lazy\" decoding=\"async\" class=\"alignnone wp-image-18207 size-full\" src=\"https:\/\/www.ecomare.nl\/wp-content\/uploads\/2022\/09\/sm-Vinvisskelet-pieterdevries-20220721-0009-kopieren.jpg\" alt=\"Vinvisskelet bij Ecomare-herfstvakantie\" width=\"840\" height=\"560\" srcset=\"https:\/\/www.ecomare.nl\/wp-content\/uploads\/2022\/09\/sm-Vinvisskelet-pieterdevries-20220721-0009-kopieren.jpg 840w, https:\/\/www.ecomare.nl\/wp-content\/uploads\/2022\/09\/sm-Vinvisskelet-pieterdevries-20220721-0009-kopieren-360x240.jpg 360w, https:\/\/www.ecomare.nl\/wp-content\/uploads\/2022\/09\/sm-Vinvisskelet-pieterdevries-20220721-0009-kopieren-640x427.jpg 640w, https:\/\/www.ecomare.nl\/wp-content\/uploads\/2022\/09\/sm-Vinvisskelet-pieterdevries-20220721-0009-kopieren-768x512.jpg 768w\" sizes=\"auto, (max-width: 840px) 100vw, 840px\" \/><\/p>\n<h2><strong>Gr\u00f6\u00dften<\/strong><\/h2>\n<p>Finnwale sind die zweitgr\u00f6\u00dften Wale, die es gibt; nur der Blauwal ist gr\u00f6\u00dfer. Die Pottwale und Buckelwale im Walsaal sind dagegen winzig!<\/p>\n<p>Die Ausstellung des Skeletts konnte dank der Beitr\u00e4ge von Unternehmen, Fonds und Privatpersonen realisiert werden.<\/p>\n","protected":false},"excerpt":{"rendered":"<p>Pr\u00e4chtig, beeindruckend, imposant: Superlative reichen nicht aus, wenn man das Skelett des Finnwals sieht. Das 24 Meter lange Skelett stammt von dem gr\u00f6\u00dften Tier, das jemals in den Niederlanden angesp\u00fclt wurde. <\/p>\n","protected":false},"author":58,"featured_media":18207,"parent":489,"menu_order":50,"comment_status":"closed","ping_status":"closed","template":"page-templates\/content-detail.php","meta":{"_acf_changed":false,"footnotes":""},"tags":[],"class_list":["post-17778","page","type-page","status-publish","has-post-thumbnail","hentry"],"acf":[],"yoast_head":"<!-- This site is optimized with the Yoast SEO plugin v27.4 - https:\/\/yoast.com\/product\/yoast-seo-wordpress\/ -->\n<title>Finnwal-Skelett: Meeresriese angesp\u00fclt - Ecomare<\/title>\n<meta name=\"description\" content=\"Pr\u00e4chtig, beeindruckend, imposant: Superlative reichen nicht aus, wenn man das Skelett des Finnwals sieht. Das 24 Meter lange Skelett stammt von dem gr\u00f6\u00dften Tier, das jemals in den Niederlanden angesp\u00fclt wurde.\" \/>\n<meta name=\"robots\" content=\"index, follow, max-snippet:-1, max-image-preview:large, max-video-preview:-1\" \/>\n<meta property=\"og:locale\" content=\"de_DE\" \/>\n<meta property=\"og:type\" content=\"article\" \/>\n<meta property=\"og:description\" content=\"Pr\u00e4chtig, beeindruckend, imposant: Superlative reichen nicht aus, wenn man das Skelett des Finnwals sieht. Das 24 Meter lange Skelett stammt von dem gr\u00f6\u00dften Tier, das jemals in den Niederlanden angesp\u00fclt wurde.\" \/>\n<meta property=\"og:site_name\" content=\"Ecomare\" \/>\n<meta property=\"article:publisher\" content=\"https:\/\/www.facebook.com\/beheerder.ecomaretexel\/\" \/>\n<meta property=\"article:modified_time\" content=\"2022-11-15T13:01:20+00:00\" \/>\n<meta property=\"og:image\" content=\"https:\/\/www.ecomare.nl\/wp-content\/uploads\/2022\/09\/sm-Vinvisskelet-pieterdevries-20220721-0009-kopieren.jpg\" \/>\n\t<meta property=\"og:image:width\" content=\"840\" \/>\n\t<meta property=\"og:image:height\" content=\"560\" \/>\n\t<meta property=\"og:image:type\" content=\"image\/jpeg\" \/>\n<meta name=\"twitter:card\" content=\"summary_large_image\" \/>\n<meta name=\"twitter:site\" content=\"@ecomaretexel\" \/>\n<meta name=\"twitter:label1\" content=\"Est. reading time\" \/>\n\t<meta name=\"twitter:data1\" content=\"1 minute\" \/>\n<script type=\"application\/ld+json\" class=\"yoast-schema-graph\">{\"@context\":\"https:\\\/\\\/schema.org\",\"@graph\":[{\"@type\":\"WebPage\",\"@id\":\"https:\\\/\\\/www.ecomare.nl\\\/de\\\/entdecke-ecomare-auf-texel\\\/ausstellungen\\\/finnwal-skelett-meeresriese-angespuelt\\\/\",\"url\":\"https:\\\/\\\/www.ecomare.nl\\\/de\\\/entdecke-ecomare-auf-texel\\\/ausstellungen\\\/finnwal-skelett-meeresriese-angespuelt\\\/\",\"name\":\"Finnwal-Skelett: Meeresriese angesp\u00fclt - Ecomare\",\"isPartOf\":{\"@id\":\"https:\\\/\\\/www.ecomare.nl\\\/#website\"},\"primaryImageOfPage\":{\"@id\":\"https:\\\/\\\/www.ecomare.nl\\\/de\\\/entdecke-ecomare-auf-texel\\\/ausstellungen\\\/finnwal-skelett-meeresriese-angespuelt\\\/#primaryimage\"},\"image\":{\"@id\":\"https:\\\/\\\/www.ecomare.nl\\\/de\\\/entdecke-ecomare-auf-texel\\\/ausstellungen\\\/finnwal-skelett-meeresriese-angespuelt\\\/#primaryimage\"},\"thumbnailUrl\":\"https:\\\/\\\/www.ecomare.nl\\\/wp-content\\\/uploads\\\/2022\\\/09\\\/sm-Vinvisskelet-pieterdevries-20220721-0009-kopieren.jpg\",\"datePublished\":\"2022-05-20T08:23:44+00:00\",\"dateModified\":\"2022-11-15T13:01:20+00:00\",\"description\":\"Pr\u00e4chtig, beeindruckend, imposant: Superlative reichen nicht aus, wenn man das Skelett des Finnwals sieht. Das 24 Meter lange Skelett stammt von dem gr\u00f6\u00dften Tier, das jemals in den Niederlanden angesp\u00fclt wurde.\",\"breadcrumb\":{\"@id\":\"https:\\\/\\\/www.ecomare.nl\\\/de\\\/entdecke-ecomare-auf-texel\\\/ausstellungen\\\/finnwal-skelett-meeresriese-angespuelt\\\/#breadcrumb\"},\"inLanguage\":\"de-DE\",\"potentialAction\":[{\"@type\":\"ReadAction\",\"target\":[\"https:\\\/\\\/www.ecomare.nl\\\/de\\\/entdecke-ecomare-auf-texel\\\/ausstellungen\\\/finnwal-skelett-meeresriese-angespuelt\\\/\"]}]},{\"@type\":\"ImageObject\",\"inLanguage\":\"de-DE\",\"@id\":\"https:\\\/\\\/www.ecomare.nl\\\/de\\\/entdecke-ecomare-auf-texel\\\/ausstellungen\\\/finnwal-skelett-meeresriese-angespuelt\\\/#primaryimage\",\"url\":\"https:\\\/\\\/www.ecomare.nl\\\/wp-content\\\/uploads\\\/2022\\\/09\\\/sm-Vinvisskelet-pieterdevries-20220721-0009-kopieren.jpg\",\"contentUrl\":\"https:\\\/\\\/www.ecomare.nl\\\/wp-content\\\/uploads\\\/2022\\\/09\\\/sm-Vinvisskelet-pieterdevries-20220721-0009-kopieren.jpg\",\"width\":840,\"height\":560,\"caption\":\"Vinvisskelet bij Ecomare-herfstvakantie\"},{\"@type\":\"BreadcrumbList\",\"@id\":\"https:\\\/\\\/www.ecomare.nl\\\/de\\\/entdecke-ecomare-auf-texel\\\/ausstellungen\\\/finnwal-skelett-meeresriese-angespuelt\\\/#breadcrumb\",\"itemListElement\":[{\"@type\":\"ListItem\",\"position\":1,\"name\":\"Home\",\"item\":\"https:\\\/\\\/www.ecomare.nl\\\/de\\\/\"},{\"@type\":\"ListItem\",\"position\":2,\"name\":\"Entdecke Ecomare auf Texel\",\"item\":\"https:\\\/\\\/www.ecomare.nl\\\/de\\\/entdecke-ecomare-auf-texel\\\/\"},{\"@type\":\"ListItem\",\"position\":3,\"name\":\"Ausstellungen\",\"item\":\"https:\\\/\\\/www.ecomare.nl\\\/de\\\/entdecke-ecomare-auf-texel\\\/ausstellungen\\\/\"},{\"@type\":\"ListItem\",\"position\":4,\"name\":\"Finnwal-Skelett: Meeresriese angesp\u00fclt\"}]},{\"@type\":\"WebSite\",\"@id\":\"https:\\\/\\\/www.ecomare.nl\\\/#website\",\"url\":\"https:\\\/\\\/www.ecomare.nl\\\/\",\"name\":\"Ecomare\",\"description\":\"\",\"potentialAction\":[{\"@type\":\"SearchAction\",\"target\":{\"@type\":\"EntryPoint\",\"urlTemplate\":\"https:\\\/\\\/www.ecomare.nl\\\/?s={search_term_string}\"},\"query-input\":{\"@type\":\"PropertyValueSpecification\",\"valueRequired\":true,\"valueName\":\"search_term_string\"}}],\"inLanguage\":\"de-DE\"}]}<\/script>\n<!-- \/ Yoast SEO plugin. -->","yoast_head_json":{"title":"Finnwal-Skelett: Meeresriese angesp\u00fclt - Ecomare","description":"Pr\u00e4chtig, beeindruckend, imposant: Superlative reichen nicht aus, wenn man das Skelett des Finnwals sieht. Das 24 Meter lange Skelett stammt von dem gr\u00f6\u00dften Tier, das jemals in den Niederlanden angesp\u00fclt wurde.","robots":{"index":"index","follow":"follow","max-snippet":"max-snippet:-1","max-image-preview":"max-image-preview:large","max-video-preview":"max-video-preview:-1"},"og_locale":"de_DE","og_type":"article","og_description":"Pr\u00e4chtig, beeindruckend, imposant: Superlative reichen nicht aus, wenn man das Skelett des Finnwals sieht. Das 24 Meter lange Skelett stammt von dem gr\u00f6\u00dften Tier, das jemals in den Niederlanden angesp\u00fclt wurde.","og_site_name":"Ecomare","article_publisher":"https:\/\/www.facebook.com\/beheerder.ecomaretexel\/","article_modified_time":"2022-11-15T13:01:20+00:00","og_image":[{"width":840,"height":560,"url":"https:\/\/www.ecomare.nl\/wp-content\/uploads\/2022\/09\/sm-Vinvisskelet-pieterdevries-20220721-0009-kopieren.jpg","type":"image\/jpeg"}],"twitter_card":"summary_large_image","twitter_site":"@ecomaretexel","twitter_misc":{"Est. reading time":"1 minute"},"schema":{"@context":"https:\/\/schema.org","@graph":[{"@type":"WebPage","@id":"https:\/\/www.ecomare.nl\/de\/entdecke-ecomare-auf-texel\/ausstellungen\/finnwal-skelett-meeresriese-angespuelt\/","url":"https:\/\/www.ecomare.nl\/de\/entdecke-ecomare-auf-texel\/ausstellungen\/finnwal-skelett-meeresriese-angespuelt\/","name":"Finnwal-Skelett: Meeresriese angesp\u00fclt - Ecomare","isPartOf":{"@id":"https:\/\/www.ecomare.nl\/#website"},"primaryImageOfPage":{"@id":"https:\/\/www.ecomare.nl\/de\/entdecke-ecomare-auf-texel\/ausstellungen\/finnwal-skelett-meeresriese-angespuelt\/#primaryimage"},"image":{"@id":"https:\/\/www.ecomare.nl\/de\/entdecke-ecomare-auf-texel\/ausstellungen\/finnwal-skelett-meeresriese-angespuelt\/#primaryimage"},"thumbnailUrl":"https:\/\/www.ecomare.nl\/wp-content\/uploads\/2022\/09\/sm-Vinvisskelet-pieterdevries-20220721-0009-kopieren.jpg","datePublished":"2022-05-20T08:23:44+00:00","dateModified":"2022-11-15T13:01:20+00:00","description":"Pr\u00e4chtig, beeindruckend, imposant: Superlative reichen nicht aus, wenn man das Skelett des Finnwals sieht. Das 24 Meter lange Skelett stammt von dem gr\u00f6\u00dften Tier, das jemals in den Niederlanden angesp\u00fclt wurde.","breadcrumb":{"@id":"https:\/\/www.ecomare.nl\/de\/entdecke-ecomare-auf-texel\/ausstellungen\/finnwal-skelett-meeresriese-angespuelt\/#breadcrumb"},"inLanguage":"de-DE","potentialAction":[{"@type":"ReadAction","target":["https:\/\/www.ecomare.nl\/de\/entdecke-ecomare-auf-texel\/ausstellungen\/finnwal-skelett-meeresriese-angespuelt\/"]}]},{"@type":"ImageObject","inLanguage":"de-DE","@id":"https:\/\/www.ecomare.nl\/de\/entdecke-ecomare-auf-texel\/ausstellungen\/finnwal-skelett-meeresriese-angespuelt\/#primaryimage","url":"https:\/\/www.ecomare.nl\/wp-content\/uploads\/2022\/09\/sm-Vinvisskelet-pieterdevries-20220721-0009-kopieren.jpg","contentUrl":"https:\/\/www.ecomare.nl\/wp-content\/uploads\/2022\/09\/sm-Vinvisskelet-pieterdevries-20220721-0009-kopieren.jpg","width":840,"height":560,"caption":"Vinvisskelet bij Ecomare-herfstvakantie"},{"@type":"BreadcrumbList","@id":"https:\/\/www.ecomare.nl\/de\/entdecke-ecomare-auf-texel\/ausstellungen\/finnwal-skelett-meeresriese-angespuelt\/#breadcrumb","itemListElement":[{"@type":"ListItem","position":1,"name":"Home","item":"https:\/\/www.ecomare.nl\/de\/"},{"@type":"ListItem","position":2,"name":"Entdecke Ecomare auf Texel","item":"https:\/\/www.ecomare.nl\/de\/entdecke-ecomare-auf-texel\/"},{"@type":"ListItem","position":3,"name":"Ausstellungen","item":"https:\/\/www.ecomare.nl\/de\/entdecke-ecomare-auf-texel\/ausstellungen\/"},{"@type":"ListItem","position":4,"name":"Finnwal-Skelett: Meeresriese angesp\u00fclt"}]},{"@type":"WebSite","@id":"https:\/\/www.ecomare.nl\/#website","url":"https:\/\/www.ecomare.nl\/","name":"Ecomare","description":"","potentialAction":[{"@type":"SearchAction","target":{"@type":"EntryPoint","urlTemplate":"https:\/\/www.ecomare.nl\/?s={search_term_string}"},"query-input":{"@type":"PropertyValueSpecification","valueRequired":true,"valueName":"search_term_string"}}],"inLanguage":"de-DE"}]}},"_links":{"self":[{"href":"https:\/\/www.ecomare.nl\/de\/wp-json\/wp\/v2\/pages\/17778","targetHints":{"allow":["GET"]}}],"collection":[{"href":"https:\/\/www.ecomare.nl\/de\/wp-json\/wp\/v2\/pages"}],"about":[{"href":"https:\/\/www.ecomare.nl\/de\/wp-json\/wp\/v2\/types\/page"}],"author":[{"embeddable":true,"href":"https:\/\/www.ecomare.nl\/de\/wp-json\/wp\/v2\/users\/58"}],"replies":[{"embeddable":true,"href":"https:\/\/www.ecomare.nl\/de\/wp-json\/wp\/v2\/comments?post=17778"}],"version-history":[{"count":3,"href":"https:\/\/www.ecomare.nl\/de\/wp-json\/wp\/v2\/pages\/17778\/revisions"}],"predecessor-version":[{"id":18775,"href":"https:\/\/www.ecomare.nl\/de\/wp-json\/wp\/v2\/pages\/17778\/revisions\/18775"}],"up":[{"embeddable":true,"href":"https:\/\/www.ecomare.nl\/de\/wp-json\/wp\/v2\/pages\/489"}],"wp:featuredmedia":[{"embeddable":true,"href":"https:\/\/www.ecomare.nl\/de\/wp-json\/wp\/v2\/media\/18207"}],"wp:attachment":[{"href":"https:\/\/www.ecomare.nl\/de\/wp-json\/wp\/v2\/media?parent=17778"}],"wp:term":[{"taxonomy":"post_tag","embeddable":true,"href":"https:\/\/www.ecomare.nl\/de\/wp-json\/wp\/v2\/tags?post=17778"}],"curies":[{"name":"wp","href":"https:\/\/api.w.org\/{rel}","templated":true}]}}