{"id":1817,"date":"2017-04-28T12:43:24","date_gmt":"2017-04-28T10:43:24","guid":{"rendered":"https:\/\/tender-colden.109-235-78-20.plesk.page\/?page_id=1817\/"},"modified":"2026-01-29T12:10:18","modified_gmt":"2026-01-29T11:10:18","slug":"an-ecomare-vererben","status":"publish","type":"page","link":"https:\/\/www.ecomare.nl\/de\/unterstuetze-ecomare\/an-ecomare-vererben\/","title":{"rendered":"An Ecomare vererben"},"content":{"rendered":"<p><strong>M\u00f6gen Sie die Tiere und die Natur des Wattenmeeres und der Nordsee? Und m\u00f6chten Sie etwas Sch\u00f6nes hinterlassen, wenn Sie nicht mehr sind? Vielleicht ist es dann eine Idee, Ecomare in Ihrem Testament aufzunehmen. Mit Ihrer Unterst\u00fctzung bleibt die einzigartige Natur f\u00fcr die zuk\u00fcnftigen Generationen erhalten. Weitere Informationen \u00fcber ein Verm\u00e4chtnis oder Erbe k\u00f6nnen Sie von Eva van Ginkel, 0031-222-317741 oder E-Mail an <a href=\"mailto:evavanginkel@texelsmuseum.nl\" target=\"_blank\" rel=\"noopener\">evavanginkel@texelsmuseum.nl<\/a> bekommen.<\/strong><\/p>\n<p class=\"\">Ecomare ist mit dem\u00a0<a href=\"https:\/\/www.belastingdienst.nl\/wps\/wcm\/connect\/nl\/aftrek-en-kortingen\/content\/anbi-status-controleren\" target=\"_blank\" rel=\"noopener\">ANBI-<\/a>\u00a0und\u00a0<a href=\"https:\/\/cbf.nl\/organisaties\/texels-museum\" target=\"_blank\" rel=\"noopener\">CBF-Siegel<\/a>\u00a0offiziell als gemeinn\u00fctzig anerkannt.<\/p>\n<p><a href=\"https:\/\/www.belastingdienst.nl\/wps\/wcm\/connect\/nl\/aftrek-en-kortingen\/content\/anbi-status-controleren\" target=\"_blank\" rel=\"noopener\"><img loading=\"lazy\" decoding=\"async\" class=\"alignnone wp-image-24771\" src=\"https:\/\/www.ecomare.nl\/wp-content\/uploads\/2024\/11\/ANBI_FC-e1731923056670.jpg\" alt=\"\" width=\"63\" height=\"50\" \/><\/a><a href=\"https:\/\/cbf.nl\/organisaties\/texels-museum\" target=\"_blank\" rel=\"noopener\"><img loading=\"lazy\" decoding=\"async\" class=\"alignnone wp-image-17312\" src=\"https:\/\/www.ecomare.nl\/wp-content\/uploads\/2022\/02\/Logo_Erkend_Goed_Doel_RGB-360x219.png\" alt=\"CBF Erkend Goed Doel\" width=\"72\" height=\"44\" srcset=\"https:\/\/www.ecomare.nl\/wp-content\/uploads\/2022\/02\/Logo_Erkend_Goed_Doel_RGB-360x219.png 360w, https:\/\/www.ecomare.nl\/wp-content\/uploads\/2022\/02\/Logo_Erkend_Goed_Doel_RGB-640x390.png 640w, https:\/\/www.ecomare.nl\/wp-content\/uploads\/2022\/02\/Logo_Erkend_Goed_Doel_RGB-768x468.png 768w, https:\/\/www.ecomare.nl\/wp-content\/uploads\/2022\/02\/Logo_Erkend_Goed_Doel_RGB-1536x935.png 1536w, https:\/\/www.ecomare.nl\/wp-content\/uploads\/2022\/02\/Logo_Erkend_Goed_Doel_RGB.png 1920w\" sizes=\"auto, (max-width: 72px) 100vw, 72px\" \/><\/a><\/p>\n<p>Haben Sie Fragen? Dann k\u00f6nnen Sie diese auch in diesem Formular eintragen:<\/p>\n<h3 class=\"darkblue-text\">Kontaktiere Sie uns:<\/h3>\n<script type=\"text\/javascript\">\n\/* <![CDATA[ *\/\nvar gform;gform||(document.addEventListener(\"gform_main_scripts_loaded\",function(){gform.scriptsLoaded=!0}),document.addEventListener(\"gform\/theme\/scripts_loaded\",function(){gform.themeScriptsLoaded=!0}),window.addEventListener(\"DOMContentLoaded\",function(){gform.domLoaded=!0}),gform={domLoaded:!1,scriptsLoaded:!1,themeScriptsLoaded:!1,isFormEditor:()=>\"function\"==typeof InitializeEditor,callIfLoaded:function(o){return!(!gform.domLoaded||!gform.scriptsLoaded||!gform.themeScriptsLoaded&&!gform.isFormEditor()||(gform.isFormEditor()&&console.warn(\"The use of gform.initializeOnLoaded() is deprecated in the form editor context and will be removed in Gravity Forms 3.1.\"),o(),0))},initializeOnLoaded:function(o){gform.callIfLoaded(o)||(document.addEventListener(\"gform_main_scripts_loaded\",()=>{gform.scriptsLoaded=!0,gform.callIfLoaded(o)}),document.addEventListener(\"gform\/theme\/scripts_loaded\",()=>{gform.themeScriptsLoaded=!0,gform.callIfLoaded(o)}),window.addEventListener(\"DOMContentLoaded\",()=>{gform.domLoaded=!0,gform.callIfLoaded(o)}))},hooks:{action:{},filter:{}},addAction:function(o,r,e,t){gform.addHook(\"action\",o,r,e,t)},addFilter:function(o,r,e,t){gform.addHook(\"filter\",o,r,e,t)},doAction:function(o){gform.doHook(\"action\",o,arguments)},applyFilters:function(o){return gform.doHook(\"filter\",o,arguments)},removeAction:function(o,r){gform.removeHook(\"action\",o,r)},removeFilter:function(o,r,e){gform.removeHook(\"filter\",o,r,e)},addHook:function(o,r,e,t,n){null==gform.hooks[o][r]&&(gform.hooks[o][r]=[]);var d=gform.hooks[o][r];null==n&&(n=r+\"_\"+d.length),gform.hooks[o][r].push({tag:n,callable:e,priority:t=null==t?10:t})},doHook:function(r,o,e){var t;if(e=Array.prototype.slice.call(e,1),null!=gform.hooks[r][o]&&((o=gform.hooks[r][o]).sort(function(o,r){return o.priority-r.priority}),o.forEach(function(o){\"function\"!=typeof(t=o.callable)&&(t=window[t]),\"action\"==r?t.apply(null,e):e[0]=t.apply(null,e)})),\"filter\"==r)return e[0]},removeHook:function(o,r,t,n){var e;null!=gform.hooks[o][r]&&(e=(e=gform.hooks[o][r]).filter(function(o,r,e){return!!(null!=n&&n!=o.tag||null!=t&&t!=o.priority)}),gform.hooks[o][r]=e)}});\n\/* ]]> *\/\n<\/script>\n\n                <div class='gf_browser_gecko gform_wrapper gravity-theme gform-theme--no-framework' data-form-theme='gravity-theme' data-form-index='0' id='gform_wrapper_51' >\n                        <div class='gform_heading'>\n\t\t\t\t\t\t\t<p class='gform_required_legend'>&quot;<span class=\"gfield_required gfield_required_asterisk\">*<\/span>&quot; indicates required fields<\/p>\n                        <\/div><form method='post' enctype='multipart\/form-data'  id='gform_51'  action='\/de\/wp-json\/wp\/v2\/pages\/1817' data-formid='51' novalidate><div class='gf_invisible ginput_recaptchav3' data-sitekey='6Le2n8cqAAAAAB-Mxn8KkFhEq_SYKLsq3kh1Gnxb' data-tabindex='0'><input id=\"input_46d295926c267169afc9f49fc1887ef0\" class=\"gfield_recaptcha_response\" type=\"hidden\" name=\"input_46d295926c267169afc9f49fc1887ef0\" value=\"\"\/><\/div>\n                        <div class='gform-body gform_body'><div id='gform_fields_51' class='gform_fields top_label form_sublabel_below description_below validation_below'><div id=\"field_51_9\" class=\"gfield gfield--type-honeypot gform_validation_container field_sublabel_below gfield--has-description field_description_below field_validation_below gfield_visibility_visible\"  ><label class='gfield_label gform-field-label' for='input_51_9'>X\/Twitter<\/label><div class='ginput_container'><input name='input_9' id='input_51_9' type='text' value='' autocomplete='new-password'\/><\/div><div class='gfield_description' id='gfield_description_51_9'>This field is for validation purposes and should be left unchanged.<\/div><\/div><div id=\"field_51_3\" class=\"gfield gfield--type-text gfield--input-type-text gfield_contains_required field_sublabel_below gfield--no-description field_description_below field_validation_below gfield_visibility_visible\"  ><label class='gfield_label gform-field-label' for='input_51_3'>Name<span class=\"gfield_required\"><span class=\"gfield_required gfield_required_asterisk\">*<\/span><\/span><\/label><div class='ginput_container ginput_container_text'><input name='input_3' id='input_51_3' type='text' value='' class='large'    placeholder='Name' aria-required=\"true\" aria-invalid=\"false\"   \/><\/div><\/div><div id=\"field_51_5\" class=\"gfield gfield--type-email gfield--input-type-email gfield_contains_required field_sublabel_below gfield--no-description field_description_below field_validation_below gfield_visibility_visible\"  ><label class='gfield_label gform-field-label' for='input_51_5'>E-Mail-Adresse<span class=\"gfield_required\"><span class=\"gfield_required gfield_required_asterisk\">*<\/span><\/span><\/label><div class='ginput_container ginput_container_email'>\n                            <input name='input_5' id='input_51_5' type='email' value='' class='large'   placeholder='E-mail address' aria-required=\"true\" aria-invalid=\"false\"  \/>\n                        <\/div><\/div><div id=\"field_51_6\" class=\"gfield gfield--type-phone gfield--input-type-phone gfield_contains_required field_sublabel_below gfield--no-description field_description_below field_validation_below gfield_visibility_visible\"  ><label class='gfield_label gform-field-label' for='input_51_6'>Telefonnummer<span class=\"gfield_required\"><span class=\"gfield_required gfield_required_asterisk\">*<\/span><\/span><\/label><div class='ginput_container ginput_container_phone'><input name='input_6' id='input_51_6' type='tel' value='' class='large'  placeholder='Telefonnummer' aria-required=\"true\" aria-invalid=\"false\"   \/><\/div><\/div><div id=\"field_51_7\" class=\"gfield gfield--type-textarea gfield--input-type-textarea field_sublabel_below gfield--no-description field_description_below field_validation_below gfield_visibility_visible\"  ><label class='gfield_label gform-field-label' for='input_51_7'>Frage<\/label><div class='ginput_container ginput_container_textarea'><textarea name='input_7' id='input_51_7' class='textarea large'    placeholder='Frage'  aria-invalid=\"false\"   rows='10' cols='50'><\/textarea><\/div><\/div><fieldset id=\"field_51_8\" class=\"gfield gfield--type-checkbox gfield--type-choice gfield--input-type-checkbox field_sublabel_below gfield--no-description field_description_below hidden_label field_validation_below gfield_visibility_visible\"  ><legend class='gfield_label gform-field-label gfield_label_before_complex' >Nieuwbrief<\/legend><div class='ginput_container ginput_container_checkbox'><div class='gfield_checkbox ' id='input_51_8'><div class='gchoice gchoice_51_8_1'>\n\t\t\t\t\t\t\t\t<input class='gfield-choice-input' name='input_8.1' type='checkbox'  value='Ja, ich melde mich f\u00fcr den Ecomare Newsletter an'  id='choice_51_8_1'   \/>\n\t\t\t\t\t\t\t\t<label for='choice_51_8_1' id='label_51_8_1' class='gform-field-label gform-field-label--type-inline'>Ja, ich melde mich f\u00fcr den Ecomare Newsletter an<\/label>\n\t\t\t\t\t\t\t<\/div><\/div><\/div><\/fieldset><\/div><\/div>\n        <div class='gform-footer gform_footer top_label'> <input type='submit' id='gform_submit_button_51' class='gform_button button' onclick='gform.submission.handleButtonClick(this);' data-submission-type='submit' value='Versenden'  \/> \n            <input type='hidden' class='gform_hidden' name='gform_submission_method' data-js='gform_submission_method_51' value='postback' \/>\n            <input type='hidden' class='gform_hidden' name='gform_theme' data-js='gform_theme_51' id='gform_theme_51' value='gravity-theme' \/>\n            <input type='hidden' class='gform_hidden' name='gform_style_settings' data-js='gform_style_settings_51' id='gform_style_settings_51' value='[]' \/>\n            <input type='hidden' class='gform_hidden' name='is_submit_51' value='1' \/>\n            <input type='hidden' class='gform_hidden' name='gform_submit' value='51' \/>\n            \n            <input type='hidden' class='gform_hidden' name='gform_currency' data-currency='EUR' value='tAIi0DN3PiM2JVg6X4msCa2Z8+6ha\/Lf+IaRszv9jb8N6tSabK23g8ibZSng2JgOD4G\/kF7dwZi67TujKHiPzshhIQsIGYvuRBWvsqH83MguSYk=' \/>\n            <input type='hidden' class='gform_hidden' name='gform_unique_id' value='' \/>\n            <input type='hidden' class='gform_hidden' name='state_51' value='WyJbXSIsImFkMmY0ODA1MTRhZDM5ZjE3N2MxNGJkY2IwODUwOTA1Il0=' \/>\n            <input type='hidden' autocomplete='off' class='gform_hidden' name='gform_target_page_number_51' id='gform_target_page_number_51' value='0' \/>\n            <input type='hidden' autocomplete='off' class='gform_hidden' name='gform_source_page_number_51' id='gform_source_page_number_51' value='1' \/>\n            <input type='hidden' name='gform_field_values' value='' \/>\n            \n        <\/div>\n                        <\/form>\n                        <\/div><script type=\"text\/javascript\">\n\/* <![CDATA[ *\/\n gform.initializeOnLoaded( function() {gformInitSpinner( 51, 'https:\/\/www.ecomare.nl\/wp-content\/plugins\/gravityforms\/images\/spinner.svg', true );jQuery('#gform_ajax_frame_51').on('load',function(){var contents = jQuery(this).contents().find('*').html();var is_postback = contents.indexOf('GF_AJAX_POSTBACK') >= 0;if(!is_postback){return;}var form_content = jQuery(this).contents().find('#gform_wrapper_51');var is_confirmation = jQuery(this).contents().find('#gform_confirmation_wrapper_51').length > 0;var is_redirect = contents.indexOf('gformRedirect(){') >= 0;var is_form = form_content.length > 0 && ! is_redirect && ! is_confirmation;var mt = parseInt(jQuery('html').css('margin-top'), 10) + parseInt(jQuery('body').css('margin-top'), 10) + 100;if(is_form){jQuery('#gform_wrapper_51').html(form_content.html());if(form_content.hasClass('gform_validation_error')){jQuery('#gform_wrapper_51').addClass('gform_validation_error');} else {jQuery('#gform_wrapper_51').removeClass('gform_validation_error');}setTimeout( function() { \/* delay the scroll by 50 milliseconds to fix a bug in chrome *\/  }, 50 );if(window['gformInitDatepicker']) {gformInitDatepicker();}if(window['gformInitPriceFields']) {gformInitPriceFields();}var current_page = jQuery('#gform_source_page_number_51').val();gformInitSpinner( 51, 'https:\/\/www.ecomare.nl\/wp-content\/plugins\/gravityforms\/images\/spinner.svg', true );jQuery(document).trigger('gform_page_loaded', [51, current_page]);window['gf_submitting_51'] = false;}else if(!is_redirect){var confirmation_content = jQuery(this).contents().find('.GF_AJAX_POSTBACK').html();if(!confirmation_content){confirmation_content = contents;}jQuery('#gform_wrapper_51').replaceWith(confirmation_content);jQuery(document).trigger('gform_confirmation_loaded', [51]);window['gf_submitting_51'] = false;wp.a11y.speak(jQuery('#gform_confirmation_message_51').text());}else{jQuery('#gform_51').append(contents);if(window['gformRedirect']) {gformRedirect();}}jQuery(document).trigger(\"gform_pre_post_render\", [{ formId: \"51\", currentPage: \"current_page\", abort: function() { this.preventDefault(); } }]);        if (event && event.defaultPrevented) {                return;        }        const gformWrapperDiv = document.getElementById( \"gform_wrapper_51\" );        if ( gformWrapperDiv ) {            const visibilitySpan = document.createElement( \"span\" );            visibilitySpan.id = \"gform_visibility_test_51\";            gformWrapperDiv.insertAdjacentElement( \"afterend\", visibilitySpan );        }        const visibilityTestDiv = document.getElementById( \"gform_visibility_test_51\" );        let postRenderFired = false;        function triggerPostRender() {            if ( postRenderFired ) {                return;            }            postRenderFired = true;            gform.core.triggerPostRenderEvents( 51, current_page );            if ( visibilityTestDiv ) {                visibilityTestDiv.parentNode.removeChild( visibilityTestDiv );            }        }        function debounce( func, wait, immediate ) {            var timeout;            return function() {                var context = this, args = arguments;                var later = function() {                    timeout = null;                    if ( !immediate ) func.apply( context, args );                };                var callNow = immediate && !timeout;                clearTimeout( timeout );                timeout = setTimeout( later, wait );                if ( callNow ) func.apply( context, args );            };        }        const debouncedTriggerPostRender = debounce( function() {            triggerPostRender();        }, 200 );        if ( visibilityTestDiv && visibilityTestDiv.offsetParent === null ) {            const observer = new MutationObserver( ( mutations ) => {                mutations.forEach( ( mutation ) => {                    if ( mutation.type === 'attributes' && visibilityTestDiv.offsetParent !== null ) {                        debouncedTriggerPostRender();                        observer.disconnect();                    }                });            });            observer.observe( document.body, {                attributes: true,                childList: false,                subtree: true,                attributeFilter: [ 'style', 'class' ],            });        } else {            triggerPostRender();        }    } );} ); \n\/* ]]> *\/\n<\/script>\n\n","protected":false},"excerpt":{"rendered":"<p>Bringen Sie Ihre Liebe f\u00fcr die Seehunde und zum Meer in einem Verm\u00e4chtnis oder Erbe f\u00fcr Ecomare zum Ausdruck.<\/p>\n","protected":false},"author":1,"featured_media":1813,"parent":1711,"menu_order":70,"comment_status":"closed","ping_status":"closed","template":"page-templates\/content-detail.php","meta":{"_acf_changed":false,"footnotes":""},"tags":[],"class_list":["post-1817","page","type-page","status-publish","has-post-thumbnail","hentry"],"acf":[],"yoast_head":"<!-- This site is optimized with the Yoast SEO plugin v27.4 - https:\/\/yoast.com\/product\/yoast-seo-wordpress\/ -->\n<title>An Ecomare vererben - Ecomare<\/title>\n<meta name=\"description\" content=\"Bringen Sie Ihre Liebe f\u00fcr die Seehunde und zum Meer in einem Verm\u00e4chtnis oder Erbe f\u00fcr Ecomare zum Ausdruck.\" \/>\n<meta name=\"robots\" content=\"index, follow, max-snippet:-1, max-image-preview:large, max-video-preview:-1\" \/>\n<meta property=\"og:locale\" content=\"de_DE\" \/>\n<meta property=\"og:type\" content=\"article\" \/>\n<meta property=\"og:description\" content=\"Bringen Sie Ihre Liebe f\u00fcr die Seehunde und zum Meer in einem Verm\u00e4chtnis oder Erbe f\u00fcr Ecomare zum Ausdruck.\" \/>\n<meta property=\"og:site_name\" content=\"Ecomare\" \/>\n<meta property=\"article:publisher\" content=\"https:\/\/www.facebook.com\/beheerder.ecomaretexel\/\" \/>\n<meta property=\"article:modified_time\" content=\"2026-01-29T11:10:18+00:00\" \/>\n<meta property=\"og:image\" content=\"https:\/\/www.ecomare.nl\/wp-content\/uploads\/2017\/04\/ill-steun-antonius2015-7022-sw.jpg\" \/>\n\t<meta property=\"og:image:width\" content=\"840\" \/>\n\t<meta property=\"og:image:height\" content=\"525\" \/>\n\t<meta property=\"og:image:type\" content=\"image\/jpeg\" \/>\n<meta name=\"twitter:card\" content=\"summary_large_image\" \/>\n<meta name=\"twitter:site\" content=\"@ecomaretexel\" \/>\n<meta name=\"twitter:label1\" content=\"Est. reading time\" \/>\n\t<meta name=\"twitter:data1\" content=\"2 minutes\" \/>\n<script type=\"application\/ld+json\" class=\"yoast-schema-graph\">{\"@context\":\"https:\\\/\\\/schema.org\",\"@graph\":[{\"@type\":\"WebPage\",\"@id\":\"https:\\\/\\\/www.ecomare.nl\\\/de\\\/unterstuetze-ecomare\\\/an-ecomare-vererben\\\/\",\"url\":\"https:\\\/\\\/www.ecomare.nl\\\/de\\\/unterstuetze-ecomare\\\/an-ecomare-vererben\\\/\",\"name\":\"An Ecomare vererben - Ecomare\",\"isPartOf\":{\"@id\":\"https:\\\/\\\/www.ecomare.nl\\\/#website\"},\"primaryImageOfPage\":{\"@id\":\"https:\\\/\\\/www.ecomare.nl\\\/de\\\/unterstuetze-ecomare\\\/an-ecomare-vererben\\\/#primaryimage\"},\"image\":{\"@id\":\"https:\\\/\\\/www.ecomare.nl\\\/de\\\/unterstuetze-ecomare\\\/an-ecomare-vererben\\\/#primaryimage\"},\"thumbnailUrl\":\"https:\\\/\\\/www.ecomare.nl\\\/wp-content\\\/uploads\\\/2017\\\/04\\\/ill-steun-antonius2015-7022-sw.jpg\",\"datePublished\":\"2017-04-28T10:43:24+00:00\",\"dateModified\":\"2026-01-29T11:10:18+00:00\",\"description\":\"Bringen Sie Ihre Liebe f\u00fcr die Seehunde und zum Meer in einem Verm\u00e4chtnis oder Erbe f\u00fcr Ecomare zum Ausdruck.\",\"breadcrumb\":{\"@id\":\"https:\\\/\\\/www.ecomare.nl\\\/de\\\/unterstuetze-ecomare\\\/an-ecomare-vererben\\\/#breadcrumb\"},\"inLanguage\":\"de-DE\",\"potentialAction\":[{\"@type\":\"ReadAction\",\"target\":[\"https:\\\/\\\/www.ecomare.nl\\\/de\\\/unterstuetze-ecomare\\\/an-ecomare-vererben\\\/\"]}]},{\"@type\":\"ImageObject\",\"inLanguage\":\"de-DE\",\"@id\":\"https:\\\/\\\/www.ecomare.nl\\\/de\\\/unterstuetze-ecomare\\\/an-ecomare-vererben\\\/#primaryimage\",\"url\":\"https:\\\/\\\/www.ecomare.nl\\\/wp-content\\\/uploads\\\/2017\\\/04\\\/ill-steun-antonius2015-7022-sw.jpg\",\"contentUrl\":\"https:\\\/\\\/www.ecomare.nl\\\/wp-content\\\/uploads\\\/2017\\\/04\\\/ill-steun-antonius2015-7022-sw.jpg\",\"width\":840,\"height\":525,\"caption\":\"Zeehond Antonius bij Ecomare\"},{\"@type\":\"BreadcrumbList\",\"@id\":\"https:\\\/\\\/www.ecomare.nl\\\/de\\\/unterstuetze-ecomare\\\/an-ecomare-vererben\\\/#breadcrumb\",\"itemListElement\":[{\"@type\":\"ListItem\",\"position\":1,\"name\":\"Home\",\"item\":\"https:\\\/\\\/www.ecomare.nl\\\/de\\\/\"},{\"@type\":\"ListItem\",\"position\":2,\"name\":\"Unterst\u00fctze Ecomare\",\"item\":\"https:\\\/\\\/www.ecomare.nl\\\/de\\\/unterstuetze-ecomare\\\/\"},{\"@type\":\"ListItem\",\"position\":3,\"name\":\"An Ecomare vererben\"}]},{\"@type\":\"WebSite\",\"@id\":\"https:\\\/\\\/www.ecomare.nl\\\/#website\",\"url\":\"https:\\\/\\\/www.ecomare.nl\\\/\",\"name\":\"Ecomare\",\"description\":\"\",\"potentialAction\":[{\"@type\":\"SearchAction\",\"target\":{\"@type\":\"EntryPoint\",\"urlTemplate\":\"https:\\\/\\\/www.ecomare.nl\\\/?s={search_term_string}\"},\"query-input\":{\"@type\":\"PropertyValueSpecification\",\"valueRequired\":true,\"valueName\":\"search_term_string\"}}],\"inLanguage\":\"de-DE\"}]}<\/script>\n<!-- \/ Yoast SEO plugin. -->","yoast_head_json":{"title":"An Ecomare vererben - Ecomare","description":"Bringen Sie Ihre Liebe f\u00fcr die Seehunde und zum Meer in einem Verm\u00e4chtnis oder Erbe f\u00fcr Ecomare zum Ausdruck.","robots":{"index":"index","follow":"follow","max-snippet":"max-snippet:-1","max-image-preview":"max-image-preview:large","max-video-preview":"max-video-preview:-1"},"og_locale":"de_DE","og_type":"article","og_description":"Bringen Sie Ihre Liebe f\u00fcr die Seehunde und zum Meer in einem Verm\u00e4chtnis oder Erbe f\u00fcr Ecomare zum Ausdruck.","og_site_name":"Ecomare","article_publisher":"https:\/\/www.facebook.com\/beheerder.ecomaretexel\/","article_modified_time":"2026-01-29T11:10:18+00:00","og_image":[{"width":840,"height":525,"url":"https:\/\/www.ecomare.nl\/wp-content\/uploads\/2017\/04\/ill-steun-antonius2015-7022-sw.jpg","type":"image\/jpeg"}],"twitter_card":"summary_large_image","twitter_site":"@ecomaretexel","twitter_misc":{"Est. reading time":"2 minutes"},"schema":{"@context":"https:\/\/schema.org","@graph":[{"@type":"WebPage","@id":"https:\/\/www.ecomare.nl\/de\/unterstuetze-ecomare\/an-ecomare-vererben\/","url":"https:\/\/www.ecomare.nl\/de\/unterstuetze-ecomare\/an-ecomare-vererben\/","name":"An Ecomare vererben - Ecomare","isPartOf":{"@id":"https:\/\/www.ecomare.nl\/#website"},"primaryImageOfPage":{"@id":"https:\/\/www.ecomare.nl\/de\/unterstuetze-ecomare\/an-ecomare-vererben\/#primaryimage"},"image":{"@id":"https:\/\/www.ecomare.nl\/de\/unterstuetze-ecomare\/an-ecomare-vererben\/#primaryimage"},"thumbnailUrl":"https:\/\/www.ecomare.nl\/wp-content\/uploads\/2017\/04\/ill-steun-antonius2015-7022-sw.jpg","datePublished":"2017-04-28T10:43:24+00:00","dateModified":"2026-01-29T11:10:18+00:00","description":"Bringen Sie Ihre Liebe f\u00fcr die Seehunde und zum Meer in einem Verm\u00e4chtnis oder Erbe f\u00fcr Ecomare zum Ausdruck.","breadcrumb":{"@id":"https:\/\/www.ecomare.nl\/de\/unterstuetze-ecomare\/an-ecomare-vererben\/#breadcrumb"},"inLanguage":"de-DE","potentialAction":[{"@type":"ReadAction","target":["https:\/\/www.ecomare.nl\/de\/unterstuetze-ecomare\/an-ecomare-vererben\/"]}]},{"@type":"ImageObject","inLanguage":"de-DE","@id":"https:\/\/www.ecomare.nl\/de\/unterstuetze-ecomare\/an-ecomare-vererben\/#primaryimage","url":"https:\/\/www.ecomare.nl\/wp-content\/uploads\/2017\/04\/ill-steun-antonius2015-7022-sw.jpg","contentUrl":"https:\/\/www.ecomare.nl\/wp-content\/uploads\/2017\/04\/ill-steun-antonius2015-7022-sw.jpg","width":840,"height":525,"caption":"Zeehond Antonius bij Ecomare"},{"@type":"BreadcrumbList","@id":"https:\/\/www.ecomare.nl\/de\/unterstuetze-ecomare\/an-ecomare-vererben\/#breadcrumb","itemListElement":[{"@type":"ListItem","position":1,"name":"Home","item":"https:\/\/www.ecomare.nl\/de\/"},{"@type":"ListItem","position":2,"name":"Unterst\u00fctze Ecomare","item":"https:\/\/www.ecomare.nl\/de\/unterstuetze-ecomare\/"},{"@type":"ListItem","position":3,"name":"An Ecomare vererben"}]},{"@type":"WebSite","@id":"https:\/\/www.ecomare.nl\/#website","url":"https:\/\/www.ecomare.nl\/","name":"Ecomare","description":"","potentialAction":[{"@type":"SearchAction","target":{"@type":"EntryPoint","urlTemplate":"https:\/\/www.ecomare.nl\/?s={search_term_string}"},"query-input":{"@type":"PropertyValueSpecification","valueRequired":true,"valueName":"search_term_string"}}],"inLanguage":"de-DE"}]}},"_links":{"self":[{"href":"https:\/\/www.ecomare.nl\/de\/wp-json\/wp\/v2\/pages\/1817","targetHints":{"allow":["GET"]}}],"collection":[{"href":"https:\/\/www.ecomare.nl\/de\/wp-json\/wp\/v2\/pages"}],"about":[{"href":"https:\/\/www.ecomare.nl\/de\/wp-json\/wp\/v2\/types\/page"}],"author":[{"embeddable":true,"href":"https:\/\/www.ecomare.nl\/de\/wp-json\/wp\/v2\/users\/1"}],"replies":[{"embeddable":true,"href":"https:\/\/www.ecomare.nl\/de\/wp-json\/wp\/v2\/comments?post=1817"}],"version-history":[{"count":5,"href":"https:\/\/www.ecomare.nl\/de\/wp-json\/wp\/v2\/pages\/1817\/revisions"}],"predecessor-version":[{"id":26586,"href":"https:\/\/www.ecomare.nl\/de\/wp-json\/wp\/v2\/pages\/1817\/revisions\/26586"}],"up":[{"embeddable":true,"href":"https:\/\/www.ecomare.nl\/de\/wp-json\/wp\/v2\/pages\/1711"}],"wp:featuredmedia":[{"embeddable":true,"href":"https:\/\/www.ecomare.nl\/de\/wp-json\/wp\/v2\/media\/1813"}],"wp:attachment":[{"href":"https:\/\/www.ecomare.nl\/de\/wp-json\/wp\/v2\/media?parent=1817"}],"wp:term":[{"taxonomy":"post_tag","embeddable":true,"href":"https:\/\/www.ecomare.nl\/de\/wp-json\/wp\/v2\/tags?post=1817"}],"curies":[{"name":"wp","href":"https:\/\/api.w.org\/{rel}","templated":true}]}}