{"id":1834,"date":"2017-04-28T13:51:56","date_gmt":"2017-04-28T11:51:56","guid":{"rendered":"https:\/\/tender-colden.109-235-78-20.plesk.page\/?page_id=1834\/"},"modified":"2020-10-26T09:35:38","modified_gmt":"2020-10-26T08:35:38","slug":"schweinswal-seehund-oder-vogel-in-not","status":"publish","type":"page","link":"https:\/\/www.ecomare.nl\/de\/schweinswal-seehund-oder-vogel-in-not\/","title":{"rendered":"Schweinswal, Seehund oder Vogel in Not?"},"content":{"rendered":"<p><strong>Ist ein Schweinswal oder Seehund in Not? Lies hier, was du tun kannst, um zu helfen.<\/strong><\/p>\n<h2>Seehund am Strand<\/h2>\n<p><img loading=\"lazy\" decoding=\"async\" class=\"alignnone size-full wp-image-7814\" src=\"https:\/\/www.ecomare.nl\/wp-content\/uploads\/2017\/04\/grijze-zeehond-bert-3768-sw.jpg\" alt=\"Jonge grijze zeehond op het strand\" width=\"840\" height=\"525\" srcset=\"https:\/\/www.ecomare.nl\/wp-content\/uploads\/2017\/04\/grijze-zeehond-bert-3768-sw.jpg 840w, https:\/\/www.ecomare.nl\/wp-content\/uploads\/2017\/04\/grijze-zeehond-bert-3768-sw-360x225.jpg 360w, https:\/\/www.ecomare.nl\/wp-content\/uploads\/2017\/04\/grijze-zeehond-bert-3768-sw-768x480.jpg 768w, https:\/\/www.ecomare.nl\/wp-content\/uploads\/2017\/04\/grijze-zeehond-bert-3768-sw-640x400.jpg 640w\" sizes=\"auto, (max-width: 840px) 100vw, 840px\" \/><\/p>\n<p>Nicht jeder Seehund am Strand muss gerettet werden! Manchmal liegen sie dort einfach, um zu ruhen. Jage einen Seehund (oder eine Kegelrobbe) darum niemals zur\u00fcck ins Meer.<\/p>\n<p>1. Halte Abstand vom Seehund und sorge daf\u00fcr, dass andere das auch tun.<br \/>\n2. Verhindere, dass Hunde in die N\u00e4he kommen.<br \/>\n3. Bei Jungtieren: schau mindestens eine Viertelstunde lang gut um dich herum, um zu sehen, ob die Mutter in einiger Entfernung ihr Junges im Blick beh\u00e4lt.<br \/>\n4. Ist das Tier gesch\u00e4cht oder verwundet: Auf Texel rufe Sie Ecomare (0031 (0)222-317741) an und gib so genau wie m\u00f6glich durch, wo das Tier liegt. Au\u00dferhalb von Texel rufe Sie das Seehundzentrum Pieterburen (0031 (0)595-526526) oder ASeal (0031 (0)88-2747795) an.<\/p>\n<h2>Schweinswal am Strand<\/h2>\n<p><img loading=\"lazy\" decoding=\"async\" class=\"alignnone size-full wp-image-7816\" src=\"https:\/\/www.ecomare.nl\/wp-content\/uploads\/2017\/04\/levend-gestrande-bruinvis-Femke-groter.jpg\" alt=\"Gestrande bruinvis\" width=\"840\" height=\"525\" srcset=\"https:\/\/www.ecomare.nl\/wp-content\/uploads\/2017\/04\/levend-gestrande-bruinvis-Femke-groter.jpg 840w, https:\/\/www.ecomare.nl\/wp-content\/uploads\/2017\/04\/levend-gestrande-bruinvis-Femke-groter-360x225.jpg 360w, https:\/\/www.ecomare.nl\/wp-content\/uploads\/2017\/04\/levend-gestrande-bruinvis-Femke-groter-768x480.jpg 768w, https:\/\/www.ecomare.nl\/wp-content\/uploads\/2017\/04\/levend-gestrande-bruinvis-Femke-groter-640x400.jpg 640w\" sizes=\"auto, (max-width: 840px) 100vw, 840px\" \/><\/p>\n<p>Ein lebender Schweinswal am Strand braucht immer Hilfe! Zur\u00fcckschieben ins Meer macht keinen Sinn. Die Mitarbeiter der <a href=\"https:\/\/www.sosdolfijn.nl\/deutsch\" target=\"_blank\" rel=\"noopener noreferrer\">Stiftung SOS Dolfijn<\/a> sind auf die Pflege von Schweinswalen und Delfinen spezialisiert. Sie k\u00f6nnen beurteilen, wie dem Tier am besten geholfen werden kann. Hier folgt eine Liste mit Anweisungen f\u00fcr den Fall, dass du einen lebenden Schweinswal am Strand findest:<\/p>\n<p>1. Nicht ins Meer zur\u00fcck schieben.<br \/>\n2. Ein Schweinswal holt mit dem Blasloch auf seinem Kopf Luft. Sorge daf\u00fcr, dass dort kein Wasser oder Sand hinein gelangt.<br \/>\n3. Schweinswale erschrecken schnell. Laufe ruhig, halte Menschen und Hunde auf Abstand.\u00a0Sorge f\u00fcr Ruhe.<br \/>\n4. Einem Schweinswal am Strand wird es schnell zu warm. K\u00fchle das Tier mit Wasser und nassen T\u00fcchern und sorge f\u00fcr Schatten.<br \/>\n5. Rufe SOS Dolfijn und sorge gut f\u00fcr das Tier, bis die Delfinambulance vor Ort ist. Die Notrufnummer lautet 0031 (0)6-65098576. Auf Texel kannst du auch Ecomare anrufen (0031 (0)222-317741).<\/p>\n<h2><span style=\"font-size: x-large;\"><span style=\"color: #333333; font-family: Georgia, 'Times New Roman', 'Bitstream Charter', Times, serif;\">V\u00f6gel mit Problemen<\/span><\/span><\/h2>\n<div><img loading=\"lazy\" decoding=\"async\" class=\"alignnone wp-image-8158 size-full\" src=\"https:\/\/www.ecomare.nl\/wp-content\/uploads\/2017\/04\/noordse-stromvogel-zwerfvuil.jpg\" alt=\"Noordse stormvogel met plastic rond zijn snavel\" width=\"840\" height=\"525\" srcset=\"https:\/\/www.ecomare.nl\/wp-content\/uploads\/2017\/04\/noordse-stromvogel-zwerfvuil.jpg 840w, https:\/\/www.ecomare.nl\/wp-content\/uploads\/2017\/04\/noordse-stromvogel-zwerfvuil-360x225.jpg 360w, https:\/\/www.ecomare.nl\/wp-content\/uploads\/2017\/04\/noordse-stromvogel-zwerfvuil-768x480.jpg 768w, https:\/\/www.ecomare.nl\/wp-content\/uploads\/2017\/04\/noordse-stromvogel-zwerfvuil-640x400.jpg 640w\" sizes=\"auto, (max-width: 840px) 100vw, 840px\" \/>Findest du auf Texel einen Vogel, der Hilfe ben\u00f6tigt, dann kann Ecomare eine L\u00f6sung bieten. Im Rest des Landes kann man am besten Kontakt zur n\u00e4chstgelegenen Vogelpflegestation aufnehmen. Kleinere V\u00f6gel kann man selber mitnehmen und abgeben. Mach das nicht bei Raubv\u00f6geln sowie bei V\u00f6geln mit einem langen, scharfen Schnabel, wie z.B. Reiher oder Ba\u00dft\u00f6lpel! Diese V\u00f6gel k\u00f6nnen dich mit ihrem Schnabel oder den Krallen ernsthaft verletzen. Wenn du siehst, dass so ein Vogel Hilfe ben\u00f6tigt, kannst du am besten anrufen (auf Texel bei Ecomare: 0222-317741).<\/div>\n<div><\/div>\n<div><span style=\"color: #333333; font-family: Georgia, 'Times New Roman', 'Bitstream Charter', Times, serif; font-size: medium;\">Junge V\u00f6gel ben\u00f6tigen unsere Hilfe gar nicht so oft, wie wir immer denken. Manchmal sitzen sie auf dem Boden, weil sie noch nicht gut fliegen k\u00f6nnen. Setze den Vogel in diesem Fall etwas h\u00f6her, in einen Baum oder Strauch in der N\u00e4he. Meistens sind die Eltern in der N\u00e4he und beobachten ihr Junges. Auch K\u00fcken von Enten oder G\u00e4nsen scheinen manchmal ihre Eltern verloren zu haben, w\u00e4hrend diese einfach ein St\u00fcckchen weiter abwarten, bis die St\u00f6rung weg ist. Findet man also einen jungen Vogel, ist es sehr wichtig, erst eine Weile gut zu beobachten, ob Hilfe wirklich n\u00f6tig ist.<\/span><\/div>\n","protected":false},"excerpt":{"rendered":"<p>Lebender Seehund oder Schweinswal am Strand? Jage das Tier nicht zur\u00fcck ins Meer, sorge f\u00fcr Ruhe und folge den Anweisungen auf der Website von Ecomare.<\/p>\n","protected":false},"author":1,"featured_media":2487,"parent":0,"menu_order":0,"comment_status":"closed","ping_status":"closed","template":"page-templates\/content-detail.php","meta":{"_acf_changed":false,"footnotes":""},"tags":[],"class_list":["post-1834","page","type-page","status-publish","has-post-thumbnail","hentry"],"acf":[],"yoast_head":"<!-- This site is optimized with the Yoast SEO plugin v27.5 - https:\/\/yoast.com\/product\/yoast-seo-wordpress\/ -->\n<title>Schweinswal, Seehund oder Vogel in Not? - Ecomare<\/title>\n<meta name=\"description\" content=\"Lebender Seehund oder Schweinswal am Strand? Jage das Tier nicht zur\u00fcck ins Meer, sorge f\u00fcr Ruhe und folge den Anweisungen auf der Website von Ecomare.\" \/>\n<meta name=\"robots\" content=\"index, follow, max-snippet:-1, max-image-preview:large, max-video-preview:-1\" \/>\n<meta property=\"og:locale\" content=\"de_DE\" \/>\n<meta property=\"og:type\" content=\"article\" \/>\n<meta property=\"og:description\" content=\"Lebender Seehund oder Schweinswal am Strand? Jage das Tier nicht zur\u00fcck ins Meer, sorge f\u00fcr Ruhe und folge den Anweisungen auf der Website von Ecomare.\" \/>\n<meta property=\"og:site_name\" content=\"Ecomare\" \/>\n<meta property=\"article:publisher\" content=\"https:\/\/www.facebook.com\/beheerder.ecomaretexel\/\" \/>\n<meta property=\"article:modified_time\" content=\"2020-10-26T08:35:38+00:00\" \/>\n<meta property=\"og:image\" content=\"https:\/\/www.ecomare.nl\/wp-content\/uploads\/2017\/04\/levend-gestrande-bruinvis-Femke-groter.jpg\" \/>\n\t<meta property=\"og:image:width\" content=\"840\" \/>\n\t<meta property=\"og:image:height\" content=\"525\" \/>\n\t<meta property=\"og:image:type\" content=\"image\/jpeg\" \/>\n<meta name=\"twitter:card\" content=\"summary_large_image\" \/>\n<meta name=\"twitter:site\" content=\"@ecomaretexel\" \/>\n<meta name=\"twitter:label1\" content=\"Est. reading time\" \/>\n\t<meta name=\"twitter:data1\" content=\"3 minutes\" \/>\n<script type=\"application\/ld+json\" class=\"yoast-schema-graph\">{\"@context\":\"https:\\\/\\\/schema.org\",\"@graph\":[{\"@type\":\"WebPage\",\"@id\":\"https:\\\/\\\/www.ecomare.nl\\\/de\\\/schweinswal-seehund-oder-vogel-in-not\\\/\",\"url\":\"https:\\\/\\\/www.ecomare.nl\\\/de\\\/schweinswal-seehund-oder-vogel-in-not\\\/\",\"name\":\"Schweinswal, Seehund oder Vogel in Not? - Ecomare\",\"isPartOf\":{\"@id\":\"https:\\\/\\\/www.ecomare.nl\\\/#website\"},\"primaryImageOfPage\":{\"@id\":\"https:\\\/\\\/www.ecomare.nl\\\/de\\\/schweinswal-seehund-oder-vogel-in-not\\\/#primaryimage\"},\"image\":{\"@id\":\"https:\\\/\\\/www.ecomare.nl\\\/de\\\/schweinswal-seehund-oder-vogel-in-not\\\/#primaryimage\"},\"thumbnailUrl\":\"https:\\\/\\\/www.ecomare.nl\\\/wp-content\\\/uploads\\\/2017\\\/04\\\/levend-gestrande-bruinvis-Femke-groter.jpg\",\"datePublished\":\"2017-04-28T11:51:56+00:00\",\"dateModified\":\"2020-10-26T08:35:38+00:00\",\"description\":\"Lebender Seehund oder Schweinswal am Strand? Jage das Tier nicht zur\u00fcck ins Meer, sorge f\u00fcr Ruhe und folge den Anweisungen auf der Website von Ecomare.\",\"breadcrumb\":{\"@id\":\"https:\\\/\\\/www.ecomare.nl\\\/de\\\/schweinswal-seehund-oder-vogel-in-not\\\/#breadcrumb\"},\"inLanguage\":\"de-DE\",\"potentialAction\":[{\"@type\":\"ReadAction\",\"target\":[\"https:\\\/\\\/www.ecomare.nl\\\/de\\\/schweinswal-seehund-oder-vogel-in-not\\\/\"]}]},{\"@type\":\"ImageObject\",\"inLanguage\":\"de-DE\",\"@id\":\"https:\\\/\\\/www.ecomare.nl\\\/de\\\/schweinswal-seehund-oder-vogel-in-not\\\/#primaryimage\",\"url\":\"https:\\\/\\\/www.ecomare.nl\\\/wp-content\\\/uploads\\\/2017\\\/04\\\/levend-gestrande-bruinvis-Femke-groter.jpg\",\"contentUrl\":\"https:\\\/\\\/www.ecomare.nl\\\/wp-content\\\/uploads\\\/2017\\\/04\\\/levend-gestrande-bruinvis-Femke-groter.jpg\",\"width\":840,\"height\":525,\"caption\":\"Gestrande bruinvis\"},{\"@type\":\"BreadcrumbList\",\"@id\":\"https:\\\/\\\/www.ecomare.nl\\\/de\\\/schweinswal-seehund-oder-vogel-in-not\\\/#breadcrumb\",\"itemListElement\":[{\"@type\":\"ListItem\",\"position\":1,\"name\":\"Home\",\"item\":\"https:\\\/\\\/www.ecomare.nl\\\/de\\\/\"},{\"@type\":\"ListItem\",\"position\":2,\"name\":\"Schweinswal, Seehund oder Vogel in Not?\"}]},{\"@type\":\"WebSite\",\"@id\":\"https:\\\/\\\/www.ecomare.nl\\\/#website\",\"url\":\"https:\\\/\\\/www.ecomare.nl\\\/\",\"name\":\"Ecomare\",\"description\":\"\",\"potentialAction\":[{\"@type\":\"SearchAction\",\"target\":{\"@type\":\"EntryPoint\",\"urlTemplate\":\"https:\\\/\\\/www.ecomare.nl\\\/?s={search_term_string}\"},\"query-input\":{\"@type\":\"PropertyValueSpecification\",\"valueRequired\":true,\"valueName\":\"search_term_string\"}}],\"inLanguage\":\"de-DE\"}]}<\/script>\n<!-- \/ Yoast SEO plugin. -->","yoast_head_json":{"title":"Schweinswal, Seehund oder Vogel in Not? - Ecomare","description":"Lebender Seehund oder Schweinswal am Strand? Jage das Tier nicht zur\u00fcck ins Meer, sorge f\u00fcr Ruhe und folge den Anweisungen auf der Website von Ecomare.","robots":{"index":"index","follow":"follow","max-snippet":"max-snippet:-1","max-image-preview":"max-image-preview:large","max-video-preview":"max-video-preview:-1"},"og_locale":"de_DE","og_type":"article","og_description":"Lebender Seehund oder Schweinswal am Strand? Jage das Tier nicht zur\u00fcck ins Meer, sorge f\u00fcr Ruhe und folge den Anweisungen auf der Website von Ecomare.","og_site_name":"Ecomare","article_publisher":"https:\/\/www.facebook.com\/beheerder.ecomaretexel\/","article_modified_time":"2020-10-26T08:35:38+00:00","og_image":[{"width":840,"height":525,"url":"https:\/\/www.ecomare.nl\/wp-content\/uploads\/2017\/04\/levend-gestrande-bruinvis-Femke-groter.jpg","type":"image\/jpeg"}],"twitter_card":"summary_large_image","twitter_site":"@ecomaretexel","twitter_misc":{"Est. reading time":"3 minutes"},"schema":{"@context":"https:\/\/schema.org","@graph":[{"@type":"WebPage","@id":"https:\/\/www.ecomare.nl\/de\/schweinswal-seehund-oder-vogel-in-not\/","url":"https:\/\/www.ecomare.nl\/de\/schweinswal-seehund-oder-vogel-in-not\/","name":"Schweinswal, Seehund oder Vogel in Not? - Ecomare","isPartOf":{"@id":"https:\/\/www.ecomare.nl\/#website"},"primaryImageOfPage":{"@id":"https:\/\/www.ecomare.nl\/de\/schweinswal-seehund-oder-vogel-in-not\/#primaryimage"},"image":{"@id":"https:\/\/www.ecomare.nl\/de\/schweinswal-seehund-oder-vogel-in-not\/#primaryimage"},"thumbnailUrl":"https:\/\/www.ecomare.nl\/wp-content\/uploads\/2017\/04\/levend-gestrande-bruinvis-Femke-groter.jpg","datePublished":"2017-04-28T11:51:56+00:00","dateModified":"2020-10-26T08:35:38+00:00","description":"Lebender Seehund oder Schweinswal am Strand? Jage das Tier nicht zur\u00fcck ins Meer, sorge f\u00fcr Ruhe und folge den Anweisungen auf der Website von Ecomare.","breadcrumb":{"@id":"https:\/\/www.ecomare.nl\/de\/schweinswal-seehund-oder-vogel-in-not\/#breadcrumb"},"inLanguage":"de-DE","potentialAction":[{"@type":"ReadAction","target":["https:\/\/www.ecomare.nl\/de\/schweinswal-seehund-oder-vogel-in-not\/"]}]},{"@type":"ImageObject","inLanguage":"de-DE","@id":"https:\/\/www.ecomare.nl\/de\/schweinswal-seehund-oder-vogel-in-not\/#primaryimage","url":"https:\/\/www.ecomare.nl\/wp-content\/uploads\/2017\/04\/levend-gestrande-bruinvis-Femke-groter.jpg","contentUrl":"https:\/\/www.ecomare.nl\/wp-content\/uploads\/2017\/04\/levend-gestrande-bruinvis-Femke-groter.jpg","width":840,"height":525,"caption":"Gestrande bruinvis"},{"@type":"BreadcrumbList","@id":"https:\/\/www.ecomare.nl\/de\/schweinswal-seehund-oder-vogel-in-not\/#breadcrumb","itemListElement":[{"@type":"ListItem","position":1,"name":"Home","item":"https:\/\/www.ecomare.nl\/de\/"},{"@type":"ListItem","position":2,"name":"Schweinswal, Seehund oder Vogel in Not?"}]},{"@type":"WebSite","@id":"https:\/\/www.ecomare.nl\/#website","url":"https:\/\/www.ecomare.nl\/","name":"Ecomare","description":"","potentialAction":[{"@type":"SearchAction","target":{"@type":"EntryPoint","urlTemplate":"https:\/\/www.ecomare.nl\/?s={search_term_string}"},"query-input":{"@type":"PropertyValueSpecification","valueRequired":true,"valueName":"search_term_string"}}],"inLanguage":"de-DE"}]}},"_links":{"self":[{"href":"https:\/\/www.ecomare.nl\/de\/wp-json\/wp\/v2\/pages\/1834","targetHints":{"allow":["GET"]}}],"collection":[{"href":"https:\/\/www.ecomare.nl\/de\/wp-json\/wp\/v2\/pages"}],"about":[{"href":"https:\/\/www.ecomare.nl\/de\/wp-json\/wp\/v2\/types\/page"}],"author":[{"embeddable":true,"href":"https:\/\/www.ecomare.nl\/de\/wp-json\/wp\/v2\/users\/1"}],"replies":[{"embeddable":true,"href":"https:\/\/www.ecomare.nl\/de\/wp-json\/wp\/v2\/comments?post=1834"}],"version-history":[{"count":0,"href":"https:\/\/www.ecomare.nl\/de\/wp-json\/wp\/v2\/pages\/1834\/revisions"}],"wp:featuredmedia":[{"embeddable":true,"href":"https:\/\/www.ecomare.nl\/de\/wp-json\/wp\/v2\/media\/2487"}],"wp:attachment":[{"href":"https:\/\/www.ecomare.nl\/de\/wp-json\/wp\/v2\/media?parent=1834"}],"wp:term":[{"taxonomy":"post_tag","embeddable":true,"href":"https:\/\/www.ecomare.nl\/de\/wp-json\/wp\/v2\/tags?post=1834"}],"curies":[{"name":"wp","href":"https:\/\/api.w.org\/{rel}","templated":true}]}}