{"id":1857,"date":"2017-04-28T16:06:58","date_gmt":"2017-04-28T14:06:58","guid":{"rendered":"https:\/\/tender-colden.109-235-78-20.plesk.page\/?page_id=1857\/"},"modified":"2020-08-25T08:52:42","modified_gmt":"2020-08-25T06:52:42","slug":"ueber-ecomare","status":"publish","type":"page","link":"https:\/\/www.ecomare.nl\/de\/ueber-ecomare\/","title":{"rendered":"\u00dcber Ecomare"},"content":{"rendered":"<h2>Die Mission von Ecomare<\/h2>\n<p>Ecomare bringt Sie nahe an die Natur der K\u00fcste und des Meeres, l\u00e4sst Sie verstehen, dass nat\u00fcrliche Reicht\u00fcmer empfindlich sind und l\u00e4dt Sie ein, zu deren Schutz beizutragen. An dieser Mission wird mit Hilfe von Information, Bildung sowie der Aufnahme von V\u00f6geln und Seehunden gearbeitet.<\/p>\n<h2>Stiftung Texels Museum<\/h2>\n<p>Ecomare geh\u00f6rt, zusammen mit dem Museum Kaap Skil, dem Leuchtturm und der Oudheidkamer, zur Stiftung Texels Museum. Auf der <a href=\"http:\/\/www.texelsmuseum.nl\/\" target=\"_blank\" rel=\"noopener noreferrer\">Website<\/a> vom STM k\u00f6nnen die Jahresberichte und Verwaltungspl\u00e4ne herunter geladen werden.<\/p>\n","protected":false},"excerpt":{"rendered":"<p>Ecomare bringt Sie nahe an die Natur der K\u00fcste und des Meeres, l\u00e4sst Sie verstehen, dass nat\u00fcrliche Reicht\u00fcmer empfindlich sind und l\u00e4dt Sie ein, zu deren Schutz beizutragen.<\/p>\n","protected":false},"author":1,"featured_media":1853,"parent":0,"menu_order":0,"comment_status":"closed","ping_status":"closed","template":"page-templates\/content-detail.php","meta":{"_acf_changed":false,"footnotes":""},"tags":[],"class_list":["post-1857","page","type-page","status-publish","has-post-thumbnail","hentry"],"acf":[],"yoast_head":"<!-- This site is optimized with the Yoast SEO plugin v27.3 - https:\/\/yoast.com\/product\/yoast-seo-wordpress\/ -->\n<title>\u00dcber Ecomare - Ecomare<\/title>\n<meta name=\"description\" content=\"Ecomare bringt Sie nahe an die Natur der K\u00fcste und des Meeres, l\u00e4sst Sie verstehen, dass nat\u00fcrliche Reicht\u00fcmer empfindlich sind und l\u00e4dt Sie ein, zu deren Schutz beizutragen.\" \/>\n<meta name=\"robots\" content=\"index, follow, max-snippet:-1, max-image-preview:large, max-video-preview:-1\" \/>\n<meta property=\"og:locale\" content=\"de_DE\" \/>\n<meta property=\"og:type\" content=\"article\" \/>\n<meta property=\"og:description\" content=\"Ecomare bringt Sie nahe an die Natur der K\u00fcste und des Meeres, l\u00e4sst Sie verstehen, dass nat\u00fcrliche Reicht\u00fcmer empfindlich sind und l\u00e4dt Sie ein, zu deren Schutz beizutragen.\" \/>\n<meta property=\"og:site_name\" content=\"Ecomare\" \/>\n<meta property=\"article:publisher\" content=\"https:\/\/www.facebook.com\/beheerder.ecomaretexel\/\" \/>\n<meta property=\"article:modified_time\" content=\"2020-08-25T06:52:42+00:00\" \/>\n<meta property=\"og:image\" content=\"https:\/\/www.ecomare.nl\/wp-content\/uploads\/2017\/04\/ill-buitenterrein-regenboog-558-sd.jpg\" \/>\n\t<meta property=\"og:image:width\" content=\"840\" \/>\n\t<meta property=\"og:image:height\" content=\"525\" \/>\n\t<meta property=\"og:image:type\" content=\"image\/jpeg\" \/>\n<meta name=\"twitter:card\" content=\"summary_large_image\" \/>\n<meta name=\"twitter:site\" content=\"@ecomaretexel\" \/>\n<script type=\"application\/ld+json\" class=\"yoast-schema-graph\">{\"@context\":\"https:\\\/\\\/schema.org\",\"@graph\":[{\"@type\":\"WebPage\",\"@id\":\"https:\\\/\\\/www.ecomare.nl\\\/de\\\/ueber-ecomare\\\/\",\"url\":\"https:\\\/\\\/www.ecomare.nl\\\/de\\\/ueber-ecomare\\\/\",\"name\":\"\u00dcber Ecomare - Ecomare\",\"isPartOf\":{\"@id\":\"https:\\\/\\\/www.ecomare.nl\\\/#website\"},\"primaryImageOfPage\":{\"@id\":\"https:\\\/\\\/www.ecomare.nl\\\/de\\\/ueber-ecomare\\\/#primaryimage\"},\"image\":{\"@id\":\"https:\\\/\\\/www.ecomare.nl\\\/de\\\/ueber-ecomare\\\/#primaryimage\"},\"thumbnailUrl\":\"https:\\\/\\\/www.ecomare.nl\\\/wp-content\\\/uploads\\\/2017\\\/04\\\/ill-buitenterrein-regenboog-558-sd.jpg\",\"datePublished\":\"2017-04-28T14:06:58+00:00\",\"dateModified\":\"2020-08-25T06:52:42+00:00\",\"description\":\"Ecomare bringt Sie nahe an die Natur der K\u00fcste und des Meeres, l\u00e4sst Sie verstehen, dass nat\u00fcrliche Reicht\u00fcmer empfindlich sind und l\u00e4dt Sie ein, zu deren Schutz beizutragen.\",\"breadcrumb\":{\"@id\":\"https:\\\/\\\/www.ecomare.nl\\\/de\\\/ueber-ecomare\\\/#breadcrumb\"},\"inLanguage\":\"de-DE\",\"potentialAction\":[{\"@type\":\"ReadAction\",\"target\":[\"https:\\\/\\\/www.ecomare.nl\\\/de\\\/ueber-ecomare\\\/\"]}]},{\"@type\":\"ImageObject\",\"inLanguage\":\"de-DE\",\"@id\":\"https:\\\/\\\/www.ecomare.nl\\\/de\\\/ueber-ecomare\\\/#primaryimage\",\"url\":\"https:\\\/\\\/www.ecomare.nl\\\/wp-content\\\/uploads\\\/2017\\\/04\\\/ill-buitenterrein-regenboog-558-sd.jpg\",\"contentUrl\":\"https:\\\/\\\/www.ecomare.nl\\\/wp-content\\\/uploads\\\/2017\\\/04\\\/ill-buitenterrein-regenboog-558-sd.jpg\",\"width\":840,\"height\":525,\"caption\":\"Het buitenterrein van Ecomare\"},{\"@type\":\"BreadcrumbList\",\"@id\":\"https:\\\/\\\/www.ecomare.nl\\\/de\\\/ueber-ecomare\\\/#breadcrumb\",\"itemListElement\":[{\"@type\":\"ListItem\",\"position\":1,\"name\":\"Home\",\"item\":\"https:\\\/\\\/www.ecomare.nl\\\/de\\\/\"},{\"@type\":\"ListItem\",\"position\":2,\"name\":\"\u00dcber Ecomare\"}]},{\"@type\":\"WebSite\",\"@id\":\"https:\\\/\\\/www.ecomare.nl\\\/#website\",\"url\":\"https:\\\/\\\/www.ecomare.nl\\\/\",\"name\":\"Ecomare\",\"description\":\"\",\"potentialAction\":[{\"@type\":\"SearchAction\",\"target\":{\"@type\":\"EntryPoint\",\"urlTemplate\":\"https:\\\/\\\/www.ecomare.nl\\\/?s={search_term_string}\"},\"query-input\":{\"@type\":\"PropertyValueSpecification\",\"valueRequired\":true,\"valueName\":\"search_term_string\"}}],\"inLanguage\":\"de-DE\"}]}<\/script>\n<!-- \/ Yoast SEO plugin. -->","yoast_head_json":{"title":"\u00dcber Ecomare - Ecomare","description":"Ecomare bringt Sie nahe an die Natur der K\u00fcste und des Meeres, l\u00e4sst Sie verstehen, dass nat\u00fcrliche Reicht\u00fcmer empfindlich sind und l\u00e4dt Sie ein, zu deren Schutz beizutragen.","robots":{"index":"index","follow":"follow","max-snippet":"max-snippet:-1","max-image-preview":"max-image-preview:large","max-video-preview":"max-video-preview:-1"},"og_locale":"de_DE","og_type":"article","og_description":"Ecomare bringt Sie nahe an die Natur der K\u00fcste und des Meeres, l\u00e4sst Sie verstehen, dass nat\u00fcrliche Reicht\u00fcmer empfindlich sind und l\u00e4dt Sie ein, zu deren Schutz beizutragen.","og_site_name":"Ecomare","article_publisher":"https:\/\/www.facebook.com\/beheerder.ecomaretexel\/","article_modified_time":"2020-08-25T06:52:42+00:00","og_image":[{"width":840,"height":525,"url":"https:\/\/www.ecomare.nl\/wp-content\/uploads\/2017\/04\/ill-buitenterrein-regenboog-558-sd.jpg","type":"image\/jpeg"}],"twitter_card":"summary_large_image","twitter_site":"@ecomaretexel","schema":{"@context":"https:\/\/schema.org","@graph":[{"@type":"WebPage","@id":"https:\/\/www.ecomare.nl\/de\/ueber-ecomare\/","url":"https:\/\/www.ecomare.nl\/de\/ueber-ecomare\/","name":"\u00dcber Ecomare - Ecomare","isPartOf":{"@id":"https:\/\/www.ecomare.nl\/#website"},"primaryImageOfPage":{"@id":"https:\/\/www.ecomare.nl\/de\/ueber-ecomare\/#primaryimage"},"image":{"@id":"https:\/\/www.ecomare.nl\/de\/ueber-ecomare\/#primaryimage"},"thumbnailUrl":"https:\/\/www.ecomare.nl\/wp-content\/uploads\/2017\/04\/ill-buitenterrein-regenboog-558-sd.jpg","datePublished":"2017-04-28T14:06:58+00:00","dateModified":"2020-08-25T06:52:42+00:00","description":"Ecomare bringt Sie nahe an die Natur der K\u00fcste und des Meeres, l\u00e4sst Sie verstehen, dass nat\u00fcrliche Reicht\u00fcmer empfindlich sind und l\u00e4dt Sie ein, zu deren Schutz beizutragen.","breadcrumb":{"@id":"https:\/\/www.ecomare.nl\/de\/ueber-ecomare\/#breadcrumb"},"inLanguage":"de-DE","potentialAction":[{"@type":"ReadAction","target":["https:\/\/www.ecomare.nl\/de\/ueber-ecomare\/"]}]},{"@type":"ImageObject","inLanguage":"de-DE","@id":"https:\/\/www.ecomare.nl\/de\/ueber-ecomare\/#primaryimage","url":"https:\/\/www.ecomare.nl\/wp-content\/uploads\/2017\/04\/ill-buitenterrein-regenboog-558-sd.jpg","contentUrl":"https:\/\/www.ecomare.nl\/wp-content\/uploads\/2017\/04\/ill-buitenterrein-regenboog-558-sd.jpg","width":840,"height":525,"caption":"Het buitenterrein van Ecomare"},{"@type":"BreadcrumbList","@id":"https:\/\/www.ecomare.nl\/de\/ueber-ecomare\/#breadcrumb","itemListElement":[{"@type":"ListItem","position":1,"name":"Home","item":"https:\/\/www.ecomare.nl\/de\/"},{"@type":"ListItem","position":2,"name":"\u00dcber Ecomare"}]},{"@type":"WebSite","@id":"https:\/\/www.ecomare.nl\/#website","url":"https:\/\/www.ecomare.nl\/","name":"Ecomare","description":"","potentialAction":[{"@type":"SearchAction","target":{"@type":"EntryPoint","urlTemplate":"https:\/\/www.ecomare.nl\/?s={search_term_string}"},"query-input":{"@type":"PropertyValueSpecification","valueRequired":true,"valueName":"search_term_string"}}],"inLanguage":"de-DE"}]}},"_links":{"self":[{"href":"https:\/\/www.ecomare.nl\/de\/wp-json\/wp\/v2\/pages\/1857","targetHints":{"allow":["GET"]}}],"collection":[{"href":"https:\/\/www.ecomare.nl\/de\/wp-json\/wp\/v2\/pages"}],"about":[{"href":"https:\/\/www.ecomare.nl\/de\/wp-json\/wp\/v2\/types\/page"}],"author":[{"embeddable":true,"href":"https:\/\/www.ecomare.nl\/de\/wp-json\/wp\/v2\/users\/1"}],"replies":[{"embeddable":true,"href":"https:\/\/www.ecomare.nl\/de\/wp-json\/wp\/v2\/comments?post=1857"}],"version-history":[{"count":0,"href":"https:\/\/www.ecomare.nl\/de\/wp-json\/wp\/v2\/pages\/1857\/revisions"}],"wp:featuredmedia":[{"embeddable":true,"href":"https:\/\/www.ecomare.nl\/de\/wp-json\/wp\/v2\/media\/1853"}],"wp:attachment":[{"href":"https:\/\/www.ecomare.nl\/de\/wp-json\/wp\/v2\/media?parent=1857"}],"wp:term":[{"taxonomy":"post_tag","embeddable":true,"href":"https:\/\/www.ecomare.nl\/de\/wp-json\/wp\/v2\/tags?post=1857"}],"curies":[{"name":"wp","href":"https:\/\/api.w.org\/{rel}","templated":true}]}}