{"id":2104,"date":"2017-05-03T13:13:30","date_gmt":"2017-05-03T11:13:30","guid":{"rendered":"https:\/\/tender-colden.109-235-78-20.plesk.page\/?page_id=2104\/"},"modified":"2021-11-09T15:59:30","modified_gmt":"2021-11-09T14:59:30","slug":"ehrenamtlicher-werden","status":"publish","type":"page","link":"https:\/\/www.ecomare.nl\/de\/unterstuetze-ecomare\/ehrenamtlicher-werden\/","title":{"rendered":"Ehrenamtlicher werden"},"content":{"rendered":"<p><strong>Als Ehrenamtlicher hilfst du Ecomare auf eine besondere Weise. Du kannst auf verschiedene Arten t\u00e4tig werden. Im Museum als Bildungsaufseher oder auf dem Au\u00dfengel\u00e4nde. Die Abteilung der Tierpfleger arbeitet kaum mit Ehrenamtlichen. Die Pflege der Tiere geh\u00f6rt in professionelle Hand.<\/strong><\/p>\n<p><img loading=\"lazy\" decoding=\"async\" class=\"alignnone size-full wp-image-13095\" src=\"https:\/\/www.ecomare.nl\/wp-content\/uploads\/2020\/05\/Vrijwilliger-kokkelkar-jongetje-loeppotje-em.jpg\" alt=\"Vrijwilliger-kokkelkar-jongetje-loeppotje-em\" width=\"840\" height=\"630\" srcset=\"https:\/\/www.ecomare.nl\/wp-content\/uploads\/2020\/05\/Vrijwilliger-kokkelkar-jongetje-loeppotje-em.jpg 840w, https:\/\/www.ecomare.nl\/wp-content\/uploads\/2020\/05\/Vrijwilliger-kokkelkar-jongetje-loeppotje-em-360x270.jpg 360w, https:\/\/www.ecomare.nl\/wp-content\/uploads\/2020\/05\/Vrijwilliger-kokkelkar-jongetje-loeppotje-em-640x480.jpg 640w, https:\/\/www.ecomare.nl\/wp-content\/uploads\/2020\/05\/Vrijwilliger-kokkelkar-jongetje-loeppotje-em-768x576.jpg 768w, https:\/\/www.ecomare.nl\/wp-content\/uploads\/2020\/05\/Vrijwilliger-kokkelkar-jongetje-loeppotje-em-480x360.jpg 480w\" sizes=\"auto, (max-width: 840px) 100vw, 840px\" \/><\/p>\n<h2>Im Museum<\/h2>\n<p>Als Aufseher erz\u00e4hlst du vom Angesp\u00fcl am Strand und von den Tieren im Meer, begleitest du Spiele und bist Ansprechperson f\u00fcr Fragen. Schwierig? Nein, gar nicht, du bekommst einen Kurs und wirst nat\u00fcrlich begleitet. Wenn du Interesse f\u00fcr die Natur hast und es toll findest, Dinge mit anderen Menschen zu teilen, ist dies vielleicht etwas f\u00fcr dich.<\/p>\n<h2>Au\u00dfengel\u00e4nde sauber halten<\/h2>\n<p>Es gibt eine Gruppe von Ehrenamtlichen, die daf\u00fcr sorgt, dass das Au\u00dfengel\u00e4nde von Ecomare sauber bleibt.<\/p>\n<h2>Kontakt \u00fcber das Ehrenamt<\/h2>\n<p>M\u00f6chtest du mehr \u00fcber die M\u00f6glichkeiten als Ehrenamtlicher wissen oder dich als Ehrenamtlicher anmelden? Kontaktiere uns dann \u00fcber Tel. 0031 222-317741 oder <a href=\"mailto:miekebusch@ecomare.nl\">info@ecomare.nl<\/a>.<\/p>\n","protected":false},"excerpt":{"rendered":"<p>Ehrenamtliche sind f\u00fcr Ecomare sehr wichtig. Sie helfen im Museum oder drau\u00dfen. Wohnst du auf oder in der N\u00e4he von Texel und hast Interesse an ein Ehrenamt?<\/p>\n","protected":false},"author":1,"featured_media":13095,"parent":1711,"menu_order":80,"comment_status":"closed","ping_status":"closed","template":"page-templates\/content-detail.php","meta":{"_acf_changed":false,"footnotes":""},"tags":[],"class_list":["post-2104","page","type-page","status-publish","has-post-thumbnail","hentry"],"acf":[],"yoast_head":"<!-- This site is optimized with the Yoast SEO plugin v27.5 - https:\/\/yoast.com\/product\/yoast-seo-wordpress\/ -->\n<title>Ehrenamtlicher werden - Ecomare<\/title>\n<meta name=\"description\" content=\"Ehrenamtliche sind f\u00fcr Ecomare sehr wichtig. Sie helfen im Museum oder drau\u00dfen. Wohnst du auf oder in der N\u00e4he von Texel und hast Interesse an ein Ehrenamt?\" \/>\n<meta name=\"robots\" content=\"index, follow, max-snippet:-1, max-image-preview:large, max-video-preview:-1\" \/>\n<meta property=\"og:locale\" content=\"de_DE\" \/>\n<meta property=\"og:type\" content=\"article\" \/>\n<meta property=\"og:description\" content=\"Ehrenamtliche sind f\u00fcr Ecomare sehr wichtig. Sie helfen im Museum oder drau\u00dfen. Wohnst du auf oder in der N\u00e4he von Texel und hast Interesse an ein Ehrenamt?\" \/>\n<meta property=\"og:site_name\" content=\"Ecomare\" \/>\n<meta property=\"article:publisher\" content=\"https:\/\/www.facebook.com\/beheerder.ecomaretexel\/\" \/>\n<meta property=\"article:modified_time\" content=\"2021-11-09T14:59:30+00:00\" \/>\n<meta property=\"og:image\" content=\"https:\/\/www.ecomare.nl\/wp-content\/uploads\/2020\/05\/Vrijwilliger-kokkelkar-jongetje-loeppotje-em.jpg\" \/>\n\t<meta property=\"og:image:width\" content=\"840\" \/>\n\t<meta property=\"og:image:height\" content=\"630\" \/>\n\t<meta property=\"og:image:type\" content=\"image\/jpeg\" \/>\n<meta name=\"twitter:card\" content=\"summary_large_image\" \/>\n<meta name=\"twitter:site\" content=\"@ecomaretexel\" \/>\n<meta name=\"twitter:label1\" content=\"Est. reading time\" \/>\n\t<meta name=\"twitter:data1\" content=\"1 minute\" \/>\n<script type=\"application\/ld+json\" class=\"yoast-schema-graph\">{\"@context\":\"https:\\\/\\\/schema.org\",\"@graph\":[{\"@type\":\"WebPage\",\"@id\":\"https:\\\/\\\/www.ecomare.nl\\\/steun\\\/vrijwilliger-worden\\\/\",\"url\":\"https:\\\/\\\/www.ecomare.nl\\\/steun\\\/vrijwilliger-worden\\\/\",\"name\":\"Ehrenamtlicher werden - Ecomare\",\"isPartOf\":{\"@id\":\"https:\\\/\\\/www.ecomare.nl\\\/#website\"},\"primaryImageOfPage\":{\"@id\":\"https:\\\/\\\/www.ecomare.nl\\\/steun\\\/vrijwilliger-worden\\\/#primaryimage\"},\"image\":{\"@id\":\"https:\\\/\\\/www.ecomare.nl\\\/steun\\\/vrijwilliger-worden\\\/#primaryimage\"},\"thumbnailUrl\":\"https:\\\/\\\/www.ecomare.nl\\\/wp-content\\\/uploads\\\/2020\\\/05\\\/Vrijwilliger-kokkelkar-jongetje-loeppotje-em.jpg\",\"datePublished\":\"2017-05-03T11:13:30+00:00\",\"dateModified\":\"2021-11-09T14:59:30+00:00\",\"description\":\"Ehrenamtliche sind f\u00fcr Ecomare sehr wichtig. Sie helfen im Museum oder drau\u00dfen. Wohnst du auf oder in der N\u00e4he von Texel und hast Interesse an ein Ehrenamt?\",\"breadcrumb\":{\"@id\":\"https:\\\/\\\/www.ecomare.nl\\\/steun\\\/vrijwilliger-worden\\\/#breadcrumb\"},\"inLanguage\":\"de-DE\",\"potentialAction\":[{\"@type\":\"ReadAction\",\"target\":[\"https:\\\/\\\/www.ecomare.nl\\\/steun\\\/vrijwilliger-worden\\\/\"]}]},{\"@type\":\"ImageObject\",\"inLanguage\":\"de-DE\",\"@id\":\"https:\\\/\\\/www.ecomare.nl\\\/steun\\\/vrijwilliger-worden\\\/#primaryimage\",\"url\":\"https:\\\/\\\/www.ecomare.nl\\\/wp-content\\\/uploads\\\/2020\\\/05\\\/Vrijwilliger-kokkelkar-jongetje-loeppotje-em.jpg\",\"contentUrl\":\"https:\\\/\\\/www.ecomare.nl\\\/wp-content\\\/uploads\\\/2020\\\/05\\\/Vrijwilliger-kokkelkar-jongetje-loeppotje-em.jpg\",\"width\":840,\"height\":630,\"caption\":\"Vrijwilliger-kokkelkar-jongetje-loeppotje-em\"},{\"@type\":\"BreadcrumbList\",\"@id\":\"https:\\\/\\\/www.ecomare.nl\\\/steun\\\/vrijwilliger-worden\\\/#breadcrumb\",\"itemListElement\":[{\"@type\":\"ListItem\",\"position\":1,\"name\":\"Home\",\"item\":\"https:\\\/\\\/www.ecomare.nl\\\/de\\\/\"},{\"@type\":\"ListItem\",\"position\":2,\"name\":\"Unterst\u00fctze Ecomare\",\"item\":\"https:\\\/\\\/www.ecomare.nl\\\/de\\\/unterstuetze-ecomare\\\/\"},{\"@type\":\"ListItem\",\"position\":3,\"name\":\"Ehrenamtlicher werden\"}]},{\"@type\":\"WebSite\",\"@id\":\"https:\\\/\\\/www.ecomare.nl\\\/#website\",\"url\":\"https:\\\/\\\/www.ecomare.nl\\\/\",\"name\":\"Ecomare\",\"description\":\"\",\"potentialAction\":[{\"@type\":\"SearchAction\",\"target\":{\"@type\":\"EntryPoint\",\"urlTemplate\":\"https:\\\/\\\/www.ecomare.nl\\\/?s={search_term_string}\"},\"query-input\":{\"@type\":\"PropertyValueSpecification\",\"valueRequired\":true,\"valueName\":\"search_term_string\"}}],\"inLanguage\":\"de-DE\"}]}<\/script>\n<!-- \/ Yoast SEO plugin. -->","yoast_head_json":{"title":"Ehrenamtlicher werden - Ecomare","description":"Ehrenamtliche sind f\u00fcr Ecomare sehr wichtig. Sie helfen im Museum oder drau\u00dfen. Wohnst du auf oder in der N\u00e4he von Texel und hast Interesse an ein Ehrenamt?","robots":{"index":"index","follow":"follow","max-snippet":"max-snippet:-1","max-image-preview":"max-image-preview:large","max-video-preview":"max-video-preview:-1"},"og_locale":"de_DE","og_type":"article","og_description":"Ehrenamtliche sind f\u00fcr Ecomare sehr wichtig. Sie helfen im Museum oder drau\u00dfen. Wohnst du auf oder in der N\u00e4he von Texel und hast Interesse an ein Ehrenamt?","og_site_name":"Ecomare","article_publisher":"https:\/\/www.facebook.com\/beheerder.ecomaretexel\/","article_modified_time":"2021-11-09T14:59:30+00:00","og_image":[{"width":840,"height":630,"url":"https:\/\/www.ecomare.nl\/wp-content\/uploads\/2020\/05\/Vrijwilliger-kokkelkar-jongetje-loeppotje-em.jpg","type":"image\/jpeg"}],"twitter_card":"summary_large_image","twitter_site":"@ecomaretexel","twitter_misc":{"Est. reading time":"1 minute"},"schema":{"@context":"https:\/\/schema.org","@graph":[{"@type":"WebPage","@id":"https:\/\/www.ecomare.nl\/steun\/vrijwilliger-worden\/","url":"https:\/\/www.ecomare.nl\/steun\/vrijwilliger-worden\/","name":"Ehrenamtlicher werden - Ecomare","isPartOf":{"@id":"https:\/\/www.ecomare.nl\/#website"},"primaryImageOfPage":{"@id":"https:\/\/www.ecomare.nl\/steun\/vrijwilliger-worden\/#primaryimage"},"image":{"@id":"https:\/\/www.ecomare.nl\/steun\/vrijwilliger-worden\/#primaryimage"},"thumbnailUrl":"https:\/\/www.ecomare.nl\/wp-content\/uploads\/2020\/05\/Vrijwilliger-kokkelkar-jongetje-loeppotje-em.jpg","datePublished":"2017-05-03T11:13:30+00:00","dateModified":"2021-11-09T14:59:30+00:00","description":"Ehrenamtliche sind f\u00fcr Ecomare sehr wichtig. Sie helfen im Museum oder drau\u00dfen. Wohnst du auf oder in der N\u00e4he von Texel und hast Interesse an ein Ehrenamt?","breadcrumb":{"@id":"https:\/\/www.ecomare.nl\/steun\/vrijwilliger-worden\/#breadcrumb"},"inLanguage":"de-DE","potentialAction":[{"@type":"ReadAction","target":["https:\/\/www.ecomare.nl\/steun\/vrijwilliger-worden\/"]}]},{"@type":"ImageObject","inLanguage":"de-DE","@id":"https:\/\/www.ecomare.nl\/steun\/vrijwilliger-worden\/#primaryimage","url":"https:\/\/www.ecomare.nl\/wp-content\/uploads\/2020\/05\/Vrijwilliger-kokkelkar-jongetje-loeppotje-em.jpg","contentUrl":"https:\/\/www.ecomare.nl\/wp-content\/uploads\/2020\/05\/Vrijwilliger-kokkelkar-jongetje-loeppotje-em.jpg","width":840,"height":630,"caption":"Vrijwilliger-kokkelkar-jongetje-loeppotje-em"},{"@type":"BreadcrumbList","@id":"https:\/\/www.ecomare.nl\/steun\/vrijwilliger-worden\/#breadcrumb","itemListElement":[{"@type":"ListItem","position":1,"name":"Home","item":"https:\/\/www.ecomare.nl\/de\/"},{"@type":"ListItem","position":2,"name":"Unterst\u00fctze Ecomare","item":"https:\/\/www.ecomare.nl\/de\/unterstuetze-ecomare\/"},{"@type":"ListItem","position":3,"name":"Ehrenamtlicher werden"}]},{"@type":"WebSite","@id":"https:\/\/www.ecomare.nl\/#website","url":"https:\/\/www.ecomare.nl\/","name":"Ecomare","description":"","potentialAction":[{"@type":"SearchAction","target":{"@type":"EntryPoint","urlTemplate":"https:\/\/www.ecomare.nl\/?s={search_term_string}"},"query-input":{"@type":"PropertyValueSpecification","valueRequired":true,"valueName":"search_term_string"}}],"inLanguage":"de-DE"}]}},"_links":{"self":[{"href":"https:\/\/www.ecomare.nl\/de\/wp-json\/wp\/v2\/pages\/2104","targetHints":{"allow":["GET"]}}],"collection":[{"href":"https:\/\/www.ecomare.nl\/de\/wp-json\/wp\/v2\/pages"}],"about":[{"href":"https:\/\/www.ecomare.nl\/de\/wp-json\/wp\/v2\/types\/page"}],"author":[{"embeddable":true,"href":"https:\/\/www.ecomare.nl\/de\/wp-json\/wp\/v2\/users\/1"}],"replies":[{"embeddable":true,"href":"https:\/\/www.ecomare.nl\/de\/wp-json\/wp\/v2\/comments?post=2104"}],"version-history":[{"count":1,"href":"https:\/\/www.ecomare.nl\/de\/wp-json\/wp\/v2\/pages\/2104\/revisions"}],"predecessor-version":[{"id":16839,"href":"https:\/\/www.ecomare.nl\/de\/wp-json\/wp\/v2\/pages\/2104\/revisions\/16839"}],"up":[{"embeddable":true,"href":"https:\/\/www.ecomare.nl\/de\/wp-json\/wp\/v2\/pages\/1711"}],"wp:featuredmedia":[{"embeddable":true,"href":"https:\/\/www.ecomare.nl\/de\/wp-json\/wp\/v2\/media\/13095"}],"wp:attachment":[{"href":"https:\/\/www.ecomare.nl\/de\/wp-json\/wp\/v2\/media?parent=2104"}],"wp:term":[{"taxonomy":"post_tag","embeddable":true,"href":"https:\/\/www.ecomare.nl\/de\/wp-json\/wp\/v2\/tags?post=2104"}],"curies":[{"name":"wp","href":"https:\/\/api.w.org\/{rel}","templated":true}]}}