{"id":21208,"date":"2023-03-07T11:00:38","date_gmt":"2023-03-07T10:00:38","guid":{"rendered":"https:\/\/www.ecomare.nl\/besuche-ecomare\/programme-fuer-schulen\/grundschule\/beleef-het-wad\/"},"modified":"2026-01-26T11:04:46","modified_gmt":"2026-01-26T10:04:46","slug":"erlebe-das-watt","status":"publish","type":"page","link":"https:\/\/www.ecomare.nl\/de\/besuche-ecomare\/programme-fuer-schulen\/grundschule\/erlebe-das-watt\/","title":{"rendered":"Erlebe das Watt"},"content":{"rendered":"<p><strong>Der Boden des Wattenmeeres ist voller Leben! Dieses Naturgebiet ist so besonders, dass es zum Weltnaturerbe erkl\u00e4rt wurde. Bei einer Wattwanderung l\u00e4uft man tats\u00e4chlich auf dem Meeresboden &#8211; ein einzigartiges Erlebnis.<\/strong><\/p>\n<p><img loading=\"lazy\" decoding=\"async\" class=\"alignnone wp-image-7022 size-full\" src=\"https:\/\/www.ecomare.nl\/wp-content\/uploads\/2017\/04\/krassekeetexcursie-schoolgroep-0011.jpg\" alt=\"\" width=\"840\" height=\"525\" srcset=\"https:\/\/www.ecomare.nl\/wp-content\/uploads\/2017\/04\/krassekeetexcursie-schoolgroep-0011.jpg 840w, https:\/\/www.ecomare.nl\/wp-content\/uploads\/2017\/04\/krassekeetexcursie-schoolgroep-0011-360x225.jpg 360w, https:\/\/www.ecomare.nl\/wp-content\/uploads\/2017\/04\/krassekeetexcursie-schoolgroep-0011-768x480.jpg 768w, https:\/\/www.ecomare.nl\/wp-content\/uploads\/2017\/04\/krassekeetexcursie-schoolgroep-0011-640x400.jpg 640w\" sizes=\"auto, (max-width: 840px) 100vw, 840px\" \/><\/p>\n<h2>Zwei Orte<\/h2>\n<p>F\u00fcr &#8216;Erlebe das Watt&#8217; stehen zwei Orte zur Auswahl: die Mokbaai beim F\u00e4hrhafen und der Wattenmeerdeich n\u00f6rdlich von Oosterend. Am letztgenannten Ort, bei der Pumpstation De Krassekeet, werden Angelruten mitgebracht, um Krabben zu fangen. Ohne Haken, aber mit Kneifer! An beiden Orten werden wir nat\u00fcrlich auch eine Wattwanderung machen, bewaffnet mit Keschern. Durch die eigene Besch\u00e4ftigung mit Netzen, Angeln und H\u00e4nden entdecken die Sch\u00fcler, welche Tiere im und auf dem Watt leben.<\/p>\n<h2>Kosten und Zeit<\/h2>\n<p>Ein Programm im Gel\u00e4nde kostet 190,- \u20ac f\u00fcr eine Gruppe von bis zu 30 Sch\u00fclern. Es dauert 1,5 bis 2 Stunden.<\/p>\n<h2>Planung und Buchung<\/h2>\n<p>Es ist wichtig, eine Schulaktivit\u00e4t lange im Voraus zu buchen. Der Zeitpunkt, an dem Sie dieses Programm durchf\u00fchren k\u00f6nnen, h\u00e4ngt vom Niedrigwasser an. Rufen Sie dazu das Buchungsb\u00fcro von Ecomare w\u00e4hrend der B\u00fcrozeiten an: 0222-367440 oder senden Sie eine E-Mail an <a href=\"mailto:boekingskantoor@ecomare.nl\">boekingskantoor@ecomare.nl<\/a>.<\/p>\n<p>Gut zu wissen, was wir f\u00fcr eine Buchung ben\u00f6tigen: Name, Adresse, Telefonnummer und E-Mail-Adresse der Schule, mobile Nummer auf Texel, Klasse, Alter, Anzahl der Sch\u00fcler und Betreuer, Unterkunftsadresse und Transport auf Texel der Gruppe.<\/p>\n","protected":false},"excerpt":{"rendered":"<p>Der Boden des Wattenmeeres ist voller Leben! Dieses Naturgebiet ist so besonders, dass es zum Weltnaturerbe erkl\u00e4rt wurde. Bei einer Wattwanderung l\u00e4uft man tats\u00e4chlich auf dem Meeresboden &#8211; ein einzigartiges Erlebnis. Zwei Orte F\u00fcr &#8216;Erlebe das Watt&#8217; stehen zwei Orte zur Auswahl: die Mokbaai beim F\u00e4hrhafen und der Wattenmeerdeich n\u00f6rdlich von Oosterend. Am letztgenannten Ort, [&hellip;]<\/p>\n","protected":false},"author":69,"featured_media":26224,"parent":534,"menu_order":0,"comment_status":"closed","ping_status":"closed","template":"page-templates\/content-detail.php","meta":{"_acf_changed":false,"footnotes":""},"tags":[],"class_list":["post-21208","page","type-page","status-publish","has-post-thumbnail","hentry"],"acf":[],"yoast_head":"<!-- This site is optimized with the Yoast SEO plugin v27.5 - https:\/\/yoast.com\/product\/yoast-seo-wordpress\/ -->\n<title>Erlebe das Watt - Ecomare<\/title>\n<meta name=\"robots\" content=\"index, follow, max-snippet:-1, max-image-preview:large, max-video-preview:-1\" \/>\n<meta property=\"og:locale\" content=\"de_DE\" \/>\n<meta property=\"og:type\" content=\"article\" \/>\n<meta property=\"og:description\" content=\"Der Boden des Wattenmeeres ist voller Leben! Dieses Naturgebiet ist so besonders, dass es zum Weltnaturerbe erkl\u00e4rt wurde. Bei einer Wattwanderung l\u00e4uft man tats\u00e4chlich auf dem Meeresboden &#8211; ein einzigartiges Erlebnis. Zwei Orte F\u00fcr &#8216;Erlebe das Watt&#8217; stehen zwei Orte zur Auswahl: die Mokbaai beim F\u00e4hrhafen und der Wattenmeerdeich n\u00f6rdlich von Oosterend. Am letztgenannten Ort, [&hellip;]\" \/>\n<meta property=\"og:site_name\" content=\"Ecomare\" \/>\n<meta property=\"article:publisher\" content=\"https:\/\/www.facebook.com\/beheerder.ecomaretexel\/\" \/>\n<meta property=\"article:modified_time\" content=\"2026-01-26T10:04:46+00:00\" \/>\n<meta property=\"og:image\" content=\"https:\/\/www.ecomare.nl\/wp-content\/uploads\/2025\/11\/EVA_5683.jpg\" \/>\n\t<meta property=\"og:image:width\" content=\"1919\" \/>\n\t<meta property=\"og:image:height\" content=\"1280\" \/>\n\t<meta property=\"og:image:type\" content=\"image\/jpeg\" \/>\n<meta name=\"twitter:card\" content=\"summary_large_image\" \/>\n<meta name=\"twitter:site\" content=\"@ecomaretexel\" \/>\n<meta name=\"twitter:label1\" content=\"Est. reading time\" \/>\n\t<meta name=\"twitter:data1\" content=\"2 minutes\" \/>\n<script type=\"application\/ld+json\" class=\"yoast-schema-graph\">{\"@context\":\"https:\\\/\\\/schema.org\",\"@graph\":[{\"@type\":\"WebPage\",\"@id\":\"https:\\\/\\\/www.ecomare.nl\\\/de\\\/besuche-ecomare\\\/programme-fuer-schulen\\\/grundschule\\\/erlebe-das-watt\\\/\",\"url\":\"https:\\\/\\\/www.ecomare.nl\\\/de\\\/besuche-ecomare\\\/programme-fuer-schulen\\\/grundschule\\\/erlebe-das-watt\\\/\",\"name\":\"Erlebe das Watt - Ecomare\",\"isPartOf\":{\"@id\":\"https:\\\/\\\/www.ecomare.nl\\\/#website\"},\"primaryImageOfPage\":{\"@id\":\"https:\\\/\\\/www.ecomare.nl\\\/de\\\/besuche-ecomare\\\/programme-fuer-schulen\\\/grundschule\\\/erlebe-das-watt\\\/#primaryimage\"},\"image\":{\"@id\":\"https:\\\/\\\/www.ecomare.nl\\\/de\\\/besuche-ecomare\\\/programme-fuer-schulen\\\/grundschule\\\/erlebe-das-watt\\\/#primaryimage\"},\"thumbnailUrl\":\"https:\\\/\\\/www.ecomare.nl\\\/wp-content\\\/uploads\\\/2025\\\/11\\\/EVA_5683.jpg\",\"datePublished\":\"2023-03-07T10:00:38+00:00\",\"dateModified\":\"2026-01-26T10:04:46+00:00\",\"breadcrumb\":{\"@id\":\"https:\\\/\\\/www.ecomare.nl\\\/de\\\/besuche-ecomare\\\/programme-fuer-schulen\\\/grundschule\\\/erlebe-das-watt\\\/#breadcrumb\"},\"inLanguage\":\"de-DE\",\"potentialAction\":[{\"@type\":\"ReadAction\",\"target\":[\"https:\\\/\\\/www.ecomare.nl\\\/de\\\/besuche-ecomare\\\/programme-fuer-schulen\\\/grundschule\\\/erlebe-das-watt\\\/\"]}]},{\"@type\":\"ImageObject\",\"inLanguage\":\"de-DE\",\"@id\":\"https:\\\/\\\/www.ecomare.nl\\\/de\\\/besuche-ecomare\\\/programme-fuer-schulen\\\/grundschule\\\/erlebe-das-watt\\\/#primaryimage\",\"url\":\"https:\\\/\\\/www.ecomare.nl\\\/wp-content\\\/uploads\\\/2025\\\/11\\\/EVA_5683.jpg\",\"contentUrl\":\"https:\\\/\\\/www.ecomare.nl\\\/wp-content\\\/uploads\\\/2025\\\/11\\\/EVA_5683.jpg\",\"width\":1919,\"height\":1280},{\"@type\":\"BreadcrumbList\",\"@id\":\"https:\\\/\\\/www.ecomare.nl\\\/de\\\/besuche-ecomare\\\/programme-fuer-schulen\\\/grundschule\\\/erlebe-das-watt\\\/#breadcrumb\",\"itemListElement\":[{\"@type\":\"ListItem\",\"position\":1,\"name\":\"Home\",\"item\":\"https:\\\/\\\/www.ecomare.nl\\\/de\\\/\"},{\"@type\":\"ListItem\",\"position\":2,\"name\":\"Besuche Ecomare auf Texel\",\"item\":\"https:\\\/\\\/www.ecomare.nl\\\/de\\\/besuche-ecomare\\\/\"},{\"@type\":\"ListItem\",\"position\":3,\"name\":\"Programme f\u00fcr Schulen\",\"item\":\"https:\\\/\\\/www.ecomare.nl\\\/de\\\/besuche-ecomare\\\/programme-fuer-schulen\\\/\"},{\"@type\":\"ListItem\",\"position\":4,\"name\":\"Grundschule\",\"item\":\"https:\\\/\\\/www.ecomare.nl\\\/de\\\/besuche-ecomare\\\/programme-fuer-schulen\\\/grundschule\\\/\"},{\"@type\":\"ListItem\",\"position\":5,\"name\":\"Erlebe das Watt\"}]},{\"@type\":\"WebSite\",\"@id\":\"https:\\\/\\\/www.ecomare.nl\\\/#website\",\"url\":\"https:\\\/\\\/www.ecomare.nl\\\/\",\"name\":\"Ecomare\",\"description\":\"\",\"potentialAction\":[{\"@type\":\"SearchAction\",\"target\":{\"@type\":\"EntryPoint\",\"urlTemplate\":\"https:\\\/\\\/www.ecomare.nl\\\/?s={search_term_string}\"},\"query-input\":{\"@type\":\"PropertyValueSpecification\",\"valueRequired\":true,\"valueName\":\"search_term_string\"}}],\"inLanguage\":\"de-DE\"}]}<\/script>\n<!-- \/ Yoast SEO plugin. -->","yoast_head_json":{"title":"Erlebe das Watt - Ecomare","robots":{"index":"index","follow":"follow","max-snippet":"max-snippet:-1","max-image-preview":"max-image-preview:large","max-video-preview":"max-video-preview:-1"},"og_locale":"de_DE","og_type":"article","og_description":"Der Boden des Wattenmeeres ist voller Leben! Dieses Naturgebiet ist so besonders, dass es zum Weltnaturerbe erkl\u00e4rt wurde. Bei einer Wattwanderung l\u00e4uft man tats\u00e4chlich auf dem Meeresboden &#8211; ein einzigartiges Erlebnis. Zwei Orte F\u00fcr &#8216;Erlebe das Watt&#8217; stehen zwei Orte zur Auswahl: die Mokbaai beim F\u00e4hrhafen und der Wattenmeerdeich n\u00f6rdlich von Oosterend. Am letztgenannten Ort, [&hellip;]","og_site_name":"Ecomare","article_publisher":"https:\/\/www.facebook.com\/beheerder.ecomaretexel\/","article_modified_time":"2026-01-26T10:04:46+00:00","og_image":[{"width":1919,"height":1280,"url":"https:\/\/www.ecomare.nl\/wp-content\/uploads\/2025\/11\/EVA_5683.jpg","type":"image\/jpeg"}],"twitter_card":"summary_large_image","twitter_site":"@ecomaretexel","twitter_misc":{"Est. reading time":"2 minutes"},"schema":{"@context":"https:\/\/schema.org","@graph":[{"@type":"WebPage","@id":"https:\/\/www.ecomare.nl\/de\/besuche-ecomare\/programme-fuer-schulen\/grundschule\/erlebe-das-watt\/","url":"https:\/\/www.ecomare.nl\/de\/besuche-ecomare\/programme-fuer-schulen\/grundschule\/erlebe-das-watt\/","name":"Erlebe das Watt - Ecomare","isPartOf":{"@id":"https:\/\/www.ecomare.nl\/#website"},"primaryImageOfPage":{"@id":"https:\/\/www.ecomare.nl\/de\/besuche-ecomare\/programme-fuer-schulen\/grundschule\/erlebe-das-watt\/#primaryimage"},"image":{"@id":"https:\/\/www.ecomare.nl\/de\/besuche-ecomare\/programme-fuer-schulen\/grundschule\/erlebe-das-watt\/#primaryimage"},"thumbnailUrl":"https:\/\/www.ecomare.nl\/wp-content\/uploads\/2025\/11\/EVA_5683.jpg","datePublished":"2023-03-07T10:00:38+00:00","dateModified":"2026-01-26T10:04:46+00:00","breadcrumb":{"@id":"https:\/\/www.ecomare.nl\/de\/besuche-ecomare\/programme-fuer-schulen\/grundschule\/erlebe-das-watt\/#breadcrumb"},"inLanguage":"de-DE","potentialAction":[{"@type":"ReadAction","target":["https:\/\/www.ecomare.nl\/de\/besuche-ecomare\/programme-fuer-schulen\/grundschule\/erlebe-das-watt\/"]}]},{"@type":"ImageObject","inLanguage":"de-DE","@id":"https:\/\/www.ecomare.nl\/de\/besuche-ecomare\/programme-fuer-schulen\/grundschule\/erlebe-das-watt\/#primaryimage","url":"https:\/\/www.ecomare.nl\/wp-content\/uploads\/2025\/11\/EVA_5683.jpg","contentUrl":"https:\/\/www.ecomare.nl\/wp-content\/uploads\/2025\/11\/EVA_5683.jpg","width":1919,"height":1280},{"@type":"BreadcrumbList","@id":"https:\/\/www.ecomare.nl\/de\/besuche-ecomare\/programme-fuer-schulen\/grundschule\/erlebe-das-watt\/#breadcrumb","itemListElement":[{"@type":"ListItem","position":1,"name":"Home","item":"https:\/\/www.ecomare.nl\/de\/"},{"@type":"ListItem","position":2,"name":"Besuche Ecomare auf Texel","item":"https:\/\/www.ecomare.nl\/de\/besuche-ecomare\/"},{"@type":"ListItem","position":3,"name":"Programme f\u00fcr Schulen","item":"https:\/\/www.ecomare.nl\/de\/besuche-ecomare\/programme-fuer-schulen\/"},{"@type":"ListItem","position":4,"name":"Grundschule","item":"https:\/\/www.ecomare.nl\/de\/besuche-ecomare\/programme-fuer-schulen\/grundschule\/"},{"@type":"ListItem","position":5,"name":"Erlebe das Watt"}]},{"@type":"WebSite","@id":"https:\/\/www.ecomare.nl\/#website","url":"https:\/\/www.ecomare.nl\/","name":"Ecomare","description":"","potentialAction":[{"@type":"SearchAction","target":{"@type":"EntryPoint","urlTemplate":"https:\/\/www.ecomare.nl\/?s={search_term_string}"},"query-input":{"@type":"PropertyValueSpecification","valueRequired":true,"valueName":"search_term_string"}}],"inLanguage":"de-DE"}]}},"_links":{"self":[{"href":"https:\/\/www.ecomare.nl\/de\/wp-json\/wp\/v2\/pages\/21208","targetHints":{"allow":["GET"]}}],"collection":[{"href":"https:\/\/www.ecomare.nl\/de\/wp-json\/wp\/v2\/pages"}],"about":[{"href":"https:\/\/www.ecomare.nl\/de\/wp-json\/wp\/v2\/types\/page"}],"author":[{"embeddable":true,"href":"https:\/\/www.ecomare.nl\/de\/wp-json\/wp\/v2\/users\/69"}],"replies":[{"embeddable":true,"href":"https:\/\/www.ecomare.nl\/de\/wp-json\/wp\/v2\/comments?post=21208"}],"version-history":[{"count":4,"href":"https:\/\/www.ecomare.nl\/de\/wp-json\/wp\/v2\/pages\/21208\/revisions"}],"predecessor-version":[{"id":26509,"href":"https:\/\/www.ecomare.nl\/de\/wp-json\/wp\/v2\/pages\/21208\/revisions\/26509"}],"up":[{"embeddable":true,"href":"https:\/\/www.ecomare.nl\/de\/wp-json\/wp\/v2\/pages\/534"}],"wp:featuredmedia":[{"embeddable":true,"href":"https:\/\/www.ecomare.nl\/de\/wp-json\/wp\/v2\/media\/26224"}],"wp:attachment":[{"href":"https:\/\/www.ecomare.nl\/de\/wp-json\/wp\/v2\/media?parent=21208"}],"wp:term":[{"taxonomy":"post_tag","embeddable":true,"href":"https:\/\/www.ecomare.nl\/de\/wp-json\/wp\/v2\/tags?post=21208"}],"curies":[{"name":"wp","href":"https:\/\/api.w.org\/{rel}","templated":true}]}}