{"id":21212,"date":"2023-03-07T11:06:04","date_gmt":"2023-03-07T10:06:04","guid":{"rendered":"https:\/\/www.ecomare.nl\/besuche-ecomare\/programme-fuer-schulen\/grundschule\/beleef-de-slufter\/"},"modified":"2026-01-26T11:04:23","modified_gmt":"2026-01-26T10:04:23","slug":"beleef-de-slufter","status":"publish","type":"page","link":"https:\/\/www.ecomare.nl\/de\/besuche-ecomare\/programme-fuer-schulen\/grundschule\/beleef-de-slufter\/","title":{"rendered":"Erlebe den Slufter"},"content":{"rendered":"<p><strong>Im Slufter hat das Meer freies Spiel. Gehe mit auf Entdeckungstour durch dieses pr\u00e4chtige Salzwiesengebiet! Wir erleben den Slufter mit seinem besonderen Pflanzenwachstum buchst\u00e4blich mit allen Sinnen. Besonders toll: du musst nicht auf den Wegen bleiben. Du darfst herrlich von den D\u00fcnen springen oder im Priel nasse F\u00fc\u00dfe bekommen. Mit Keschern machen wir uns auf die Suche nach Tieren, die im Wasser leben.<\/strong><\/p>\n<p><img loading=\"lazy\" decoding=\"async\" class=\"alignnone wp-image-23384 size-full\" src=\"https:\/\/www.ecomare.nl\/wp-content\/uploads\/2024\/04\/Slufter-keuze.jpg\" alt=\"\" width=\"840\" height=\"525\" srcset=\"https:\/\/www.ecomare.nl\/wp-content\/uploads\/2024\/04\/Slufter-keuze.jpg 840w, https:\/\/www.ecomare.nl\/wp-content\/uploads\/2024\/04\/Slufter-keuze-360x225.jpg 360w, https:\/\/www.ecomare.nl\/wp-content\/uploads\/2024\/04\/Slufter-keuze-640x400.jpg 640w, https:\/\/www.ecomare.nl\/wp-content\/uploads\/2024\/04\/Slufter-keuze-768x480.jpg 768w\" sizes=\"auto, (max-width: 840px) 100vw, 840px\" \/><\/p>\n<h2>Feldprogramm buchen<\/h2>\n<p>Um ein Feldprogramm zu vereinbaren, rufst du im Buchungsb\u00fcro an oder nutzt das Kontaktformular. In Absprache w\u00e4hlst du die Exkursion, die zu deiner Gruppe passt. Das Folgende ben\u00f6tigen wir f\u00fcr eine Buchung:\u00a0Name, Adresse, Telefonnummer und E-Mailadresse der Schule, mobile Nummer auf Texel, Schuljahr, Alter, Anzahl Sch\u00fcler und Begleiter, Unterkunftsadresse und Transport der Gruppe auf Texel.<br \/>\nDas Buchungsb\u00fcro ist zu B\u00fcrozeiten telefonisch unter 0031-222-367440 und boekingskantoor@ecomare.nl erreichbar. Ein Programm kostet \u20ac 190,- f\u00fcr eine Gruppe von max. 30 Sch\u00fclern. Das Programm dauert 1,5 bis 2 Stunden und kann um 11 oder 14 Uhr anfangen.<\/p>\n","protected":false},"excerpt":{"rendered":"<p>Im Slufter hat das Meer freies Spiel. Gehe mit auf Entdeckungstour durch dieses pr\u00e4chtige Salzwiesengebiet! Wir erleben den Slufter mit seinem besonderen Pflanzenwachstum buchst\u00e4blich mit allen Sinnen. Besonders toll: du musst nicht auf den Wegen bleiben. Du darfst herrlich von den D\u00fcnen springen oder im Priel nasse F\u00fc\u00dfe bekommen. Mit Keschern machen wir uns auf [&hellip;]<\/p>\n","protected":false},"author":69,"featured_media":23384,"parent":534,"menu_order":0,"comment_status":"closed","ping_status":"closed","template":"page-templates\/content-detail.php","meta":{"_acf_changed":false,"footnotes":""},"tags":[],"class_list":["post-21212","page","type-page","status-publish","has-post-thumbnail","hentry"],"acf":[],"yoast_head":"<!-- This site is optimized with the Yoast SEO plugin v27.5 - https:\/\/yoast.com\/product\/yoast-seo-wordpress\/ -->\n<title>Erlebe den Slufter - Ecomare<\/title>\n<meta name=\"robots\" content=\"index, follow, max-snippet:-1, max-image-preview:large, max-video-preview:-1\" \/>\n<meta property=\"og:locale\" content=\"de_DE\" \/>\n<meta property=\"og:type\" content=\"article\" \/>\n<meta property=\"og:description\" content=\"Im Slufter hat das Meer freies Spiel. Gehe mit auf Entdeckungstour durch dieses pr\u00e4chtige Salzwiesengebiet! Wir erleben den Slufter mit seinem besonderen Pflanzenwachstum buchst\u00e4blich mit allen Sinnen. Besonders toll: du musst nicht auf den Wegen bleiben. Du darfst herrlich von den D\u00fcnen springen oder im Priel nasse F\u00fc\u00dfe bekommen. Mit Keschern machen wir uns auf [&hellip;]\" \/>\n<meta property=\"og:site_name\" content=\"Ecomare\" \/>\n<meta property=\"article:publisher\" content=\"https:\/\/www.facebook.com\/beheerder.ecomaretexel\/\" \/>\n<meta property=\"article:modified_time\" content=\"2026-01-26T10:04:23+00:00\" \/>\n<meta property=\"og:image\" content=\"https:\/\/www.ecomare.nl\/wp-content\/uploads\/2024\/04\/Slufter-keuze.jpg\" \/>\n\t<meta property=\"og:image:width\" content=\"840\" \/>\n\t<meta property=\"og:image:height\" content=\"525\" \/>\n\t<meta property=\"og:image:type\" content=\"image\/jpeg\" \/>\n<meta name=\"twitter:card\" content=\"summary_large_image\" \/>\n<meta name=\"twitter:site\" content=\"@ecomaretexel\" \/>\n<meta name=\"twitter:label1\" content=\"Est. reading time\" \/>\n\t<meta name=\"twitter:data1\" content=\"2 minutes\" \/>\n<script type=\"application\/ld+json\" class=\"yoast-schema-graph\">{\"@context\":\"https:\\\/\\\/schema.org\",\"@graph\":[{\"@type\":\"WebPage\",\"@id\":\"https:\\\/\\\/www.ecomare.nl\\\/de\\\/besuche-ecomare\\\/programme-fuer-schulen\\\/grundschule\\\/beleef-de-slufter\\\/\",\"url\":\"https:\\\/\\\/www.ecomare.nl\\\/de\\\/besuche-ecomare\\\/programme-fuer-schulen\\\/grundschule\\\/beleef-de-slufter\\\/\",\"name\":\"Erlebe den Slufter - Ecomare\",\"isPartOf\":{\"@id\":\"https:\\\/\\\/www.ecomare.nl\\\/#website\"},\"primaryImageOfPage\":{\"@id\":\"https:\\\/\\\/www.ecomare.nl\\\/de\\\/besuche-ecomare\\\/programme-fuer-schulen\\\/grundschule\\\/beleef-de-slufter\\\/#primaryimage\"},\"image\":{\"@id\":\"https:\\\/\\\/www.ecomare.nl\\\/de\\\/besuche-ecomare\\\/programme-fuer-schulen\\\/grundschule\\\/beleef-de-slufter\\\/#primaryimage\"},\"thumbnailUrl\":\"https:\\\/\\\/www.ecomare.nl\\\/wp-content\\\/uploads\\\/2024\\\/04\\\/Slufter-keuze.jpg\",\"datePublished\":\"2023-03-07T10:06:04+00:00\",\"dateModified\":\"2026-01-26T10:04:23+00:00\",\"breadcrumb\":{\"@id\":\"https:\\\/\\\/www.ecomare.nl\\\/de\\\/besuche-ecomare\\\/programme-fuer-schulen\\\/grundschule\\\/beleef-de-slufter\\\/#breadcrumb\"},\"inLanguage\":\"de-DE\",\"potentialAction\":[{\"@type\":\"ReadAction\",\"target\":[\"https:\\\/\\\/www.ecomare.nl\\\/de\\\/besuche-ecomare\\\/programme-fuer-schulen\\\/grundschule\\\/beleef-de-slufter\\\/\"]}]},{\"@type\":\"ImageObject\",\"inLanguage\":\"de-DE\",\"@id\":\"https:\\\/\\\/www.ecomare.nl\\\/de\\\/besuche-ecomare\\\/programme-fuer-schulen\\\/grundschule\\\/beleef-de-slufter\\\/#primaryimage\",\"url\":\"https:\\\/\\\/www.ecomare.nl\\\/wp-content\\\/uploads\\\/2024\\\/04\\\/Slufter-keuze.jpg\",\"contentUrl\":\"https:\\\/\\\/www.ecomare.nl\\\/wp-content\\\/uploads\\\/2024\\\/04\\\/Slufter-keuze.jpg\",\"width\":840,\"height\":525,\"caption\":\"familie slufterprogramma springen vanaf duin\"},{\"@type\":\"BreadcrumbList\",\"@id\":\"https:\\\/\\\/www.ecomare.nl\\\/de\\\/besuche-ecomare\\\/programme-fuer-schulen\\\/grundschule\\\/beleef-de-slufter\\\/#breadcrumb\",\"itemListElement\":[{\"@type\":\"ListItem\",\"position\":1,\"name\":\"Home\",\"item\":\"https:\\\/\\\/www.ecomare.nl\\\/de\\\/\"},{\"@type\":\"ListItem\",\"position\":2,\"name\":\"Besuche Ecomare auf Texel\",\"item\":\"https:\\\/\\\/www.ecomare.nl\\\/de\\\/besuche-ecomare\\\/\"},{\"@type\":\"ListItem\",\"position\":3,\"name\":\"Programme f\u00fcr Schulen\",\"item\":\"https:\\\/\\\/www.ecomare.nl\\\/de\\\/besuche-ecomare\\\/programme-fuer-schulen\\\/\"},{\"@type\":\"ListItem\",\"position\":4,\"name\":\"Grundschule\",\"item\":\"https:\\\/\\\/www.ecomare.nl\\\/de\\\/besuche-ecomare\\\/programme-fuer-schulen\\\/grundschule\\\/\"},{\"@type\":\"ListItem\",\"position\":5,\"name\":\"Erlebe den Slufter\"}]},{\"@type\":\"WebSite\",\"@id\":\"https:\\\/\\\/www.ecomare.nl\\\/#website\",\"url\":\"https:\\\/\\\/www.ecomare.nl\\\/\",\"name\":\"Ecomare\",\"description\":\"\",\"potentialAction\":[{\"@type\":\"SearchAction\",\"target\":{\"@type\":\"EntryPoint\",\"urlTemplate\":\"https:\\\/\\\/www.ecomare.nl\\\/?s={search_term_string}\"},\"query-input\":{\"@type\":\"PropertyValueSpecification\",\"valueRequired\":true,\"valueName\":\"search_term_string\"}}],\"inLanguage\":\"de-DE\"}]}<\/script>\n<!-- \/ Yoast SEO plugin. -->","yoast_head_json":{"title":"Erlebe den Slufter - Ecomare","robots":{"index":"index","follow":"follow","max-snippet":"max-snippet:-1","max-image-preview":"max-image-preview:large","max-video-preview":"max-video-preview:-1"},"og_locale":"de_DE","og_type":"article","og_description":"Im Slufter hat das Meer freies Spiel. Gehe mit auf Entdeckungstour durch dieses pr\u00e4chtige Salzwiesengebiet! Wir erleben den Slufter mit seinem besonderen Pflanzenwachstum buchst\u00e4blich mit allen Sinnen. Besonders toll: du musst nicht auf den Wegen bleiben. Du darfst herrlich von den D\u00fcnen springen oder im Priel nasse F\u00fc\u00dfe bekommen. Mit Keschern machen wir uns auf [&hellip;]","og_site_name":"Ecomare","article_publisher":"https:\/\/www.facebook.com\/beheerder.ecomaretexel\/","article_modified_time":"2026-01-26T10:04:23+00:00","og_image":[{"width":840,"height":525,"url":"https:\/\/www.ecomare.nl\/wp-content\/uploads\/2024\/04\/Slufter-keuze.jpg","type":"image\/jpeg"}],"twitter_card":"summary_large_image","twitter_site":"@ecomaretexel","twitter_misc":{"Est. reading time":"2 minutes"},"schema":{"@context":"https:\/\/schema.org","@graph":[{"@type":"WebPage","@id":"https:\/\/www.ecomare.nl\/de\/besuche-ecomare\/programme-fuer-schulen\/grundschule\/beleef-de-slufter\/","url":"https:\/\/www.ecomare.nl\/de\/besuche-ecomare\/programme-fuer-schulen\/grundschule\/beleef-de-slufter\/","name":"Erlebe den Slufter - Ecomare","isPartOf":{"@id":"https:\/\/www.ecomare.nl\/#website"},"primaryImageOfPage":{"@id":"https:\/\/www.ecomare.nl\/de\/besuche-ecomare\/programme-fuer-schulen\/grundschule\/beleef-de-slufter\/#primaryimage"},"image":{"@id":"https:\/\/www.ecomare.nl\/de\/besuche-ecomare\/programme-fuer-schulen\/grundschule\/beleef-de-slufter\/#primaryimage"},"thumbnailUrl":"https:\/\/www.ecomare.nl\/wp-content\/uploads\/2024\/04\/Slufter-keuze.jpg","datePublished":"2023-03-07T10:06:04+00:00","dateModified":"2026-01-26T10:04:23+00:00","breadcrumb":{"@id":"https:\/\/www.ecomare.nl\/de\/besuche-ecomare\/programme-fuer-schulen\/grundschule\/beleef-de-slufter\/#breadcrumb"},"inLanguage":"de-DE","potentialAction":[{"@type":"ReadAction","target":["https:\/\/www.ecomare.nl\/de\/besuche-ecomare\/programme-fuer-schulen\/grundschule\/beleef-de-slufter\/"]}]},{"@type":"ImageObject","inLanguage":"de-DE","@id":"https:\/\/www.ecomare.nl\/de\/besuche-ecomare\/programme-fuer-schulen\/grundschule\/beleef-de-slufter\/#primaryimage","url":"https:\/\/www.ecomare.nl\/wp-content\/uploads\/2024\/04\/Slufter-keuze.jpg","contentUrl":"https:\/\/www.ecomare.nl\/wp-content\/uploads\/2024\/04\/Slufter-keuze.jpg","width":840,"height":525,"caption":"familie slufterprogramma springen vanaf duin"},{"@type":"BreadcrumbList","@id":"https:\/\/www.ecomare.nl\/de\/besuche-ecomare\/programme-fuer-schulen\/grundschule\/beleef-de-slufter\/#breadcrumb","itemListElement":[{"@type":"ListItem","position":1,"name":"Home","item":"https:\/\/www.ecomare.nl\/de\/"},{"@type":"ListItem","position":2,"name":"Besuche Ecomare auf Texel","item":"https:\/\/www.ecomare.nl\/de\/besuche-ecomare\/"},{"@type":"ListItem","position":3,"name":"Programme f\u00fcr Schulen","item":"https:\/\/www.ecomare.nl\/de\/besuche-ecomare\/programme-fuer-schulen\/"},{"@type":"ListItem","position":4,"name":"Grundschule","item":"https:\/\/www.ecomare.nl\/de\/besuche-ecomare\/programme-fuer-schulen\/grundschule\/"},{"@type":"ListItem","position":5,"name":"Erlebe den Slufter"}]},{"@type":"WebSite","@id":"https:\/\/www.ecomare.nl\/#website","url":"https:\/\/www.ecomare.nl\/","name":"Ecomare","description":"","potentialAction":[{"@type":"SearchAction","target":{"@type":"EntryPoint","urlTemplate":"https:\/\/www.ecomare.nl\/?s={search_term_string}"},"query-input":{"@type":"PropertyValueSpecification","valueRequired":true,"valueName":"search_term_string"}}],"inLanguage":"de-DE"}]}},"_links":{"self":[{"href":"https:\/\/www.ecomare.nl\/de\/wp-json\/wp\/v2\/pages\/21212","targetHints":{"allow":["GET"]}}],"collection":[{"href":"https:\/\/www.ecomare.nl\/de\/wp-json\/wp\/v2\/pages"}],"about":[{"href":"https:\/\/www.ecomare.nl\/de\/wp-json\/wp\/v2\/types\/page"}],"author":[{"embeddable":true,"href":"https:\/\/www.ecomare.nl\/de\/wp-json\/wp\/v2\/users\/69"}],"replies":[{"embeddable":true,"href":"https:\/\/www.ecomare.nl\/de\/wp-json\/wp\/v2\/comments?post=21212"}],"version-history":[{"count":4,"href":"https:\/\/www.ecomare.nl\/de\/wp-json\/wp\/v2\/pages\/21212\/revisions"}],"predecessor-version":[{"id":26508,"href":"https:\/\/www.ecomare.nl\/de\/wp-json\/wp\/v2\/pages\/21212\/revisions\/26508"}],"up":[{"embeddable":true,"href":"https:\/\/www.ecomare.nl\/de\/wp-json\/wp\/v2\/pages\/534"}],"wp:featuredmedia":[{"embeddable":true,"href":"https:\/\/www.ecomare.nl\/de\/wp-json\/wp\/v2\/media\/23384"}],"wp:attachment":[{"href":"https:\/\/www.ecomare.nl\/de\/wp-json\/wp\/v2\/media?parent=21212"}],"wp:term":[{"taxonomy":"post_tag","embeddable":true,"href":"https:\/\/www.ecomare.nl\/de\/wp-json\/wp\/v2\/tags?post=21212"}],"curies":[{"name":"wp","href":"https:\/\/api.w.org\/{rel}","templated":true}]}}