{"id":21228,"date":"2023-03-07T12:05:34","date_gmt":"2023-03-07T11:05:34","guid":{"rendered":"https:\/\/www.ecomare.nl\/besuche-ecomare\/programme-fuer-schulen\/untere-mittelstufe\/ontdek-het-wad\/"},"modified":"2026-01-26T11:06:56","modified_gmt":"2026-01-26T10:06:56","slug":"entdecke-das-watt","status":"publish","type":"page","link":"https:\/\/www.ecomare.nl\/de\/besuche-ecomare\/programme-fuer-schulen\/untere-mittelstufe\/entdecke-das-watt\/","title":{"rendered":"Entdecke das Watt"},"content":{"rendered":"<p><strong>Der Boden des Wattenmeeres sitzt voller Leben! Bei verschiedenen Auftr\u00e4gen entdecken die Sch\u00fcler selber, was das Wattenmeer zu etwas besonderem macht. So besonders, dass es zum Weltnaturerbe ernannt wurde. Es wird alles behandelt: Zugv\u00f6gel, Ebbe und Flut, das Bodenleben. Beim Wattwandern l\u00e4uft man letztendlich auf dem Boden des Meeres; eine einzigartige Erfahrung.\u00a0Das Watt ist nichts f\u00fcr Weicheier; pass auf, dass du nicht im Schlick stecken bleibst!<\/strong><\/p>\n<h2><img loading=\"lazy\" decoding=\"async\" class=\"alignnone wp-image-15386 size-full\" src=\"https:\/\/www.ecomare.nl\/wp-content\/uploads\/2021\/03\/wadexcursie-school-mokbaai-Laurens-ws2.jpg\" alt=\"\" width=\"840\" height=\"525\" srcset=\"https:\/\/www.ecomare.nl\/wp-content\/uploads\/2021\/03\/wadexcursie-school-mokbaai-Laurens-ws2.jpg 840w, https:\/\/www.ecomare.nl\/wp-content\/uploads\/2021\/03\/wadexcursie-school-mokbaai-Laurens-ws2-360x225.jpg 360w, https:\/\/www.ecomare.nl\/wp-content\/uploads\/2021\/03\/wadexcursie-school-mokbaai-Laurens-ws2-640x400.jpg 640w, https:\/\/www.ecomare.nl\/wp-content\/uploads\/2021\/03\/wadexcursie-school-mokbaai-Laurens-ws2-768x480.jpg 768w\" sizes=\"auto, (max-width: 840px) 100vw, 840px\" \/><\/h2>\n<h2>Zwei Orte<\/h2>\n<p>F\u00fcr &#8216;Entdecke das Watt&#8217; stehen zwei Orte zur Auswahl: das Watt bei De Cocksdorp und die Mokbaai in der N\u00e4he des F\u00e4hrhafens. An beiden Orten gehen wir mit Eimern und Keschern ins Watt hinaus. Das Besondere: In ein paar Stunden steht alles unter Wasser!<\/p>\n<h2>Feldprogramm buchen<\/h2>\n<p>Um ein Feldprogramm zu vereinbaren, rufst du im Buchungsb\u00fcro an oder nutzt das Kontaktformular. In Absprache w\u00e4hlst du die Exkursion, die zu deiner Gruppe passt. Das Folgende ben\u00f6tigen wir f\u00fcr eine Buchung:\u00a0Name, Adresse, Telefonnummer und E-Mailadresse der Schule, mobile Nummer auf Texel, Schuljahr, Alter, Anzahl Sch\u00fcler und Begleiter, Unterkunftsadresse und Transport der Gruppe auf Texel.<br \/>\nDas Buchungsb\u00fcro ist zu B\u00fcrozeiten telefonisch unter 0031-222-367440 und <a href=\"mailto:boekingskantoor@ecomare.nl\" target=\"_blank\" rel=\"noopener\">boekingskantoor@ecomare.nl<\/a> erreichbar. Ein Programm dauert 1,5 bis 2 Stunden und kostet \u20ac 190,- f\u00fcr eine Gruppe von max. 30 Sch\u00fclern.<\/p>\n","protected":false},"excerpt":{"rendered":"<p>Der Boden des Wattenmeeres sitzt voller Leben! Bei verschiedenen Auftr\u00e4gen entdecken die Sch\u00fcler selber, was das Wattenmeer zu etwas besonderem macht. So besonders, dass es zum Weltnaturerbe ernannt wurde. Es wird alles behandelt: Zugv\u00f6gel, Ebbe und Flut, das Bodenleben. Beim Wattwandern l\u00e4uft man letztendlich auf dem Boden des Meeres; eine einzigartige Erfahrung.\u00a0Das Watt ist nichts [&hellip;]<\/p>\n","protected":false},"author":69,"featured_media":23405,"parent":539,"menu_order":0,"comment_status":"closed","ping_status":"closed","template":"page-templates\/content-detail.php","meta":{"_acf_changed":false,"footnotes":""},"tags":[],"class_list":["post-21228","page","type-page","status-publish","has-post-thumbnail","hentry"],"acf":[],"yoast_head":"<!-- This site is optimized with the Yoast SEO plugin v27.5 - https:\/\/yoast.com\/product\/yoast-seo-wordpress\/ -->\n<title>Entdecke das Watt - Ecomare<\/title>\n<meta name=\"robots\" content=\"index, follow, max-snippet:-1, max-image-preview:large, max-video-preview:-1\" \/>\n<meta property=\"og:locale\" content=\"de_DE\" \/>\n<meta property=\"og:type\" content=\"article\" \/>\n<meta property=\"og:description\" content=\"Der Boden des Wattenmeeres sitzt voller Leben! Bei verschiedenen Auftr\u00e4gen entdecken die Sch\u00fcler selber, was das Wattenmeer zu etwas besonderem macht. So besonders, dass es zum Weltnaturerbe ernannt wurde. Es wird alles behandelt: Zugv\u00f6gel, Ebbe und Flut, das Bodenleben. Beim Wattwandern l\u00e4uft man letztendlich auf dem Boden des Meeres; eine einzigartige Erfahrung.\u00a0Das Watt ist nichts [&hellip;]\" \/>\n<meta property=\"og:site_name\" content=\"Ecomare\" \/>\n<meta property=\"article:publisher\" content=\"https:\/\/www.facebook.com\/beheerder.ecomaretexel\/\" \/>\n<meta property=\"article:modified_time\" content=\"2026-01-26T10:06:56+00:00\" \/>\n<meta property=\"og:image\" content=\"https:\/\/www.ecomare.nl\/wp-content\/uploads\/2024\/04\/wadbelevenis-keuze.jpg\" \/>\n\t<meta property=\"og:image:width\" content=\"840\" \/>\n\t<meta property=\"og:image:height\" content=\"525\" \/>\n\t<meta property=\"og:image:type\" content=\"image\/jpeg\" \/>\n<meta name=\"twitter:card\" content=\"summary_large_image\" \/>\n<meta name=\"twitter:site\" content=\"@ecomaretexel\" \/>\n<meta name=\"twitter:label1\" content=\"Est. reading time\" \/>\n\t<meta name=\"twitter:data1\" content=\"2 minutes\" \/>\n<script type=\"application\/ld+json\" class=\"yoast-schema-graph\">{\"@context\":\"https:\\\/\\\/schema.org\",\"@graph\":[{\"@type\":\"WebPage\",\"@id\":\"https:\\\/\\\/www.ecomare.nl\\\/de\\\/besuche-ecomare\\\/programme-fuer-schulen\\\/untere-mittelstufe\\\/entdecke-das-watt\\\/\",\"url\":\"https:\\\/\\\/www.ecomare.nl\\\/de\\\/besuche-ecomare\\\/programme-fuer-schulen\\\/untere-mittelstufe\\\/entdecke-das-watt\\\/\",\"name\":\"Entdecke das Watt - Ecomare\",\"isPartOf\":{\"@id\":\"https:\\\/\\\/www.ecomare.nl\\\/#website\"},\"primaryImageOfPage\":{\"@id\":\"https:\\\/\\\/www.ecomare.nl\\\/de\\\/besuche-ecomare\\\/programme-fuer-schulen\\\/untere-mittelstufe\\\/entdecke-das-watt\\\/#primaryimage\"},\"image\":{\"@id\":\"https:\\\/\\\/www.ecomare.nl\\\/de\\\/besuche-ecomare\\\/programme-fuer-schulen\\\/untere-mittelstufe\\\/entdecke-das-watt\\\/#primaryimage\"},\"thumbnailUrl\":\"https:\\\/\\\/www.ecomare.nl\\\/wp-content\\\/uploads\\\/2024\\\/04\\\/wadbelevenis-keuze.jpg\",\"datePublished\":\"2023-03-07T11:05:34+00:00\",\"dateModified\":\"2026-01-26T10:06:56+00:00\",\"breadcrumb\":{\"@id\":\"https:\\\/\\\/www.ecomare.nl\\\/de\\\/besuche-ecomare\\\/programme-fuer-schulen\\\/untere-mittelstufe\\\/entdecke-das-watt\\\/#breadcrumb\"},\"inLanguage\":\"de-DE\",\"potentialAction\":[{\"@type\":\"ReadAction\",\"target\":[\"https:\\\/\\\/www.ecomare.nl\\\/de\\\/besuche-ecomare\\\/programme-fuer-schulen\\\/untere-mittelstufe\\\/entdecke-das-watt\\\/\"]}]},{\"@type\":\"ImageObject\",\"inLanguage\":\"de-DE\",\"@id\":\"https:\\\/\\\/www.ecomare.nl\\\/de\\\/besuche-ecomare\\\/programme-fuer-schulen\\\/untere-mittelstufe\\\/entdecke-das-watt\\\/#primaryimage\",\"url\":\"https:\\\/\\\/www.ecomare.nl\\\/wp-content\\\/uploads\\\/2024\\\/04\\\/wadbelevenis-keuze.jpg\",\"contentUrl\":\"https:\\\/\\\/www.ecomare.nl\\\/wp-content\\\/uploads\\\/2024\\\/04\\\/wadbelevenis-keuze.jpg\",\"width\":840,\"height\":525},{\"@type\":\"BreadcrumbList\",\"@id\":\"https:\\\/\\\/www.ecomare.nl\\\/de\\\/besuche-ecomare\\\/programme-fuer-schulen\\\/untere-mittelstufe\\\/entdecke-das-watt\\\/#breadcrumb\",\"itemListElement\":[{\"@type\":\"ListItem\",\"position\":1,\"name\":\"Home\",\"item\":\"https:\\\/\\\/www.ecomare.nl\\\/de\\\/\"},{\"@type\":\"ListItem\",\"position\":2,\"name\":\"Besuche Ecomare auf Texel\",\"item\":\"https:\\\/\\\/www.ecomare.nl\\\/de\\\/besuche-ecomare\\\/\"},{\"@type\":\"ListItem\",\"position\":3,\"name\":\"Programme f\u00fcr Schulen\",\"item\":\"https:\\\/\\\/www.ecomare.nl\\\/de\\\/besuche-ecomare\\\/programme-fuer-schulen\\\/\"},{\"@type\":\"ListItem\",\"position\":4,\"name\":\"Untere Mittelstufe\",\"item\":\"https:\\\/\\\/www.ecomare.nl\\\/plan\\\/informatie-voor-scholen\\\/voortgezet-onderwijs-onderbouw\\\/\"},{\"@type\":\"ListItem\",\"position\":5,\"name\":\"Entdecke das Watt\"}]},{\"@type\":\"WebSite\",\"@id\":\"https:\\\/\\\/www.ecomare.nl\\\/#website\",\"url\":\"https:\\\/\\\/www.ecomare.nl\\\/\",\"name\":\"Ecomare\",\"description\":\"\",\"potentialAction\":[{\"@type\":\"SearchAction\",\"target\":{\"@type\":\"EntryPoint\",\"urlTemplate\":\"https:\\\/\\\/www.ecomare.nl\\\/?s={search_term_string}\"},\"query-input\":{\"@type\":\"PropertyValueSpecification\",\"valueRequired\":true,\"valueName\":\"search_term_string\"}}],\"inLanguage\":\"de-DE\"}]}<\/script>\n<!-- \/ Yoast SEO plugin. -->","yoast_head_json":{"title":"Entdecke das Watt - Ecomare","robots":{"index":"index","follow":"follow","max-snippet":"max-snippet:-1","max-image-preview":"max-image-preview:large","max-video-preview":"max-video-preview:-1"},"og_locale":"de_DE","og_type":"article","og_description":"Der Boden des Wattenmeeres sitzt voller Leben! Bei verschiedenen Auftr\u00e4gen entdecken die Sch\u00fcler selber, was das Wattenmeer zu etwas besonderem macht. So besonders, dass es zum Weltnaturerbe ernannt wurde. Es wird alles behandelt: Zugv\u00f6gel, Ebbe und Flut, das Bodenleben. Beim Wattwandern l\u00e4uft man letztendlich auf dem Boden des Meeres; eine einzigartige Erfahrung.\u00a0Das Watt ist nichts [&hellip;]","og_site_name":"Ecomare","article_publisher":"https:\/\/www.facebook.com\/beheerder.ecomaretexel\/","article_modified_time":"2026-01-26T10:06:56+00:00","og_image":[{"width":840,"height":525,"url":"https:\/\/www.ecomare.nl\/wp-content\/uploads\/2024\/04\/wadbelevenis-keuze.jpg","type":"image\/jpeg"}],"twitter_card":"summary_large_image","twitter_site":"@ecomaretexel","twitter_misc":{"Est. reading time":"2 minutes"},"schema":{"@context":"https:\/\/schema.org","@graph":[{"@type":"WebPage","@id":"https:\/\/www.ecomare.nl\/de\/besuche-ecomare\/programme-fuer-schulen\/untere-mittelstufe\/entdecke-das-watt\/","url":"https:\/\/www.ecomare.nl\/de\/besuche-ecomare\/programme-fuer-schulen\/untere-mittelstufe\/entdecke-das-watt\/","name":"Entdecke das Watt - Ecomare","isPartOf":{"@id":"https:\/\/www.ecomare.nl\/#website"},"primaryImageOfPage":{"@id":"https:\/\/www.ecomare.nl\/de\/besuche-ecomare\/programme-fuer-schulen\/untere-mittelstufe\/entdecke-das-watt\/#primaryimage"},"image":{"@id":"https:\/\/www.ecomare.nl\/de\/besuche-ecomare\/programme-fuer-schulen\/untere-mittelstufe\/entdecke-das-watt\/#primaryimage"},"thumbnailUrl":"https:\/\/www.ecomare.nl\/wp-content\/uploads\/2024\/04\/wadbelevenis-keuze.jpg","datePublished":"2023-03-07T11:05:34+00:00","dateModified":"2026-01-26T10:06:56+00:00","breadcrumb":{"@id":"https:\/\/www.ecomare.nl\/de\/besuche-ecomare\/programme-fuer-schulen\/untere-mittelstufe\/entdecke-das-watt\/#breadcrumb"},"inLanguage":"de-DE","potentialAction":[{"@type":"ReadAction","target":["https:\/\/www.ecomare.nl\/de\/besuche-ecomare\/programme-fuer-schulen\/untere-mittelstufe\/entdecke-das-watt\/"]}]},{"@type":"ImageObject","inLanguage":"de-DE","@id":"https:\/\/www.ecomare.nl\/de\/besuche-ecomare\/programme-fuer-schulen\/untere-mittelstufe\/entdecke-das-watt\/#primaryimage","url":"https:\/\/www.ecomare.nl\/wp-content\/uploads\/2024\/04\/wadbelevenis-keuze.jpg","contentUrl":"https:\/\/www.ecomare.nl\/wp-content\/uploads\/2024\/04\/wadbelevenis-keuze.jpg","width":840,"height":525},{"@type":"BreadcrumbList","@id":"https:\/\/www.ecomare.nl\/de\/besuche-ecomare\/programme-fuer-schulen\/untere-mittelstufe\/entdecke-das-watt\/#breadcrumb","itemListElement":[{"@type":"ListItem","position":1,"name":"Home","item":"https:\/\/www.ecomare.nl\/de\/"},{"@type":"ListItem","position":2,"name":"Besuche Ecomare auf Texel","item":"https:\/\/www.ecomare.nl\/de\/besuche-ecomare\/"},{"@type":"ListItem","position":3,"name":"Programme f\u00fcr Schulen","item":"https:\/\/www.ecomare.nl\/de\/besuche-ecomare\/programme-fuer-schulen\/"},{"@type":"ListItem","position":4,"name":"Untere Mittelstufe","item":"https:\/\/www.ecomare.nl\/plan\/informatie-voor-scholen\/voortgezet-onderwijs-onderbouw\/"},{"@type":"ListItem","position":5,"name":"Entdecke das Watt"}]},{"@type":"WebSite","@id":"https:\/\/www.ecomare.nl\/#website","url":"https:\/\/www.ecomare.nl\/","name":"Ecomare","description":"","potentialAction":[{"@type":"SearchAction","target":{"@type":"EntryPoint","urlTemplate":"https:\/\/www.ecomare.nl\/?s={search_term_string}"},"query-input":{"@type":"PropertyValueSpecification","valueRequired":true,"valueName":"search_term_string"}}],"inLanguage":"de-DE"}]}},"_links":{"self":[{"href":"https:\/\/www.ecomare.nl\/de\/wp-json\/wp\/v2\/pages\/21228","targetHints":{"allow":["GET"]}}],"collection":[{"href":"https:\/\/www.ecomare.nl\/de\/wp-json\/wp\/v2\/pages"}],"about":[{"href":"https:\/\/www.ecomare.nl\/de\/wp-json\/wp\/v2\/types\/page"}],"author":[{"embeddable":true,"href":"https:\/\/www.ecomare.nl\/de\/wp-json\/wp\/v2\/users\/69"}],"replies":[{"embeddable":true,"href":"https:\/\/www.ecomare.nl\/de\/wp-json\/wp\/v2\/comments?post=21228"}],"version-history":[{"count":4,"href":"https:\/\/www.ecomare.nl\/de\/wp-json\/wp\/v2\/pages\/21228\/revisions"}],"predecessor-version":[{"id":26516,"href":"https:\/\/www.ecomare.nl\/de\/wp-json\/wp\/v2\/pages\/21228\/revisions\/26516"}],"up":[{"embeddable":true,"href":"https:\/\/www.ecomare.nl\/de\/wp-json\/wp\/v2\/pages\/539"}],"wp:featuredmedia":[{"embeddable":true,"href":"https:\/\/www.ecomare.nl\/de\/wp-json\/wp\/v2\/media\/23405"}],"wp:attachment":[{"href":"https:\/\/www.ecomare.nl\/de\/wp-json\/wp\/v2\/media?parent=21228"}],"wp:term":[{"taxonomy":"post_tag","embeddable":true,"href":"https:\/\/www.ecomare.nl\/de\/wp-json\/wp\/v2\/tags?post=21228"}],"curies":[{"name":"wp","href":"https:\/\/api.w.org\/{rel}","templated":true}]}}