{"id":2128,"date":"2017-05-04T09:52:10","date_gmt":"2017-05-04T07:52:10","guid":{"rendered":"https:\/\/tender-colden.109-235-78-20.plesk.page\/?page_id=2128\/"},"modified":"2022-09-15T11:46:16","modified_gmt":"2022-09-15T09:46:16","slug":"stellenangebote","status":"publish","type":"page","link":"https:\/\/www.ecomare.nl\/de\/stellenangebote\/","title":{"rendered":"Stellenangebote"},"content":{"rendered":"<p><strong>Hier findes du die Stellenangebote f\u00fcr ehrenamtlich T\u00e4tigkeiten und bezahlte Arbeit. Bei Ecomare arbeitet ein begeistertes Team interessierter Menschen. Es ist toll, Teil davon zu sein! M\u00f6chtest du das Team verst\u00e4rken? Schau, ob etwas f\u00fcr dich dabei ist.<\/strong><\/p>\n<h2>Ehrenamtliche T\u00e4tigkeit<\/h2>\n<p>Ehrenamtliche liefern eine wichtigen Beitrag f\u00fcr Ecomare. Sie sind im Museum und auf dem Freigel\u00e4nde aktiv. Die Abteilung Tierpflege arbeitet kaum mit Ehrenamtlichen. Die Pflege der Tiere ist Arbeit f\u00fcr Profis. Jedoch helfen die Ehrenamtlichen den Tierpflegern ab und zu beim Schrubben der Bassins.<\/p>\n<h3>Bildungs-Mitarbeiter<\/h3>\n<p>Aufseher machen das Museum lebendig. Sie geben Informationen und assistieren Kindern bei ihren Entdeckungen im Meereslaboratorium. Bei der Strandfundkarre beantworten sie Fragen und sie erz\u00e4hlen \u00fcber das Angesp\u00fcl. <a href=\"https:\/\/www.ecomare.nl\/wp-content\/uploads\/2017\/05\/flyer-vrijwilligers-2016.pdf\" target=\"_blank\" rel=\"noopener noreferrer\">Lies alles<\/a> \u00fcber diese tolle Arbeit (auf Niederl\u00e4ndisch).<\/p>\n<h3>Sauber halten des Freigel\u00e4ndes<\/h3>\n<p>Magst du es auch gerne aufger\u00e4umt und sauber? Erscheint es dir spannend, um zwischen und vor den Tieren zu arbeiten, aber nicht mit ihnen? Dann ist dies vielleicht etwas f\u00fcr dich! Die Arbeit besteht aus leichten G\u00e4rtnerarbeiten und das Sammeln von umherfliegendem M\u00fcll. Du machst das morgens, bevor die Besucher da sind. Mit den Seehunden und Schweinswalen als einzige Zuschauer. Wenn es dir interessant erscheint, du aber nur nachmittags kannst, dann ist das auch eine Option. Z\u00f6gere nicht und nimm Kontakt auf, um die M\u00f6glichkeiten zu besprechen. Eine Beschreibung der Arbeiten und Gegenleistungen (auf Niederl\u00e4ndisch) findest du <a href=\"https:\/\/www.ecomare.nl\/wp-content\/uploads\/2017\/05\/vrijwilligers_buitenterrein.pdf\" target=\"_blank\" rel=\"noopener noreferrer\">hier<\/a>.<\/p>\n<h2>Bezahlte Stellen<\/h2>\n<p>Im Folgenden findest du die Anzeigen f\u00fcr bezahlte Mitarbeiter. Wenn hier nichts steht, gibt es keine Stelleausschreibungen. Initiativbewerbungen k\u00f6nnen geschickt werden an Floortje Zijm, personeelszaken, Stichting Texels Museum, Ruijslaan 92, 1796 AZ De Koog, <a href=\"mailto:floortjezijm@texelsmuseum.nl\">floortjezijm@texelsmuseum.nl<\/a>, 0031 222 317741.<\/p>\n","protected":false},"excerpt":{"rendered":"<p>Ecomare hat ein sehr tolles Team! M\u00f6chtest du auch hier arbeiten? Hier findest du Ehren\u00e4mter im Museum und auf dem Freigel\u00e4nde sowie bezahlte T\u00e4tigkeiten.<\/p>\n","protected":false},"author":1,"featured_media":10218,"parent":0,"menu_order":0,"comment_status":"closed","ping_status":"closed","template":"page-templates\/content-detail.php","meta":{"_acf_changed":false,"footnotes":""},"tags":[],"class_list":["post-2128","page","type-page","status-publish","has-post-thumbnail","hentry"],"acf":[],"yoast_head":"<!-- This site is optimized with the Yoast SEO plugin v27.5 - https:\/\/yoast.com\/product\/yoast-seo-wordpress\/ -->\n<title>Stellenangebote - Ecomare<\/title>\n<meta name=\"description\" content=\"Ecomare hat ein sehr tolles Team! M\u00f6chtest du auch hier arbeiten? Hier findest du Ehren\u00e4mter im Museum und auf dem Freigel\u00e4nde sowie bezahlte T\u00e4tigkeiten.\" \/>\n<meta name=\"robots\" content=\"index, follow, max-snippet:-1, max-image-preview:large, max-video-preview:-1\" \/>\n<meta property=\"og:locale\" content=\"de_DE\" \/>\n<meta property=\"og:type\" content=\"article\" \/>\n<meta property=\"og:description\" content=\"Ecomare hat ein sehr tolles Team! M\u00f6chtest du auch hier arbeiten? Hier findest du Ehren\u00e4mter im Museum und auf dem Freigel\u00e4nde sowie bezahlte T\u00e4tigkeiten.\" \/>\n<meta property=\"og:site_name\" content=\"Ecomare\" \/>\n<meta property=\"article:publisher\" content=\"https:\/\/www.facebook.com\/beheerder.ecomaretexel\/\" \/>\n<meta property=\"article:modified_time\" content=\"2022-09-15T09:46:16+00:00\" \/>\n<meta property=\"og:image\" content=\"https:\/\/www.ecomare.nl\/wp-content\/uploads\/2019\/05\/Jamijn-en-Mick-sonderen-kraanvogel.jpg\" \/>\n\t<meta property=\"og:image:width\" content=\"840\" \/>\n\t<meta property=\"og:image:height\" content=\"525\" \/>\n\t<meta property=\"og:image:type\" content=\"image\/jpeg\" \/>\n<meta name=\"twitter:card\" content=\"summary_large_image\" \/>\n<meta name=\"twitter:site\" content=\"@ecomaretexel\" \/>\n<meta name=\"twitter:label1\" content=\"Est. reading time\" \/>\n\t<meta name=\"twitter:data1\" content=\"2 minutes\" \/>\n<script type=\"application\/ld+json\" class=\"yoast-schema-graph\">{\"@context\":\"https:\\\/\\\/schema.org\",\"@graph\":[{\"@type\":\"WebPage\",\"@id\":\"https:\\\/\\\/www.ecomare.nl\\\/de\\\/stellenangebote\\\/\",\"url\":\"https:\\\/\\\/www.ecomare.nl\\\/de\\\/stellenangebote\\\/\",\"name\":\"Stellenangebote - Ecomare\",\"isPartOf\":{\"@id\":\"https:\\\/\\\/www.ecomare.nl\\\/#website\"},\"primaryImageOfPage\":{\"@id\":\"https:\\\/\\\/www.ecomare.nl\\\/de\\\/stellenangebote\\\/#primaryimage\"},\"image\":{\"@id\":\"https:\\\/\\\/www.ecomare.nl\\\/de\\\/stellenangebote\\\/#primaryimage\"},\"thumbnailUrl\":\"https:\\\/\\\/www.ecomare.nl\\\/wp-content\\\/uploads\\\/2019\\\/05\\\/Jamijn-en-Mick-sonderen-kraanvogel.jpg\",\"datePublished\":\"2017-05-04T07:52:10+00:00\",\"dateModified\":\"2022-09-15T09:46:16+00:00\",\"description\":\"Ecomare hat ein sehr tolles Team! M\u00f6chtest du auch hier arbeiten? Hier findest du Ehren\u00e4mter im Museum und auf dem Freigel\u00e4nde sowie bezahlte T\u00e4tigkeiten.\",\"breadcrumb\":{\"@id\":\"https:\\\/\\\/www.ecomare.nl\\\/de\\\/stellenangebote\\\/#breadcrumb\"},\"inLanguage\":\"de-DE\",\"potentialAction\":[{\"@type\":\"ReadAction\",\"target\":[\"https:\\\/\\\/www.ecomare.nl\\\/de\\\/stellenangebote\\\/\"]}]},{\"@type\":\"ImageObject\",\"inLanguage\":\"de-DE\",\"@id\":\"https:\\\/\\\/www.ecomare.nl\\\/de\\\/stellenangebote\\\/#primaryimage\",\"url\":\"https:\\\/\\\/www.ecomare.nl\\\/wp-content\\\/uploads\\\/2019\\\/05\\\/Jamijn-en-Mick-sonderen-kraanvogel.jpg\",\"contentUrl\":\"https:\\\/\\\/www.ecomare.nl\\\/wp-content\\\/uploads\\\/2019\\\/05\\\/Jamijn-en-Mick-sonderen-kraanvogel.jpg\",\"width\":840,\"height\":525,\"caption\":\"kraanvogel opvang mick jasmijn\"},{\"@type\":\"BreadcrumbList\",\"@id\":\"https:\\\/\\\/www.ecomare.nl\\\/de\\\/stellenangebote\\\/#breadcrumb\",\"itemListElement\":[{\"@type\":\"ListItem\",\"position\":1,\"name\":\"Home\",\"item\":\"https:\\\/\\\/www.ecomare.nl\\\/de\\\/\"},{\"@type\":\"ListItem\",\"position\":2,\"name\":\"Stellenangebote\"}]},{\"@type\":\"WebSite\",\"@id\":\"https:\\\/\\\/www.ecomare.nl\\\/#website\",\"url\":\"https:\\\/\\\/www.ecomare.nl\\\/\",\"name\":\"Ecomare\",\"description\":\"\",\"potentialAction\":[{\"@type\":\"SearchAction\",\"target\":{\"@type\":\"EntryPoint\",\"urlTemplate\":\"https:\\\/\\\/www.ecomare.nl\\\/?s={search_term_string}\"},\"query-input\":{\"@type\":\"PropertyValueSpecification\",\"valueRequired\":true,\"valueName\":\"search_term_string\"}}],\"inLanguage\":\"de-DE\"}]}<\/script>\n<!-- \/ Yoast SEO plugin. -->","yoast_head_json":{"title":"Stellenangebote - Ecomare","description":"Ecomare hat ein sehr tolles Team! M\u00f6chtest du auch hier arbeiten? Hier findest du Ehren\u00e4mter im Museum und auf dem Freigel\u00e4nde sowie bezahlte T\u00e4tigkeiten.","robots":{"index":"index","follow":"follow","max-snippet":"max-snippet:-1","max-image-preview":"max-image-preview:large","max-video-preview":"max-video-preview:-1"},"og_locale":"de_DE","og_type":"article","og_description":"Ecomare hat ein sehr tolles Team! M\u00f6chtest du auch hier arbeiten? Hier findest du Ehren\u00e4mter im Museum und auf dem Freigel\u00e4nde sowie bezahlte T\u00e4tigkeiten.","og_site_name":"Ecomare","article_publisher":"https:\/\/www.facebook.com\/beheerder.ecomaretexel\/","article_modified_time":"2022-09-15T09:46:16+00:00","og_image":[{"width":840,"height":525,"url":"https:\/\/www.ecomare.nl\/wp-content\/uploads\/2019\/05\/Jamijn-en-Mick-sonderen-kraanvogel.jpg","type":"image\/jpeg"}],"twitter_card":"summary_large_image","twitter_site":"@ecomaretexel","twitter_misc":{"Est. reading time":"2 minutes"},"schema":{"@context":"https:\/\/schema.org","@graph":[{"@type":"WebPage","@id":"https:\/\/www.ecomare.nl\/de\/stellenangebote\/","url":"https:\/\/www.ecomare.nl\/de\/stellenangebote\/","name":"Stellenangebote - Ecomare","isPartOf":{"@id":"https:\/\/www.ecomare.nl\/#website"},"primaryImageOfPage":{"@id":"https:\/\/www.ecomare.nl\/de\/stellenangebote\/#primaryimage"},"image":{"@id":"https:\/\/www.ecomare.nl\/de\/stellenangebote\/#primaryimage"},"thumbnailUrl":"https:\/\/www.ecomare.nl\/wp-content\/uploads\/2019\/05\/Jamijn-en-Mick-sonderen-kraanvogel.jpg","datePublished":"2017-05-04T07:52:10+00:00","dateModified":"2022-09-15T09:46:16+00:00","description":"Ecomare hat ein sehr tolles Team! M\u00f6chtest du auch hier arbeiten? Hier findest du Ehren\u00e4mter im Museum und auf dem Freigel\u00e4nde sowie bezahlte T\u00e4tigkeiten.","breadcrumb":{"@id":"https:\/\/www.ecomare.nl\/de\/stellenangebote\/#breadcrumb"},"inLanguage":"de-DE","potentialAction":[{"@type":"ReadAction","target":["https:\/\/www.ecomare.nl\/de\/stellenangebote\/"]}]},{"@type":"ImageObject","inLanguage":"de-DE","@id":"https:\/\/www.ecomare.nl\/de\/stellenangebote\/#primaryimage","url":"https:\/\/www.ecomare.nl\/wp-content\/uploads\/2019\/05\/Jamijn-en-Mick-sonderen-kraanvogel.jpg","contentUrl":"https:\/\/www.ecomare.nl\/wp-content\/uploads\/2019\/05\/Jamijn-en-Mick-sonderen-kraanvogel.jpg","width":840,"height":525,"caption":"kraanvogel opvang mick jasmijn"},{"@type":"BreadcrumbList","@id":"https:\/\/www.ecomare.nl\/de\/stellenangebote\/#breadcrumb","itemListElement":[{"@type":"ListItem","position":1,"name":"Home","item":"https:\/\/www.ecomare.nl\/de\/"},{"@type":"ListItem","position":2,"name":"Stellenangebote"}]},{"@type":"WebSite","@id":"https:\/\/www.ecomare.nl\/#website","url":"https:\/\/www.ecomare.nl\/","name":"Ecomare","description":"","potentialAction":[{"@type":"SearchAction","target":{"@type":"EntryPoint","urlTemplate":"https:\/\/www.ecomare.nl\/?s={search_term_string}"},"query-input":{"@type":"PropertyValueSpecification","valueRequired":true,"valueName":"search_term_string"}}],"inLanguage":"de-DE"}]}},"_links":{"self":[{"href":"https:\/\/www.ecomare.nl\/de\/wp-json\/wp\/v2\/pages\/2128","targetHints":{"allow":["GET"]}}],"collection":[{"href":"https:\/\/www.ecomare.nl\/de\/wp-json\/wp\/v2\/pages"}],"about":[{"href":"https:\/\/www.ecomare.nl\/de\/wp-json\/wp\/v2\/types\/page"}],"author":[{"embeddable":true,"href":"https:\/\/www.ecomare.nl\/de\/wp-json\/wp\/v2\/users\/1"}],"replies":[{"embeddable":true,"href":"https:\/\/www.ecomare.nl\/de\/wp-json\/wp\/v2\/comments?post=2128"}],"version-history":[{"count":1,"href":"https:\/\/www.ecomare.nl\/de\/wp-json\/wp\/v2\/pages\/2128\/revisions"}],"predecessor-version":[{"id":18201,"href":"https:\/\/www.ecomare.nl\/de\/wp-json\/wp\/v2\/pages\/2128\/revisions\/18201"}],"wp:featuredmedia":[{"embeddable":true,"href":"https:\/\/www.ecomare.nl\/de\/wp-json\/wp\/v2\/media\/10218"}],"wp:attachment":[{"href":"https:\/\/www.ecomare.nl\/de\/wp-json\/wp\/v2\/media?parent=2128"}],"wp:term":[{"taxonomy":"post_tag","embeddable":true,"href":"https:\/\/www.ecomare.nl\/de\/wp-json\/wp\/v2\/tags?post=2128"}],"curies":[{"name":"wp","href":"https:\/\/api.w.org\/{rel}","templated":true}]}}