{"id":22057,"date":"2023-08-01T11:11:43","date_gmt":"2023-08-01T09:11:43","guid":{"rendered":"https:\/\/www.ecomare.nl\/?page_id=22057"},"modified":"2025-08-25T13:57:11","modified_gmt":"2025-08-25T11:57:11","slug":"adoptiere-einen-seehund","status":"publish","type":"page","link":"https:\/\/www.ecomare.nl\/de\/unterstuetze-ecomare\/adoptiere-einen-seehund\/","title":{"rendered":"Adoptiere einen Seehund"},"content":{"rendered":"<p>Bei Ecomare werden jedes Jahr etwa 100 Seehunde versorgt. Zudem gibt es auch eine feste Gruppe von Seehunden, die sich in der freien Natur nicht selbst versorgen k\u00f6nnen. Helfen Sie mit, sie zu versorgen? Sie k\u00f6nnen f\u00fcr 60 \u20ac im Jahr oder 5 \u20ac im Monat einen Seehund oder eine Kegelrobbe adoptieren. Mit dieser symbolischen Adoption unterst\u00fctzen Sie den ganzen Seehundauffang. Sie zahlen mit f\u00fcr die Fische, den Tierarzt, die Pflege und die Unterbringung.<\/p>\n<p class=\"\">Ecomare ist mit dem\u00a0<a href=\"https:\/\/www.belastingdienst.nl\/wps\/wcm\/connect\/nl\/aftrek-en-kortingen\/content\/anbi-status-controleren\">ANBI-<\/a>\u00a0und\u00a0<a href=\"https:\/\/cbf.nl\/organisaties\/texels-museum\">CBF-Siegel<\/a>\u00a0offiziell als gemeinn\u00fctzig anerkannt.<\/p>\n<p><a href=\"https:\/\/www.belastingdienst.nl\/wps\/wcm\/connect\/nl\/aftrek-en-kortingen\/content\/anbi-status-controleren\" target=\"_blank\" rel=\"noopener\"><img loading=\"lazy\" decoding=\"async\" class=\"alignnone wp-image-24771\" src=\"https:\/\/www.ecomare.nl\/wp-content\/uploads\/2024\/11\/ANBI_FC-e1731923056670.jpg\" alt=\"\" width=\"63\" height=\"50\" \/><\/a><a href=\"https:\/\/cbf.nl\/organisaties\/texels-museum\" target=\"_blank\" rel=\"noopener\"><img loading=\"lazy\" decoding=\"async\" class=\"alignnone wp-image-17312\" src=\"https:\/\/www.ecomare.nl\/wp-content\/uploads\/2022\/02\/Logo_Erkend_Goed_Doel_RGB-360x219.png\" alt=\"CBF Erkend Goed Doel\" width=\"72\" height=\"44\" srcset=\"https:\/\/www.ecomare.nl\/wp-content\/uploads\/2022\/02\/Logo_Erkend_Goed_Doel_RGB-360x219.png 360w, https:\/\/www.ecomare.nl\/wp-content\/uploads\/2022\/02\/Logo_Erkend_Goed_Doel_RGB-640x390.png 640w, https:\/\/www.ecomare.nl\/wp-content\/uploads\/2022\/02\/Logo_Erkend_Goed_Doel_RGB-768x468.png 768w, https:\/\/www.ecomare.nl\/wp-content\/uploads\/2022\/02\/Logo_Erkend_Goed_Doel_RGB-1536x935.png 1536w, https:\/\/www.ecomare.nl\/wp-content\/uploads\/2022\/02\/Logo_Erkend_Goed_Doel_RGB.png 1920w\" sizes=\"auto, (max-width: 72px) 100vw, 72px\" \/><\/a><\/p>\n","protected":false},"excerpt":{"rendered":"<p>Bei Ecomare werden jedes Jahr etwa 100 Seehunde versorgt. Zudem gibt es auch eine feste Gruppe von Seehunden, die sich in der freien Natur nicht selbst versorgen k\u00f6nnen. Helfen Sie mit, sie zu versorgen? Sie k\u00f6nnen f\u00fcr 60 \u20ac im Jahr oder 5 \u20ac im Monat einen Seehund oder eine Kegelrobbe adoptieren. Mit dieser symbolischen Adoption unterst\u00fctzen Sie den ganzen Seehundauffang. Sie zahlen mit f\u00fcr die Fische, den Tierarzt, die Pflege und die Unterbringung.<\/p>\n","protected":false},"author":1,"featured_media":7812,"parent":1711,"menu_order":10,"comment_status":"closed","ping_status":"closed","template":"page-templates\/adopteer-zeehond.php","meta":{"_acf_changed":false,"footnotes":""},"tags":[],"class_list":["post-22057","page","type-page","status-publish","has-post-thumbnail","hentry"],"acf":[],"yoast_head":"<!-- This site is optimized with the Yoast SEO plugin v27.6 - https:\/\/yoast.com\/product\/yoast-seo-wordpress\/ -->\n<title>Adoptiere einen Seehund - Ecomare<\/title>\n<meta name=\"description\" content=\"Bei Ecomare werden jedes Jahr etwa 100 Seehunde versorgt. Zudem gibt es auch eine feste Gruppe von Seehunden, die sich in der freien Natur nicht selbst versorgen k\u00f6nnen. Helfen Sie mit, sie zu versorgen? Sie k\u00f6nnen f\u00fcr 60 \u20ac im Jahr oder 5 \u20ac im Monat einen Seehund oder eine Kegelrobbe adoptieren. Mit dieser symbolischen Adoption unterst\u00fctzen Sie den ganzen Seehundauffang. Sie zahlen mit f\u00fcr die Fische, den Tierarzt, die Pflege und die Unterbringung.\" \/>\n<meta name=\"robots\" content=\"index, follow, max-snippet:-1, max-image-preview:large, max-video-preview:-1\" \/>\n<meta property=\"og:locale\" content=\"de_DE\" \/>\n<meta property=\"og:type\" content=\"article\" \/>\n<meta property=\"og:description\" content=\"Bei Ecomare werden jedes Jahr etwa 100 Seehunde versorgt. Zudem gibt es auch eine feste Gruppe von Seehunden, die sich in der freien Natur nicht selbst versorgen k\u00f6nnen. Helfen Sie mit, sie zu versorgen? Sie k\u00f6nnen f\u00fcr 60 \u20ac im Jahr oder 5 \u20ac im Monat einen Seehund oder eine Kegelrobbe adoptieren. Mit dieser symbolischen Adoption unterst\u00fctzen Sie den ganzen Seehundauffang. Sie zahlen mit f\u00fcr die Fische, den Tierarzt, die Pflege und die Unterbringung.\" \/>\n<meta property=\"og:site_name\" content=\"Ecomare\" \/>\n<meta property=\"article:publisher\" content=\"https:\/\/www.facebook.com\/beheerder.ecomaretexel\/\" \/>\n<meta property=\"article:modified_time\" content=\"2025-08-25T11:57:11+00:00\" \/>\n<meta property=\"og:image\" content=\"https:\/\/www.ecomare.nl\/wp-content\/uploads\/2017\/04\/opvang-gewone-zeehond-6962-sw.jpg\" \/>\n\t<meta property=\"og:image:width\" content=\"850\" \/>\n\t<meta property=\"og:image:height\" content=\"531\" \/>\n\t<meta property=\"og:image:type\" content=\"image\/jpeg\" \/>\n<meta name=\"twitter:card\" content=\"summary_large_image\" \/>\n<meta name=\"twitter:site\" content=\"@ecomaretexel\" \/>\n<meta name=\"twitter:label1\" content=\"Est. reading time\" \/>\n\t<meta name=\"twitter:data1\" content=\"2 minutes\" \/>\n<script type=\"application\/ld+json\" class=\"yoast-schema-graph\">{\"@context\":\"https:\\\/\\\/schema.org\",\"@graph\":[{\"@type\":\"WebPage\",\"@id\":\"https:\\\/\\\/www.ecomare.nl\\\/de\\\/unterstuetze-ecomare\\\/adoptiere-einen-seehund\\\/\",\"url\":\"https:\\\/\\\/www.ecomare.nl\\\/de\\\/unterstuetze-ecomare\\\/adoptiere-einen-seehund\\\/\",\"name\":\"Adoptiere einen Seehund - Ecomare\",\"isPartOf\":{\"@id\":\"https:\\\/\\\/www.ecomare.nl\\\/#website\"},\"primaryImageOfPage\":{\"@id\":\"https:\\\/\\\/www.ecomare.nl\\\/de\\\/unterstuetze-ecomare\\\/adoptiere-einen-seehund\\\/#primaryimage\"},\"image\":{\"@id\":\"https:\\\/\\\/www.ecomare.nl\\\/de\\\/unterstuetze-ecomare\\\/adoptiere-einen-seehund\\\/#primaryimage\"},\"thumbnailUrl\":\"https:\\\/\\\/www.ecomare.nl\\\/wp-content\\\/uploads\\\/2017\\\/04\\\/opvang-gewone-zeehond-6962-sw.jpg\",\"datePublished\":\"2023-08-01T09:11:43+00:00\",\"dateModified\":\"2025-08-25T11:57:11+00:00\",\"description\":\"Bei Ecomare werden jedes Jahr etwa 100 Seehunde versorgt. Zudem gibt es auch eine feste Gruppe von Seehunden, die sich in der freien Natur nicht selbst versorgen k\u00f6nnen. Helfen Sie mit, sie zu versorgen? Sie k\u00f6nnen f\u00fcr 60 \u20ac im Jahr oder 5 \u20ac im Monat einen Seehund oder eine Kegelrobbe adoptieren. Mit dieser symbolischen Adoption unterst\u00fctzen Sie den ganzen Seehundauffang. Sie zahlen mit f\u00fcr die Fische, den Tierarzt, die Pflege und die Unterbringung.\",\"breadcrumb\":{\"@id\":\"https:\\\/\\\/www.ecomare.nl\\\/de\\\/unterstuetze-ecomare\\\/adoptiere-einen-seehund\\\/#breadcrumb\"},\"inLanguage\":\"de-DE\",\"potentialAction\":[{\"@type\":\"ReadAction\",\"target\":[\"https:\\\/\\\/www.ecomare.nl\\\/de\\\/unterstuetze-ecomare\\\/adoptiere-einen-seehund\\\/\"]}]},{\"@type\":\"ImageObject\",\"inLanguage\":\"de-DE\",\"@id\":\"https:\\\/\\\/www.ecomare.nl\\\/de\\\/unterstuetze-ecomare\\\/adoptiere-einen-seehund\\\/#primaryimage\",\"url\":\"https:\\\/\\\/www.ecomare.nl\\\/wp-content\\\/uploads\\\/2017\\\/04\\\/opvang-gewone-zeehond-6962-sw.jpg\",\"contentUrl\":\"https:\\\/\\\/www.ecomare.nl\\\/wp-content\\\/uploads\\\/2017\\\/04\\\/opvang-gewone-zeehond-6962-sw.jpg\",\"width\":850,\"height\":531},{\"@type\":\"BreadcrumbList\",\"@id\":\"https:\\\/\\\/www.ecomare.nl\\\/de\\\/unterstuetze-ecomare\\\/adoptiere-einen-seehund\\\/#breadcrumb\",\"itemListElement\":[{\"@type\":\"ListItem\",\"position\":1,\"name\":\"Home\",\"item\":\"https:\\\/\\\/www.ecomare.nl\\\/de\\\/\"},{\"@type\":\"ListItem\",\"position\":2,\"name\":\"Unterst\u00fctze Ecomare\",\"item\":\"https:\\\/\\\/www.ecomare.nl\\\/de\\\/unterstuetze-ecomare\\\/\"},{\"@type\":\"ListItem\",\"position\":3,\"name\":\"Adoptiere einen Seehund\"}]},{\"@type\":\"WebSite\",\"@id\":\"https:\\\/\\\/www.ecomare.nl\\\/#website\",\"url\":\"https:\\\/\\\/www.ecomare.nl\\\/\",\"name\":\"Ecomare\",\"description\":\"\",\"potentialAction\":[{\"@type\":\"SearchAction\",\"target\":{\"@type\":\"EntryPoint\",\"urlTemplate\":\"https:\\\/\\\/www.ecomare.nl\\\/?s={search_term_string}\"},\"query-input\":{\"@type\":\"PropertyValueSpecification\",\"valueRequired\":true,\"valueName\":\"search_term_string\"}}],\"inLanguage\":\"de-DE\"}]}<\/script>\n<!-- \/ Yoast SEO plugin. -->","yoast_head_json":{"title":"Adoptiere einen Seehund - Ecomare","description":"Bei Ecomare werden jedes Jahr etwa 100 Seehunde versorgt. Zudem gibt es auch eine feste Gruppe von Seehunden, die sich in der freien Natur nicht selbst versorgen k\u00f6nnen. Helfen Sie mit, sie zu versorgen? Sie k\u00f6nnen f\u00fcr 60 \u20ac im Jahr oder 5 \u20ac im Monat einen Seehund oder eine Kegelrobbe adoptieren. Mit dieser symbolischen Adoption unterst\u00fctzen Sie den ganzen Seehundauffang. Sie zahlen mit f\u00fcr die Fische, den Tierarzt, die Pflege und die Unterbringung.","robots":{"index":"index","follow":"follow","max-snippet":"max-snippet:-1","max-image-preview":"max-image-preview:large","max-video-preview":"max-video-preview:-1"},"og_locale":"de_DE","og_type":"article","og_description":"Bei Ecomare werden jedes Jahr etwa 100 Seehunde versorgt. Zudem gibt es auch eine feste Gruppe von Seehunden, die sich in der freien Natur nicht selbst versorgen k\u00f6nnen. Helfen Sie mit, sie zu versorgen? Sie k\u00f6nnen f\u00fcr 60 \u20ac im Jahr oder 5 \u20ac im Monat einen Seehund oder eine Kegelrobbe adoptieren. Mit dieser symbolischen Adoption unterst\u00fctzen Sie den ganzen Seehundauffang. Sie zahlen mit f\u00fcr die Fische, den Tierarzt, die Pflege und die Unterbringung.","og_site_name":"Ecomare","article_publisher":"https:\/\/www.facebook.com\/beheerder.ecomaretexel\/","article_modified_time":"2025-08-25T11:57:11+00:00","og_image":[{"width":850,"height":531,"url":"https:\/\/www.ecomare.nl\/wp-content\/uploads\/2017\/04\/opvang-gewone-zeehond-6962-sw.jpg","type":"image\/jpeg"}],"twitter_card":"summary_large_image","twitter_site":"@ecomaretexel","twitter_misc":{"Est. reading time":"2 minutes"},"schema":{"@context":"https:\/\/schema.org","@graph":[{"@type":"WebPage","@id":"https:\/\/www.ecomare.nl\/de\/unterstuetze-ecomare\/adoptiere-einen-seehund\/","url":"https:\/\/www.ecomare.nl\/de\/unterstuetze-ecomare\/adoptiere-einen-seehund\/","name":"Adoptiere einen Seehund - Ecomare","isPartOf":{"@id":"https:\/\/www.ecomare.nl\/#website"},"primaryImageOfPage":{"@id":"https:\/\/www.ecomare.nl\/de\/unterstuetze-ecomare\/adoptiere-einen-seehund\/#primaryimage"},"image":{"@id":"https:\/\/www.ecomare.nl\/de\/unterstuetze-ecomare\/adoptiere-einen-seehund\/#primaryimage"},"thumbnailUrl":"https:\/\/www.ecomare.nl\/wp-content\/uploads\/2017\/04\/opvang-gewone-zeehond-6962-sw.jpg","datePublished":"2023-08-01T09:11:43+00:00","dateModified":"2025-08-25T11:57:11+00:00","description":"Bei Ecomare werden jedes Jahr etwa 100 Seehunde versorgt. Zudem gibt es auch eine feste Gruppe von Seehunden, die sich in der freien Natur nicht selbst versorgen k\u00f6nnen. Helfen Sie mit, sie zu versorgen? Sie k\u00f6nnen f\u00fcr 60 \u20ac im Jahr oder 5 \u20ac im Monat einen Seehund oder eine Kegelrobbe adoptieren. Mit dieser symbolischen Adoption unterst\u00fctzen Sie den ganzen Seehundauffang. Sie zahlen mit f\u00fcr die Fische, den Tierarzt, die Pflege und die Unterbringung.","breadcrumb":{"@id":"https:\/\/www.ecomare.nl\/de\/unterstuetze-ecomare\/adoptiere-einen-seehund\/#breadcrumb"},"inLanguage":"de-DE","potentialAction":[{"@type":"ReadAction","target":["https:\/\/www.ecomare.nl\/de\/unterstuetze-ecomare\/adoptiere-einen-seehund\/"]}]},{"@type":"ImageObject","inLanguage":"de-DE","@id":"https:\/\/www.ecomare.nl\/de\/unterstuetze-ecomare\/adoptiere-einen-seehund\/#primaryimage","url":"https:\/\/www.ecomare.nl\/wp-content\/uploads\/2017\/04\/opvang-gewone-zeehond-6962-sw.jpg","contentUrl":"https:\/\/www.ecomare.nl\/wp-content\/uploads\/2017\/04\/opvang-gewone-zeehond-6962-sw.jpg","width":850,"height":531},{"@type":"BreadcrumbList","@id":"https:\/\/www.ecomare.nl\/de\/unterstuetze-ecomare\/adoptiere-einen-seehund\/#breadcrumb","itemListElement":[{"@type":"ListItem","position":1,"name":"Home","item":"https:\/\/www.ecomare.nl\/de\/"},{"@type":"ListItem","position":2,"name":"Unterst\u00fctze Ecomare","item":"https:\/\/www.ecomare.nl\/de\/unterstuetze-ecomare\/"},{"@type":"ListItem","position":3,"name":"Adoptiere einen Seehund"}]},{"@type":"WebSite","@id":"https:\/\/www.ecomare.nl\/#website","url":"https:\/\/www.ecomare.nl\/","name":"Ecomare","description":"","potentialAction":[{"@type":"SearchAction","target":{"@type":"EntryPoint","urlTemplate":"https:\/\/www.ecomare.nl\/?s={search_term_string}"},"query-input":{"@type":"PropertyValueSpecification","valueRequired":true,"valueName":"search_term_string"}}],"inLanguage":"de-DE"}]}},"_links":{"self":[{"href":"https:\/\/www.ecomare.nl\/de\/wp-json\/wp\/v2\/pages\/22057","targetHints":{"allow":["GET"]}}],"collection":[{"href":"https:\/\/www.ecomare.nl\/de\/wp-json\/wp\/v2\/pages"}],"about":[{"href":"https:\/\/www.ecomare.nl\/de\/wp-json\/wp\/v2\/types\/page"}],"author":[{"embeddable":true,"href":"https:\/\/www.ecomare.nl\/de\/wp-json\/wp\/v2\/users\/1"}],"replies":[{"embeddable":true,"href":"https:\/\/www.ecomare.nl\/de\/wp-json\/wp\/v2\/comments?post=22057"}],"version-history":[{"count":5,"href":"https:\/\/www.ecomare.nl\/de\/wp-json\/wp\/v2\/pages\/22057\/revisions"}],"predecessor-version":[{"id":25973,"href":"https:\/\/www.ecomare.nl\/de\/wp-json\/wp\/v2\/pages\/22057\/revisions\/25973"}],"up":[{"embeddable":true,"href":"https:\/\/www.ecomare.nl\/de\/wp-json\/wp\/v2\/pages\/1711"}],"wp:featuredmedia":[{"embeddable":true,"href":"https:\/\/www.ecomare.nl\/de\/wp-json\/wp\/v2\/media\/7812"}],"wp:attachment":[{"href":"https:\/\/www.ecomare.nl\/de\/wp-json\/wp\/v2\/media?parent=22057"}],"wp:term":[{"taxonomy":"post_tag","embeddable":true,"href":"https:\/\/www.ecomare.nl\/de\/wp-json\/wp\/v2\/tags?post=22057"}],"curies":[{"name":"wp","href":"https:\/\/api.w.org\/{rel}","templated":true}]}}