{"id":2206,"date":"2017-05-04T12:10:55","date_gmt":"2017-05-04T10:10:55","guid":{"rendered":"https:\/\/tender-colden.109-235-78-20.plesk.page\/?page_id=2206\/"},"modified":"2024-04-17T09:03:14","modified_gmt":"2024-04-17T07:03:14","slug":"kontakt","status":"publish","type":"page","link":"https:\/\/www.ecomare.nl\/de\/kontakt\/","title":{"rendered":"Kontakt"},"content":{"rendered":"<p><strong>Hast du eine Frage oder Anmerkung? Oder hast du etwas am Strand gefunden, von dem du wissen m\u00f6chtest, was es ist? F\u00fclle dann das folgende Formular aus.<\/strong><\/p>\n<p><strong>Finden Sie am Strand ein Tier in Not? Rufen Sie dann die 0031 (0)222-317741 an. Diese Nummer ist auch au\u00dferhalb der \u00d6ffnungszeiten erreichbar. Schauen Sie <a href=\"https:\/\/www.ecomare.nl\/de\/schweinswal-oder-seehund-not\/\">hier<\/a>, was Sie tun k\u00f6nnen, um zu helfen.<\/strong><\/p>\n<p><strong>M\u00f6chtest du eine Adress\u00e4nderung melden oder k\u00fcndigen? Klicken Sie <a href=\"https:\/\/www.ecomare.nl\/de\/aenderungen-mitteilen\/\">hier<\/a>. M\u00f6chten Sie eine Beschwerde einreichen? Klicken Sie <a href=\"https:\/\/www.ecomare.nl\/de\/ueber-ecomare\/beschwerden\/\" target=\"_blank\" rel=\"noopener\">hier<\/a>.<\/strong><\/p>\n","protected":false},"excerpt":{"rendered":"<p>Ecomare &#8211; Ruijslaan 92 &#8211; 1796 AZ De Koog &#8211; Texel &#8211; Niederlande &#8211; Tel: 0031 (0)222-317741 &#8211; ecomare.nl<\/p>\n","protected":false},"author":1,"featured_media":2144,"parent":0,"menu_order":0,"comment_status":"closed","ping_status":"closed","template":"page-templates\/contact.php","meta":{"_acf_changed":false,"footnotes":""},"tags":[],"class_list":["post-2206","page","type-page","status-publish","has-post-thumbnail","hentry"],"acf":[],"yoast_head":"<!-- This site is optimized with the Yoast SEO plugin v27.3 - https:\/\/yoast.com\/product\/yoast-seo-wordpress\/ -->\n<title>Kontakt - Ecomare<\/title>\n<meta name=\"robots\" content=\"index, follow, max-snippet:-1, max-image-preview:large, max-video-preview:-1\" \/>\n<meta property=\"og:locale\" content=\"de_DE\" \/>\n<meta property=\"og:type\" content=\"article\" \/>\n<meta property=\"og:description\" content=\"Ecomare - Ruijslaan 92 - 1796 AZ De Koog - Texel - Niederlande - Tel: 0031 (0)222-317741 - ecomare.nl\" \/>\n<meta property=\"og:site_name\" content=\"Ecomare\" \/>\n<meta property=\"article:publisher\" content=\"https:\/\/www.facebook.com\/beheerder.ecomaretexel\/\" \/>\n<meta property=\"article:modified_time\" content=\"2024-04-17T07:03:14+00:00\" \/>\n<meta property=\"og:image\" content=\"https:\/\/www.ecomare.nl\/wp-content\/uploads\/2017\/03\/ill-SDW_9439-zeehond-strand.jpg\" \/>\n\t<meta property=\"og:image:width\" content=\"840\" \/>\n\t<meta property=\"og:image:height\" content=\"525\" \/>\n\t<meta property=\"og:image:type\" content=\"image\/jpeg\" \/>\n<meta name=\"twitter:card\" content=\"summary_large_image\" \/>\n<meta name=\"twitter:site\" content=\"@ecomaretexel\" \/>\n<meta name=\"twitter:label1\" content=\"Est. reading time\" \/>\n\t<meta name=\"twitter:data1\" content=\"1 minute\" \/>\n<script type=\"application\/ld+json\" class=\"yoast-schema-graph\">{\"@context\":\"https:\\\/\\\/schema.org\",\"@graph\":[{\"@type\":\"WebPage\",\"@id\":\"https:\\\/\\\/www.ecomare.nl\\\/de\\\/kontakt\\\/\",\"url\":\"https:\\\/\\\/www.ecomare.nl\\\/de\\\/kontakt\\\/\",\"name\":\"Kontakt - Ecomare\",\"isPartOf\":{\"@id\":\"https:\\\/\\\/www.ecomare.nl\\\/#website\"},\"primaryImageOfPage\":{\"@id\":\"https:\\\/\\\/www.ecomare.nl\\\/de\\\/kontakt\\\/#primaryimage\"},\"image\":{\"@id\":\"https:\\\/\\\/www.ecomare.nl\\\/de\\\/kontakt\\\/#primaryimage\"},\"thumbnailUrl\":\"https:\\\/\\\/www.ecomare.nl\\\/wp-content\\\/uploads\\\/2017\\\/03\\\/ill-SDW_9439-zeehond-strand.jpg\",\"datePublished\":\"2017-05-04T10:10:55+00:00\",\"dateModified\":\"2024-04-17T07:03:14+00:00\",\"breadcrumb\":{\"@id\":\"https:\\\/\\\/www.ecomare.nl\\\/de\\\/kontakt\\\/#breadcrumb\"},\"inLanguage\":\"de-DE\",\"potentialAction\":[{\"@type\":\"ReadAction\",\"target\":[\"https:\\\/\\\/www.ecomare.nl\\\/de\\\/kontakt\\\/\"]}]},{\"@type\":\"ImageObject\",\"inLanguage\":\"de-DE\",\"@id\":\"https:\\\/\\\/www.ecomare.nl\\\/de\\\/kontakt\\\/#primaryimage\",\"url\":\"https:\\\/\\\/www.ecomare.nl\\\/wp-content\\\/uploads\\\/2017\\\/03\\\/ill-SDW_9439-zeehond-strand.jpg\",\"contentUrl\":\"https:\\\/\\\/www.ecomare.nl\\\/wp-content\\\/uploads\\\/2017\\\/03\\\/ill-SDW_9439-zeehond-strand.jpg\",\"width\":840,\"height\":525,\"caption\":\"Twee zeehonden op het strand\"},{\"@type\":\"BreadcrumbList\",\"@id\":\"https:\\\/\\\/www.ecomare.nl\\\/de\\\/kontakt\\\/#breadcrumb\",\"itemListElement\":[{\"@type\":\"ListItem\",\"position\":1,\"name\":\"Home\",\"item\":\"https:\\\/\\\/www.ecomare.nl\\\/de\\\/\"},{\"@type\":\"ListItem\",\"position\":2,\"name\":\"Kontakt\"}]},{\"@type\":\"WebSite\",\"@id\":\"https:\\\/\\\/www.ecomare.nl\\\/#website\",\"url\":\"https:\\\/\\\/www.ecomare.nl\\\/\",\"name\":\"Ecomare\",\"description\":\"\",\"potentialAction\":[{\"@type\":\"SearchAction\",\"target\":{\"@type\":\"EntryPoint\",\"urlTemplate\":\"https:\\\/\\\/www.ecomare.nl\\\/?s={search_term_string}\"},\"query-input\":{\"@type\":\"PropertyValueSpecification\",\"valueRequired\":true,\"valueName\":\"search_term_string\"}}],\"inLanguage\":\"de-DE\"}]}<\/script>\n<!-- \/ Yoast SEO plugin. -->","yoast_head_json":{"title":"Kontakt - Ecomare","robots":{"index":"index","follow":"follow","max-snippet":"max-snippet:-1","max-image-preview":"max-image-preview:large","max-video-preview":"max-video-preview:-1"},"og_locale":"de_DE","og_type":"article","og_description":"Ecomare - Ruijslaan 92 - 1796 AZ De Koog - Texel - Niederlande - Tel: 0031 (0)222-317741 - ecomare.nl","og_site_name":"Ecomare","article_publisher":"https:\/\/www.facebook.com\/beheerder.ecomaretexel\/","article_modified_time":"2024-04-17T07:03:14+00:00","og_image":[{"width":840,"height":525,"url":"https:\/\/www.ecomare.nl\/wp-content\/uploads\/2017\/03\/ill-SDW_9439-zeehond-strand.jpg","type":"image\/jpeg"}],"twitter_card":"summary_large_image","twitter_site":"@ecomaretexel","twitter_misc":{"Est. reading time":"1 minute"},"schema":{"@context":"https:\/\/schema.org","@graph":[{"@type":"WebPage","@id":"https:\/\/www.ecomare.nl\/de\/kontakt\/","url":"https:\/\/www.ecomare.nl\/de\/kontakt\/","name":"Kontakt - Ecomare","isPartOf":{"@id":"https:\/\/www.ecomare.nl\/#website"},"primaryImageOfPage":{"@id":"https:\/\/www.ecomare.nl\/de\/kontakt\/#primaryimage"},"image":{"@id":"https:\/\/www.ecomare.nl\/de\/kontakt\/#primaryimage"},"thumbnailUrl":"https:\/\/www.ecomare.nl\/wp-content\/uploads\/2017\/03\/ill-SDW_9439-zeehond-strand.jpg","datePublished":"2017-05-04T10:10:55+00:00","dateModified":"2024-04-17T07:03:14+00:00","breadcrumb":{"@id":"https:\/\/www.ecomare.nl\/de\/kontakt\/#breadcrumb"},"inLanguage":"de-DE","potentialAction":[{"@type":"ReadAction","target":["https:\/\/www.ecomare.nl\/de\/kontakt\/"]}]},{"@type":"ImageObject","inLanguage":"de-DE","@id":"https:\/\/www.ecomare.nl\/de\/kontakt\/#primaryimage","url":"https:\/\/www.ecomare.nl\/wp-content\/uploads\/2017\/03\/ill-SDW_9439-zeehond-strand.jpg","contentUrl":"https:\/\/www.ecomare.nl\/wp-content\/uploads\/2017\/03\/ill-SDW_9439-zeehond-strand.jpg","width":840,"height":525,"caption":"Twee zeehonden op het strand"},{"@type":"BreadcrumbList","@id":"https:\/\/www.ecomare.nl\/de\/kontakt\/#breadcrumb","itemListElement":[{"@type":"ListItem","position":1,"name":"Home","item":"https:\/\/www.ecomare.nl\/de\/"},{"@type":"ListItem","position":2,"name":"Kontakt"}]},{"@type":"WebSite","@id":"https:\/\/www.ecomare.nl\/#website","url":"https:\/\/www.ecomare.nl\/","name":"Ecomare","description":"","potentialAction":[{"@type":"SearchAction","target":{"@type":"EntryPoint","urlTemplate":"https:\/\/www.ecomare.nl\/?s={search_term_string}"},"query-input":{"@type":"PropertyValueSpecification","valueRequired":true,"valueName":"search_term_string"}}],"inLanguage":"de-DE"}]}},"_links":{"self":[{"href":"https:\/\/www.ecomare.nl\/de\/wp-json\/wp\/v2\/pages\/2206","targetHints":{"allow":["GET"]}}],"collection":[{"href":"https:\/\/www.ecomare.nl\/de\/wp-json\/wp\/v2\/pages"}],"about":[{"href":"https:\/\/www.ecomare.nl\/de\/wp-json\/wp\/v2\/types\/page"}],"author":[{"embeddable":true,"href":"https:\/\/www.ecomare.nl\/de\/wp-json\/wp\/v2\/users\/1"}],"replies":[{"embeddable":true,"href":"https:\/\/www.ecomare.nl\/de\/wp-json\/wp\/v2\/comments?post=2206"}],"version-history":[{"count":3,"href":"https:\/\/www.ecomare.nl\/de\/wp-json\/wp\/v2\/pages\/2206\/revisions"}],"predecessor-version":[{"id":23586,"href":"https:\/\/www.ecomare.nl\/de\/wp-json\/wp\/v2\/pages\/2206\/revisions\/23586"}],"wp:featuredmedia":[{"embeddable":true,"href":"https:\/\/www.ecomare.nl\/de\/wp-json\/wp\/v2\/media\/2144"}],"wp:attachment":[{"href":"https:\/\/www.ecomare.nl\/de\/wp-json\/wp\/v2\/media?parent=2206"}],"wp:term":[{"taxonomy":"post_tag","embeddable":true,"href":"https:\/\/www.ecomare.nl\/de\/wp-json\/wp\/v2\/tags?post=2206"}],"curies":[{"name":"wp","href":"https:\/\/api.w.org\/{rel}","templated":true}]}}