{"id":2234,"date":"2017-05-04T13:02:50","date_gmt":"2017-05-04T11:02:50","guid":{"rendered":"https:\/\/tender-colden.109-235-78-20.plesk.page\/?page_id=2234\/"},"modified":"2024-05-14T13:35:39","modified_gmt":"2024-05-14T11:35:39","slug":"stiftung-texels-museum","status":"publish","type":"page","link":"https:\/\/www.ecomare.nl\/de\/ueber-ecomare\/stiftung-texels-museum\/","title":{"rendered":"Stiftung Texels Museum"},"content":{"rendered":"<p><strong>Ecomare ist Bestandteil der Stiftung Texels Museum, zusammen mit dem Museum Kaap Skil, der Oudheidkamer und dem Leuchtturm. Die Stiftung hat eine eigene <a href=\"http:\/\/www.texelsmuseum.nl\/\" target=\"_blank\" rel=\"noopener noreferrer\">Website<\/a> mit unter anderem Jahresberichten und Verwaltungspl\u00e4nen. <\/strong><\/p>\n<table>\n<tbody>\n<tr>\n<td style=\"width: 70%;\">\n<h2>Museum Kaap Skil<\/h2>\n<p><a href=\"https:\/\/www.kaapskil.nl\/DE\" target=\"_blank\" rel=\"noopener noreferrer\">Museum Kaap Skil<\/a> befindet sich in der N\u00e4he des Hafens von Oudeschild. Es behandelt das Leben vom, auf dem und am Meer. \u00dcber Seefahrt, Strandgutsammeln, Fischerei, Texel in der VOC-Zeit sowie Unterwasserarch\u00e4ologie. Ein Museum voller starker und spannender Abenteuer. Im Freiluftmuseum sieht man, wie die Menschen fr\u00fcher lebten und arbeiteten. Ein vielseitiges Museum, in dem man sich stundenlang aufhalten kann!<\/td>\n<td><img loading=\"lazy\" decoding=\"async\" class=\"size-full wp-image-23721 aligncenter\" src=\"https:\/\/www.ecomare.nl\/wp-content\/uploads\/2024\/05\/MKS-logo-fc-250px.png\" alt=\"\" width=\"250\" height=\"109\" \/><\/td>\n<\/tr>\n<tr>\n<td>\n<h2>Oudheidkamer<\/h2>\n<p>Die <a href=\"https:\/\/www.oudheidkamertexel.nl\/\" target=\"_blank\" rel=\"noopener noreferrer\">Oudheidkamer<\/a> (Heimatmuseum) ist das kleinste Museum im \u00e4ltesten Haus von Texel. Es liegt mitten in Den Burg. Die altholl\u00e4ndische Einrichtung nimmt dich mit in die Zeit von Oma und Opa. Jedes Jahr gibt es eine wechselnde Ausstellung. Die Oudheidkamer ist vom 1. April bis 1. November ge\u00f6ffnet.<\/td>\n<td>\n<h2><a href=\"http:\/\/www.oudheidkamertexel.nl\"><img loading=\"lazy\" decoding=\"async\" class=\"alignright wp-image-8020 size-full\" src=\"https:\/\/www.ecomare.nl\/wp-content\/uploads\/2017\/05\/logo-oudheidkamer-tekst.png\" alt=\"\" width=\"327\" height=\"107\" \/><\/a><\/h2>\n<\/td>\n<\/tr>\n<tr>\n<td>\n<h2>Leuchtturm<\/h2>\n<p>Besteige den markanten, roten <a href=\"http:\/\/www.vuurtorentexel.nl\/de\/#uitzicht1\" target=\"_blank\" rel=\"noopener noreferrer\">Leuchtturm<\/a> auf der Nordspitze von Texel. Oben, in rund 45 Metern \u00fcber dem Meer, hat man eine gro\u00dfartige Aussicht \u00fcber das Wattenmeer und Texel. Die Inneneite des Turms stammt aus 1864. Nachdem der Leuchtturm im 2. Weltkrieg schwer besch\u00e4digt worden war, wurde ein neuer Mantel rund um den kaputten Turm gebaut. Im vierten Stock kann man zwischen beiden W\u00e4nden hindurch laufen. Man sieht noch die L\u00f6cher in der Wand des alten Turmes!<\/td>\n<td>\n<h2><a href=\"http:\/\/www.vuurtorentexel.nl\"><img loading=\"lazy\" decoding=\"async\" class=\"alignright wp-image-8022\" src=\"https:\/\/www.ecomare.nl\/wp-content\/uploads\/2017\/05\/Vuurtoren_logo-360x444.png\" alt=\"\" width=\"260\" height=\"321\" srcset=\"https:\/\/www.ecomare.nl\/wp-content\/uploads\/2017\/05\/Vuurtoren_logo-360x444.png 360w, https:\/\/www.ecomare.nl\/wp-content\/uploads\/2017\/05\/Vuurtoren_logo.png 427w\" sizes=\"auto, (max-width: 260px) 100vw, 260px\" \/><\/a><\/h2>\n<\/td>\n<\/tr>\n<\/tbody>\n<\/table>\n<p>&nbsp;<\/p>\n<p>&nbsp;<\/p>\n","protected":false},"excerpt":{"rendered":"<p>Ecomare ist Bestandteil von der Stiftung Stichting Texels Museum, zu der auch Kaap Skil, die Oudheidkamer und der Leuchtturm geh\u00f6ren.<\/p>\n","protected":false},"author":1,"featured_media":2857,"parent":1857,"menu_order":20,"comment_status":"closed","ping_status":"closed","template":"page-templates\/content-overzicht.php","meta":{"_acf_changed":false,"footnotes":""},"tags":[],"class_list":["post-2234","page","type-page","status-publish","has-post-thumbnail","hentry"],"acf":[],"yoast_head":"<!-- This site is optimized with the Yoast SEO plugin v27.5 - https:\/\/yoast.com\/product\/yoast-seo-wordpress\/ -->\n<title>Stiftung Texels Museum - Ecomare<\/title>\n<meta name=\"description\" content=\"Ecomare ist Bestandteil von der Stiftung Stichting Texels Museum, zu der auch Kaap Skil, die Oudheidkamer und der Leuchtturm geh\u00f6ren.\" \/>\n<meta name=\"robots\" content=\"index, follow, max-snippet:-1, max-image-preview:large, max-video-preview:-1\" \/>\n<meta property=\"og:locale\" content=\"de_DE\" \/>\n<meta property=\"og:type\" content=\"article\" \/>\n<meta property=\"og:description\" content=\"Ecomare ist Bestandteil von der Stiftung Stichting Texels Museum, zu der auch Kaap Skil, die Oudheidkamer und der Leuchtturm geh\u00f6ren.\" \/>\n<meta property=\"og:site_name\" content=\"Ecomare\" \/>\n<meta property=\"article:publisher\" content=\"https:\/\/www.facebook.com\/beheerder.ecomaretexel\/\" \/>\n<meta property=\"article:modified_time\" content=\"2024-05-14T11:35:39+00:00\" \/>\n<meta property=\"og:image\" content=\"https:\/\/www.ecomare.nl\/wp-content\/uploads\/2017\/05\/hoofdlogostm.jpg\" \/>\n\t<meta property=\"og:image:width\" content=\"840\" \/>\n\t<meta property=\"og:image:height\" content=\"525\" \/>\n\t<meta property=\"og:image:type\" content=\"image\/jpeg\" \/>\n<meta name=\"twitter:card\" content=\"summary_large_image\" \/>\n<meta name=\"twitter:site\" content=\"@ecomaretexel\" \/>\n<meta name=\"twitter:label1\" content=\"Est. reading time\" \/>\n\t<meta name=\"twitter:data1\" content=\"2 minutes\" \/>\n<script type=\"application\/ld+json\" class=\"yoast-schema-graph\">{\"@context\":\"https:\\\/\\\/schema.org\",\"@graph\":[{\"@type\":\"WebPage\",\"@id\":\"https:\\\/\\\/www.ecomare.nl\\\/de\\\/ueber-ecomare\\\/stiftung-texels-museum\\\/\",\"url\":\"https:\\\/\\\/www.ecomare.nl\\\/de\\\/ueber-ecomare\\\/stiftung-texels-museum\\\/\",\"name\":\"Stiftung Texels Museum - Ecomare\",\"isPartOf\":{\"@id\":\"https:\\\/\\\/www.ecomare.nl\\\/#website\"},\"primaryImageOfPage\":{\"@id\":\"https:\\\/\\\/www.ecomare.nl\\\/de\\\/ueber-ecomare\\\/stiftung-texels-museum\\\/#primaryimage\"},\"image\":{\"@id\":\"https:\\\/\\\/www.ecomare.nl\\\/de\\\/ueber-ecomare\\\/stiftung-texels-museum\\\/#primaryimage\"},\"thumbnailUrl\":\"https:\\\/\\\/www.ecomare.nl\\\/wp-content\\\/uploads\\\/2017\\\/05\\\/hoofdlogostm.jpg\",\"datePublished\":\"2017-05-04T11:02:50+00:00\",\"dateModified\":\"2024-05-14T11:35:39+00:00\",\"description\":\"Ecomare ist Bestandteil von der Stiftung Stichting Texels Museum, zu der auch Kaap Skil, die Oudheidkamer und der Leuchtturm geh\u00f6ren.\",\"breadcrumb\":{\"@id\":\"https:\\\/\\\/www.ecomare.nl\\\/de\\\/ueber-ecomare\\\/stiftung-texels-museum\\\/#breadcrumb\"},\"inLanguage\":\"de-DE\",\"potentialAction\":[{\"@type\":\"ReadAction\",\"target\":[\"https:\\\/\\\/www.ecomare.nl\\\/de\\\/ueber-ecomare\\\/stiftung-texels-museum\\\/\"]}]},{\"@type\":\"ImageObject\",\"inLanguage\":\"de-DE\",\"@id\":\"https:\\\/\\\/www.ecomare.nl\\\/de\\\/ueber-ecomare\\\/stiftung-texels-museum\\\/#primaryimage\",\"url\":\"https:\\\/\\\/www.ecomare.nl\\\/wp-content\\\/uploads\\\/2017\\\/05\\\/hoofdlogostm.jpg\",\"contentUrl\":\"https:\\\/\\\/www.ecomare.nl\\\/wp-content\\\/uploads\\\/2017\\\/05\\\/hoofdlogostm.jpg\",\"width\":840,\"height\":525},{\"@type\":\"BreadcrumbList\",\"@id\":\"https:\\\/\\\/www.ecomare.nl\\\/de\\\/ueber-ecomare\\\/stiftung-texels-museum\\\/#breadcrumb\",\"itemListElement\":[{\"@type\":\"ListItem\",\"position\":1,\"name\":\"Home\",\"item\":\"https:\\\/\\\/www.ecomare.nl\\\/de\\\/\"},{\"@type\":\"ListItem\",\"position\":2,\"name\":\"\u00dcber Ecomare\",\"item\":\"https:\\\/\\\/www.ecomare.nl\\\/de\\\/ueber-ecomare\\\/\"},{\"@type\":\"ListItem\",\"position\":3,\"name\":\"Stiftung Texels Museum\"}]},{\"@type\":\"WebSite\",\"@id\":\"https:\\\/\\\/www.ecomare.nl\\\/#website\",\"url\":\"https:\\\/\\\/www.ecomare.nl\\\/\",\"name\":\"Ecomare\",\"description\":\"\",\"potentialAction\":[{\"@type\":\"SearchAction\",\"target\":{\"@type\":\"EntryPoint\",\"urlTemplate\":\"https:\\\/\\\/www.ecomare.nl\\\/?s={search_term_string}\"},\"query-input\":{\"@type\":\"PropertyValueSpecification\",\"valueRequired\":true,\"valueName\":\"search_term_string\"}}],\"inLanguage\":\"de-DE\"}]}<\/script>\n<!-- \/ Yoast SEO plugin. -->","yoast_head_json":{"title":"Stiftung Texels Museum - Ecomare","description":"Ecomare ist Bestandteil von der Stiftung Stichting Texels Museum, zu der auch Kaap Skil, die Oudheidkamer und der Leuchtturm geh\u00f6ren.","robots":{"index":"index","follow":"follow","max-snippet":"max-snippet:-1","max-image-preview":"max-image-preview:large","max-video-preview":"max-video-preview:-1"},"og_locale":"de_DE","og_type":"article","og_description":"Ecomare ist Bestandteil von der Stiftung Stichting Texels Museum, zu der auch Kaap Skil, die Oudheidkamer und der Leuchtturm geh\u00f6ren.","og_site_name":"Ecomare","article_publisher":"https:\/\/www.facebook.com\/beheerder.ecomaretexel\/","article_modified_time":"2024-05-14T11:35:39+00:00","og_image":[{"width":840,"height":525,"url":"https:\/\/www.ecomare.nl\/wp-content\/uploads\/2017\/05\/hoofdlogostm.jpg","type":"image\/jpeg"}],"twitter_card":"summary_large_image","twitter_site":"@ecomaretexel","twitter_misc":{"Est. reading time":"2 minutes"},"schema":{"@context":"https:\/\/schema.org","@graph":[{"@type":"WebPage","@id":"https:\/\/www.ecomare.nl\/de\/ueber-ecomare\/stiftung-texels-museum\/","url":"https:\/\/www.ecomare.nl\/de\/ueber-ecomare\/stiftung-texels-museum\/","name":"Stiftung Texels Museum - Ecomare","isPartOf":{"@id":"https:\/\/www.ecomare.nl\/#website"},"primaryImageOfPage":{"@id":"https:\/\/www.ecomare.nl\/de\/ueber-ecomare\/stiftung-texels-museum\/#primaryimage"},"image":{"@id":"https:\/\/www.ecomare.nl\/de\/ueber-ecomare\/stiftung-texels-museum\/#primaryimage"},"thumbnailUrl":"https:\/\/www.ecomare.nl\/wp-content\/uploads\/2017\/05\/hoofdlogostm.jpg","datePublished":"2017-05-04T11:02:50+00:00","dateModified":"2024-05-14T11:35:39+00:00","description":"Ecomare ist Bestandteil von der Stiftung Stichting Texels Museum, zu der auch Kaap Skil, die Oudheidkamer und der Leuchtturm geh\u00f6ren.","breadcrumb":{"@id":"https:\/\/www.ecomare.nl\/de\/ueber-ecomare\/stiftung-texels-museum\/#breadcrumb"},"inLanguage":"de-DE","potentialAction":[{"@type":"ReadAction","target":["https:\/\/www.ecomare.nl\/de\/ueber-ecomare\/stiftung-texels-museum\/"]}]},{"@type":"ImageObject","inLanguage":"de-DE","@id":"https:\/\/www.ecomare.nl\/de\/ueber-ecomare\/stiftung-texels-museum\/#primaryimage","url":"https:\/\/www.ecomare.nl\/wp-content\/uploads\/2017\/05\/hoofdlogostm.jpg","contentUrl":"https:\/\/www.ecomare.nl\/wp-content\/uploads\/2017\/05\/hoofdlogostm.jpg","width":840,"height":525},{"@type":"BreadcrumbList","@id":"https:\/\/www.ecomare.nl\/de\/ueber-ecomare\/stiftung-texels-museum\/#breadcrumb","itemListElement":[{"@type":"ListItem","position":1,"name":"Home","item":"https:\/\/www.ecomare.nl\/de\/"},{"@type":"ListItem","position":2,"name":"\u00dcber Ecomare","item":"https:\/\/www.ecomare.nl\/de\/ueber-ecomare\/"},{"@type":"ListItem","position":3,"name":"Stiftung Texels Museum"}]},{"@type":"WebSite","@id":"https:\/\/www.ecomare.nl\/#website","url":"https:\/\/www.ecomare.nl\/","name":"Ecomare","description":"","potentialAction":[{"@type":"SearchAction","target":{"@type":"EntryPoint","urlTemplate":"https:\/\/www.ecomare.nl\/?s={search_term_string}"},"query-input":{"@type":"PropertyValueSpecification","valueRequired":true,"valueName":"search_term_string"}}],"inLanguage":"de-DE"}]}},"_links":{"self":[{"href":"https:\/\/www.ecomare.nl\/de\/wp-json\/wp\/v2\/pages\/2234","targetHints":{"allow":["GET"]}}],"collection":[{"href":"https:\/\/www.ecomare.nl\/de\/wp-json\/wp\/v2\/pages"}],"about":[{"href":"https:\/\/www.ecomare.nl\/de\/wp-json\/wp\/v2\/types\/page"}],"author":[{"embeddable":true,"href":"https:\/\/www.ecomare.nl\/de\/wp-json\/wp\/v2\/users\/1"}],"replies":[{"embeddable":true,"href":"https:\/\/www.ecomare.nl\/de\/wp-json\/wp\/v2\/comments?post=2234"}],"version-history":[{"count":1,"href":"https:\/\/www.ecomare.nl\/de\/wp-json\/wp\/v2\/pages\/2234\/revisions"}],"predecessor-version":[{"id":23724,"href":"https:\/\/www.ecomare.nl\/de\/wp-json\/wp\/v2\/pages\/2234\/revisions\/23724"}],"up":[{"embeddable":true,"href":"https:\/\/www.ecomare.nl\/de\/wp-json\/wp\/v2\/pages\/1857"}],"wp:featuredmedia":[{"embeddable":true,"href":"https:\/\/www.ecomare.nl\/de\/wp-json\/wp\/v2\/media\/2857"}],"wp:attachment":[{"href":"https:\/\/www.ecomare.nl\/de\/wp-json\/wp\/v2\/media?parent=2234"}],"wp:term":[{"taxonomy":"post_tag","embeddable":true,"href":"https:\/\/www.ecomare.nl\/de\/wp-json\/wp\/v2\/tags?post=2234"}],"curies":[{"name":"wp","href":"https:\/\/api.w.org\/{rel}","templated":true}]}}