{"id":26329,"date":"2026-01-29T11:56:48","date_gmt":"2026-01-29T10:56:48","guid":{"rendered":"https:\/\/www.ecomare.nl\/?page_id=26329"},"modified":"2026-02-17T16:43:41","modified_gmt":"2026-02-17T15:43:41","slug":"gib-einen-eimer-mit-fisch-2","status":"publish","type":"page","link":"https:\/\/www.ecomare.nl\/de\/unterstuetze-ecomare\/gib-einen-eimer-mit-fisch-2\/","title":{"rendered":"Gib einen Eimer mit Fisch!"},"content":{"rendered":"<div class=\"\">\n<p class=\"\"><strong>Helfen Sie Ecomare, indem Sie einen &#8216;Eimer Fisch&#8217; spenden? Sie k\u00f6nnen mit dem folgenden Formular einen Eimer mit Fisch spenden f\u00fcr 10 Euro. Sie k\u00f6nnen es auch \u00fcberweisen auf das Bankkonto NL90 ABNA 0893 4636 12 von Ecomare, De Koog. Schon jetzt einen riesigen Dank f\u00fcr Ihre Unterst\u00fctzung!<\/strong><\/p>\n<p class=\"\">Ecomare ist mit dem <a href=\"https:\/\/www.belastingdienst.nl\/wps\/wcm\/connect\/nl\/aftrek-en-kortingen\/content\/anbi-status-controleren\">ANBI-<\/a> und <a href=\"https:\/\/cbf.nl\/organisaties\/texels-museum\">CBF-Siegel<\/a> offiziell als gemeinn\u00fctzig anerkannt.<\/p>\n<p><a href=\"https:\/\/www.belastingdienst.nl\/wps\/wcm\/connect\/nl\/aftrek-en-kortingen\/content\/anbi-status-controleren\" target=\"_blank\" rel=\"noopener\"><img loading=\"lazy\" decoding=\"async\" class=\"alignnone wp-image-24771\" src=\"https:\/\/www.ecomare.nl\/wp-content\/uploads\/2024\/11\/ANBI_FC-e1731923056670.jpg\" alt=\"\" width=\"63\" height=\"50\" \/><\/a><a href=\"https:\/\/cbf.nl\/organisaties\/texels-museum\" target=\"_blank\" rel=\"noopener\"><img loading=\"lazy\" decoding=\"async\" class=\"alignnone wp-image-17312\" src=\"https:\/\/www.ecomare.nl\/wp-content\/uploads\/2022\/02\/Logo_Erkend_Goed_Doel_RGB-360x219.png\" alt=\"CBF Erkend Goed Doel\" width=\"72\" height=\"44\" srcset=\"https:\/\/www.ecomare.nl\/wp-content\/uploads\/2022\/02\/Logo_Erkend_Goed_Doel_RGB-360x219.png 360w, https:\/\/www.ecomare.nl\/wp-content\/uploads\/2022\/02\/Logo_Erkend_Goed_Doel_RGB-640x390.png 640w, https:\/\/www.ecomare.nl\/wp-content\/uploads\/2022\/02\/Logo_Erkend_Goed_Doel_RGB-768x468.png 768w, https:\/\/www.ecomare.nl\/wp-content\/uploads\/2022\/02\/Logo_Erkend_Goed_Doel_RGB-1536x935.png 1536w, https:\/\/www.ecomare.nl\/wp-content\/uploads\/2022\/02\/Logo_Erkend_Goed_Doel_RGB.png 1920w\" sizes=\"auto, (max-width: 72px) 100vw, 72px\" \/><\/a><\/p>\n<\/div>\n","protected":false},"excerpt":{"rendered":"<p>M\u00f6chtest du uns helfen, f\u00fcr die Seehunde zu sorgen? Spende dann einen Eimer mit Fisch f\u00fcr 10 Euro. Schon jetzt einen riesigen Dank f\u00fcr deine Unterst\u00fctzung!<\/p>\n","protected":false},"author":84,"featured_media":26355,"parent":1711,"menu_order":0,"comment_status":"closed","ping_status":"closed","template":"page-templates\/adopteer-zeehond-detail.php","meta":{"_acf_changed":false,"footnotes":""},"tags":[],"class_list":["post-26329","page","type-page","status-publish","has-post-thumbnail","hentry"],"acf":[],"yoast_head":"<!-- This site is optimized with the Yoast SEO plugin v27.3 - https:\/\/yoast.com\/product\/yoast-seo-wordpress\/ -->\n<title>Gib einen Eimer mit Fisch! - Ecomare<\/title>\n<meta name=\"description\" content=\"M\u00f6chtest du uns helfen, f\u00fcr die Seehunde zu sorgen? Spende dann einen Eimer mit Fisch f\u00fcr 10 Euro. Schon jetzt einen riesigen Dank f\u00fcr deine Unterst\u00fctzung!\" \/>\n<meta name=\"robots\" content=\"index, follow, max-snippet:-1, max-image-preview:large, max-video-preview:-1\" \/>\n<meta property=\"og:locale\" content=\"de_DE\" \/>\n<meta property=\"og:type\" content=\"article\" \/>\n<meta property=\"og:description\" content=\"M\u00f6chtest du uns helfen, f\u00fcr die Seehunde zu sorgen? Spende dann einen Eimer mit Fisch f\u00fcr 10 Euro. Schon jetzt einen riesigen Dank f\u00fcr deine Unterst\u00fctzung!\" \/>\n<meta property=\"og:site_name\" content=\"Ecomare\" \/>\n<meta property=\"article:publisher\" content=\"https:\/\/www.facebook.com\/beheerder.ecomaretexel\/\" \/>\n<meta property=\"article:modified_time\" content=\"2026-02-17T15:43:41+00:00\" \/>\n<meta property=\"og:image\" content=\"https:\/\/www.ecomare.nl\/wp-content\/uploads\/2025\/12\/STM-juist-formaat-59.png\" \/>\n\t<meta property=\"og:image:width\" content=\"1080\" \/>\n\t<meta property=\"og:image:height\" content=\"1080\" \/>\n\t<meta property=\"og:image:type\" content=\"image\/png\" \/>\n<meta name=\"twitter:card\" content=\"summary_large_image\" \/>\n<meta name=\"twitter:site\" content=\"@ecomaretexel\" \/>\n<meta name=\"twitter:label1\" content=\"Est. reading time\" \/>\n\t<meta name=\"twitter:data1\" content=\"1 minute\" \/>\n<script type=\"application\/ld+json\" class=\"yoast-schema-graph\">{\"@context\":\"https:\\\/\\\/schema.org\",\"@graph\":[{\"@type\":\"WebPage\",\"@id\":\"https:\\\/\\\/www.ecomare.nl\\\/de\\\/unterstuetze-ecomare\\\/gib-einen-eimer-mit-fisch-2\\\/\",\"url\":\"https:\\\/\\\/www.ecomare.nl\\\/de\\\/unterstuetze-ecomare\\\/gib-einen-eimer-mit-fisch-2\\\/\",\"name\":\"Gib einen Eimer mit Fisch! - Ecomare\",\"isPartOf\":{\"@id\":\"https:\\\/\\\/www.ecomare.nl\\\/#website\"},\"primaryImageOfPage\":{\"@id\":\"https:\\\/\\\/www.ecomare.nl\\\/de\\\/unterstuetze-ecomare\\\/gib-einen-eimer-mit-fisch-2\\\/#primaryimage\"},\"image\":{\"@id\":\"https:\\\/\\\/www.ecomare.nl\\\/de\\\/unterstuetze-ecomare\\\/gib-einen-eimer-mit-fisch-2\\\/#primaryimage\"},\"thumbnailUrl\":\"https:\\\/\\\/www.ecomare.nl\\\/wp-content\\\/uploads\\\/2025\\\/12\\\/STM-juist-formaat-59.png\",\"datePublished\":\"2026-01-29T10:56:48+00:00\",\"dateModified\":\"2026-02-17T15:43:41+00:00\",\"description\":\"M\u00f6chtest du uns helfen, f\u00fcr die Seehunde zu sorgen? Spende dann einen Eimer mit Fisch f\u00fcr 10 Euro. Schon jetzt einen riesigen Dank f\u00fcr deine Unterst\u00fctzung!\",\"breadcrumb\":{\"@id\":\"https:\\\/\\\/www.ecomare.nl\\\/de\\\/unterstuetze-ecomare\\\/gib-einen-eimer-mit-fisch-2\\\/#breadcrumb\"},\"inLanguage\":\"de-DE\",\"potentialAction\":[{\"@type\":\"ReadAction\",\"target\":[\"https:\\\/\\\/www.ecomare.nl\\\/de\\\/unterstuetze-ecomare\\\/gib-einen-eimer-mit-fisch-2\\\/\"]}]},{\"@type\":\"ImageObject\",\"inLanguage\":\"de-DE\",\"@id\":\"https:\\\/\\\/www.ecomare.nl\\\/de\\\/unterstuetze-ecomare\\\/gib-einen-eimer-mit-fisch-2\\\/#primaryimage\",\"url\":\"https:\\\/\\\/www.ecomare.nl\\\/wp-content\\\/uploads\\\/2025\\\/12\\\/STM-juist-formaat-59.png\",\"contentUrl\":\"https:\\\/\\\/www.ecomare.nl\\\/wp-content\\\/uploads\\\/2025\\\/12\\\/STM-juist-formaat-59.png\",\"width\":1080,\"height\":1080},{\"@type\":\"BreadcrumbList\",\"@id\":\"https:\\\/\\\/www.ecomare.nl\\\/de\\\/unterstuetze-ecomare\\\/gib-einen-eimer-mit-fisch-2\\\/#breadcrumb\",\"itemListElement\":[{\"@type\":\"ListItem\",\"position\":1,\"name\":\"Home\",\"item\":\"https:\\\/\\\/www.ecomare.nl\\\/de\\\/\"},{\"@type\":\"ListItem\",\"position\":2,\"name\":\"Unterst\u00fctze Ecomare\",\"item\":\"https:\\\/\\\/www.ecomare.nl\\\/de\\\/unterstuetze-ecomare\\\/\"},{\"@type\":\"ListItem\",\"position\":3,\"name\":\"Gib einen Eimer mit Fisch!\"}]},{\"@type\":\"WebSite\",\"@id\":\"https:\\\/\\\/www.ecomare.nl\\\/#website\",\"url\":\"https:\\\/\\\/www.ecomare.nl\\\/\",\"name\":\"Ecomare\",\"description\":\"\",\"potentialAction\":[{\"@type\":\"SearchAction\",\"target\":{\"@type\":\"EntryPoint\",\"urlTemplate\":\"https:\\\/\\\/www.ecomare.nl\\\/?s={search_term_string}\"},\"query-input\":{\"@type\":\"PropertyValueSpecification\",\"valueRequired\":true,\"valueName\":\"search_term_string\"}}],\"inLanguage\":\"de-DE\"}]}<\/script>\n<!-- \/ Yoast SEO plugin. -->","yoast_head_json":{"title":"Gib einen Eimer mit Fisch! - Ecomare","description":"M\u00f6chtest du uns helfen, f\u00fcr die Seehunde zu sorgen? Spende dann einen Eimer mit Fisch f\u00fcr 10 Euro. Schon jetzt einen riesigen Dank f\u00fcr deine Unterst\u00fctzung!","robots":{"index":"index","follow":"follow","max-snippet":"max-snippet:-1","max-image-preview":"max-image-preview:large","max-video-preview":"max-video-preview:-1"},"og_locale":"de_DE","og_type":"article","og_description":"M\u00f6chtest du uns helfen, f\u00fcr die Seehunde zu sorgen? Spende dann einen Eimer mit Fisch f\u00fcr 10 Euro. Schon jetzt einen riesigen Dank f\u00fcr deine Unterst\u00fctzung!","og_site_name":"Ecomare","article_publisher":"https:\/\/www.facebook.com\/beheerder.ecomaretexel\/","article_modified_time":"2026-02-17T15:43:41+00:00","og_image":[{"width":1080,"height":1080,"url":"https:\/\/www.ecomare.nl\/wp-content\/uploads\/2025\/12\/STM-juist-formaat-59.png","type":"image\/png"}],"twitter_card":"summary_large_image","twitter_site":"@ecomaretexel","twitter_misc":{"Est. reading time":"1 minute"},"schema":{"@context":"https:\/\/schema.org","@graph":[{"@type":"WebPage","@id":"https:\/\/www.ecomare.nl\/de\/unterstuetze-ecomare\/gib-einen-eimer-mit-fisch-2\/","url":"https:\/\/www.ecomare.nl\/de\/unterstuetze-ecomare\/gib-einen-eimer-mit-fisch-2\/","name":"Gib einen Eimer mit Fisch! - Ecomare","isPartOf":{"@id":"https:\/\/www.ecomare.nl\/#website"},"primaryImageOfPage":{"@id":"https:\/\/www.ecomare.nl\/de\/unterstuetze-ecomare\/gib-einen-eimer-mit-fisch-2\/#primaryimage"},"image":{"@id":"https:\/\/www.ecomare.nl\/de\/unterstuetze-ecomare\/gib-einen-eimer-mit-fisch-2\/#primaryimage"},"thumbnailUrl":"https:\/\/www.ecomare.nl\/wp-content\/uploads\/2025\/12\/STM-juist-formaat-59.png","datePublished":"2026-01-29T10:56:48+00:00","dateModified":"2026-02-17T15:43:41+00:00","description":"M\u00f6chtest du uns helfen, f\u00fcr die Seehunde zu sorgen? Spende dann einen Eimer mit Fisch f\u00fcr 10 Euro. Schon jetzt einen riesigen Dank f\u00fcr deine Unterst\u00fctzung!","breadcrumb":{"@id":"https:\/\/www.ecomare.nl\/de\/unterstuetze-ecomare\/gib-einen-eimer-mit-fisch-2\/#breadcrumb"},"inLanguage":"de-DE","potentialAction":[{"@type":"ReadAction","target":["https:\/\/www.ecomare.nl\/de\/unterstuetze-ecomare\/gib-einen-eimer-mit-fisch-2\/"]}]},{"@type":"ImageObject","inLanguage":"de-DE","@id":"https:\/\/www.ecomare.nl\/de\/unterstuetze-ecomare\/gib-einen-eimer-mit-fisch-2\/#primaryimage","url":"https:\/\/www.ecomare.nl\/wp-content\/uploads\/2025\/12\/STM-juist-formaat-59.png","contentUrl":"https:\/\/www.ecomare.nl\/wp-content\/uploads\/2025\/12\/STM-juist-formaat-59.png","width":1080,"height":1080},{"@type":"BreadcrumbList","@id":"https:\/\/www.ecomare.nl\/de\/unterstuetze-ecomare\/gib-einen-eimer-mit-fisch-2\/#breadcrumb","itemListElement":[{"@type":"ListItem","position":1,"name":"Home","item":"https:\/\/www.ecomare.nl\/de\/"},{"@type":"ListItem","position":2,"name":"Unterst\u00fctze Ecomare","item":"https:\/\/www.ecomare.nl\/de\/unterstuetze-ecomare\/"},{"@type":"ListItem","position":3,"name":"Gib einen Eimer mit Fisch!"}]},{"@type":"WebSite","@id":"https:\/\/www.ecomare.nl\/#website","url":"https:\/\/www.ecomare.nl\/","name":"Ecomare","description":"","potentialAction":[{"@type":"SearchAction","target":{"@type":"EntryPoint","urlTemplate":"https:\/\/www.ecomare.nl\/?s={search_term_string}"},"query-input":{"@type":"PropertyValueSpecification","valueRequired":true,"valueName":"search_term_string"}}],"inLanguage":"de-DE"}]}},"_links":{"self":[{"href":"https:\/\/www.ecomare.nl\/de\/wp-json\/wp\/v2\/pages\/26329","targetHints":{"allow":["GET"]}}],"collection":[{"href":"https:\/\/www.ecomare.nl\/de\/wp-json\/wp\/v2\/pages"}],"about":[{"href":"https:\/\/www.ecomare.nl\/de\/wp-json\/wp\/v2\/types\/page"}],"author":[{"embeddable":true,"href":"https:\/\/www.ecomare.nl\/de\/wp-json\/wp\/v2\/users\/84"}],"replies":[{"embeddable":true,"href":"https:\/\/www.ecomare.nl\/de\/wp-json\/wp\/v2\/comments?post=26329"}],"version-history":[{"count":2,"href":"https:\/\/www.ecomare.nl\/de\/wp-json\/wp\/v2\/pages\/26329\/revisions"}],"predecessor-version":[{"id":26706,"href":"https:\/\/www.ecomare.nl\/de\/wp-json\/wp\/v2\/pages\/26329\/revisions\/26706"}],"up":[{"embeddable":true,"href":"https:\/\/www.ecomare.nl\/de\/wp-json\/wp\/v2\/pages\/1711"}],"wp:featuredmedia":[{"embeddable":true,"href":"https:\/\/www.ecomare.nl\/de\/wp-json\/wp\/v2\/media\/26355"}],"wp:attachment":[{"href":"https:\/\/www.ecomare.nl\/de\/wp-json\/wp\/v2\/media?parent=26329"}],"wp:term":[{"taxonomy":"post_tag","embeddable":true,"href":"https:\/\/www.ecomare.nl\/de\/wp-json\/wp\/v2\/tags?post=26329"}],"curies":[{"name":"wp","href":"https:\/\/api.w.org\/{rel}","templated":true}]}}