{"id":3210,"date":"2017-05-29T12:11:12","date_gmt":"2017-05-29T10:11:12","guid":{"rendered":"https:\/\/tender-colden.109-235-78-20.plesk.page\/?page_id=3210\/"},"modified":"2017-05-29T12:11:12","modified_gmt":"2017-05-29T10:11:12","slug":"danke-sehr-fuer-deine-adoption-von-michael","status":"publish","type":"page","link":"https:\/\/www.ecomare.nl\/de\/danke-sehr-fuer-deine-adoption-von-michael\/","title":{"rendered":"Danke sehr f\u00fcr deine Adoption von Michael!"},"content":{"rendered":"<p>Wie sch\u00f6n, dass du Michael adoptieren m\u00f6chstest und uns somit hilfst, f\u00fcr die Schweinswale zu sorgen. Nach der Bezahlung senden wir dir das Foto und Informationen.<\/p>\n","protected":false},"excerpt":{"rendered":"<p>Wie sch\u00f6n, dass du Michael adoptieren m\u00f6chstest und uns somit hilfst, f\u00fcr die Schweinswale zu sorgen. Nach der Bezahlung senden wir dir das Foto und Informationen.<\/p>\n","protected":false},"author":1,"featured_media":0,"parent":0,"menu_order":0,"comment_status":"closed","ping_status":"closed","template":"page-templates\/content-overzicht.php","meta":{"_acf_changed":false,"footnotes":""},"tags":[],"class_list":["post-3210","page","type-page","status-publish","hentry"],"acf":[],"yoast_head":"<!-- This site is optimized with the Yoast SEO plugin v27.4 - https:\/\/yoast.com\/product\/yoast-seo-wordpress\/ -->\n<title>Danke sehr f\u00fcr deine Adoption von Michael! - Ecomare<\/title>\n<meta name=\"robots\" content=\"noindex, nofollow\" \/>\n<meta property=\"og:locale\" content=\"de_DE\" \/>\n<meta property=\"og:type\" content=\"article\" \/>\n<meta property=\"og:description\" content=\"Wie sch\u00f6n, dass du Michael adoptieren m\u00f6chstest und uns somit hilfst, f\u00fcr die Schweinswale zu sorgen. Nach der Bezahlung senden wir dir das Foto und Informationen.\" \/>\n<meta property=\"og:site_name\" content=\"Ecomare\" \/>\n<meta property=\"article:publisher\" content=\"https:\/\/www.facebook.com\/beheerder.ecomaretexel\/\" \/>\n<meta name=\"twitter:card\" content=\"summary_large_image\" \/>\n<meta name=\"twitter:site\" content=\"@ecomaretexel\" \/>\n<script type=\"application\/ld+json\" class=\"yoast-schema-graph\">{\"@context\":\"https:\\\/\\\/schema.org\",\"@graph\":[{\"@type\":\"WebPage\",\"@id\":\"https:\\\/\\\/www.ecomare.nl\\\/?page_id=3051\",\"url\":\"https:\\\/\\\/www.ecomare.nl\\\/?page_id=3051\",\"name\":\"Danke sehr f\u00fcr deine Adoption von Michael! - Ecomare\",\"isPartOf\":{\"@id\":\"https:\\\/\\\/www.ecomare.nl\\\/#website\"},\"datePublished\":\"2017-05-29T10:11:12+00:00\",\"breadcrumb\":{\"@id\":\"https:\\\/\\\/www.ecomare.nl\\\/?page_id=3051#breadcrumb\"},\"inLanguage\":\"de-DE\",\"potentialAction\":[{\"@type\":\"ReadAction\",\"target\":[\"https:\\\/\\\/www.ecomare.nl\\\/?page_id=3051\"]}]},{\"@type\":\"BreadcrumbList\",\"@id\":\"https:\\\/\\\/www.ecomare.nl\\\/?page_id=3051#breadcrumb\",\"itemListElement\":[{\"@type\":\"ListItem\",\"position\":1,\"name\":\"Home\",\"item\":\"https:\\\/\\\/www.ecomare.nl\\\/de\\\/\"},{\"@type\":\"ListItem\",\"position\":2,\"name\":\"Danke sehr f\u00fcr deine Adoption von Michael!\"}]},{\"@type\":\"WebSite\",\"@id\":\"https:\\\/\\\/www.ecomare.nl\\\/#website\",\"url\":\"https:\\\/\\\/www.ecomare.nl\\\/\",\"name\":\"Ecomare\",\"description\":\"\",\"potentialAction\":[{\"@type\":\"SearchAction\",\"target\":{\"@type\":\"EntryPoint\",\"urlTemplate\":\"https:\\\/\\\/www.ecomare.nl\\\/?s={search_term_string}\"},\"query-input\":{\"@type\":\"PropertyValueSpecification\",\"valueRequired\":true,\"valueName\":\"search_term_string\"}}],\"inLanguage\":\"de-DE\"}]}<\/script>\n<!-- \/ Yoast SEO plugin. -->","yoast_head_json":{"title":"Danke sehr f\u00fcr deine Adoption von Michael! - Ecomare","robots":{"index":"noindex","follow":"nofollow"},"og_locale":"de_DE","og_type":"article","og_description":"Wie sch\u00f6n, dass du Michael adoptieren m\u00f6chstest und uns somit hilfst, f\u00fcr die Schweinswale zu sorgen. Nach der Bezahlung senden wir dir das Foto und Informationen.","og_site_name":"Ecomare","article_publisher":"https:\/\/www.facebook.com\/beheerder.ecomaretexel\/","twitter_card":"summary_large_image","twitter_site":"@ecomaretexel","schema":{"@context":"https:\/\/schema.org","@graph":[{"@type":"WebPage","@id":"https:\/\/www.ecomare.nl\/?page_id=3051","url":"https:\/\/www.ecomare.nl\/?page_id=3051","name":"Danke sehr f\u00fcr deine Adoption von Michael! - Ecomare","isPartOf":{"@id":"https:\/\/www.ecomare.nl\/#website"},"datePublished":"2017-05-29T10:11:12+00:00","breadcrumb":{"@id":"https:\/\/www.ecomare.nl\/?page_id=3051#breadcrumb"},"inLanguage":"de-DE","potentialAction":[{"@type":"ReadAction","target":["https:\/\/www.ecomare.nl\/?page_id=3051"]}]},{"@type":"BreadcrumbList","@id":"https:\/\/www.ecomare.nl\/?page_id=3051#breadcrumb","itemListElement":[{"@type":"ListItem","position":1,"name":"Home","item":"https:\/\/www.ecomare.nl\/de\/"},{"@type":"ListItem","position":2,"name":"Danke sehr f\u00fcr deine Adoption von Michael!"}]},{"@type":"WebSite","@id":"https:\/\/www.ecomare.nl\/#website","url":"https:\/\/www.ecomare.nl\/","name":"Ecomare","description":"","potentialAction":[{"@type":"SearchAction","target":{"@type":"EntryPoint","urlTemplate":"https:\/\/www.ecomare.nl\/?s={search_term_string}"},"query-input":{"@type":"PropertyValueSpecification","valueRequired":true,"valueName":"search_term_string"}}],"inLanguage":"de-DE"}]}},"_links":{"self":[{"href":"https:\/\/www.ecomare.nl\/de\/wp-json\/wp\/v2\/pages\/3210","targetHints":{"allow":["GET"]}}],"collection":[{"href":"https:\/\/www.ecomare.nl\/de\/wp-json\/wp\/v2\/pages"}],"about":[{"href":"https:\/\/www.ecomare.nl\/de\/wp-json\/wp\/v2\/types\/page"}],"author":[{"embeddable":true,"href":"https:\/\/www.ecomare.nl\/de\/wp-json\/wp\/v2\/users\/1"}],"replies":[{"embeddable":true,"href":"https:\/\/www.ecomare.nl\/de\/wp-json\/wp\/v2\/comments?post=3210"}],"version-history":[{"count":0,"href":"https:\/\/www.ecomare.nl\/de\/wp-json\/wp\/v2\/pages\/3210\/revisions"}],"wp:attachment":[{"href":"https:\/\/www.ecomare.nl\/de\/wp-json\/wp\/v2\/media?parent=3210"}],"wp:term":[{"taxonomy":"post_tag","embeddable":true,"href":"https:\/\/www.ecomare.nl\/de\/wp-json\/wp\/v2\/tags?post=3210"}],"curies":[{"name":"wp","href":"https:\/\/api.w.org\/{rel}","templated":true}]}}