{"id":3229,"date":"2017-05-29T12:36:55","date_gmt":"2017-05-29T10:36:55","guid":{"rendered":"https:\/\/tender-colden.109-235-78-20.plesk.page\/?page_id=3229\/"},"modified":"2017-06-07T15:59:07","modified_gmt":"2017-06-07T13:59:07","slug":"willkommen-bei-ecomare","status":"publish","type":"page","link":"https:\/\/www.ecomare.nl\/de\/besuche-ecomare\/kauf-deine-tickets-3\/willkommen-bei-ecomare\/","title":{"rendered":"Wir m\u00f6chten Sie herzlich Willkommen bei Ecomare!"},"content":{"rendered":"<p>Du hast gerade Eintrittskarten f\u00fcr Ecomare gekauft. Das System wird den Auftrag so schnell wie m\u00f6glich bearbeiten.<\/p>\n","protected":false},"excerpt":{"rendered":"<p>Du hast gerade Eintrittskarten f\u00fcr Ecomare gekauft. Das System wird den Auftrag so schnell wie m\u00f6glich bearbeiten.<\/p>\n","protected":false},"author":1,"featured_media":0,"parent":2932,"menu_order":0,"comment_status":"closed","ping_status":"closed","template":"page-templates\/content-overzicht.php","meta":{"_acf_changed":false,"footnotes":""},"tags":[],"class_list":["post-3229","page","type-page","status-publish","hentry"],"acf":[],"yoast_head":"<!-- This site is optimized with the Yoast SEO plugin v27.5 - https:\/\/yoast.com\/product\/yoast-seo-wordpress\/ -->\n<title>Wir m\u00f6chten Sie herzlich Willkommen bei Ecomare! - Ecomare<\/title>\n<meta name=\"robots\" content=\"index, nofollow, max-snippet:-1, max-image-preview:large, max-video-preview:-1\" \/>\n<meta property=\"og:locale\" content=\"de_DE\" \/>\n<meta property=\"og:type\" content=\"article\" \/>\n<meta property=\"og:description\" content=\"Du hast gerade Eintrittskarten f\u00fcr Ecomare gekauft. Das System wird den Auftrag so schnell wie m\u00f6glich bearbeiten.\" \/>\n<meta property=\"og:site_name\" content=\"Ecomare\" \/>\n<meta property=\"article:publisher\" content=\"https:\/\/www.facebook.com\/beheerder.ecomaretexel\/\" \/>\n<meta property=\"article:modified_time\" content=\"2017-06-07T13:59:07+00:00\" \/>\n<meta name=\"twitter:card\" content=\"summary_large_image\" \/>\n<meta name=\"twitter:site\" content=\"@ecomaretexel\" \/>\n<script type=\"application\/ld+json\" class=\"yoast-schema-graph\">{\"@context\":\"https:\\\/\\\/schema.org\",\"@graph\":[{\"@type\":\"WebPage\",\"@id\":\"https:\\\/\\\/www.ecomare.nl\\\/plan\\\/tickets-3\\\/bedankpagina-kaartjes\\\/\",\"url\":\"https:\\\/\\\/www.ecomare.nl\\\/plan\\\/tickets-3\\\/bedankpagina-kaartjes\\\/\",\"name\":\"Wir m\u00f6chten Sie herzlich Willkommen bei Ecomare! - Ecomare\",\"isPartOf\":{\"@id\":\"https:\\\/\\\/www.ecomare.nl\\\/#website\"},\"datePublished\":\"2017-05-29T10:36:55+00:00\",\"dateModified\":\"2017-06-07T13:59:07+00:00\",\"breadcrumb\":{\"@id\":\"https:\\\/\\\/www.ecomare.nl\\\/plan\\\/tickets-3\\\/bedankpagina-kaartjes\\\/#breadcrumb\"},\"inLanguage\":\"de-DE\",\"potentialAction\":[{\"@type\":\"ReadAction\",\"target\":[\"https:\\\/\\\/www.ecomare.nl\\\/plan\\\/tickets-3\\\/bedankpagina-kaartjes\\\/\"]}]},{\"@type\":\"BreadcrumbList\",\"@id\":\"https:\\\/\\\/www.ecomare.nl\\\/plan\\\/tickets-3\\\/bedankpagina-kaartjes\\\/#breadcrumb\",\"itemListElement\":[{\"@type\":\"ListItem\",\"position\":1,\"name\":\"Home\",\"item\":\"https:\\\/\\\/www.ecomare.nl\\\/de\\\/\"},{\"@type\":\"ListItem\",\"position\":2,\"name\":\"Besuche Ecomare auf Texel\",\"item\":\"https:\\\/\\\/www.ecomare.nl\\\/de\\\/besuche-ecomare\\\/\"},{\"@type\":\"ListItem\",\"position\":3,\"name\":\"Kaufe deine Tickets\",\"item\":\"https:\\\/\\\/www.ecomare.nl\\\/?page_id=24\"},{\"@type\":\"ListItem\",\"position\":4,\"name\":\"Wir m\u00f6chten Sie herzlich Willkommen bei Ecomare!\"}]},{\"@type\":\"WebSite\",\"@id\":\"https:\\\/\\\/www.ecomare.nl\\\/#website\",\"url\":\"https:\\\/\\\/www.ecomare.nl\\\/\",\"name\":\"Ecomare\",\"description\":\"\",\"potentialAction\":[{\"@type\":\"SearchAction\",\"target\":{\"@type\":\"EntryPoint\",\"urlTemplate\":\"https:\\\/\\\/www.ecomare.nl\\\/?s={search_term_string}\"},\"query-input\":{\"@type\":\"PropertyValueSpecification\",\"valueRequired\":true,\"valueName\":\"search_term_string\"}}],\"inLanguage\":\"de-DE\"}]}<\/script>\n<!-- \/ Yoast SEO plugin. -->","yoast_head_json":{"title":"Wir m\u00f6chten Sie herzlich Willkommen bei Ecomare! - Ecomare","robots":{"index":"index","follow":"nofollow","max-snippet":"max-snippet:-1","max-image-preview":"max-image-preview:large","max-video-preview":"max-video-preview:-1"},"og_locale":"de_DE","og_type":"article","og_description":"Du hast gerade Eintrittskarten f\u00fcr Ecomare gekauft. Das System wird den Auftrag so schnell wie m\u00f6glich bearbeiten.","og_site_name":"Ecomare","article_publisher":"https:\/\/www.facebook.com\/beheerder.ecomaretexel\/","article_modified_time":"2017-06-07T13:59:07+00:00","twitter_card":"summary_large_image","twitter_site":"@ecomaretexel","schema":{"@context":"https:\/\/schema.org","@graph":[{"@type":"WebPage","@id":"https:\/\/www.ecomare.nl\/plan\/tickets-3\/bedankpagina-kaartjes\/","url":"https:\/\/www.ecomare.nl\/plan\/tickets-3\/bedankpagina-kaartjes\/","name":"Wir m\u00f6chten Sie herzlich Willkommen bei Ecomare! - Ecomare","isPartOf":{"@id":"https:\/\/www.ecomare.nl\/#website"},"datePublished":"2017-05-29T10:36:55+00:00","dateModified":"2017-06-07T13:59:07+00:00","breadcrumb":{"@id":"https:\/\/www.ecomare.nl\/plan\/tickets-3\/bedankpagina-kaartjes\/#breadcrumb"},"inLanguage":"de-DE","potentialAction":[{"@type":"ReadAction","target":["https:\/\/www.ecomare.nl\/plan\/tickets-3\/bedankpagina-kaartjes\/"]}]},{"@type":"BreadcrumbList","@id":"https:\/\/www.ecomare.nl\/plan\/tickets-3\/bedankpagina-kaartjes\/#breadcrumb","itemListElement":[{"@type":"ListItem","position":1,"name":"Home","item":"https:\/\/www.ecomare.nl\/de\/"},{"@type":"ListItem","position":2,"name":"Besuche Ecomare auf Texel","item":"https:\/\/www.ecomare.nl\/de\/besuche-ecomare\/"},{"@type":"ListItem","position":3,"name":"Kaufe deine Tickets","item":"https:\/\/www.ecomare.nl\/?page_id=24"},{"@type":"ListItem","position":4,"name":"Wir m\u00f6chten Sie herzlich Willkommen bei Ecomare!"}]},{"@type":"WebSite","@id":"https:\/\/www.ecomare.nl\/#website","url":"https:\/\/www.ecomare.nl\/","name":"Ecomare","description":"","potentialAction":[{"@type":"SearchAction","target":{"@type":"EntryPoint","urlTemplate":"https:\/\/www.ecomare.nl\/?s={search_term_string}"},"query-input":{"@type":"PropertyValueSpecification","valueRequired":true,"valueName":"search_term_string"}}],"inLanguage":"de-DE"}]}},"_links":{"self":[{"href":"https:\/\/www.ecomare.nl\/de\/wp-json\/wp\/v2\/pages\/3229","targetHints":{"allow":["GET"]}}],"collection":[{"href":"https:\/\/www.ecomare.nl\/de\/wp-json\/wp\/v2\/pages"}],"about":[{"href":"https:\/\/www.ecomare.nl\/de\/wp-json\/wp\/v2\/types\/page"}],"author":[{"embeddable":true,"href":"https:\/\/www.ecomare.nl\/de\/wp-json\/wp\/v2\/users\/1"}],"replies":[{"embeddable":true,"href":"https:\/\/www.ecomare.nl\/de\/wp-json\/wp\/v2\/comments?post=3229"}],"version-history":[{"count":0,"href":"https:\/\/www.ecomare.nl\/de\/wp-json\/wp\/v2\/pages\/3229\/revisions"}],"up":[{"embeddable":true,"href":"https:\/\/www.ecomare.nl\/de\/wp-json\/wp\/v2\/pages\/2932"}],"wp:attachment":[{"href":"https:\/\/www.ecomare.nl\/de\/wp-json\/wp\/v2\/media?parent=3229"}],"wp:term":[{"taxonomy":"post_tag","embeddable":true,"href":"https:\/\/www.ecomare.nl\/de\/wp-json\/wp\/v2\/tags?post=3229"}],"curies":[{"name":"wp","href":"https:\/\/api.w.org\/{rel}","templated":true}]}}