{"id":3490,"date":"2017-05-30T10:56:50","date_gmt":"2017-05-30T08:56:50","guid":{"rendered":"https:\/\/tender-colden.109-235-78-20.plesk.page\/?page_id=3490\/"},"modified":"2025-01-24T09:16:22","modified_gmt":"2025-01-24T08:16:22","slug":"sponsoren","status":"publish","type":"page","link":"https:\/\/www.ecomare.nl\/de\/unterstuetze-ecomare\/sponsoring\/sponsoren\/","title":{"rendered":"Sponsoren"},"content":{"rendered":"<p><b>Ecomare erh\u00e4lt keine strukturellen Subventionen, es ist komplett abh\u00e4ngig von den Einnahmen aus Eintrittsgeldern sowie Aktivit\u00e4ten, Projektf\u00f6rderungen, Spenden und Schenkungen. Gl\u00fccklicherweise sind viele Betriebe und Privatpersonen bereit, zu helfen! Die folgenden Sponsoren nennen wir beim Namen, aber wir sind auch den Menschen, die kleinere Betr\u00e4ge geben, sehr dankbar.<\/b><\/p>\n<table style=\"height: 292px;\" width=\"682\">\n<tbody>\n<tr style=\"height: 21px;\">\n<td style=\"height: 21px; width: 33%;\"><a href=\"https:\/\/www.bouhofhoreca.nl\/\" target=\"_blank\" rel=\"noopener\">Bouhof<\/a><\/td>\n<td style=\"height: 21px; width: 33%;\"><a href=\"https:\/\/www.bravilor.com\/nl-nl\/\" target=\"_blank\" rel=\"noopener\">Bravilor Bonamat<\/a><\/td>\n<td style=\"height: 21px; width: 33%;\"><a href=\"https:\/\/www.venturasystems.com\/\" target=\"_blank\" rel=\"noopener\">Ventura Systems<\/a><\/td>\n<\/tr>\n<tr style=\"height: 21px;\">\n<td style=\"height: 21px; width: 33%;\"><a href=\"https:\/\/www.eudonet.com\/nl\/\" target=\"_blank\" rel=\"noopener\">Eudonet<\/a><\/td>\n<td style=\"height: 21px; width: 33%;\"><a href=\"https:\/\/www.auxiliumcaritas.com\/\" target=\"_blank\" rel=\"noopener\">Stichting Auxilium Caritas Foundation<\/a><\/td>\n<td style=\"height: 21px; width: 33%;\"><a href=\"https:\/\/www.krim.nl\/\" target=\"_blank\" rel=\"noopener\">De Krim Texel<\/a><\/td>\n<\/tr>\n<tr style=\"height: 21px;\">\n<td style=\"height: 21px; width: 33%;\"><a href=\"https:\/\/www.detexelseslijterij.nl\/\" target=\"_blank\" rel=\"noopener\">De Texelse Slijterij<\/a><\/td>\n<td style=\"height: 21px; width: 33%;\"><a href=\"https:\/\/energyproof.nl\/\" target=\"_blank\" rel=\"noopener\">EnergyProof<\/a><\/td>\n<td style=\"height: 21px; width: 33%;\"><a href=\"https:\/\/expotise.nl\/\" target=\"_blank\" rel=\"noopener\">Expotise<\/a><\/td>\n<\/tr>\n<tr style=\"height: 21px;\">\n<td style=\"height: 21px; width: 33%;\"><a href=\"https:\/\/unisol.nl\/\" target=\"_blank\" rel=\"noopener\">Unisol Paneel<\/a><\/td>\n<td style=\"height: 21px; width: 33%;\"><a href=\"https:\/\/www.texel.nl\/\" target=\"_blank\" rel=\"noopener\">Gemeente Texel<\/a><\/td>\n<td style=\"height: 21px; width: 33%;\"><a href=\"https:\/\/www.google.com\/intl\/nl_nl\/grants\/\" target=\"_blank\" rel=\"noopener\">Google Grants<\/a><\/td>\n<\/tr>\n<tr style=\"height: 21px;\">\n<td style=\"height: 21px; width: 33%;\"><a href=\"https:\/\/www.lenr.nl\/\" target=\"_blank\" rel=\"noopener\">Langeveld en de Rooy<\/a><\/td>\n<td style=\"height: 21px; width: 33%;\"><a href=\"https:\/\/www.joheath.com\/\" target=\"_blank\" rel=\"noopener\">JoHeath<\/a><\/td>\n<td style=\"height: 21px; width: 33%;\"><a href=\"https:\/\/www.mondriaanfonds.nl\/\" target=\"_blank\" rel=\"noopener\">Mondriaan Fonds<\/a><\/td>\n<\/tr>\n<tr style=\"height: 21px;\">\n<td style=\"height: 21px; width: 33%;\"><a href=\"http:\/\/www.310320.com\/\" target=\"_blank\" rel=\"noopener\">Stiehl<\/a><\/td>\n<td style=\"height: 21px; width: 33%;\"><a href=\"https:\/\/www.nioz.nl\/en\" target=\"_blank\" rel=\"noopener\">NIOZ<\/a><\/td>\n<td style=\"height: 21px; width: 33%;\"><a href=\"https:\/\/opmeerbv.nl\/\" target=\"_blank\" rel=\"noopener\">Opmeer Drukkerij BV<\/a><\/td>\n<\/tr>\n<tr style=\"height: 21px;\">\n<td style=\"height: 21px; width: 33%;\"><a href=\"https:\/\/www.pp-group.nl\/nl-nl\/\" target=\"_blank\" rel=\"noopener\">Parlevliet &amp; van der Plas B.V.<\/a><\/td>\n<td style=\"height: 21px; width: 33%;\"><a href=\"https:\/\/polybouwkeijser.nl\/\" target=\"_blank\" rel=\"noopener\">Polybouw Keijser<\/a><\/td>\n<td style=\"height: 21px; width: 33%;\"><a href=\"https:\/\/www.cultuurfonds.nl\/\" target=\"_blank\" rel=\"noopener\">Cultuurfonds<\/a><\/td>\n<\/tr>\n<tr style=\"height: 21px;\">\n<td style=\"height: 21px; width: 33%;\"><a href=\"https:\/\/www.triodosfoundation.nl\/\" target=\"_blank\" rel=\"noopener\">Triodos Foundation<\/a><\/td>\n<td style=\"height: 21px; width: 33%;\"><a href=\"https:\/\/www.onventis.nl\/software\/buyer\/\" target=\"_blank\" rel=\"noopener\">Onventis<\/a><\/td>\n<td style=\"height: 21px; width: 33%;\"><a href=\"https:\/\/mantjestore.nl\/\" target=\"_blank\" rel=\"noopener\">Mantje Texel<\/a><\/td>\n<\/tr>\n<tr style=\"height: 21px;\">\n<td style=\"height: 21px; width: 33%;\"><a href=\"https:\/\/www.bouwbedrijftexel.nl\/\" target=\"_blank\" rel=\"noopener\">Bouw- en Timmerbedrijf Texel<\/a><\/td>\n<td style=\"height: 21px; width: 33%;\"><a href=\"http:\/\/lionstexel.nl\/\" target=\"_blank\" rel=\"noopener\">Lions Texel<\/a><\/td>\n<td style=\"height: 21px; width: 33%;\"><a href=\"https:\/\/www.dier.nu\/\" target=\"_blank\" rel=\"noopener\">Stichting Dierenlot<\/a><\/td>\n<\/tr>\n<tr style=\"height: 21px;\">\n<td style=\"height: 21px; width: 33%;\"><a href=\"https:\/\/www.stiftexel.nl\/\" target=\"_blank\" rel=\"noopener\">STIFTexel<\/a><\/td>\n<td style=\"height: 21px; width: 33%;\"><a href=\"http:\/\/nijdier.nl\/\" target=\"_blank\" rel=\"noopener\">Stichting Nijdier<\/a><\/td>\n<td style=\"height: 21px; width: 33%;\"><a href=\"https:\/\/www.teso.nl\/\" target=\"_blank\" rel=\"noopener\">TESO<\/a><\/td>\n<\/tr>\n<tr style=\"height: 21px;\">\n<td style=\"height: 21px; width: 33%;\">Tessel Invest BV<\/td>\n<td style=\"height: 21px; width: 33%;\"><a href=\"https:\/\/www.texelfonds.nl\/\" target=\"_blank\" rel=\"noopener\">Texelfonds<\/a><\/td>\n<td style=\"height: 21px; width: 33%;\"><a href=\"https:\/\/kbs-frb.be\/nl\" target=\"_blank\" rel=\"noopener\">Koning Boudewijnstichting<\/a><\/td>\n<\/tr>\n<tr style=\"height: 21px;\">\n<td style=\"height: 21px; width: 33%;\"><a href=\"https:\/\/www.tiktak-segafredo.nl\/\" target=\"_blank\" rel=\"noopener\">Tiktak\/Segafredo Zanetti<\/a><\/td>\n<td style=\"height: 21px; width: 33%;\"><a href=\"https:\/\/fondsnme.nl\/\" target=\"_blank\" rel=\"noopener\">Fonds NME<\/a><\/td>\n<td style=\"height: 21px; width: 33%;\"><a href=\"https:\/\/www.unit4.com\/nl\" target=\"_blank\" rel=\"noopener\">Unit 4<\/a><\/td>\n<\/tr>\n<tr style=\"height: 21px;\">\n<td style=\"height: 21px; width: 33%;\"><a href=\"https:\/\/www.vriendenloterij.nl\/over\/goede-doelen?pagenumber=1&amp;gclid=EAIaIQobChMIrdjutsbM8wIVyeR3Ch30ggDlEAAYASAAEgJ0h_D_BwE&amp;gclsrc=aw.ds&amp;-header-2-area1-0pagenumber=1\" target=\"_blank\" rel=\"noopener\">Vriendenloterij<\/a><\/td>\n<td style=\"height: 21px; width: 33%;\"><a href=\"https:\/\/www.feenstra-dakbedekking.nl\/\" target=\"_blank\" rel=\"noopener\">Feenstra dakbedekking<\/a><\/td>\n<td style=\"height: 21px; width: 33%;\">Veth Investments<\/td>\n<\/tr>\n<tr style=\"height: 21px;\">\n<td style=\"height: 21px; width: 33%;\"><a href=\"https:\/\/videolux.nl\/\" target=\"_blank\" rel=\"noopener\">Videolux<\/a><\/td>\n<td style=\"height: 21px; width: 33%;\"><a href=\"https:\/\/www.ecomare.nl\/steun\/word-vriend\/\" target=\"_blank\" rel=\"noopener\">Vrienden van Ecomare<\/a><\/td>\n<td style=\"height: 21px; width: 33%;\"><a href=\"https:\/\/waddenfonds.nl\/\" target=\"_blank\" rel=\"noopener\">Waddenfonds<\/a><\/td>\n<\/tr>\n<tr style=\"height: 21px;\">\n<td style=\"height: 21px; width: 33%;\"><a href=\"https:\/\/eriks.nl\/nl\/\" target=\"_blank\" rel=\"noopener\">ERIKS BV<\/a><\/td>\n<td style=\"height: 21px; width: 33%;\"><a href=\"https:\/\/www.widenhorn.nl\/\" target=\"_blank\" rel=\"noopener\">Widenhorn<\/a><\/td>\n<td style=\"height: 21px; width: 33%;\"><a href=\"https:\/\/www.wissel.nl\/\" target=\"_blank\" rel=\"noopener\">Wissel.nl<\/a><\/td>\n<\/tr>\n<tr style=\"height: 21px;\">\n<td style=\"height: 21px; width: 33%;\"><a href=\"https:\/\/ziltezaken.nl\/\" target=\"_blank\" rel=\"noopener\">Zilte Zaken<\/a><\/td>\n<td style=\"height: 21px; width: 33%;\"><a href=\"https:\/\/ticketcounter.nl\/\" target=\"_blank\" rel=\"noopener\">Ticketcounter<\/a><\/td>\n<td style=\"height: 21px; width: 33%;\"><a href=\"https:\/\/www.bruuzertexel.nl\/\" target=\"_blank\" rel=\"noopener\">Bruuzer Texel<\/a><\/td>\n<\/tr>\n<tr style=\"height: 21px;\">\n<td style=\"height: 21px; width: 33%;\"><a href=\"https:\/\/www.smartphoto.nl\/\" target=\"_blank\" rel=\"noopener\">Smartphoto<\/a><\/td>\n<td style=\"height: 21px; width: 33%;\"><a href=\"https:\/\/www.texels.nl\" target=\"_blank\" rel=\"noopener\">Texelse Bierbrouwerij<\/a><\/td>\n<td style=\"height: 21px; width: 33%;\"><a href=\"https:\/\/deko-alarm.nl\/\" target=\"_blank\" rel=\"noopener\">Deko Alarm &amp; Beveiligingstechniek<\/a><\/td>\n<\/tr>\n<tr style=\"height: 21px;\">\n<td style=\"height: 21px; width: 33%;\"><a href=\"https:\/\/www.deschuimlikkers.nl\/Over-ons\/\">Carnavalsvereniging De Schuimlikkers<\/a><\/td>\n<td style=\"height: 21px; width: 33%;\"><a href=\"https:\/\/www.eijsink.nl\/\" target=\"_blank\" rel=\"noopener\">Eijsink<\/a><\/td>\n<td style=\"height: 21px; width: 33%;\"><a href=\"https:\/\/www.ksp-kunstgras.nl\/\" target=\"_blank\" rel=\"noopener\">KSP Kunstgras<\/a><\/td>\n<\/tr>\n<tr style=\"height: 21px;\">\n<td style=\"height: 21px; width: 33%;\"><a href=\"https:\/\/herculesspeeltoestellen.nl\/?utm_source=bing&amp;utm_medium=cpc&amp;utm_campaign=Brand&amp;utm_term=hercules%20speeltoestellen&amp;utm_content=brand\" target=\"_blank\" rel=\"noopener\">Hercules Speeltoestellen<\/a><\/td>\n<td style=\"height: 21px; width: 33%;\"><a href=\"http:\/\/www.transitio.nl\" target=\"_blank\" rel=\"noopener\">Transitio<\/a><\/td>\n<td style=\"height: 21px; width: 33%;\"><a href=\"https:\/\/www.spinnerlangkous.nl\/\" target=\"_blank\" rel=\"noopener\">Spinner &amp; Langkous<\/a><\/td>\n<\/tr>\n<tr style=\"height: 21px;\">\n<td style=\"height: 21px; width: 33%;\"><a href=\"https:\/\/www.motivaction.nl\/\" target=\"_blank\" rel=\"noopener\">Motivaction<\/a><\/td>\n<td style=\"height: 21px; width: 33%;\"><a href=\"https:\/\/www.schroders.com\/en-lu\/lu\/individual\/\" target=\"_blank\" rel=\"noopener\">Schr\u00f6ders<\/a><\/td>\n<td style=\"height: 21px; width: 33%;\"><a href=\"https:\/\/www.natuurfotografie.nl\/\" target=\"_blank\" rel=\"noopener\">Pixfactory<\/a><\/td>\n<\/tr>\n<tr style=\"height: 21px;\">\n<td style=\"height: 21px; width: 33%;\"><a href=\"https:\/\/www.dejongursem.nl\/\" target=\"_blank\" rel=\"noopener\">De Jong Ursem<\/a><\/td>\n<td style=\"height: 21px; width: 33%;\"><a href=\"https:\/\/bruynzeel-storage.nl\/\" target=\"_blank\" rel=\"noopener\">Bruynzeel Storage Systems<\/a><\/td>\n<td style=\"height: 21px; width: 33%;\"><a href=\"https:\/\/www.bouwbedrijfappelman.nl\/\" target=\"_blank\" rel=\"noopener\">Bouwbedrijf Appelman<\/a><\/td>\n<\/tr>\n<tr style=\"height: 21px;\">\n<td style=\"height: 21px; width: 33%;\"><a href=\"https:\/\/www.beta-industrie.nl\/\" target=\"_blank\" rel=\"noopener\">B\u00c8TA industrie<\/a><\/td>\n<td style=\"height: 21px; width: 33%;\"><a href=\"https:\/\/www.acsi.eu\/nl\/\">Stichting ACSI Charity Foundation<\/a><\/td>\n<td style=\"height: 21px; width: 33%;\"><a href=\"http:\/\/nijdier.nl\/\" target=\"_blank\" rel=\"noopener\">Stichting Nijdier<\/a><\/td>\n<\/tr>\n<tr style=\"height: 21px;\">\n<td style=\"height: 21px; width: 33%;\"><a href=\"https:\/\/www.bylandtstichting.nl\/\" target=\"_blank\" rel=\"noopener\">Gravin van Bylandt Stichting<\/a><\/td>\n<td style=\"height: 21px; width: 33%;\"><a href=\"https:\/\/www.bureau-baek.nl\/\" target=\"_blank\" rel=\"noopener\">Bureau Baek<\/a><\/td>\n<td style=\"height: 21px; width: 33%;\"><a title=\"https:\/\/www.aardingenbliksem.nl\/\" href=\"https:\/\/www.aardingenbliksem.nl\/\" target=\"_blank\" rel=\"noopener\" data-outlook-id=\"8ad244bd-1da4-4de8-baeb-fb6edebb6824\">Boomgaard BV<\/a><\/td>\n<\/tr>\n<tr style=\"height: 21px;\">\n<td style=\"height: 21px; width: 33%;\"><a title=\"https:\/\/www.cvi-texel.nl\/\" href=\"https:\/\/www.cvi-texel.nl\/\" target=\"_blank\" rel=\"noopener\" data-outlook-id=\"21a05499-482b-47a0-9839-54e557a5422d\">CVI Texel<\/a><\/td>\n<td style=\"height: 21px; width: 33%;\"><\/td>\n<td style=\"height: 21px; width: 33%;\"><\/td>\n<\/tr>\n<\/tbody>\n<\/table>\n<p>&nbsp;<\/p>\n","protected":false},"excerpt":{"rendered":"<p>Ecomare erh\u00e4lt keine strukturellen Subventionen, es ist komplett abh\u00e4ngig von den Einnahmen aus Eintrittsgeldern.<\/p>\n","protected":false},"author":1,"featured_media":2424,"parent":1825,"menu_order":90,"comment_status":"closed","ping_status":"closed","template":"page-templates\/content-overzicht.php","meta":{"_acf_changed":false,"footnotes":""},"tags":[],"class_list":["post-3490","page","type-page","status-publish","has-post-thumbnail","hentry"],"acf":[],"yoast_head":"<!-- This site is optimized with the Yoast SEO plugin v27.3 - https:\/\/yoast.com\/product\/yoast-seo-wordpress\/ -->\n<title>Sponsoren - Ecomare<\/title>\n<meta name=\"description\" content=\"Ecomare erh\u00e4lt keine strukturellen Subventionen, es ist komplett abh\u00e4ngig von den Einnahmen aus Eintrittsgeldern.\" \/>\n<meta name=\"robots\" content=\"index, follow, max-snippet:-1, max-image-preview:large, max-video-preview:-1\" \/>\n<meta property=\"og:locale\" content=\"de_DE\" \/>\n<meta property=\"og:type\" content=\"article\" \/>\n<meta property=\"og:description\" content=\"Ecomare erh\u00e4lt keine strukturellen Subventionen, es ist komplett abh\u00e4ngig von den Einnahmen aus Eintrittsgeldern.\" \/>\n<meta property=\"og:site_name\" content=\"Ecomare\" \/>\n<meta property=\"article:publisher\" content=\"https:\/\/www.facebook.com\/beheerder.ecomaretexel\/\" \/>\n<meta property=\"article:modified_time\" content=\"2025-01-24T08:16:22+00:00\" \/>\n<meta property=\"og:image\" content=\"https:\/\/www.ecomare.nl\/wp-content\/uploads\/2017\/04\/opvang-gewone-zeehond-6962-sw.jpg\" \/>\n\t<meta property=\"og:image:width\" content=\"850\" \/>\n\t<meta property=\"og:image:height\" content=\"531\" \/>\n\t<meta property=\"og:image:type\" content=\"image\/jpeg\" \/>\n<meta name=\"twitter:card\" content=\"summary_large_image\" \/>\n<meta name=\"twitter:site\" content=\"@ecomaretexel\" \/>\n<meta name=\"twitter:label1\" content=\"Est. reading time\" \/>\n\t<meta name=\"twitter:data1\" content=\"2 minutes\" \/>\n<script type=\"application\/ld+json\" class=\"yoast-schema-graph\">{\"@context\":\"https:\\\/\\\/schema.org\",\"@graph\":[{\"@type\":\"WebPage\",\"@id\":\"https:\\\/\\\/www.ecomare.nl\\\/de\\\/unterstuetze-ecomare\\\/sponsoring\\\/sponsoren\\\/\",\"url\":\"https:\\\/\\\/www.ecomare.nl\\\/de\\\/unterstuetze-ecomare\\\/sponsoring\\\/sponsoren\\\/\",\"name\":\"Sponsoren - Ecomare\",\"isPartOf\":{\"@id\":\"https:\\\/\\\/www.ecomare.nl\\\/#website\"},\"primaryImageOfPage\":{\"@id\":\"https:\\\/\\\/www.ecomare.nl\\\/de\\\/unterstuetze-ecomare\\\/sponsoring\\\/sponsoren\\\/#primaryimage\"},\"image\":{\"@id\":\"https:\\\/\\\/www.ecomare.nl\\\/de\\\/unterstuetze-ecomare\\\/sponsoring\\\/sponsoren\\\/#primaryimage\"},\"thumbnailUrl\":\"https:\\\/\\\/www.ecomare.nl\\\/wp-content\\\/uploads\\\/2017\\\/04\\\/opvang-gewone-zeehond-6962-sw.jpg\",\"datePublished\":\"2017-05-30T08:56:50+00:00\",\"dateModified\":\"2025-01-24T08:16:22+00:00\",\"description\":\"Ecomare erh\u00e4lt keine strukturellen Subventionen, es ist komplett abh\u00e4ngig von den Einnahmen aus Eintrittsgeldern.\",\"breadcrumb\":{\"@id\":\"https:\\\/\\\/www.ecomare.nl\\\/de\\\/unterstuetze-ecomare\\\/sponsoring\\\/sponsoren\\\/#breadcrumb\"},\"inLanguage\":\"de-DE\",\"potentialAction\":[{\"@type\":\"ReadAction\",\"target\":[\"https:\\\/\\\/www.ecomare.nl\\\/de\\\/unterstuetze-ecomare\\\/sponsoring\\\/sponsoren\\\/\"]}]},{\"@type\":\"ImageObject\",\"inLanguage\":\"de-DE\",\"@id\":\"https:\\\/\\\/www.ecomare.nl\\\/de\\\/unterstuetze-ecomare\\\/sponsoring\\\/sponsoren\\\/#primaryimage\",\"url\":\"https:\\\/\\\/www.ecomare.nl\\\/wp-content\\\/uploads\\\/2017\\\/04\\\/opvang-gewone-zeehond-6962-sw.jpg\",\"contentUrl\":\"https:\\\/\\\/www.ecomare.nl\\\/wp-content\\\/uploads\\\/2017\\\/04\\\/opvang-gewone-zeehond-6962-sw.jpg\",\"width\":850,\"height\":531,\"caption\":\"Gewone zeehond in de opvang bij Ecomare\"},{\"@type\":\"BreadcrumbList\",\"@id\":\"https:\\\/\\\/www.ecomare.nl\\\/de\\\/unterstuetze-ecomare\\\/sponsoring\\\/sponsoren\\\/#breadcrumb\",\"itemListElement\":[{\"@type\":\"ListItem\",\"position\":1,\"name\":\"Home\",\"item\":\"https:\\\/\\\/www.ecomare.nl\\\/de\\\/\"},{\"@type\":\"ListItem\",\"position\":2,\"name\":\"Unterst\u00fctze Ecomare\",\"item\":\"https:\\\/\\\/www.ecomare.nl\\\/de\\\/unterstuetze-ecomare\\\/\"},{\"@type\":\"ListItem\",\"position\":3,\"name\":\"Sponsoring\",\"item\":\"https:\\\/\\\/www.ecomare.nl\\\/de\\\/unterstuetze-ecomare\\\/sponsoring\\\/\"},{\"@type\":\"ListItem\",\"position\":4,\"name\":\"Sponsoren\"}]},{\"@type\":\"WebSite\",\"@id\":\"https:\\\/\\\/www.ecomare.nl\\\/#website\",\"url\":\"https:\\\/\\\/www.ecomare.nl\\\/\",\"name\":\"Ecomare\",\"description\":\"\",\"potentialAction\":[{\"@type\":\"SearchAction\",\"target\":{\"@type\":\"EntryPoint\",\"urlTemplate\":\"https:\\\/\\\/www.ecomare.nl\\\/?s={search_term_string}\"},\"query-input\":{\"@type\":\"PropertyValueSpecification\",\"valueRequired\":true,\"valueName\":\"search_term_string\"}}],\"inLanguage\":\"de-DE\"}]}<\/script>\n<!-- \/ Yoast SEO plugin. -->","yoast_head_json":{"title":"Sponsoren - Ecomare","description":"Ecomare erh\u00e4lt keine strukturellen Subventionen, es ist komplett abh\u00e4ngig von den Einnahmen aus Eintrittsgeldern.","robots":{"index":"index","follow":"follow","max-snippet":"max-snippet:-1","max-image-preview":"max-image-preview:large","max-video-preview":"max-video-preview:-1"},"og_locale":"de_DE","og_type":"article","og_description":"Ecomare erh\u00e4lt keine strukturellen Subventionen, es ist komplett abh\u00e4ngig von den Einnahmen aus Eintrittsgeldern.","og_site_name":"Ecomare","article_publisher":"https:\/\/www.facebook.com\/beheerder.ecomaretexel\/","article_modified_time":"2025-01-24T08:16:22+00:00","og_image":[{"width":850,"height":531,"url":"https:\/\/www.ecomare.nl\/wp-content\/uploads\/2017\/04\/opvang-gewone-zeehond-6962-sw.jpg","type":"image\/jpeg"}],"twitter_card":"summary_large_image","twitter_site":"@ecomaretexel","twitter_misc":{"Est. reading time":"2 minutes"},"schema":{"@context":"https:\/\/schema.org","@graph":[{"@type":"WebPage","@id":"https:\/\/www.ecomare.nl\/de\/unterstuetze-ecomare\/sponsoring\/sponsoren\/","url":"https:\/\/www.ecomare.nl\/de\/unterstuetze-ecomare\/sponsoring\/sponsoren\/","name":"Sponsoren - Ecomare","isPartOf":{"@id":"https:\/\/www.ecomare.nl\/#website"},"primaryImageOfPage":{"@id":"https:\/\/www.ecomare.nl\/de\/unterstuetze-ecomare\/sponsoring\/sponsoren\/#primaryimage"},"image":{"@id":"https:\/\/www.ecomare.nl\/de\/unterstuetze-ecomare\/sponsoring\/sponsoren\/#primaryimage"},"thumbnailUrl":"https:\/\/www.ecomare.nl\/wp-content\/uploads\/2017\/04\/opvang-gewone-zeehond-6962-sw.jpg","datePublished":"2017-05-30T08:56:50+00:00","dateModified":"2025-01-24T08:16:22+00:00","description":"Ecomare erh\u00e4lt keine strukturellen Subventionen, es ist komplett abh\u00e4ngig von den Einnahmen aus Eintrittsgeldern.","breadcrumb":{"@id":"https:\/\/www.ecomare.nl\/de\/unterstuetze-ecomare\/sponsoring\/sponsoren\/#breadcrumb"},"inLanguage":"de-DE","potentialAction":[{"@type":"ReadAction","target":["https:\/\/www.ecomare.nl\/de\/unterstuetze-ecomare\/sponsoring\/sponsoren\/"]}]},{"@type":"ImageObject","inLanguage":"de-DE","@id":"https:\/\/www.ecomare.nl\/de\/unterstuetze-ecomare\/sponsoring\/sponsoren\/#primaryimage","url":"https:\/\/www.ecomare.nl\/wp-content\/uploads\/2017\/04\/opvang-gewone-zeehond-6962-sw.jpg","contentUrl":"https:\/\/www.ecomare.nl\/wp-content\/uploads\/2017\/04\/opvang-gewone-zeehond-6962-sw.jpg","width":850,"height":531,"caption":"Gewone zeehond in de opvang bij Ecomare"},{"@type":"BreadcrumbList","@id":"https:\/\/www.ecomare.nl\/de\/unterstuetze-ecomare\/sponsoring\/sponsoren\/#breadcrumb","itemListElement":[{"@type":"ListItem","position":1,"name":"Home","item":"https:\/\/www.ecomare.nl\/de\/"},{"@type":"ListItem","position":2,"name":"Unterst\u00fctze Ecomare","item":"https:\/\/www.ecomare.nl\/de\/unterstuetze-ecomare\/"},{"@type":"ListItem","position":3,"name":"Sponsoring","item":"https:\/\/www.ecomare.nl\/de\/unterstuetze-ecomare\/sponsoring\/"},{"@type":"ListItem","position":4,"name":"Sponsoren"}]},{"@type":"WebSite","@id":"https:\/\/www.ecomare.nl\/#website","url":"https:\/\/www.ecomare.nl\/","name":"Ecomare","description":"","potentialAction":[{"@type":"SearchAction","target":{"@type":"EntryPoint","urlTemplate":"https:\/\/www.ecomare.nl\/?s={search_term_string}"},"query-input":{"@type":"PropertyValueSpecification","valueRequired":true,"valueName":"search_term_string"}}],"inLanguage":"de-DE"}]}},"_links":{"self":[{"href":"https:\/\/www.ecomare.nl\/de\/wp-json\/wp\/v2\/pages\/3490","targetHints":{"allow":["GET"]}}],"collection":[{"href":"https:\/\/www.ecomare.nl\/de\/wp-json\/wp\/v2\/pages"}],"about":[{"href":"https:\/\/www.ecomare.nl\/de\/wp-json\/wp\/v2\/types\/page"}],"author":[{"embeddable":true,"href":"https:\/\/www.ecomare.nl\/de\/wp-json\/wp\/v2\/users\/1"}],"replies":[{"embeddable":true,"href":"https:\/\/www.ecomare.nl\/de\/wp-json\/wp\/v2\/comments?post=3490"}],"version-history":[{"count":3,"href":"https:\/\/www.ecomare.nl\/de\/wp-json\/wp\/v2\/pages\/3490\/revisions"}],"predecessor-version":[{"id":25146,"href":"https:\/\/www.ecomare.nl\/de\/wp-json\/wp\/v2\/pages\/3490\/revisions\/25146"}],"up":[{"embeddable":true,"href":"https:\/\/www.ecomare.nl\/de\/wp-json\/wp\/v2\/pages\/1825"}],"wp:featuredmedia":[{"embeddable":true,"href":"https:\/\/www.ecomare.nl\/de\/wp-json\/wp\/v2\/media\/2424"}],"wp:attachment":[{"href":"https:\/\/www.ecomare.nl\/de\/wp-json\/wp\/v2\/media?parent=3490"}],"wp:term":[{"taxonomy":"post_tag","embeddable":true,"href":"https:\/\/www.ecomare.nl\/de\/wp-json\/wp\/v2\/tags?post=3490"}],"curies":[{"name":"wp","href":"https:\/\/api.w.org\/{rel}","templated":true}]}}