{"id":3516,"date":"2017-05-30T14:02:22","date_gmt":"2017-05-30T12:02:22","guid":{"rendered":"https:\/\/tender-colden.109-235-78-20.plesk.page\/?page_id=3516\/"},"modified":"2024-07-17T12:29:32","modified_gmt":"2024-07-17T10:29:32","slug":"info-ueber-cookies-niederlaendisch","status":"publish","type":"page","link":"https:\/\/www.ecomare.nl\/de\/info-ueber-cookies-niederlaendisch\/","title":{"rendered":"Informationen \u00fcber Cookies"},"content":{"rendered":"<h2>Welche Cookies werden gesetzt?<\/h2>\n<p>Nachfolgend finden Sie eine \u00dcbersicht \u00fcber die gesetzten Cookies und die Zustimmung.<\/p>\n<p><script id=\"CookieDeclaration\" src=\"https:\/\/consent.cookiebot.com\/3a86a37c-6147-4297-9d3a-88fc99756065\/cd.js\" data-culture=\"de\" type=\"text\/javascript\" async><\/script><\/p>\n<h2>Schlussbemerkung<\/h2>\n<p>Wir werden diese Erkl\u00e4rung von Zeit zu Zeit \u00e4ndern m\u00fcssen, wenn sich beispielsweise unsere Website oder die Regeln f\u00fcr Cookies \u00e4ndern. Wir d\u00fcrfen den Inhalt der Erkl\u00e4rungen und die in den Listen aufgef\u00fchrten Cookies jederzeit und ohne Vorank\u00fcndigung \u00e4ndern. Wir empfehlen Ihnen, diese Webseite regelm\u00e4\u00dfig auf die neueste Version hin zu \u00fcberpr\u00fcfen, um festzustellen, ob Sie Ihre Zustimmung revidieren m\u00fcssen.<\/p>\n<h2>Datenschutz<\/h2>\n<p>Die von Ecomare verarbeiteten personenbezogenen Daten unterliegen der <a href=\"https:\/\/www.ecomare.nl\/de\/datenschutzerklaerung\/\" target=\"_blank\" rel=\"noopener\">Datenschutzerkl\u00e4rung<\/a> von Ecomare.<\/p>\n","protected":false},"excerpt":{"rendered":"<p>Welche Cookies werden gesetzt? Nachfolgend finden Sie eine \u00dcbersicht \u00fcber die gesetzten Cookies und die Zustimmung. Schlussbemerkung Wir werden diese Erkl\u00e4rung von Zeit zu Zeit \u00e4ndern m\u00fcssen, wenn sich beispielsweise unsere Website oder die Regeln f\u00fcr Cookies \u00e4ndern. Wir d\u00fcrfen den Inhalt der Erkl\u00e4rungen und die in den Listen aufgef\u00fchrten Cookies jederzeit und ohne Vorank\u00fcndigung [&hellip;]<\/p>\n","protected":false},"author":1,"featured_media":18167,"parent":0,"menu_order":0,"comment_status":"closed","ping_status":"closed","template":"page-templates\/content-detail.php","meta":{"_acf_changed":false,"footnotes":""},"tags":[],"class_list":["post-3516","page","type-page","status-publish","has-post-thumbnail","hentry"],"acf":[],"yoast_head":"<!-- This site is optimized with the Yoast SEO plugin v27.4 - https:\/\/yoast.com\/product\/yoast-seo-wordpress\/ -->\n<title>Informationen \u00fcber Cookies - Ecomare<\/title>\n<meta name=\"robots\" content=\"index, follow, max-snippet:-1, max-image-preview:large, max-video-preview:-1\" \/>\n<meta property=\"og:locale\" content=\"de_DE\" \/>\n<meta property=\"og:type\" content=\"article\" \/>\n<meta property=\"og:description\" content=\"Welche Cookies werden gesetzt? Nachfolgend finden Sie eine \u00dcbersicht \u00fcber die gesetzten Cookies und die Zustimmung. Schlussbemerkung Wir werden diese Erkl\u00e4rung von Zeit zu Zeit \u00e4ndern m\u00fcssen, wenn sich beispielsweise unsere Website oder die Regeln f\u00fcr Cookies \u00e4ndern. Wir d\u00fcrfen den Inhalt der Erkl\u00e4rungen und die in den Listen aufgef\u00fchrten Cookies jederzeit und ohne Vorank\u00fcndigung [&hellip;]\" \/>\n<meta property=\"og:site_name\" content=\"Ecomare\" \/>\n<meta property=\"article:publisher\" content=\"https:\/\/www.facebook.com\/beheerder.ecomaretexel\/\" \/>\n<meta property=\"article:modified_time\" content=\"2024-07-17T10:29:32+00:00\" \/>\n<meta property=\"og:image\" content=\"https:\/\/www.ecomare.nl\/wp-content\/uploads\/2022\/09\/Foto-Puck-P1050137.jpg\" \/>\n\t<meta property=\"og:image:width\" content=\"840\" \/>\n\t<meta property=\"og:image:height\" content=\"525\" \/>\n\t<meta property=\"og:image:type\" content=\"image\/jpeg\" \/>\n<meta name=\"twitter:card\" content=\"summary_large_image\" \/>\n<meta name=\"twitter:site\" content=\"@ecomaretexel\" \/>\n<meta name=\"twitter:label1\" content=\"Est. reading time\" \/>\n\t<meta name=\"twitter:data1\" content=\"1 minute\" \/>\n<script type=\"application\/ld+json\" class=\"yoast-schema-graph\">{\"@context\":\"https:\\\/\\\/schema.org\",\"@graph\":[{\"@type\":\"WebPage\",\"@id\":\"https:\\\/\\\/www.ecomare.nl\\\/de\\\/info-ueber-cookies-niederlaendisch\\\/\",\"url\":\"https:\\\/\\\/www.ecomare.nl\\\/de\\\/info-ueber-cookies-niederlaendisch\\\/\",\"name\":\"Informationen \u00fcber Cookies - Ecomare\",\"isPartOf\":{\"@id\":\"https:\\\/\\\/www.ecomare.nl\\\/#website\"},\"primaryImageOfPage\":{\"@id\":\"https:\\\/\\\/www.ecomare.nl\\\/de\\\/info-ueber-cookies-niederlaendisch\\\/#primaryimage\"},\"image\":{\"@id\":\"https:\\\/\\\/www.ecomare.nl\\\/de\\\/info-ueber-cookies-niederlaendisch\\\/#primaryimage\"},\"thumbnailUrl\":\"https:\\\/\\\/www.ecomare.nl\\\/wp-content\\\/uploads\\\/2022\\\/09\\\/Foto-Puck-P1050137.jpg\",\"datePublished\":\"2017-05-30T12:02:22+00:00\",\"dateModified\":\"2024-07-17T10:29:32+00:00\",\"breadcrumb\":{\"@id\":\"https:\\\/\\\/www.ecomare.nl\\\/de\\\/info-ueber-cookies-niederlaendisch\\\/#breadcrumb\"},\"inLanguage\":\"de-DE\",\"potentialAction\":[{\"@type\":\"ReadAction\",\"target\":[\"https:\\\/\\\/www.ecomare.nl\\\/de\\\/info-ueber-cookies-niederlaendisch\\\/\"]}]},{\"@type\":\"ImageObject\",\"inLanguage\":\"de-DE\",\"@id\":\"https:\\\/\\\/www.ecomare.nl\\\/de\\\/info-ueber-cookies-niederlaendisch\\\/#primaryimage\",\"url\":\"https:\\\/\\\/www.ecomare.nl\\\/wp-content\\\/uploads\\\/2022\\\/09\\\/Foto-Puck-P1050137.jpg\",\"contentUrl\":\"https:\\\/\\\/www.ecomare.nl\\\/wp-content\\\/uploads\\\/2022\\\/09\\\/Foto-Puck-P1050137.jpg\",\"width\":840,\"height\":525,\"caption\":\"Help zeehond Puck\"},{\"@type\":\"BreadcrumbList\",\"@id\":\"https:\\\/\\\/www.ecomare.nl\\\/de\\\/info-ueber-cookies-niederlaendisch\\\/#breadcrumb\",\"itemListElement\":[{\"@type\":\"ListItem\",\"position\":1,\"name\":\"Home\",\"item\":\"https:\\\/\\\/www.ecomare.nl\\\/de\\\/\"},{\"@type\":\"ListItem\",\"position\":2,\"name\":\"Informationen \u00fcber Cookies\"}]},{\"@type\":\"WebSite\",\"@id\":\"https:\\\/\\\/www.ecomare.nl\\\/#website\",\"url\":\"https:\\\/\\\/www.ecomare.nl\\\/\",\"name\":\"Ecomare\",\"description\":\"\",\"potentialAction\":[{\"@type\":\"SearchAction\",\"target\":{\"@type\":\"EntryPoint\",\"urlTemplate\":\"https:\\\/\\\/www.ecomare.nl\\\/?s={search_term_string}\"},\"query-input\":{\"@type\":\"PropertyValueSpecification\",\"valueRequired\":true,\"valueName\":\"search_term_string\"}}],\"inLanguage\":\"de-DE\"}]}<\/script>\n<!-- \/ Yoast SEO plugin. -->","yoast_head_json":{"title":"Informationen \u00fcber Cookies - Ecomare","robots":{"index":"index","follow":"follow","max-snippet":"max-snippet:-1","max-image-preview":"max-image-preview:large","max-video-preview":"max-video-preview:-1"},"og_locale":"de_DE","og_type":"article","og_description":"Welche Cookies werden gesetzt? Nachfolgend finden Sie eine \u00dcbersicht \u00fcber die gesetzten Cookies und die Zustimmung. Schlussbemerkung Wir werden diese Erkl\u00e4rung von Zeit zu Zeit \u00e4ndern m\u00fcssen, wenn sich beispielsweise unsere Website oder die Regeln f\u00fcr Cookies \u00e4ndern. Wir d\u00fcrfen den Inhalt der Erkl\u00e4rungen und die in den Listen aufgef\u00fchrten Cookies jederzeit und ohne Vorank\u00fcndigung [&hellip;]","og_site_name":"Ecomare","article_publisher":"https:\/\/www.facebook.com\/beheerder.ecomaretexel\/","article_modified_time":"2024-07-17T10:29:32+00:00","og_image":[{"width":840,"height":525,"url":"https:\/\/www.ecomare.nl\/wp-content\/uploads\/2022\/09\/Foto-Puck-P1050137.jpg","type":"image\/jpeg"}],"twitter_card":"summary_large_image","twitter_site":"@ecomaretexel","twitter_misc":{"Est. reading time":"1 minute"},"schema":{"@context":"https:\/\/schema.org","@graph":[{"@type":"WebPage","@id":"https:\/\/www.ecomare.nl\/de\/info-ueber-cookies-niederlaendisch\/","url":"https:\/\/www.ecomare.nl\/de\/info-ueber-cookies-niederlaendisch\/","name":"Informationen \u00fcber Cookies - Ecomare","isPartOf":{"@id":"https:\/\/www.ecomare.nl\/#website"},"primaryImageOfPage":{"@id":"https:\/\/www.ecomare.nl\/de\/info-ueber-cookies-niederlaendisch\/#primaryimage"},"image":{"@id":"https:\/\/www.ecomare.nl\/de\/info-ueber-cookies-niederlaendisch\/#primaryimage"},"thumbnailUrl":"https:\/\/www.ecomare.nl\/wp-content\/uploads\/2022\/09\/Foto-Puck-P1050137.jpg","datePublished":"2017-05-30T12:02:22+00:00","dateModified":"2024-07-17T10:29:32+00:00","breadcrumb":{"@id":"https:\/\/www.ecomare.nl\/de\/info-ueber-cookies-niederlaendisch\/#breadcrumb"},"inLanguage":"de-DE","potentialAction":[{"@type":"ReadAction","target":["https:\/\/www.ecomare.nl\/de\/info-ueber-cookies-niederlaendisch\/"]}]},{"@type":"ImageObject","inLanguage":"de-DE","@id":"https:\/\/www.ecomare.nl\/de\/info-ueber-cookies-niederlaendisch\/#primaryimage","url":"https:\/\/www.ecomare.nl\/wp-content\/uploads\/2022\/09\/Foto-Puck-P1050137.jpg","contentUrl":"https:\/\/www.ecomare.nl\/wp-content\/uploads\/2022\/09\/Foto-Puck-P1050137.jpg","width":840,"height":525,"caption":"Help zeehond Puck"},{"@type":"BreadcrumbList","@id":"https:\/\/www.ecomare.nl\/de\/info-ueber-cookies-niederlaendisch\/#breadcrumb","itemListElement":[{"@type":"ListItem","position":1,"name":"Home","item":"https:\/\/www.ecomare.nl\/de\/"},{"@type":"ListItem","position":2,"name":"Informationen \u00fcber Cookies"}]},{"@type":"WebSite","@id":"https:\/\/www.ecomare.nl\/#website","url":"https:\/\/www.ecomare.nl\/","name":"Ecomare","description":"","potentialAction":[{"@type":"SearchAction","target":{"@type":"EntryPoint","urlTemplate":"https:\/\/www.ecomare.nl\/?s={search_term_string}"},"query-input":{"@type":"PropertyValueSpecification","valueRequired":true,"valueName":"search_term_string"}}],"inLanguage":"de-DE"}]}},"_links":{"self":[{"href":"https:\/\/www.ecomare.nl\/de\/wp-json\/wp\/v2\/pages\/3516","targetHints":{"allow":["GET"]}}],"collection":[{"href":"https:\/\/www.ecomare.nl\/de\/wp-json\/wp\/v2\/pages"}],"about":[{"href":"https:\/\/www.ecomare.nl\/de\/wp-json\/wp\/v2\/types\/page"}],"author":[{"embeddable":true,"href":"https:\/\/www.ecomare.nl\/de\/wp-json\/wp\/v2\/users\/1"}],"replies":[{"embeddable":true,"href":"https:\/\/www.ecomare.nl\/de\/wp-json\/wp\/v2\/comments?post=3516"}],"version-history":[{"count":3,"href":"https:\/\/www.ecomare.nl\/de\/wp-json\/wp\/v2\/pages\/3516\/revisions"}],"predecessor-version":[{"id":24017,"href":"https:\/\/www.ecomare.nl\/de\/wp-json\/wp\/v2\/pages\/3516\/revisions\/24017"}],"wp:featuredmedia":[{"embeddable":true,"href":"https:\/\/www.ecomare.nl\/de\/wp-json\/wp\/v2\/media\/18167"}],"wp:attachment":[{"href":"https:\/\/www.ecomare.nl\/de\/wp-json\/wp\/v2\/media?parent=3516"}],"wp:term":[{"taxonomy":"post_tag","embeddable":true,"href":"https:\/\/www.ecomare.nl\/de\/wp-json\/wp\/v2\/tags?post=3516"}],"curies":[{"name":"wp","href":"https:\/\/api.w.org\/{rel}","templated":true}]}}