{"id":3583,"date":"2017-06-02T09:27:36","date_gmt":"2017-06-02T07:27:36","guid":{"rendered":"https:\/\/tender-colden.109-235-78-20.plesk.page\/?page_id=3583\/"},"modified":"2024-11-19T12:19:05","modified_gmt":"2024-11-19T11:19:05","slug":"datenschutzerklaerung","status":"publish","type":"page","link":"https:\/\/www.ecomare.nl\/de\/datenschutzerklaerung\/","title":{"rendered":"Datenschutzerkl\u00e4rung"},"content":{"rendered":"<div id=\"c54989\" class=\"csc-default\">\n<div class=\"csc-header csc-header-n1\">\n<p><strong>Datenschutzerkl\u00e4rung\u00a0\u00a0 <\/strong><\/p>\n<p><strong>Allgemein<\/strong><\/p>\n<p>Die Stichting Texels Museum (STM), bestehend aus Ecomare, Museum Kaap Skil, Oudheidkamer Texel und Vuurtoren Texel, h\u00e4lt es f\u00fcr wichtig, personenbezogene Daten mit der gebotenen Sorgfalt und Vertraulichkeit zu behandeln. STM h\u00e4lt sich daher an die\u00a0 Datenschutz-Grundverordnung (DSGVO). STM ist Teil der Stichting Texels Museum, die f\u00fcr die Verarbeitung personenbezogener Daten verantwortlich ist.<\/p>\n<p><strong>Verarbeitungsverantwortliche <\/strong><\/p>\n<p>Der Direktor der Stichting Texels Museum ist der Verarbeitungsverantwortliche.<br \/>\nKontakt:<br \/>\nStichting Texels Museum<br \/>\nRuijslaan 92,<br \/>\n1796 AZ, De Koog \u2013 Texel<\/p>\n<p>Niederlande<br \/>\nTel: 0031 (0)222-317741<br \/>\n<a href=\"mailto:info@ecomare.nl\">info@ecomare.nl<\/a><\/p>\n<p><strong>Datenschutzbeauftragter<\/strong><\/p>\n<p>Bei STM ist ein Datenschutzbeauftragter ernannt worden. Er ist zu erreichen \u00fcber <a href=\"mailto:functionarisgegevensbescherming@texelsmuseum.nl\">functionarisgegevensbescherming@texelsmuseum.nl<\/a><\/p>\n<p><strong>Wann sammeln wir Ihre Daten?<\/strong><\/p>\n<p>Wir sammeln Daten von Ihnen, einige davon sammeln wir automatisiert, andere stellen Sie uns zur Verf\u00fcgung. Die Momente, in denen wir Ihre Daten erfassen, sind:<\/p>\n<ul>\n<li>wenn Sie unsere Websites besuchen<\/li>\n<li>wenn Sie etwas im Webshop kaufen oder bestellen<\/li>\n<li>wenn Sie uns kontaktieren<\/li>\n<li>wenn Sie ein Spender werden oder uns finanziell unterst\u00fctzen<\/li>\n<li>wenn Sie eine Exkursion, Veranstaltung oder F\u00fchrung buchen<\/li>\n<li>wenn Sie einen Newsletter von uns erhalten m\u00f6chten<\/li>\n<li>wenn Sie uns in den sozialen Medien erw\u00e4hnen oder uns folgen<\/li>\n<\/ul>\n<p><strong>Die Art der Daten, die wir sammeln<\/strong><\/p>\n<p>Welche Arten von Daten wir sammeln:<\/p>\n<ul>\n<li>Kontaktdaten<\/li>\n<li>Name, Adresse, Wohnort, Anrede, Altersangabe, E-Mail und Telefonnummern<\/li>\n<li>Finanzielle Informationen<\/li>\n<li>Ihre IBAN-Nummer, Kreditkartendaten und Name des Kontoinhabers<\/li>\n<li>Daten zur Identifizierung<\/li>\n<li>Daten, die Ihr Browser sendet, wie z. B. Sprach- und L\u00e4ndereinstellungen, Plug-ins, Betriebssysteminformationen und IP-Adresse<\/li>\n<li>Daten \u00fcber die Nutzung unserer Websites<\/li>\n<li>Analyseinformationen, Antwortzeiten, Seitenaufrufe, Besuchsdauer, Anzahl der Seitenaufrufe, Intervall der Wiederbesuche<\/li>\n<li>Soziale Medien<\/li>\n<li>Profilinformationen und Kontaktangaben, die mit diesen zur Verf\u00fcgung gestellt werden<\/li>\n<\/ul>\n<p><strong>Besondere und\/oder sensible personenbezogene Daten, die wir verarbeiten<\/strong><\/p>\n<p>STM kann die folgenden besonderen und\/oder sensiblen personenbezogenen Daten verarbeiten:<\/p>\n<ul>\n<li>Daten von Personen unter 16 Jahren.<\/li>\n<\/ul>\n<p>Unsere Website und\/oder unser Dienst hat nicht die Absicht, Daten von Website-Besuchern zu sammeln, die unter 16 Jahre alt sind. Es sei denn, sie haben die Zustimmung ihrer Eltern oder Erziehungsberechtigten. Wir k\u00f6nnen jedoch nicht \u00fcberpr\u00fcfen, ob ein Besucher \u00e4lter als 16 Jahre ist. Wir empfehlen daher den Eltern, die Online-Aktivit\u00e4ten ihrer Kinder zu \u00fcberwachen, um zu verhindern, dass Daten \u00fcber Kinder ohne elterliche Zustimmung und\/oder Aufsicht gesammelt werden.<\/p>\n<p>Wenn Sie davon \u00fcberzeugt sind, dass wir personenbezogene Daten \u00fcber einen Minderj\u00e4hrigen ohne eine solche Zustimmung gesammelt haben, wenden Sie sich bitte an <a href=\"mailto:functionarisgegevensbescherming@texelsmuseum.nl\">functionarisgegevensbescherming@texelsmuseum.nl<\/a>, und wir werden daf\u00fcr sorgen, dass diese Informationen entfernt werden.<\/p>\n<p><strong>Warum verarbeiten wir Ihre Daten?<\/strong><\/p>\n<p><strong>Beim Besuch unserer Website<\/strong><\/p>\n<p>Wenn Sie unsere Website besuchen, erhalten wir pers\u00f6nliche Daten von Ihrem Browser, unabh\u00e4ngig davon, ob Sie ein Formular ausf\u00fcllen und an uns senden. Bei den Daten, die wir erhalten, handelt es sich ausschlie\u00dflich um funktionale Cookies, \u00fcber die Sie in unserer <a href=\"https:\/\/www.ecomare.nl\/informatie-over-cookies\/\">Cookie-Erkl\u00e4rung<\/a> mehr erfahren k\u00f6nnen. Wenn Sie sich entscheiden, Cookies zu deaktivieren, k\u00f6nnen Sie unsere Website m\u00f6glicherweise nicht in vollem Umfang nutzen.<\/p>\n<p><strong>Bei Kauf oder Bestellung im Webshop<\/strong><\/p>\n<p>Bei einem Kauf werden Sie aufgefordert, bestimmte pers\u00f6nliche Daten anzugeben, darunter Name, Anschrift, E-Mail und Telefonnummer, damit wir Sie wegen der Lieferung kontaktieren und Ihnen die Ware nach Hause liefern k\u00f6nnen. Wenn Sie eine Zahlung vornehmen, erhalten wir Ihre IBAN-Nummer mit der Best\u00e4tigung, die wir vom Anbieter des Zahlungssystems erhalten. Wir verarbeiten diese in unserem Buchungssystem und unserer Buchhaltung, damit wir wissen, ob der Kauf bereits bezahlt wurde oder noch zu bezahlen ist.<\/p>\n<p><strong>Wenn Sie Kontakt zu uns aufnehmen<\/strong><\/p>\n<p>Wenn Sie uns anrufen oder eine E-Mail schreiben, speichern wir Ihren Namen und Ihre Telefonnummer, damit wir Sie zur\u00fcckrufen k\u00f6nnen. Wenn Sie uns eine E-Mail senden, registrieren wir die Absenderangaben und den Inhalt, einschlie\u00dflich Anh\u00e4nge und Metadaten. Wir verwenden dies, um Spam zu verhindern und um Ihre Fragen oder W\u00fcnsche \u00fcber denselben Kanal beantworten zu k\u00f6nnen.<\/p>\n<p><strong>Wenn Sie Spender werden oder uns finanziell unterst\u00fctzen<\/strong><\/p>\n<p>Wir freuen uns nat\u00fcrlich, wenn Menschen zu Spendern f\u00fcr unsere Museen und Tiere werden. Dazu ist es notwendig, Ihren Namen, Ihre E-Mail-Adresse und Ihre Bankverbindung zu registrieren, damit wir die einmalige oder fortlaufende Einzugserm\u00e4chtigung bearbeiten k\u00f6nnen. Wir f\u00fchren auch eine Historie aller Spender, damit wir Sie von Zeit zu Zeit mit einem speziellen digitalen Newsletter informieren k\u00f6nnen. Au\u00dferdem k\u00f6nnen wir so den Spendern spezielle Angebote machen oder sie als Zeichen unserer Wertsch\u00e4tzung in den Vordergrund stellen.<\/p>\n<p><strong>Bei der Buchung einer Exkursion, Veranstaltung oder F\u00fchrung<\/strong><\/p>\n<p>Wenn Sie eine Exkursion, eine Veranstaltung oder eine F\u00fchrung buchen, ist es notwendig, dass wir Ihre Kontaktinformationen erhalten. Zu diesem Zweck bitten wir Sie um Ihren Namen und Anschrift, Ihre E-Mail-Adresse und Ihre Telefonnummer. So k\u00f6nnen wir Sie \u00fcber die Verf\u00fcgbarkeit und Planung informieren. Wir k\u00f6nnen auch zus\u00e4tzliche Fragen zur Gruppenbetreuung stellen und Ihnen Informationen zur Vorbereitung zusenden. Wir verwenden diese Daten auch im Nachhinein, z. B. um Ihnen eine Umfrage \u00fcber die besuchte Veranstaltung zu schicken und Sie auf neue Veranstaltungen aufmerksam zu machen.<\/p>\n<p><strong>Wenn Sie einen Newsletter von uns erhalten m\u00f6chten<\/strong><\/p>\n<p>Um einen Newsletter oder ein Magazin zu erhalten, bitten wir Sie um Ihren Namen, Ihre Anschrift und Ihre E-Mailadresse. Wir verwenden diese, um Ihnen den Newsletter zuzusenden und Sie auf neue Entwicklungen, Exkursionen, F\u00fchrungen und Veranstaltungen aufmerksam zu machen.<\/p>\n<p><strong>Wenn Sie uns in den sozialen Medien nennen oder uns folgen<\/strong><\/p>\n<p>Wenn Sie mit unseren Konten in den sozialen Medien interagieren, stehen uns Ihre Profilinformationen zur Verf\u00fcgung. Wir nutzen die Informationen in den sozialen Medien, um mit Ihnen im selben Kanal \u00fcber unsere Dienstleistungen zu kommunizieren, Ihnen Neuigkeiten und Angebote zukommen zu lassen und Sie zu bitten, sich \u00fcber denselben Kanal an Online-Kampagnen zu beteiligen.<\/p>\n<p><strong>Weitergabe von Daten an Dritte<\/strong><\/p>\n<p>STM gibt keine pers\u00f6nlichen Daten an Dritte weiter, es sei denn, dies ist f\u00fcr die Erf\u00fcllung eines Vertrages mit Ihnen oder zur Erf\u00fcllung einer gesetzlichen Verpflichtung erforderlich.<\/p>\n<p><strong>Sicherung der Daten<\/strong><\/p>\n<p>Wir sorgen daf\u00fcr, dass Ihre Daten angemessen gesichert sind. Wir passen die Sicherheit gem\u00e4\u00df den geltenden rechtlichen Anforderungen an.<\/p>\n<p><strong>Einsicht, Korrektur, L\u00f6schen von Daten und Widerspruchsrecht<\/strong><\/p>\n<p>Sie k\u00f6nnen einmalig, ohne Kosten, Einsicht in die von Ecomare verarbeiteten Daten erhalten und diese Daten auf Wunsch \u00e4ndern oder l\u00f6schen lassen. Sie k\u00f6nnen sich auch gegen den Erhalt von Informationen oder Sendungen von STM per E-Mail, Telefon oder Post aussprechen.<\/p>\n<p><strong>Wo verarbeiten wir diese Daten?<\/strong><\/p>\n<p>Wir verarbeiten die Daten in unserem eigenen Rechenzentrum und teilweise in der Cloud. Mit dem Cloud-Anbieter sind Vereinbarungen \u00fcber die Speicherung und\/oder den Datenaustausch mit L\u00e4ndern au\u00dferhalb des Europ\u00e4ischen Wirtschaftsraums getroffen worden.<\/p>\n<p><strong>Inanspruchnahme von Drittanbietern<\/strong><\/p>\n<p>Manchmal ist es notwendig, Ihre Daten an einen Dritten zu \u00fcbermitteln, damit unsere Systeme ordnungsgem\u00e4\u00df funktionieren. Denken Sie zum Beispiel an die Durchf\u00fchrung einer Zahlungstransaktion. Wir stellen sicher, dass nicht mehr als die unbedingt erforderlichen Daten ausgetauscht werden und dass die Parteien, die wir zu diesem Zweck einsetzen, die geltenden Rechtsvorschriften einhalten.<\/p>\n<p><strong>Kamera\u00fcberwachung<\/strong><\/p>\n<p>An den verschiedenen Standorten der Stiftung Museum Texels sind Kameras zur \u00dcberwachung bestimmter Bereiche installiert worden. Zweck der Kamera\u00fcberwachung ist es, die Sicherheit der Mitarbeiter und Besucher zu erh\u00f6hen und Straftaten zu verhindern. Die Kamera\u00fcberwachung unterliegt der Allgemeinen Datenschutz-Grundverordnung (DSGVO) und anderen gesetzlichen Bestimmungen. Alle Standorte der STM, an denen Kamera\u00fcberwachung eingesetzt wird, halten diese Vorschriften ein. Die Standorte, an denen Kamera\u00fcberwachung eingesetzt wird, sind mit Informationsaufklebern versehen. Die Kameraaufnahmen werden nach 5 Tagen vernichtet und ausschlie\u00dflich nach Bemerken einer Straftat oder eines anderen Vorfalls \u00fcberpr\u00fcft.<\/p>\n<p><strong>Beschwerde <\/strong><\/p>\n<p>Wenn Sie der Meinung sind, dass wir Ihre pers\u00f6nlichen Daten nicht korrekt behandeln, k\u00f6nnen Sie eine Beschwerde bei <a href=\"mailto:functionarisgegevensbescherming@texelsmuseum.nl\">functionarisgegevensbescherming@texelsmuseum.nl<\/a> einreichen. Alle Beschwerden werden im Prinzip innerhalb von 14 Tagen schriftlich (per E-Mail) bearbeitet. Sie erhalten f\u00fcr jede eingereichte Beschwerde eine Eingangsbest\u00e4tigung.<\/p>\n<p><strong>\u00c4nderung dieser Datenschutzerkl\u00e4rung<\/strong><\/p>\n<p>STM beh\u00e4lt sich das Recht vor, \u00c4nderungen an dieser Datenschutzerkl\u00e4rung vorzunehmen. Jede \u00c4nderung wird auf dieser Seite ver\u00f6ffentlicht.<\/p>\n<p>Diese Erkl\u00e4rung wurde zuletzt am 15. November 2024 ge\u00e4ndert. Zuvor ver\u00f6ffentlichte Erkl\u00e4rungen treten mit sofortiger Wirkung au\u00dfer Kraft.<\/p>\n<p>&nbsp;<\/p>\n<\/div>\n<\/div>\n","protected":false},"excerpt":{"rendered":"<p>Datenschutzerkl\u00e4rung\u00a0\u00a0 Allgemein Die Stichting Texels Museum (STM), bestehend aus Ecomare, Museum Kaap Skil, Oudheidkamer Texel und Vuurtoren Texel, h\u00e4lt es f\u00fcr wichtig, personenbezogene Daten mit der gebotenen Sorgfalt und Vertraulichkeit zu behandeln. STM h\u00e4lt sich daher an die\u00a0 Datenschutz-Grundverordnung (DSGVO). STM ist Teil der Stichting Texels Museum, die f\u00fcr die Verarbeitung personenbezogener Daten verantwortlich ist. [&hellip;]<\/p>\n","protected":false},"author":1,"featured_media":19195,"parent":0,"menu_order":0,"comment_status":"closed","ping_status":"closed","template":"page-templates\/content-detail.php","meta":{"_acf_changed":false,"footnotes":""},"tags":[],"class_list":["post-3583","page","type-page","status-publish","has-post-thumbnail","hentry"],"acf":[],"yoast_head":"<!-- This site is optimized with the Yoast SEO plugin v27.3 - https:\/\/yoast.com\/product\/yoast-seo-wordpress\/ -->\n<title>Datenschutzerkl\u00e4rung - Ecomare<\/title>\n<meta name=\"robots\" content=\"index, follow, max-snippet:-1, max-image-preview:large, max-video-preview:-1\" \/>\n<meta property=\"og:locale\" content=\"de_DE\" \/>\n<meta property=\"og:type\" content=\"article\" \/>\n<meta property=\"og:description\" content=\"Datenschutzerkl\u00e4rung\u00a0\u00a0 Allgemein Die Stichting Texels Museum (STM), bestehend aus Ecomare, Museum Kaap Skil, Oudheidkamer Texel und Vuurtoren Texel, h\u00e4lt es f\u00fcr wichtig, personenbezogene Daten mit der gebotenen Sorgfalt und Vertraulichkeit zu behandeln. STM h\u00e4lt sich daher an die\u00a0 Datenschutz-Grundverordnung (DSGVO). STM ist Teil der Stichting Texels Museum, die f\u00fcr die Verarbeitung personenbezogener Daten verantwortlich ist. [&hellip;]\" \/>\n<meta property=\"og:site_name\" content=\"Ecomare\" \/>\n<meta property=\"article:publisher\" content=\"https:\/\/www.facebook.com\/beheerder.ecomaretexel\/\" \/>\n<meta property=\"article:modified_time\" content=\"2024-11-19T11:19:05+00:00\" \/>\n<meta property=\"og:image\" content=\"https:\/\/www.ecomare.nl\/wp-content\/uploads\/2022\/12\/Kerstadvertentie-FRANCIA_2241-ws.jpg\" \/>\n\t<meta property=\"og:image:width\" content=\"840\" \/>\n\t<meta property=\"og:image:height\" content=\"525\" \/>\n\t<meta property=\"og:image:type\" content=\"image\/jpeg\" \/>\n<meta name=\"twitter:card\" content=\"summary_large_image\" \/>\n<meta name=\"twitter:site\" content=\"@ecomaretexel\" \/>\n<meta name=\"twitter:label1\" content=\"Est. reading time\" \/>\n\t<meta name=\"twitter:data1\" content=\"7 minutes\" \/>\n<script type=\"application\/ld+json\" class=\"yoast-schema-graph\">{\"@context\":\"https:\\\/\\\/schema.org\",\"@graph\":[{\"@type\":\"WebPage\",\"@id\":\"https:\\\/\\\/www.ecomare.nl\\\/de\\\/datenschutzerklaerung\\\/\",\"url\":\"https:\\\/\\\/www.ecomare.nl\\\/de\\\/datenschutzerklaerung\\\/\",\"name\":\"Datenschutzerkl\u00e4rung - Ecomare\",\"isPartOf\":{\"@id\":\"https:\\\/\\\/www.ecomare.nl\\\/#website\"},\"primaryImageOfPage\":{\"@id\":\"https:\\\/\\\/www.ecomare.nl\\\/de\\\/datenschutzerklaerung\\\/#primaryimage\"},\"image\":{\"@id\":\"https:\\\/\\\/www.ecomare.nl\\\/de\\\/datenschutzerklaerung\\\/#primaryimage\"},\"thumbnailUrl\":\"https:\\\/\\\/www.ecomare.nl\\\/wp-content\\\/uploads\\\/2022\\\/12\\\/Kerstadvertentie-FRANCIA_2241-ws.jpg\",\"datePublished\":\"2017-06-02T07:27:36+00:00\",\"dateModified\":\"2024-11-19T11:19:05+00:00\",\"breadcrumb\":{\"@id\":\"https:\\\/\\\/www.ecomare.nl\\\/de\\\/datenschutzerklaerung\\\/#breadcrumb\"},\"inLanguage\":\"de-DE\",\"potentialAction\":[{\"@type\":\"ReadAction\",\"target\":[\"https:\\\/\\\/www.ecomare.nl\\\/de\\\/datenschutzerklaerung\\\/\"]}]},{\"@type\":\"ImageObject\",\"inLanguage\":\"de-DE\",\"@id\":\"https:\\\/\\\/www.ecomare.nl\\\/de\\\/datenschutzerklaerung\\\/#primaryimage\",\"url\":\"https:\\\/\\\/www.ecomare.nl\\\/wp-content\\\/uploads\\\/2022\\\/12\\\/Kerstadvertentie-FRANCIA_2241-ws.jpg\",\"contentUrl\":\"https:\\\/\\\/www.ecomare.nl\\\/wp-content\\\/uploads\\\/2022\\\/12\\\/Kerstadvertentie-FRANCIA_2241-ws.jpg\",\"width\":840,\"height\":525,\"caption\":\"Zeehond Francia- kerstvakantie Texel Ecomare\"},{\"@type\":\"BreadcrumbList\",\"@id\":\"https:\\\/\\\/www.ecomare.nl\\\/de\\\/datenschutzerklaerung\\\/#breadcrumb\",\"itemListElement\":[{\"@type\":\"ListItem\",\"position\":1,\"name\":\"Home\",\"item\":\"https:\\\/\\\/www.ecomare.nl\\\/de\\\/\"},{\"@type\":\"ListItem\",\"position\":2,\"name\":\"Datenschutzerkl\u00e4rung\"}]},{\"@type\":\"WebSite\",\"@id\":\"https:\\\/\\\/www.ecomare.nl\\\/#website\",\"url\":\"https:\\\/\\\/www.ecomare.nl\\\/\",\"name\":\"Ecomare\",\"description\":\"\",\"potentialAction\":[{\"@type\":\"SearchAction\",\"target\":{\"@type\":\"EntryPoint\",\"urlTemplate\":\"https:\\\/\\\/www.ecomare.nl\\\/?s={search_term_string}\"},\"query-input\":{\"@type\":\"PropertyValueSpecification\",\"valueRequired\":true,\"valueName\":\"search_term_string\"}}],\"inLanguage\":\"de-DE\"}]}<\/script>\n<!-- \/ Yoast SEO plugin. -->","yoast_head_json":{"title":"Datenschutzerkl\u00e4rung - Ecomare","robots":{"index":"index","follow":"follow","max-snippet":"max-snippet:-1","max-image-preview":"max-image-preview:large","max-video-preview":"max-video-preview:-1"},"og_locale":"de_DE","og_type":"article","og_description":"Datenschutzerkl\u00e4rung\u00a0\u00a0 Allgemein Die Stichting Texels Museum (STM), bestehend aus Ecomare, Museum Kaap Skil, Oudheidkamer Texel und Vuurtoren Texel, h\u00e4lt es f\u00fcr wichtig, personenbezogene Daten mit der gebotenen Sorgfalt und Vertraulichkeit zu behandeln. STM h\u00e4lt sich daher an die\u00a0 Datenschutz-Grundverordnung (DSGVO). STM ist Teil der Stichting Texels Museum, die f\u00fcr die Verarbeitung personenbezogener Daten verantwortlich ist. [&hellip;]","og_site_name":"Ecomare","article_publisher":"https:\/\/www.facebook.com\/beheerder.ecomaretexel\/","article_modified_time":"2024-11-19T11:19:05+00:00","og_image":[{"width":840,"height":525,"url":"https:\/\/www.ecomare.nl\/wp-content\/uploads\/2022\/12\/Kerstadvertentie-FRANCIA_2241-ws.jpg","type":"image\/jpeg"}],"twitter_card":"summary_large_image","twitter_site":"@ecomaretexel","twitter_misc":{"Est. reading time":"7 minutes"},"schema":{"@context":"https:\/\/schema.org","@graph":[{"@type":"WebPage","@id":"https:\/\/www.ecomare.nl\/de\/datenschutzerklaerung\/","url":"https:\/\/www.ecomare.nl\/de\/datenschutzerklaerung\/","name":"Datenschutzerkl\u00e4rung - Ecomare","isPartOf":{"@id":"https:\/\/www.ecomare.nl\/#website"},"primaryImageOfPage":{"@id":"https:\/\/www.ecomare.nl\/de\/datenschutzerklaerung\/#primaryimage"},"image":{"@id":"https:\/\/www.ecomare.nl\/de\/datenschutzerklaerung\/#primaryimage"},"thumbnailUrl":"https:\/\/www.ecomare.nl\/wp-content\/uploads\/2022\/12\/Kerstadvertentie-FRANCIA_2241-ws.jpg","datePublished":"2017-06-02T07:27:36+00:00","dateModified":"2024-11-19T11:19:05+00:00","breadcrumb":{"@id":"https:\/\/www.ecomare.nl\/de\/datenschutzerklaerung\/#breadcrumb"},"inLanguage":"de-DE","potentialAction":[{"@type":"ReadAction","target":["https:\/\/www.ecomare.nl\/de\/datenschutzerklaerung\/"]}]},{"@type":"ImageObject","inLanguage":"de-DE","@id":"https:\/\/www.ecomare.nl\/de\/datenschutzerklaerung\/#primaryimage","url":"https:\/\/www.ecomare.nl\/wp-content\/uploads\/2022\/12\/Kerstadvertentie-FRANCIA_2241-ws.jpg","contentUrl":"https:\/\/www.ecomare.nl\/wp-content\/uploads\/2022\/12\/Kerstadvertentie-FRANCIA_2241-ws.jpg","width":840,"height":525,"caption":"Zeehond Francia- kerstvakantie Texel Ecomare"},{"@type":"BreadcrumbList","@id":"https:\/\/www.ecomare.nl\/de\/datenschutzerklaerung\/#breadcrumb","itemListElement":[{"@type":"ListItem","position":1,"name":"Home","item":"https:\/\/www.ecomare.nl\/de\/"},{"@type":"ListItem","position":2,"name":"Datenschutzerkl\u00e4rung"}]},{"@type":"WebSite","@id":"https:\/\/www.ecomare.nl\/#website","url":"https:\/\/www.ecomare.nl\/","name":"Ecomare","description":"","potentialAction":[{"@type":"SearchAction","target":{"@type":"EntryPoint","urlTemplate":"https:\/\/www.ecomare.nl\/?s={search_term_string}"},"query-input":{"@type":"PropertyValueSpecification","valueRequired":true,"valueName":"search_term_string"}}],"inLanguage":"de-DE"}]}},"_links":{"self":[{"href":"https:\/\/www.ecomare.nl\/de\/wp-json\/wp\/v2\/pages\/3583","targetHints":{"allow":["GET"]}}],"collection":[{"href":"https:\/\/www.ecomare.nl\/de\/wp-json\/wp\/v2\/pages"}],"about":[{"href":"https:\/\/www.ecomare.nl\/de\/wp-json\/wp\/v2\/types\/page"}],"author":[{"embeddable":true,"href":"https:\/\/www.ecomare.nl\/de\/wp-json\/wp\/v2\/users\/1"}],"replies":[{"embeddable":true,"href":"https:\/\/www.ecomare.nl\/de\/wp-json\/wp\/v2\/comments?post=3583"}],"version-history":[{"count":3,"href":"https:\/\/www.ecomare.nl\/de\/wp-json\/wp\/v2\/pages\/3583\/revisions"}],"predecessor-version":[{"id":24837,"href":"https:\/\/www.ecomare.nl\/de\/wp-json\/wp\/v2\/pages\/3583\/revisions\/24837"}],"wp:featuredmedia":[{"embeddable":true,"href":"https:\/\/www.ecomare.nl\/de\/wp-json\/wp\/v2\/media\/19195"}],"wp:attachment":[{"href":"https:\/\/www.ecomare.nl\/de\/wp-json\/wp\/v2\/media?parent=3583"}],"wp:term":[{"taxonomy":"post_tag","embeddable":true,"href":"https:\/\/www.ecomare.nl\/de\/wp-json\/wp\/v2\/tags?post=3583"}],"curies":[{"name":"wp","href":"https:\/\/api.w.org\/{rel}","templated":true}]}}