{"id":370,"date":"2017-04-18T14:56:46","date_gmt":"2017-04-18T12:56:46","guid":{"rendered":"https:\/\/tender-colden.109-235-78-20.plesk.page\/?page_id=370\/"},"modified":"2025-06-13T10:10:44","modified_gmt":"2025-06-13T08:10:44","slug":"tiere","status":"publish","type":"page","link":"https:\/\/www.ecomare.nl\/de\/entdecke-ecomare-auf-texel\/tiere\/","title":{"rendered":"Tiere"},"content":{"rendered":"<p><strong>Bei Ecomare lernt man die Tierwelt des Wattenmeeres und der Nordsee kennen. Nirgendwo sonst kann man Seehunde von so nahe anschauen. Verpassen Sie die Pr\u00e4sentationen um 11 und 15.30 Uhr nicht! Staune \u00fcber die riesigen Meeresv\u00f6gel in der Vogelpflegestation. Ba\u00dft\u00f6lpel haben eine Spannweite von fast 2 Metern. Tauche selber ins Meer im Meeresaquarium und entdecke alles \u00fcber die Fische, Haie, Rochen und die anderen Meerestiere, die hier leben. Diese Tiere werden um 14.30 Uhr gef\u00fcttert.<\/strong><\/p>\n","protected":false},"excerpt":{"rendered":"<p>Bei Ecomare sieht man Seehunde, Meeresv\u00f6gel und Fische ganz aus der N\u00e4he. Schau die Tiere sowohl von oben auch unter Wasser an.<\/p>\n","protected":false},"author":1,"featured_media":7812,"parent":333,"menu_order":10,"comment_status":"closed","ping_status":"closed","template":"page-templates\/content-overzicht.php","meta":{"_acf_changed":false,"footnotes":""},"tags":[],"class_list":["post-370","page","type-page","status-publish","has-post-thumbnail","hentry"],"acf":[],"yoast_head":"<!-- This site is optimized with the Yoast SEO plugin v27.5 - https:\/\/yoast.com\/product\/yoast-seo-wordpress\/ -->\n<title>Tiere - Ecomare<\/title>\n<meta name=\"description\" content=\"Bei Ecomare sieht man Seehunde, Meeresv\u00f6gel und Fische ganz aus der N\u00e4he. Schau die Tiere sowohl von oben auch unter Wasser an.\" \/>\n<meta name=\"robots\" content=\"index, follow, max-snippet:-1, max-image-preview:large, max-video-preview:-1\" \/>\n<meta property=\"og:locale\" content=\"de_DE\" \/>\n<meta property=\"og:type\" content=\"article\" \/>\n<meta property=\"og:description\" content=\"Bei Ecomare sieht man Seehunde, Meeresv\u00f6gel und Fische ganz aus der N\u00e4he. Schau die Tiere sowohl von oben auch unter Wasser an.\" \/>\n<meta property=\"og:site_name\" content=\"Ecomare\" \/>\n<meta property=\"article:publisher\" content=\"https:\/\/www.facebook.com\/beheerder.ecomaretexel\/\" \/>\n<meta property=\"article:modified_time\" content=\"2025-06-13T08:10:44+00:00\" \/>\n<meta property=\"og:image\" content=\"https:\/\/www.ecomare.nl\/wp-content\/uploads\/2017\/04\/opvang-gewone-zeehond-6962-sw.jpg\" \/>\n\t<meta property=\"og:image:width\" content=\"850\" \/>\n\t<meta property=\"og:image:height\" content=\"531\" \/>\n\t<meta property=\"og:image:type\" content=\"image\/jpeg\" \/>\n<meta name=\"twitter:card\" content=\"summary_large_image\" \/>\n<meta name=\"twitter:site\" content=\"@ecomaretexel\" \/>\n<meta name=\"twitter:label1\" content=\"Est. reading time\" \/>\n\t<meta name=\"twitter:data1\" content=\"1 minute\" \/>\n<script type=\"application\/ld+json\" class=\"yoast-schema-graph\">{\"@context\":\"https:\\\/\\\/schema.org\",\"@graph\":[{\"@type\":\"WebPage\",\"@id\":\"https:\\\/\\\/www.ecomare.nl\\\/de\\\/entdecke-ecomare-auf-texel\\\/tiere\\\/\",\"url\":\"https:\\\/\\\/www.ecomare.nl\\\/de\\\/entdecke-ecomare-auf-texel\\\/tiere\\\/\",\"name\":\"Tiere - Ecomare\",\"isPartOf\":{\"@id\":\"https:\\\/\\\/www.ecomare.nl\\\/#website\"},\"primaryImageOfPage\":{\"@id\":\"https:\\\/\\\/www.ecomare.nl\\\/de\\\/entdecke-ecomare-auf-texel\\\/tiere\\\/#primaryimage\"},\"image\":{\"@id\":\"https:\\\/\\\/www.ecomare.nl\\\/de\\\/entdecke-ecomare-auf-texel\\\/tiere\\\/#primaryimage\"},\"thumbnailUrl\":\"https:\\\/\\\/www.ecomare.nl\\\/wp-content\\\/uploads\\\/2017\\\/04\\\/opvang-gewone-zeehond-6962-sw.jpg\",\"datePublished\":\"2017-04-18T12:56:46+00:00\",\"dateModified\":\"2025-06-13T08:10:44+00:00\",\"description\":\"Bei Ecomare sieht man Seehunde, Meeresv\u00f6gel und Fische ganz aus der N\u00e4he. Schau die Tiere sowohl von oben auch unter Wasser an.\",\"breadcrumb\":{\"@id\":\"https:\\\/\\\/www.ecomare.nl\\\/de\\\/entdecke-ecomare-auf-texel\\\/tiere\\\/#breadcrumb\"},\"inLanguage\":\"de-DE\",\"potentialAction\":[{\"@type\":\"ReadAction\",\"target\":[\"https:\\\/\\\/www.ecomare.nl\\\/de\\\/entdecke-ecomare-auf-texel\\\/tiere\\\/\"]}]},{\"@type\":\"ImageObject\",\"inLanguage\":\"de-DE\",\"@id\":\"https:\\\/\\\/www.ecomare.nl\\\/de\\\/entdecke-ecomare-auf-texel\\\/tiere\\\/#primaryimage\",\"url\":\"https:\\\/\\\/www.ecomare.nl\\\/wp-content\\\/uploads\\\/2017\\\/04\\\/opvang-gewone-zeehond-6962-sw.jpg\",\"contentUrl\":\"https:\\\/\\\/www.ecomare.nl\\\/wp-content\\\/uploads\\\/2017\\\/04\\\/opvang-gewone-zeehond-6962-sw.jpg\",\"width\":850,\"height\":531},{\"@type\":\"BreadcrumbList\",\"@id\":\"https:\\\/\\\/www.ecomare.nl\\\/de\\\/entdecke-ecomare-auf-texel\\\/tiere\\\/#breadcrumb\",\"itemListElement\":[{\"@type\":\"ListItem\",\"position\":1,\"name\":\"Home\",\"item\":\"https:\\\/\\\/www.ecomare.nl\\\/de\\\/\"},{\"@type\":\"ListItem\",\"position\":2,\"name\":\"Entdecke Ecomare auf Texel\",\"item\":\"https:\\\/\\\/www.ecomare.nl\\\/de\\\/entdecke-ecomare-auf-texel\\\/\"},{\"@type\":\"ListItem\",\"position\":3,\"name\":\"Tiere\"}]},{\"@type\":\"WebSite\",\"@id\":\"https:\\\/\\\/www.ecomare.nl\\\/#website\",\"url\":\"https:\\\/\\\/www.ecomare.nl\\\/\",\"name\":\"Ecomare\",\"description\":\"\",\"potentialAction\":[{\"@type\":\"SearchAction\",\"target\":{\"@type\":\"EntryPoint\",\"urlTemplate\":\"https:\\\/\\\/www.ecomare.nl\\\/?s={search_term_string}\"},\"query-input\":{\"@type\":\"PropertyValueSpecification\",\"valueRequired\":true,\"valueName\":\"search_term_string\"}}],\"inLanguage\":\"de-DE\"}]}<\/script>\n<!-- \/ Yoast SEO plugin. -->","yoast_head_json":{"title":"Tiere - Ecomare","description":"Bei Ecomare sieht man Seehunde, Meeresv\u00f6gel und Fische ganz aus der N\u00e4he. Schau die Tiere sowohl von oben auch unter Wasser an.","robots":{"index":"index","follow":"follow","max-snippet":"max-snippet:-1","max-image-preview":"max-image-preview:large","max-video-preview":"max-video-preview:-1"},"og_locale":"de_DE","og_type":"article","og_description":"Bei Ecomare sieht man Seehunde, Meeresv\u00f6gel und Fische ganz aus der N\u00e4he. Schau die Tiere sowohl von oben auch unter Wasser an.","og_site_name":"Ecomare","article_publisher":"https:\/\/www.facebook.com\/beheerder.ecomaretexel\/","article_modified_time":"2025-06-13T08:10:44+00:00","og_image":[{"width":850,"height":531,"url":"https:\/\/www.ecomare.nl\/wp-content\/uploads\/2017\/04\/opvang-gewone-zeehond-6962-sw.jpg","type":"image\/jpeg"}],"twitter_card":"summary_large_image","twitter_site":"@ecomaretexel","twitter_misc":{"Est. reading time":"1 minute"},"schema":{"@context":"https:\/\/schema.org","@graph":[{"@type":"WebPage","@id":"https:\/\/www.ecomare.nl\/de\/entdecke-ecomare-auf-texel\/tiere\/","url":"https:\/\/www.ecomare.nl\/de\/entdecke-ecomare-auf-texel\/tiere\/","name":"Tiere - Ecomare","isPartOf":{"@id":"https:\/\/www.ecomare.nl\/#website"},"primaryImageOfPage":{"@id":"https:\/\/www.ecomare.nl\/de\/entdecke-ecomare-auf-texel\/tiere\/#primaryimage"},"image":{"@id":"https:\/\/www.ecomare.nl\/de\/entdecke-ecomare-auf-texel\/tiere\/#primaryimage"},"thumbnailUrl":"https:\/\/www.ecomare.nl\/wp-content\/uploads\/2017\/04\/opvang-gewone-zeehond-6962-sw.jpg","datePublished":"2017-04-18T12:56:46+00:00","dateModified":"2025-06-13T08:10:44+00:00","description":"Bei Ecomare sieht man Seehunde, Meeresv\u00f6gel und Fische ganz aus der N\u00e4he. Schau die Tiere sowohl von oben auch unter Wasser an.","breadcrumb":{"@id":"https:\/\/www.ecomare.nl\/de\/entdecke-ecomare-auf-texel\/tiere\/#breadcrumb"},"inLanguage":"de-DE","potentialAction":[{"@type":"ReadAction","target":["https:\/\/www.ecomare.nl\/de\/entdecke-ecomare-auf-texel\/tiere\/"]}]},{"@type":"ImageObject","inLanguage":"de-DE","@id":"https:\/\/www.ecomare.nl\/de\/entdecke-ecomare-auf-texel\/tiere\/#primaryimage","url":"https:\/\/www.ecomare.nl\/wp-content\/uploads\/2017\/04\/opvang-gewone-zeehond-6962-sw.jpg","contentUrl":"https:\/\/www.ecomare.nl\/wp-content\/uploads\/2017\/04\/opvang-gewone-zeehond-6962-sw.jpg","width":850,"height":531},{"@type":"BreadcrumbList","@id":"https:\/\/www.ecomare.nl\/de\/entdecke-ecomare-auf-texel\/tiere\/#breadcrumb","itemListElement":[{"@type":"ListItem","position":1,"name":"Home","item":"https:\/\/www.ecomare.nl\/de\/"},{"@type":"ListItem","position":2,"name":"Entdecke Ecomare auf Texel","item":"https:\/\/www.ecomare.nl\/de\/entdecke-ecomare-auf-texel\/"},{"@type":"ListItem","position":3,"name":"Tiere"}]},{"@type":"WebSite","@id":"https:\/\/www.ecomare.nl\/#website","url":"https:\/\/www.ecomare.nl\/","name":"Ecomare","description":"","potentialAction":[{"@type":"SearchAction","target":{"@type":"EntryPoint","urlTemplate":"https:\/\/www.ecomare.nl\/?s={search_term_string}"},"query-input":{"@type":"PropertyValueSpecification","valueRequired":true,"valueName":"search_term_string"}}],"inLanguage":"de-DE"}]}},"_links":{"self":[{"href":"https:\/\/www.ecomare.nl\/de\/wp-json\/wp\/v2\/pages\/370","targetHints":{"allow":["GET"]}}],"collection":[{"href":"https:\/\/www.ecomare.nl\/de\/wp-json\/wp\/v2\/pages"}],"about":[{"href":"https:\/\/www.ecomare.nl\/de\/wp-json\/wp\/v2\/types\/page"}],"author":[{"embeddable":true,"href":"https:\/\/www.ecomare.nl\/de\/wp-json\/wp\/v2\/users\/1"}],"replies":[{"embeddable":true,"href":"https:\/\/www.ecomare.nl\/de\/wp-json\/wp\/v2\/comments?post=370"}],"version-history":[{"count":4,"href":"https:\/\/www.ecomare.nl\/de\/wp-json\/wp\/v2\/pages\/370\/revisions"}],"predecessor-version":[{"id":25667,"href":"https:\/\/www.ecomare.nl\/de\/wp-json\/wp\/v2\/pages\/370\/revisions\/25667"}],"up":[{"embeddable":true,"href":"https:\/\/www.ecomare.nl\/de\/wp-json\/wp\/v2\/pages\/333"}],"wp:featuredmedia":[{"embeddable":true,"href":"https:\/\/www.ecomare.nl\/de\/wp-json\/wp\/v2\/media\/7812"}],"wp:attachment":[{"href":"https:\/\/www.ecomare.nl\/de\/wp-json\/wp\/v2\/media?parent=370"}],"wp:term":[{"taxonomy":"post_tag","embeddable":true,"href":"https:\/\/www.ecomare.nl\/de\/wp-json\/wp\/v2\/tags?post=370"}],"curies":[{"name":"wp","href":"https:\/\/api.w.org\/{rel}","templated":true}]}}