{"id":389,"date":"2017-03-31T16:19:55","date_gmt":"2017-03-31T14:19:55","guid":{"rendered":"https:\/\/tender-colden.109-235-78-20.plesk.page\/plan\/praktische-informatie\/"},"modified":"2026-03-05T09:23:38","modified_gmt":"2026-03-05T08:23:38","slug":"praktische-informationen","status":"publish","type":"page","link":"https:\/\/www.ecomare.nl\/de\/besuche-ecomare\/praktische-informationen\/","title":{"rendered":"Praktische Informationen"},"content":{"rendered":"<p><strong>Wie sch\u00f6n, dass Sie Ecomare besuchen! Ecomare ist t\u00e4glich von 9.30-17.00 Uhr ge\u00f6ffnet. Kaufen Sie <a href=\"https:\/\/texelsmuseum.combiv2.ticketcounter.eu\/de-DE\/tickets?journey=ecomare\" target=\"_blank\" rel=\"noopener\">hier<\/a> Ihr Ticket, oder an der Kasse. <\/strong><strong>Bis bald!<\/strong><\/p>\n<h2>Eintrittspreise 2024<\/h2>\n<p>4 bis 18 Jahre: \u20ac 10,50<br \/>\nErwachsene: \u20ac 15,50<br \/>\nStudent: \u20ac 12,50<br \/>\nKinder bis einschl. 3 Jahre: gratis<\/p>\n<p>Jahreskarte Ecomare (ab Kaufdatum 12 Monate g\u00fcltig): 4 bis 18 Jahre \u20ac 30,00, Ab 19 Jahre \u20ac 45,00.<\/p>\n<p>Schulklassen bezahlen f\u00fcr Sch\u00fcler und Begleiter \u20ac 8,00. <a href=\"https:\/\/www.ecomare.nl\/de\/besuche-ecomare\/programme-fuer-schulen\/\" target=\"_blank\" rel=\"noopener noreferrer\">Hier<\/a> finden Sie alle M\u00f6glichkeiten f\u00fcr Schulen.<\/p>\n<h2>Rollst\u00fchle und Kinderwagen<\/h2>\n<p>Ecomare ist komplett rollstuhlfreundlich eingerichtet. Es k\u00f6nnen Rollst\u00fchle und Buggys ausgeliehen werden.<\/p>\n<h2>Hund mitnehmen?<\/h2>\n<p>Hunde sind bei Ecomare nicht erlaubt, mit Ausnahme von Begleithunden.<\/p>\n<h2>Adresse<\/h2>\n<p>Ecomare, Zentrum f\u00fcr Wattenmeer und Nordsee<br \/>\nRuijslaan 92<br \/>\n1796 AZ De Koog &#8211; Texel<br \/>\nNiederlande<br \/>\nT: 0031-222-317741<br \/>\nE: <a href=\"mailto:info@ecomare.nl\">info@ecomare.nl<\/a><\/p>\n<h2>Parken<\/h2>\n<p>Kommst du mit dem Auto? Mit der Texel E-Vignette kannst du \u00fcberall auf Texel parken. Diese digitale Parkkarte gilt auch auf dem Parkplatz von Ecomare. Weitere Informationen stehen auf <a href=\"https:\/\/texelevignet.de\/\" target=\"_blank\" rel=\"noopener noreferrer\">texelevignet.nl.<\/a><\/p>\n<h2>Route<\/h2>\n<p>Ecomare ist gut mit Bus, Fahrrad und Auto zu erreichen. Nimm vom Pontweg den Abzweig 13. Der \u00f6ffentliche Nahverkehr auf Texel ist anders als woanders. Schau daf\u00fcr auf <a href=\"https:\/\/www.texelhopper.nl\/de\/\" target=\"_blank\" rel=\"noopener noreferrer\">texelhopper.nl<\/a> nach.<\/p>\n<h2>\u00dcbersichtsplan<\/h2>\n<div>F\u00fcr den \u00dcbersichtsplan von Ecomare <a href=\"https:\/\/www.ecomare.nl\/wp-content\/uploads\/2023\/12\/Plattegrond-website-DE-2021-6.pdf\" target=\"_blank\" rel=\"noopener\">hier<\/a> klicken.<\/div>\n","protected":false},"excerpt":{"rendered":"<p>Ecomare ist t\u00e4glich von 9:30-17:00 Uhr ge\u00f6ffnet. Es ist gut mit Auto, Fahrrad und \u00f6ffentlichem Verkehr zu erreichen. Hier stehen die Besucherinformationen.<\/p>\n","protected":false},"author":1,"featured_media":12982,"parent":321,"menu_order":10,"comment_status":"closed","ping_status":"closed","template":"page-templates\/contentblokken.php","meta":{"_acf_changed":false,"footnotes":""},"tags":[],"class_list":["post-389","page","type-page","status-publish","has-post-thumbnail","hentry"],"acf":[],"yoast_head":"<!-- This site is optimized with the Yoast SEO plugin v27.5 - https:\/\/yoast.com\/product\/yoast-seo-wordpress\/ -->\n<title>Praktische Informationen - Ecomare<\/title>\n<meta name=\"description\" content=\"Ecomare ist t\u00e4glich von 9:30-17:00 Uhr ge\u00f6ffnet. Es ist gut mit Auto, Fahrrad und \u00f6ffentlichem Verkehr zu erreichen. Hier stehen die Besucherinformationen.\" \/>\n<meta name=\"robots\" content=\"index, follow, max-snippet:-1, max-image-preview:large, max-video-preview:-1\" \/>\n<meta property=\"og:locale\" content=\"de_DE\" \/>\n<meta property=\"og:type\" content=\"article\" \/>\n<meta property=\"og:description\" content=\"Ecomare ist t\u00e4glich von 9:30-17:00 Uhr ge\u00f6ffnet. Es ist gut mit Auto, Fahrrad und \u00f6ffentlichem Verkehr zu erreichen. Hier stehen die Besucherinformationen.\" \/>\n<meta property=\"og:site_name\" content=\"Ecomare\" \/>\n<meta property=\"article:publisher\" content=\"https:\/\/www.facebook.com\/beheerder.ecomaretexel\/\" \/>\n<meta property=\"article:modified_time\" content=\"2026-03-05T08:23:38+00:00\" \/>\n<meta property=\"og:image\" content=\"https:\/\/www.ecomare.nl\/wp-content\/uploads\/2020\/05\/Koop-je-ticket-STM_Ecomare_StefanKrofft-2019-58.jpg\" \/>\n\t<meta property=\"og:image:width\" content=\"840\" \/>\n\t<meta property=\"og:image:height\" content=\"525\" \/>\n\t<meta property=\"og:image:type\" content=\"image\/jpeg\" \/>\n<meta name=\"twitter:card\" content=\"summary_large_image\" \/>\n<meta name=\"twitter:site\" content=\"@ecomaretexel\" \/>\n<meta name=\"twitter:label1\" content=\"Est. reading time\" \/>\n\t<meta name=\"twitter:data1\" content=\"2 minutes\" \/>\n<script type=\"application\/ld+json\" class=\"yoast-schema-graph\">{\"@context\":\"https:\\\/\\\/schema.org\",\"@graph\":[{\"@type\":\"WebPage\",\"@id\":\"https:\\\/\\\/www.ecomare.nl\\\/de\\\/besuche-ecomare\\\/praktische-informationen\\\/\",\"url\":\"https:\\\/\\\/www.ecomare.nl\\\/de\\\/besuche-ecomare\\\/praktische-informationen\\\/\",\"name\":\"Praktische Informationen - Ecomare\",\"isPartOf\":{\"@id\":\"https:\\\/\\\/www.ecomare.nl\\\/#website\"},\"primaryImageOfPage\":{\"@id\":\"https:\\\/\\\/www.ecomare.nl\\\/de\\\/besuche-ecomare\\\/praktische-informationen\\\/#primaryimage\"},\"image\":{\"@id\":\"https:\\\/\\\/www.ecomare.nl\\\/de\\\/besuche-ecomare\\\/praktische-informationen\\\/#primaryimage\"},\"thumbnailUrl\":\"https:\\\/\\\/www.ecomare.nl\\\/wp-content\\\/uploads\\\/2020\\\/05\\\/Koop-je-ticket-STM_Ecomare_StefanKrofft-2019-58.jpg\",\"datePublished\":\"2017-03-31T14:19:55+00:00\",\"dateModified\":\"2026-03-05T08:23:38+00:00\",\"description\":\"Ecomare ist t\u00e4glich von 9:30-17:00 Uhr ge\u00f6ffnet. Es ist gut mit Auto, Fahrrad und \u00f6ffentlichem Verkehr zu erreichen. Hier stehen die Besucherinformationen.\",\"breadcrumb\":{\"@id\":\"https:\\\/\\\/www.ecomare.nl\\\/de\\\/besuche-ecomare\\\/praktische-informationen\\\/#breadcrumb\"},\"inLanguage\":\"de-DE\",\"potentialAction\":[{\"@type\":\"ReadAction\",\"target\":[\"https:\\\/\\\/www.ecomare.nl\\\/de\\\/besuche-ecomare\\\/praktische-informationen\\\/\"]}]},{\"@type\":\"ImageObject\",\"inLanguage\":\"de-DE\",\"@id\":\"https:\\\/\\\/www.ecomare.nl\\\/de\\\/besuche-ecomare\\\/praktische-informationen\\\/#primaryimage\",\"url\":\"https:\\\/\\\/www.ecomare.nl\\\/wp-content\\\/uploads\\\/2020\\\/05\\\/Koop-je-ticket-STM_Ecomare_StefanKrofft-2019-58.jpg\",\"contentUrl\":\"https:\\\/\\\/www.ecomare.nl\\\/wp-content\\\/uploads\\\/2020\\\/05\\\/Koop-je-ticket-STM_Ecomare_StefanKrofft-2019-58.jpg\",\"width\":840,\"height\":525,\"caption\":\"publiek in ecomare buiten grijze zeehond bassin\"},{\"@type\":\"BreadcrumbList\",\"@id\":\"https:\\\/\\\/www.ecomare.nl\\\/de\\\/besuche-ecomare\\\/praktische-informationen\\\/#breadcrumb\",\"itemListElement\":[{\"@type\":\"ListItem\",\"position\":1,\"name\":\"Home\",\"item\":\"https:\\\/\\\/www.ecomare.nl\\\/de\\\/\"},{\"@type\":\"ListItem\",\"position\":2,\"name\":\"Besuche Ecomare auf Texel\",\"item\":\"https:\\\/\\\/www.ecomare.nl\\\/de\\\/besuche-ecomare\\\/\"},{\"@type\":\"ListItem\",\"position\":3,\"name\":\"Praktische Informationen\"}]},{\"@type\":\"WebSite\",\"@id\":\"https:\\\/\\\/www.ecomare.nl\\\/#website\",\"url\":\"https:\\\/\\\/www.ecomare.nl\\\/\",\"name\":\"Ecomare\",\"description\":\"\",\"potentialAction\":[{\"@type\":\"SearchAction\",\"target\":{\"@type\":\"EntryPoint\",\"urlTemplate\":\"https:\\\/\\\/www.ecomare.nl\\\/?s={search_term_string}\"},\"query-input\":{\"@type\":\"PropertyValueSpecification\",\"valueRequired\":true,\"valueName\":\"search_term_string\"}}],\"inLanguage\":\"de-DE\"}]}<\/script>\n<!-- \/ Yoast SEO plugin. -->","yoast_head_json":{"title":"Praktische Informationen - Ecomare","description":"Ecomare ist t\u00e4glich von 9:30-17:00 Uhr ge\u00f6ffnet. Es ist gut mit Auto, Fahrrad und \u00f6ffentlichem Verkehr zu erreichen. Hier stehen die Besucherinformationen.","robots":{"index":"index","follow":"follow","max-snippet":"max-snippet:-1","max-image-preview":"max-image-preview:large","max-video-preview":"max-video-preview:-1"},"og_locale":"de_DE","og_type":"article","og_description":"Ecomare ist t\u00e4glich von 9:30-17:00 Uhr ge\u00f6ffnet. Es ist gut mit Auto, Fahrrad und \u00f6ffentlichem Verkehr zu erreichen. Hier stehen die Besucherinformationen.","og_site_name":"Ecomare","article_publisher":"https:\/\/www.facebook.com\/beheerder.ecomaretexel\/","article_modified_time":"2026-03-05T08:23:38+00:00","og_image":[{"width":840,"height":525,"url":"https:\/\/www.ecomare.nl\/wp-content\/uploads\/2020\/05\/Koop-je-ticket-STM_Ecomare_StefanKrofft-2019-58.jpg","type":"image\/jpeg"}],"twitter_card":"summary_large_image","twitter_site":"@ecomaretexel","twitter_misc":{"Est. reading time":"2 minutes"},"schema":{"@context":"https:\/\/schema.org","@graph":[{"@type":"WebPage","@id":"https:\/\/www.ecomare.nl\/de\/besuche-ecomare\/praktische-informationen\/","url":"https:\/\/www.ecomare.nl\/de\/besuche-ecomare\/praktische-informationen\/","name":"Praktische Informationen - Ecomare","isPartOf":{"@id":"https:\/\/www.ecomare.nl\/#website"},"primaryImageOfPage":{"@id":"https:\/\/www.ecomare.nl\/de\/besuche-ecomare\/praktische-informationen\/#primaryimage"},"image":{"@id":"https:\/\/www.ecomare.nl\/de\/besuche-ecomare\/praktische-informationen\/#primaryimage"},"thumbnailUrl":"https:\/\/www.ecomare.nl\/wp-content\/uploads\/2020\/05\/Koop-je-ticket-STM_Ecomare_StefanKrofft-2019-58.jpg","datePublished":"2017-03-31T14:19:55+00:00","dateModified":"2026-03-05T08:23:38+00:00","description":"Ecomare ist t\u00e4glich von 9:30-17:00 Uhr ge\u00f6ffnet. Es ist gut mit Auto, Fahrrad und \u00f6ffentlichem Verkehr zu erreichen. Hier stehen die Besucherinformationen.","breadcrumb":{"@id":"https:\/\/www.ecomare.nl\/de\/besuche-ecomare\/praktische-informationen\/#breadcrumb"},"inLanguage":"de-DE","potentialAction":[{"@type":"ReadAction","target":["https:\/\/www.ecomare.nl\/de\/besuche-ecomare\/praktische-informationen\/"]}]},{"@type":"ImageObject","inLanguage":"de-DE","@id":"https:\/\/www.ecomare.nl\/de\/besuche-ecomare\/praktische-informationen\/#primaryimage","url":"https:\/\/www.ecomare.nl\/wp-content\/uploads\/2020\/05\/Koop-je-ticket-STM_Ecomare_StefanKrofft-2019-58.jpg","contentUrl":"https:\/\/www.ecomare.nl\/wp-content\/uploads\/2020\/05\/Koop-je-ticket-STM_Ecomare_StefanKrofft-2019-58.jpg","width":840,"height":525,"caption":"publiek in ecomare buiten grijze zeehond bassin"},{"@type":"BreadcrumbList","@id":"https:\/\/www.ecomare.nl\/de\/besuche-ecomare\/praktische-informationen\/#breadcrumb","itemListElement":[{"@type":"ListItem","position":1,"name":"Home","item":"https:\/\/www.ecomare.nl\/de\/"},{"@type":"ListItem","position":2,"name":"Besuche Ecomare auf Texel","item":"https:\/\/www.ecomare.nl\/de\/besuche-ecomare\/"},{"@type":"ListItem","position":3,"name":"Praktische Informationen"}]},{"@type":"WebSite","@id":"https:\/\/www.ecomare.nl\/#website","url":"https:\/\/www.ecomare.nl\/","name":"Ecomare","description":"","potentialAction":[{"@type":"SearchAction","target":{"@type":"EntryPoint","urlTemplate":"https:\/\/www.ecomare.nl\/?s={search_term_string}"},"query-input":{"@type":"PropertyValueSpecification","valueRequired":true,"valueName":"search_term_string"}}],"inLanguage":"de-DE"}]}},"_links":{"self":[{"href":"https:\/\/www.ecomare.nl\/de\/wp-json\/wp\/v2\/pages\/389","targetHints":{"allow":["GET"]}}],"collection":[{"href":"https:\/\/www.ecomare.nl\/de\/wp-json\/wp\/v2\/pages"}],"about":[{"href":"https:\/\/www.ecomare.nl\/de\/wp-json\/wp\/v2\/types\/page"}],"author":[{"embeddable":true,"href":"https:\/\/www.ecomare.nl\/de\/wp-json\/wp\/v2\/users\/1"}],"replies":[{"embeddable":true,"href":"https:\/\/www.ecomare.nl\/de\/wp-json\/wp\/v2\/comments?post=389"}],"version-history":[{"count":11,"href":"https:\/\/www.ecomare.nl\/de\/wp-json\/wp\/v2\/pages\/389\/revisions"}],"predecessor-version":[{"id":26765,"href":"https:\/\/www.ecomare.nl\/de\/wp-json\/wp\/v2\/pages\/389\/revisions\/26765"}],"up":[{"embeddable":true,"href":"https:\/\/www.ecomare.nl\/de\/wp-json\/wp\/v2\/pages\/321"}],"wp:featuredmedia":[{"embeddable":true,"href":"https:\/\/www.ecomare.nl\/de\/wp-json\/wp\/v2\/media\/12982"}],"wp:attachment":[{"href":"https:\/\/www.ecomare.nl\/de\/wp-json\/wp\/v2\/media?parent=389"}],"wp:term":[{"taxonomy":"post_tag","embeddable":true,"href":"https:\/\/www.ecomare.nl\/de\/wp-json\/wp\/v2\/tags?post=389"}],"curies":[{"name":"wp","href":"https:\/\/api.w.org\/{rel}","templated":true}]}}