{"id":436,"date":"2017-04-18T15:34:32","date_gmt":"2017-04-18T13:34:32","guid":{"rendered":"https:\/\/tender-colden.109-235-78-20.plesk.page\/?page_id=436\/"},"modified":"2023-03-07T10:52:38","modified_gmt":"2023-03-07T09:52:38","slug":"programme-fuer-schulen","status":"publish","type":"page","link":"https:\/\/www.ecomare.nl\/de\/besuche-ecomare\/programme-fuer-schulen\/","title":{"rendered":"Programme f\u00fcr Schulen"},"content":{"rendered":"<p><strong>F\u00e4hrst du mit deiner Klasse nach Texel? Informiere dich hier \u00fcber die M\u00f6glichkeiten, sowohl bei Ecomare als auch in der Natur. Wenn du zu Ecomare gehst, kannst du vorab eine gratis Einf\u00fchrung bekommen. So hast du viel mehr von dem Besuch. Das muss jedoch zeitig vorher gebucht werden. Ecomare bietet f\u00fcr Schulen auch Exkursionen und aktiven Feldprogrammen an. Abgestimmt auf Alter und Niveau der Sch\u00fcler. Mache aus deiner Klassenfahrt, Camp oder Projektwoche eine gro\u00dfartige Erfahrung; interessant und lehrreich passen prima zusammen!<\/strong><\/p>\n<p>&nbsp;<\/p>\n","protected":false},"excerpt":{"rendered":"<p>Klassenfahrt oder Projektwoche auf Texel? Komm zu Ecomare! Oder w\u00e4hle ein aktives Feldprogramm aus dem breiten Angebot, abgestimmt auf Alter und Niveau.<\/p>\n","protected":false},"author":69,"featured_media":418,"parent":321,"menu_order":70,"comment_status":"closed","ping_status":"closed","template":"page-templates\/content-overzicht.php","meta":{"_acf_changed":false,"footnotes":""},"tags":[],"class_list":["post-436","page","type-page","status-publish","has-post-thumbnail","hentry"],"acf":[],"yoast_head":"<!-- This site is optimized with the Yoast SEO plugin v27.4 - https:\/\/yoast.com\/product\/yoast-seo-wordpress\/ -->\n<title>Programme f\u00fcr Schulen - Ecomare<\/title>\n<meta name=\"description\" content=\"Klassenfahrt oder Projektwoche auf Texel? Komm zu Ecomare! Oder w\u00e4hle ein aktives Feldprogramm aus dem breiten Angebot, abgestimmt auf Alter und Niveau.\" \/>\n<meta name=\"robots\" content=\"index, follow, max-snippet:-1, max-image-preview:large, max-video-preview:-1\" \/>\n<meta property=\"og:locale\" content=\"de_DE\" \/>\n<meta property=\"og:type\" content=\"article\" \/>\n<meta property=\"og:description\" content=\"Klassenfahrt oder Projektwoche auf Texel? Komm zu Ecomare! Oder w\u00e4hle ein aktives Feldprogramm aus dem breiten Angebot, abgestimmt auf Alter und Niveau.\" \/>\n<meta property=\"og:site_name\" content=\"Ecomare\" \/>\n<meta property=\"article:publisher\" content=\"https:\/\/www.facebook.com\/beheerder.ecomaretexel\/\" \/>\n<meta property=\"article:modified_time\" content=\"2023-03-07T09:52:38+00:00\" \/>\n<meta property=\"og:image\" content=\"https:\/\/www.ecomare.nl\/wp-content\/uploads\/2017\/03\/excursie-slufter-255-sw.jpg\" \/>\n\t<meta property=\"og:image:width\" content=\"840\" \/>\n\t<meta property=\"og:image:height\" content=\"525\" \/>\n\t<meta property=\"og:image:type\" content=\"image\/jpeg\" \/>\n<meta name=\"twitter:card\" content=\"summary_large_image\" \/>\n<meta name=\"twitter:site\" content=\"@ecomaretexel\" \/>\n<meta name=\"twitter:label1\" content=\"Est. reading time\" \/>\n\t<meta name=\"twitter:data1\" content=\"1 minute\" \/>\n<script type=\"application\/ld+json\" class=\"yoast-schema-graph\">{\"@context\":\"https:\\\/\\\/schema.org\",\"@graph\":[{\"@type\":\"WebPage\",\"@id\":\"https:\\\/\\\/www.ecomare.nl\\\/de\\\/besuche-ecomare\\\/programme-fuer-schulen\\\/\",\"url\":\"https:\\\/\\\/www.ecomare.nl\\\/de\\\/besuche-ecomare\\\/programme-fuer-schulen\\\/\",\"name\":\"Programme f\u00fcr Schulen - Ecomare\",\"isPartOf\":{\"@id\":\"https:\\\/\\\/www.ecomare.nl\\\/#website\"},\"primaryImageOfPage\":{\"@id\":\"https:\\\/\\\/www.ecomare.nl\\\/de\\\/besuche-ecomare\\\/programme-fuer-schulen\\\/#primaryimage\"},\"image\":{\"@id\":\"https:\\\/\\\/www.ecomare.nl\\\/de\\\/besuche-ecomare\\\/programme-fuer-schulen\\\/#primaryimage\"},\"thumbnailUrl\":\"https:\\\/\\\/www.ecomare.nl\\\/wp-content\\\/uploads\\\/2017\\\/03\\\/excursie-slufter-255-sw.jpg\",\"datePublished\":\"2017-04-18T13:34:32+00:00\",\"dateModified\":\"2023-03-07T09:52:38+00:00\",\"description\":\"Klassenfahrt oder Projektwoche auf Texel? Komm zu Ecomare! Oder w\u00e4hle ein aktives Feldprogramm aus dem breiten Angebot, abgestimmt auf Alter und Niveau.\",\"breadcrumb\":{\"@id\":\"https:\\\/\\\/www.ecomare.nl\\\/de\\\/besuche-ecomare\\\/programme-fuer-schulen\\\/#breadcrumb\"},\"inLanguage\":\"de-DE\",\"potentialAction\":[{\"@type\":\"ReadAction\",\"target\":[\"https:\\\/\\\/www.ecomare.nl\\\/de\\\/besuche-ecomare\\\/programme-fuer-schulen\\\/\"]}]},{\"@type\":\"ImageObject\",\"inLanguage\":\"de-DE\",\"@id\":\"https:\\\/\\\/www.ecomare.nl\\\/de\\\/besuche-ecomare\\\/programme-fuer-schulen\\\/#primaryimage\",\"url\":\"https:\\\/\\\/www.ecomare.nl\\\/wp-content\\\/uploads\\\/2017\\\/03\\\/excursie-slufter-255-sw.jpg\",\"contentUrl\":\"https:\\\/\\\/www.ecomare.nl\\\/wp-content\\\/uploads\\\/2017\\\/03\\\/excursie-slufter-255-sw.jpg\",\"width\":840,\"height\":525,\"caption\":\"Kinderen vissen met duwnetjes tijdens Slufterexcursie\"},{\"@type\":\"BreadcrumbList\",\"@id\":\"https:\\\/\\\/www.ecomare.nl\\\/de\\\/besuche-ecomare\\\/programme-fuer-schulen\\\/#breadcrumb\",\"itemListElement\":[{\"@type\":\"ListItem\",\"position\":1,\"name\":\"Home\",\"item\":\"https:\\\/\\\/www.ecomare.nl\\\/de\\\/\"},{\"@type\":\"ListItem\",\"position\":2,\"name\":\"Besuche Ecomare auf Texel\",\"item\":\"https:\\\/\\\/www.ecomare.nl\\\/de\\\/besuche-ecomare\\\/\"},{\"@type\":\"ListItem\",\"position\":3,\"name\":\"Programme f\u00fcr Schulen\"}]},{\"@type\":\"WebSite\",\"@id\":\"https:\\\/\\\/www.ecomare.nl\\\/#website\",\"url\":\"https:\\\/\\\/www.ecomare.nl\\\/\",\"name\":\"Ecomare\",\"description\":\"\",\"potentialAction\":[{\"@type\":\"SearchAction\",\"target\":{\"@type\":\"EntryPoint\",\"urlTemplate\":\"https:\\\/\\\/www.ecomare.nl\\\/?s={search_term_string}\"},\"query-input\":{\"@type\":\"PropertyValueSpecification\",\"valueRequired\":true,\"valueName\":\"search_term_string\"}}],\"inLanguage\":\"de-DE\"}]}<\/script>\n<!-- \/ Yoast SEO plugin. -->","yoast_head_json":{"title":"Programme f\u00fcr Schulen - Ecomare","description":"Klassenfahrt oder Projektwoche auf Texel? Komm zu Ecomare! Oder w\u00e4hle ein aktives Feldprogramm aus dem breiten Angebot, abgestimmt auf Alter und Niveau.","robots":{"index":"index","follow":"follow","max-snippet":"max-snippet:-1","max-image-preview":"max-image-preview:large","max-video-preview":"max-video-preview:-1"},"og_locale":"de_DE","og_type":"article","og_description":"Klassenfahrt oder Projektwoche auf Texel? Komm zu Ecomare! Oder w\u00e4hle ein aktives Feldprogramm aus dem breiten Angebot, abgestimmt auf Alter und Niveau.","og_site_name":"Ecomare","article_publisher":"https:\/\/www.facebook.com\/beheerder.ecomaretexel\/","article_modified_time":"2023-03-07T09:52:38+00:00","og_image":[{"width":840,"height":525,"url":"https:\/\/www.ecomare.nl\/wp-content\/uploads\/2017\/03\/excursie-slufter-255-sw.jpg","type":"image\/jpeg"}],"twitter_card":"summary_large_image","twitter_site":"@ecomaretexel","twitter_misc":{"Est. reading time":"1 minute"},"schema":{"@context":"https:\/\/schema.org","@graph":[{"@type":"WebPage","@id":"https:\/\/www.ecomare.nl\/de\/besuche-ecomare\/programme-fuer-schulen\/","url":"https:\/\/www.ecomare.nl\/de\/besuche-ecomare\/programme-fuer-schulen\/","name":"Programme f\u00fcr Schulen - Ecomare","isPartOf":{"@id":"https:\/\/www.ecomare.nl\/#website"},"primaryImageOfPage":{"@id":"https:\/\/www.ecomare.nl\/de\/besuche-ecomare\/programme-fuer-schulen\/#primaryimage"},"image":{"@id":"https:\/\/www.ecomare.nl\/de\/besuche-ecomare\/programme-fuer-schulen\/#primaryimage"},"thumbnailUrl":"https:\/\/www.ecomare.nl\/wp-content\/uploads\/2017\/03\/excursie-slufter-255-sw.jpg","datePublished":"2017-04-18T13:34:32+00:00","dateModified":"2023-03-07T09:52:38+00:00","description":"Klassenfahrt oder Projektwoche auf Texel? Komm zu Ecomare! Oder w\u00e4hle ein aktives Feldprogramm aus dem breiten Angebot, abgestimmt auf Alter und Niveau.","breadcrumb":{"@id":"https:\/\/www.ecomare.nl\/de\/besuche-ecomare\/programme-fuer-schulen\/#breadcrumb"},"inLanguage":"de-DE","potentialAction":[{"@type":"ReadAction","target":["https:\/\/www.ecomare.nl\/de\/besuche-ecomare\/programme-fuer-schulen\/"]}]},{"@type":"ImageObject","inLanguage":"de-DE","@id":"https:\/\/www.ecomare.nl\/de\/besuche-ecomare\/programme-fuer-schulen\/#primaryimage","url":"https:\/\/www.ecomare.nl\/wp-content\/uploads\/2017\/03\/excursie-slufter-255-sw.jpg","contentUrl":"https:\/\/www.ecomare.nl\/wp-content\/uploads\/2017\/03\/excursie-slufter-255-sw.jpg","width":840,"height":525,"caption":"Kinderen vissen met duwnetjes tijdens Slufterexcursie"},{"@type":"BreadcrumbList","@id":"https:\/\/www.ecomare.nl\/de\/besuche-ecomare\/programme-fuer-schulen\/#breadcrumb","itemListElement":[{"@type":"ListItem","position":1,"name":"Home","item":"https:\/\/www.ecomare.nl\/de\/"},{"@type":"ListItem","position":2,"name":"Besuche Ecomare auf Texel","item":"https:\/\/www.ecomare.nl\/de\/besuche-ecomare\/"},{"@type":"ListItem","position":3,"name":"Programme f\u00fcr Schulen"}]},{"@type":"WebSite","@id":"https:\/\/www.ecomare.nl\/#website","url":"https:\/\/www.ecomare.nl\/","name":"Ecomare","description":"","potentialAction":[{"@type":"SearchAction","target":{"@type":"EntryPoint","urlTemplate":"https:\/\/www.ecomare.nl\/?s={search_term_string}"},"query-input":{"@type":"PropertyValueSpecification","valueRequired":true,"valueName":"search_term_string"}}],"inLanguage":"de-DE"}]}},"_links":{"self":[{"href":"https:\/\/www.ecomare.nl\/de\/wp-json\/wp\/v2\/pages\/436","targetHints":{"allow":["GET"]}}],"collection":[{"href":"https:\/\/www.ecomare.nl\/de\/wp-json\/wp\/v2\/pages"}],"about":[{"href":"https:\/\/www.ecomare.nl\/de\/wp-json\/wp\/v2\/types\/page"}],"author":[{"embeddable":true,"href":"https:\/\/www.ecomare.nl\/de\/wp-json\/wp\/v2\/users\/69"}],"replies":[{"embeddable":true,"href":"https:\/\/www.ecomare.nl\/de\/wp-json\/wp\/v2\/comments?post=436"}],"version-history":[{"count":3,"href":"https:\/\/www.ecomare.nl\/de\/wp-json\/wp\/v2\/pages\/436\/revisions"}],"predecessor-version":[{"id":21159,"href":"https:\/\/www.ecomare.nl\/de\/wp-json\/wp\/v2\/pages\/436\/revisions\/21159"}],"up":[{"embeddable":true,"href":"https:\/\/www.ecomare.nl\/de\/wp-json\/wp\/v2\/pages\/321"}],"wp:featuredmedia":[{"embeddable":true,"href":"https:\/\/www.ecomare.nl\/de\/wp-json\/wp\/v2\/media\/418"}],"wp:attachment":[{"href":"https:\/\/www.ecomare.nl\/de\/wp-json\/wp\/v2\/media?parent=436"}],"wp:term":[{"taxonomy":"post_tag","embeddable":true,"href":"https:\/\/www.ecomare.nl\/de\/wp-json\/wp\/v2\/tags?post=436"}],"curies":[{"name":"wp","href":"https:\/\/api.w.org\/{rel}","templated":true}]}}