{"id":474,"date":"2017-04-18T15:54:19","date_gmt":"2017-04-18T13:54:19","guid":{"rendered":"https:\/\/tender-colden.109-235-78-20.plesk.page\/?page_id=474\/"},"modified":"2025-08-13T14:16:30","modified_gmt":"2025-08-13T12:16:30","slug":"seehunde-bei-ecomare","status":"publish","type":"page","link":"https:\/\/www.ecomare.nl\/de\/entdecke-ecomare-auf-texel\/tiere\/seehunde-bei-ecomare\/","title":{"rendered":"Seehunde bei Ecomare"},"content":{"rendered":"<p><strong>Bei Ecomare kann man ganz aus der N\u00e4he Seehunde anschauen. <\/strong><strong>Neben den Robbenarten, die in der <a href=\"https:\/\/www.ecomare.nl\/de\/vertiefen\/lesefutter\/nordsee\/\">Nordsee<\/a> und im <a href=\"https:\/\/www.ecomare.nl\/de\/vertiefen\/lesefutter\/wattenmeergebiet\/wattenmeer\/\">Wattenmeer<\/a> leben, schwimmt auch eine <a href=\"https:\/\/www.ecomare.nl\/de\/vertiefen\/lesefutter\/tiere\/robben\/ringelrob\/\">Ringelrobbe<\/a>\u00a0bei Ecomare. Diese Robbenart lebt im Nordpolgebiet, gelangt aber ab und zu als Irrgast in die Nordsee. Kannst du die Unterschiede zwischen den Robbenarten entdecken?<\/strong><\/p>\n<p><img loading=\"lazy\" decoding=\"async\" class=\"alignnone wp-image-13022 size-full\" src=\"https:\/\/www.ecomare.nl\/wp-content\/uploads\/2020\/05\/Jasmijn-voert-zeehonden-2-1.jpg\" alt=\"Zeeh\" width=\"840\" height=\"525\" srcset=\"https:\/\/www.ecomare.nl\/wp-content\/uploads\/2020\/05\/Jasmijn-voert-zeehonden-2-1.jpg 840w, https:\/\/www.ecomare.nl\/wp-content\/uploads\/2020\/05\/Jasmijn-voert-zeehonden-2-1-360x225.jpg 360w, https:\/\/www.ecomare.nl\/wp-content\/uploads\/2020\/05\/Jasmijn-voert-zeehonden-2-1-640x400.jpg 640w, https:\/\/www.ecomare.nl\/wp-content\/uploads\/2020\/05\/Jasmijn-voert-zeehonden-2-1-768x480.jpg 768w\" sizes=\"auto, (max-width: 840px) 100vw, 840px\" \/><\/p>\n<h2>Seehundaufzuchtstation<\/h2>\n<p>Pro Jahr nimmte Ecomare etwa 100 junge, kranke, geschw\u00e4chte oder verletzte <a href=\"https:\/\/www.ecomare.nl\/de\/vertiefen\/lesefutter\/tiere\/robben\/gemeine-seehunde\/\">Seehunde<\/a> und <a href=\"https:\/\/www.ecomare.nl\/de\/vertiefen\/lesefutter\/tiere\/robben\/kegelrobbe\/\">Kegelrobben<\/a> auf. Wenn sie ganz gesund sind, werden sie wieder ins Meer gebracht. Bei Ecomare kann man den Prozess der Seehundaufzucht aus der N\u00e4he miterleben. Die Allerkleinsten und Schw\u00e4chsten sind in der speziellen Seehundquarat\u00e4ne untergebracht. Man kann hinter Glas zuschauen, wie sie versorgt werden. Wenn es ihnen besser geht, gehen sie in die Au\u00dfenbassins. Dort kann man ihnen beim schwimmen, spielen oder sonnen zuschauen. Die Seehunde und Kegelrobben m\u00fcssen dann nur noch kr\u00e4ftig genug werden, so dass sie sich in der Wildnis selber helfen k\u00f6nnen.<\/p>\n<p><img loading=\"lazy\" decoding=\"async\" class=\"alignnone wp-image-7026 size-full\" src=\"https:\/\/www.ecomare.nl\/wp-content\/uploads\/2017\/04\/christine-huiler-sw-03.jpg\" alt=\"Heuler bekommt Milch \u00fcber einen Schlauch\" width=\"840\" height=\"525\" srcset=\"https:\/\/www.ecomare.nl\/wp-content\/uploads\/2017\/04\/christine-huiler-sw-03.jpg 840w, https:\/\/www.ecomare.nl\/wp-content\/uploads\/2017\/04\/christine-huiler-sw-03-360x225.jpg 360w, https:\/\/www.ecomare.nl\/wp-content\/uploads\/2017\/04\/christine-huiler-sw-03-768x480.jpg 768w, https:\/\/www.ecomare.nl\/wp-content\/uploads\/2017\/04\/christine-huiler-sw-03-640x400.jpg 640w\" sizes=\"auto, (max-width: 840px) 100vw, 840px\" \/><\/p>\n<h2>Permanente Unterbringung f\u00fcr Seehunde<\/h2>\n<p>Bei Ecomare leben auch Seehunde und Kegelrobben, die nicht mehr zur\u00fcck ins Meer k\u00f6nnen. Die meisten sind sehr alt, sie sind blind oder es fehlen Z\u00e4hne. Es gibt auch ein paar j\u00fcngere Tiere, die aus irgendwelchen Gr\u00fcnden in der Natur nicht \u00fcberleben k\u00f6nnten. Bei Ecomare werden sie ihr Leben lang versorgt. Um 11 und 15.30 Uhr gibt es eine Pr\u00e4sentation bei den Robben.<\/p>\n<p><img loading=\"lazy\" decoding=\"async\" class=\"alignnone wp-image-10819 size-full\" src=\"https:\/\/www.ecomare.nl\/wp-content\/uploads\/2019\/07\/Zeehonden-gezin-grijze-STM_Ecomare_StefanKrofft-2019-58-1.jpg\" alt=\"Bassin der Kegelrobben\" width=\"840\" height=\"525\" srcset=\"https:\/\/www.ecomare.nl\/wp-content\/uploads\/2019\/07\/Zeehonden-gezin-grijze-STM_Ecomare_StefanKrofft-2019-58-1.jpg 840w, https:\/\/www.ecomare.nl\/wp-content\/uploads\/2019\/07\/Zeehonden-gezin-grijze-STM_Ecomare_StefanKrofft-2019-58-1-360x225.jpg 360w, https:\/\/www.ecomare.nl\/wp-content\/uploads\/2019\/07\/Zeehonden-gezin-grijze-STM_Ecomare_StefanKrofft-2019-58-1-768x480.jpg 768w, https:\/\/www.ecomare.nl\/wp-content\/uploads\/2019\/07\/Zeehonden-gezin-grijze-STM_Ecomare_StefanKrofft-2019-58-1-640x400.jpg 640w\" sizes=\"auto, (max-width: 840px) 100vw, 840px\" \/><\/p>\n<h2>Ringelrobben<\/h2>\n<p>In August 2018 kamen zwei Ringelrobben nach Ecomare in der dauerhaften Pflege. Da ihre Unterkunft beim Koninklijke Burgers\u2019 Zoo umgebaut wurde, musste ein neuer Platz f\u00fcr sie gesucht werden. Ecomare hat den Ringelrobben ein neues Zuhause geboten. Der \u00e4lteste starb 2022.<\/p>\n<p><img loading=\"lazy\" decoding=\"async\" class=\"alignnone wp-image-10813 size-full\" src=\"https:\/\/www.ecomare.nl\/wp-content\/uploads\/2019\/07\/Zeehonden-onder-water-moeder-STM_Ecomare_StefanKrofft-2019-12.jpg\" alt=\"Bassin der Ringelrobben\" width=\"840\" height=\"525\" srcset=\"https:\/\/www.ecomare.nl\/wp-content\/uploads\/2019\/07\/Zeehonden-onder-water-moeder-STM_Ecomare_StefanKrofft-2019-12.jpg 840w, https:\/\/www.ecomare.nl\/wp-content\/uploads\/2019\/07\/Zeehonden-onder-water-moeder-STM_Ecomare_StefanKrofft-2019-12-360x225.jpg 360w, https:\/\/www.ecomare.nl\/wp-content\/uploads\/2019\/07\/Zeehonden-onder-water-moeder-STM_Ecomare_StefanKrofft-2019-12-768x480.jpg 768w, https:\/\/www.ecomare.nl\/wp-content\/uploads\/2019\/07\/Zeehonden-onder-water-moeder-STM_Ecomare_StefanKrofft-2019-12-640x400.jpg 640w\" sizes=\"auto, (max-width: 840px) 100vw, 840px\" \/><\/p>\n","protected":false},"excerpt":{"rendered":"<p>Bei Ecomare werden junge und schwache Seehunde und Kegelrobben aufgenommen. Man kann sie ganz aus der N\u00e4he sehen!<\/p>\n","protected":false},"author":1,"featured_media":417,"parent":370,"menu_order":10,"comment_status":"closed","ping_status":"closed","template":"page-templates\/content-detail.php","meta":{"_acf_changed":false,"footnotes":""},"tags":[],"class_list":["post-474","page","type-page","status-publish","has-post-thumbnail","hentry"],"acf":[],"yoast_head":"<!-- This site is optimized with the Yoast SEO plugin v27.6 - https:\/\/yoast.com\/product\/yoast-seo-wordpress\/ -->\n<title>Seehunde bei Ecomare - Ecomare<\/title>\n<meta name=\"description\" content=\"Bei Ecomare werden junge und schwache Seehunde und Kegelrobben aufgenommen. Man kann sie ganz aus der N\u00e4he sehen!\" \/>\n<meta name=\"robots\" content=\"index, follow, max-snippet:-1, max-image-preview:large, max-video-preview:-1\" \/>\n<meta property=\"og:locale\" content=\"de_DE\" \/>\n<meta property=\"og:type\" content=\"article\" \/>\n<meta property=\"og:description\" content=\"Bei Ecomare werden junge und schwache Seehunde und Kegelrobben aufgenommen. Man kann sie ganz aus der N\u00e4he sehen!\" \/>\n<meta property=\"og:site_name\" content=\"Ecomare\" \/>\n<meta property=\"article:publisher\" content=\"https:\/\/www.facebook.com\/beheerder.ecomaretexel\/\" \/>\n<meta property=\"article:modified_time\" content=\"2025-08-13T12:16:30+00:00\" \/>\n<meta property=\"og:image\" content=\"https:\/\/www.ecomare.nl\/wp-content\/uploads\/2017\/04\/adoptiezeehond-paul2013-3603-sw.jpg\" \/>\n\t<meta property=\"og:image:width\" content=\"840\" \/>\n\t<meta property=\"og:image:height\" content=\"525\" \/>\n\t<meta property=\"og:image:type\" content=\"image\/jpeg\" \/>\n<meta name=\"twitter:card\" content=\"summary_large_image\" \/>\n<meta name=\"twitter:site\" content=\"@ecomaretexel\" \/>\n<meta name=\"twitter:label1\" content=\"Est. reading time\" \/>\n\t<meta name=\"twitter:data1\" content=\"3 minutes\" \/>\n<script type=\"application\/ld+json\" class=\"yoast-schema-graph\">{\"@context\":\"https:\\\/\\\/schema.org\",\"@graph\":[{\"@type\":\"WebPage\",\"@id\":\"https:\\\/\\\/www.ecomare.nl\\\/de\\\/entdecke-ecomare-auf-texel\\\/tiere\\\/seehunde-bei-ecomare\\\/\",\"url\":\"https:\\\/\\\/www.ecomare.nl\\\/de\\\/entdecke-ecomare-auf-texel\\\/tiere\\\/seehunde-bei-ecomare\\\/\",\"name\":\"Seehunde bei Ecomare - Ecomare\",\"isPartOf\":{\"@id\":\"https:\\\/\\\/www.ecomare.nl\\\/#website\"},\"primaryImageOfPage\":{\"@id\":\"https:\\\/\\\/www.ecomare.nl\\\/de\\\/entdecke-ecomare-auf-texel\\\/tiere\\\/seehunde-bei-ecomare\\\/#primaryimage\"},\"image\":{\"@id\":\"https:\\\/\\\/www.ecomare.nl\\\/de\\\/entdecke-ecomare-auf-texel\\\/tiere\\\/seehunde-bei-ecomare\\\/#primaryimage\"},\"thumbnailUrl\":\"https:\\\/\\\/www.ecomare.nl\\\/wp-content\\\/uploads\\\/2017\\\/04\\\/adoptiezeehond-paul2013-3603-sw.jpg\",\"datePublished\":\"2017-04-18T13:54:19+00:00\",\"dateModified\":\"2025-08-13T12:16:30+00:00\",\"description\":\"Bei Ecomare werden junge und schwache Seehunde und Kegelrobben aufgenommen. Man kann sie ganz aus der N\u00e4he sehen!\",\"breadcrumb\":{\"@id\":\"https:\\\/\\\/www.ecomare.nl\\\/de\\\/entdecke-ecomare-auf-texel\\\/tiere\\\/seehunde-bei-ecomare\\\/#breadcrumb\"},\"inLanguage\":\"de-DE\",\"potentialAction\":[{\"@type\":\"ReadAction\",\"target\":[\"https:\\\/\\\/www.ecomare.nl\\\/de\\\/entdecke-ecomare-auf-texel\\\/tiere\\\/seehunde-bei-ecomare\\\/\"]}]},{\"@type\":\"ImageObject\",\"inLanguage\":\"de-DE\",\"@id\":\"https:\\\/\\\/www.ecomare.nl\\\/de\\\/entdecke-ecomare-auf-texel\\\/tiere\\\/seehunde-bei-ecomare\\\/#primaryimage\",\"url\":\"https:\\\/\\\/www.ecomare.nl\\\/wp-content\\\/uploads\\\/2017\\\/04\\\/adoptiezeehond-paul2013-3603-sw.jpg\",\"contentUrl\":\"https:\\\/\\\/www.ecomare.nl\\\/wp-content\\\/uploads\\\/2017\\\/04\\\/adoptiezeehond-paul2013-3603-sw.jpg\",\"width\":840,\"height\":525,\"caption\":\"Adoptiezeehond Paul van Ecomare\"},{\"@type\":\"BreadcrumbList\",\"@id\":\"https:\\\/\\\/www.ecomare.nl\\\/de\\\/entdecke-ecomare-auf-texel\\\/tiere\\\/seehunde-bei-ecomare\\\/#breadcrumb\",\"itemListElement\":[{\"@type\":\"ListItem\",\"position\":1,\"name\":\"Home\",\"item\":\"https:\\\/\\\/www.ecomare.nl\\\/de\\\/\"},{\"@type\":\"ListItem\",\"position\":2,\"name\":\"Entdecke Ecomare auf Texel\",\"item\":\"https:\\\/\\\/www.ecomare.nl\\\/de\\\/entdecke-ecomare-auf-texel\\\/\"},{\"@type\":\"ListItem\",\"position\":3,\"name\":\"Tiere\",\"item\":\"https:\\\/\\\/www.ecomare.nl\\\/de\\\/entdecke-ecomare-auf-texel\\\/tiere\\\/\"},{\"@type\":\"ListItem\",\"position\":4,\"name\":\"Seehunde bei Ecomare\"}]},{\"@type\":\"WebSite\",\"@id\":\"https:\\\/\\\/www.ecomare.nl\\\/#website\",\"url\":\"https:\\\/\\\/www.ecomare.nl\\\/\",\"name\":\"Ecomare\",\"description\":\"\",\"potentialAction\":[{\"@type\":\"SearchAction\",\"target\":{\"@type\":\"EntryPoint\",\"urlTemplate\":\"https:\\\/\\\/www.ecomare.nl\\\/?s={search_term_string}\"},\"query-input\":{\"@type\":\"PropertyValueSpecification\",\"valueRequired\":true,\"valueName\":\"search_term_string\"}}],\"inLanguage\":\"de-DE\"}]}<\/script>\n<!-- \/ Yoast SEO plugin. -->","yoast_head_json":{"title":"Seehunde bei Ecomare - Ecomare","description":"Bei Ecomare werden junge und schwache Seehunde und Kegelrobben aufgenommen. Man kann sie ganz aus der N\u00e4he sehen!","robots":{"index":"index","follow":"follow","max-snippet":"max-snippet:-1","max-image-preview":"max-image-preview:large","max-video-preview":"max-video-preview:-1"},"og_locale":"de_DE","og_type":"article","og_description":"Bei Ecomare werden junge und schwache Seehunde und Kegelrobben aufgenommen. Man kann sie ganz aus der N\u00e4he sehen!","og_site_name":"Ecomare","article_publisher":"https:\/\/www.facebook.com\/beheerder.ecomaretexel\/","article_modified_time":"2025-08-13T12:16:30+00:00","og_image":[{"width":840,"height":525,"url":"https:\/\/www.ecomare.nl\/wp-content\/uploads\/2017\/04\/adoptiezeehond-paul2013-3603-sw.jpg","type":"image\/jpeg"}],"twitter_card":"summary_large_image","twitter_site":"@ecomaretexel","twitter_misc":{"Est. reading time":"3 minutes"},"schema":{"@context":"https:\/\/schema.org","@graph":[{"@type":"WebPage","@id":"https:\/\/www.ecomare.nl\/de\/entdecke-ecomare-auf-texel\/tiere\/seehunde-bei-ecomare\/","url":"https:\/\/www.ecomare.nl\/de\/entdecke-ecomare-auf-texel\/tiere\/seehunde-bei-ecomare\/","name":"Seehunde bei Ecomare - Ecomare","isPartOf":{"@id":"https:\/\/www.ecomare.nl\/#website"},"primaryImageOfPage":{"@id":"https:\/\/www.ecomare.nl\/de\/entdecke-ecomare-auf-texel\/tiere\/seehunde-bei-ecomare\/#primaryimage"},"image":{"@id":"https:\/\/www.ecomare.nl\/de\/entdecke-ecomare-auf-texel\/tiere\/seehunde-bei-ecomare\/#primaryimage"},"thumbnailUrl":"https:\/\/www.ecomare.nl\/wp-content\/uploads\/2017\/04\/adoptiezeehond-paul2013-3603-sw.jpg","datePublished":"2017-04-18T13:54:19+00:00","dateModified":"2025-08-13T12:16:30+00:00","description":"Bei Ecomare werden junge und schwache Seehunde und Kegelrobben aufgenommen. Man kann sie ganz aus der N\u00e4he sehen!","breadcrumb":{"@id":"https:\/\/www.ecomare.nl\/de\/entdecke-ecomare-auf-texel\/tiere\/seehunde-bei-ecomare\/#breadcrumb"},"inLanguage":"de-DE","potentialAction":[{"@type":"ReadAction","target":["https:\/\/www.ecomare.nl\/de\/entdecke-ecomare-auf-texel\/tiere\/seehunde-bei-ecomare\/"]}]},{"@type":"ImageObject","inLanguage":"de-DE","@id":"https:\/\/www.ecomare.nl\/de\/entdecke-ecomare-auf-texel\/tiere\/seehunde-bei-ecomare\/#primaryimage","url":"https:\/\/www.ecomare.nl\/wp-content\/uploads\/2017\/04\/adoptiezeehond-paul2013-3603-sw.jpg","contentUrl":"https:\/\/www.ecomare.nl\/wp-content\/uploads\/2017\/04\/adoptiezeehond-paul2013-3603-sw.jpg","width":840,"height":525,"caption":"Adoptiezeehond Paul van Ecomare"},{"@type":"BreadcrumbList","@id":"https:\/\/www.ecomare.nl\/de\/entdecke-ecomare-auf-texel\/tiere\/seehunde-bei-ecomare\/#breadcrumb","itemListElement":[{"@type":"ListItem","position":1,"name":"Home","item":"https:\/\/www.ecomare.nl\/de\/"},{"@type":"ListItem","position":2,"name":"Entdecke Ecomare auf Texel","item":"https:\/\/www.ecomare.nl\/de\/entdecke-ecomare-auf-texel\/"},{"@type":"ListItem","position":3,"name":"Tiere","item":"https:\/\/www.ecomare.nl\/de\/entdecke-ecomare-auf-texel\/tiere\/"},{"@type":"ListItem","position":4,"name":"Seehunde bei Ecomare"}]},{"@type":"WebSite","@id":"https:\/\/www.ecomare.nl\/#website","url":"https:\/\/www.ecomare.nl\/","name":"Ecomare","description":"","potentialAction":[{"@type":"SearchAction","target":{"@type":"EntryPoint","urlTemplate":"https:\/\/www.ecomare.nl\/?s={search_term_string}"},"query-input":{"@type":"PropertyValueSpecification","valueRequired":true,"valueName":"search_term_string"}}],"inLanguage":"de-DE"}]}},"_links":{"self":[{"href":"https:\/\/www.ecomare.nl\/de\/wp-json\/wp\/v2\/pages\/474","targetHints":{"allow":["GET"]}}],"collection":[{"href":"https:\/\/www.ecomare.nl\/de\/wp-json\/wp\/v2\/pages"}],"about":[{"href":"https:\/\/www.ecomare.nl\/de\/wp-json\/wp\/v2\/types\/page"}],"author":[{"embeddable":true,"href":"https:\/\/www.ecomare.nl\/de\/wp-json\/wp\/v2\/users\/1"}],"replies":[{"embeddable":true,"href":"https:\/\/www.ecomare.nl\/de\/wp-json\/wp\/v2\/comments?post=474"}],"version-history":[{"count":4,"href":"https:\/\/www.ecomare.nl\/de\/wp-json\/wp\/v2\/pages\/474\/revisions"}],"predecessor-version":[{"id":25951,"href":"https:\/\/www.ecomare.nl\/de\/wp-json\/wp\/v2\/pages\/474\/revisions\/25951"}],"up":[{"embeddable":true,"href":"https:\/\/www.ecomare.nl\/de\/wp-json\/wp\/v2\/pages\/370"}],"wp:featuredmedia":[{"embeddable":true,"href":"https:\/\/www.ecomare.nl\/de\/wp-json\/wp\/v2\/media\/417"}],"wp:attachment":[{"href":"https:\/\/www.ecomare.nl\/de\/wp-json\/wp\/v2\/media?parent=474"}],"wp:term":[{"taxonomy":"post_tag","embeddable":true,"href":"https:\/\/www.ecomare.nl\/de\/wp-json\/wp\/v2\/tags?post=474"}],"curies":[{"name":"wp","href":"https:\/\/api.w.org\/{rel}","templated":true}]}}