{"id":524,"date":"2017-04-18T16:21:34","date_gmt":"2017-04-18T14:21:34","guid":{"rendered":"https:\/\/tender-colden.109-235-78-20.plesk.page\/?page_id=524\/"},"modified":"2021-02-24T09:35:09","modified_gmt":"2021-02-24T08:35:09","slug":"der-walsaal","status":"publish","type":"page","link":"https:\/\/www.ecomare.nl\/de\/entdecke-ecomare-auf-texel\/ausstellungen\/der-walsaal\/","title":{"rendered":"Der Walsaal: Wale aus der Nordsee"},"content":{"rendered":"<p><strong>Die am h\u00e4ufigsten geh\u00f6rte erste Reaktion ist \u201aWow!\u2018. Die riesigen Skelette, die blaue Farbe, die besondere Beleuchtung, alles greift ineinander. Diese Erfahrung darf man bei seinem Besuch von Ecomare nicht verpassen! Im <em>Walsaal<\/em> l\u00e4uft man buchst\u00e4blich zwischen den Walskeletten; allesamt von Walen und <a href=\"https:\/\/www.ecomare.nl\/de\/vertiefen\/lesefutter\/tiere\/delfine\/\">Delfinen<\/a>, die in der N\u00e4he von Texel angesp\u00fclt wurden. Man f\u00fchlt sich richtig klein, wenn man neben dem riesigen Sch\u00e4del eines 15 Meter langen Pottwales steht. In einer speziellen Vitrine liegt eines der kleineren Topst\u00fccke der Ausstellung: Ein St\u00fcckchen Amber, ein Stoff, der nur in einigen <a href=\"https:\/\/www.ecomare.nl\/de\/vertiefen\/lesefutter\/tiere\/wale\/pottwal\/\">Pottwalen<\/a> gebildet wird und der fr\u00fcher als \u201atreibendes Gold\u2018 bezeichnet wurde. Entdecke die spannende Geschichte hinter diesem Fund in der Ausstellung.<\/strong><\/p>\n","protected":false},"excerpt":{"rendered":"<p>Laufe vorbei an den beeindruckenden Skeletten von Pottwal, Schwertwal und Buckelwal aus der Nordsee. Entdecke den Schatz, der im Darm des Pottwals sa\u00df.<\/p>\n","protected":false},"author":58,"featured_media":10832,"parent":489,"menu_order":20,"comment_status":"closed","ping_status":"closed","template":"page-templates\/content-detail.php","meta":{"_acf_changed":false,"footnotes":""},"tags":[],"class_list":["post-524","page","type-page","status-publish","has-post-thumbnail","hentry"],"acf":[],"yoast_head":"<!-- This site is optimized with the Yoast SEO plugin v27.5 - https:\/\/yoast.com\/product\/yoast-seo-wordpress\/ -->\n<title>Der Walsaal: Wale aus der Nordsee - Ecomare<\/title>\n<meta name=\"description\" content=\"Laufe vorbei an den beeindruckenden Skeletten von Pottwal, Schwertwal und Buckelwal aus der Nordsee. Entdecke den Schatz, der im Darm des Pottwals sa\u00df.\" \/>\n<meta name=\"robots\" content=\"index, follow, max-snippet:-1, max-image-preview:large, max-video-preview:-1\" \/>\n<meta property=\"og:locale\" content=\"de_DE\" \/>\n<meta property=\"og:type\" content=\"article\" \/>\n<meta property=\"og:description\" content=\"Laufe vorbei an den beeindruckenden Skeletten von Pottwal, Schwertwal und Buckelwal aus der Nordsee. Entdecke den Schatz, der im Darm des Pottwals sa\u00df.\" \/>\n<meta property=\"og:site_name\" content=\"Ecomare\" \/>\n<meta property=\"article:publisher\" content=\"https:\/\/www.facebook.com\/beheerder.ecomaretexel\/\" \/>\n<meta property=\"article:modified_time\" content=\"2021-02-24T08:35:09+00:00\" \/>\n<meta property=\"og:image\" content=\"https:\/\/www.ecomare.nl\/wp-content\/uploads\/2019\/07\/Tentoonstelling-walviszaal-potvis-STM_Ecomare_StefanKrofft-2019-59.jpg\" \/>\n\t<meta property=\"og:image:width\" content=\"840\" \/>\n\t<meta property=\"og:image:height\" content=\"525\" \/>\n\t<meta property=\"og:image:type\" content=\"image\/jpeg\" \/>\n<meta name=\"twitter:card\" content=\"summary_large_image\" \/>\n<meta name=\"twitter:site\" content=\"@ecomaretexel\" \/>\n<meta name=\"twitter:label1\" content=\"Est. reading time\" \/>\n\t<meta name=\"twitter:data1\" content=\"1 minute\" \/>\n<script type=\"application\/ld+json\" class=\"yoast-schema-graph\">{\"@context\":\"https:\\\/\\\/schema.org\",\"@graph\":[{\"@type\":\"WebPage\",\"@id\":\"https:\\\/\\\/www.ecomare.nl\\\/de\\\/entdecke-ecomare-auf-texel\\\/ausstellungen\\\/der-walsaal\\\/\",\"url\":\"https:\\\/\\\/www.ecomare.nl\\\/de\\\/entdecke-ecomare-auf-texel\\\/ausstellungen\\\/der-walsaal\\\/\",\"name\":\"Der Walsaal: Wale aus der Nordsee - Ecomare\",\"isPartOf\":{\"@id\":\"https:\\\/\\\/www.ecomare.nl\\\/#website\"},\"primaryImageOfPage\":{\"@id\":\"https:\\\/\\\/www.ecomare.nl\\\/de\\\/entdecke-ecomare-auf-texel\\\/ausstellungen\\\/der-walsaal\\\/#primaryimage\"},\"image\":{\"@id\":\"https:\\\/\\\/www.ecomare.nl\\\/de\\\/entdecke-ecomare-auf-texel\\\/ausstellungen\\\/der-walsaal\\\/#primaryimage\"},\"thumbnailUrl\":\"https:\\\/\\\/www.ecomare.nl\\\/wp-content\\\/uploads\\\/2019\\\/07\\\/Tentoonstelling-walviszaal-potvis-STM_Ecomare_StefanKrofft-2019-59.jpg\",\"datePublished\":\"2017-04-18T14:21:34+00:00\",\"dateModified\":\"2021-02-24T08:35:09+00:00\",\"description\":\"Laufe vorbei an den beeindruckenden Skeletten von Pottwal, Schwertwal und Buckelwal aus der Nordsee. Entdecke den Schatz, der im Darm des Pottwals sa\u00df.\",\"breadcrumb\":{\"@id\":\"https:\\\/\\\/www.ecomare.nl\\\/de\\\/entdecke-ecomare-auf-texel\\\/ausstellungen\\\/der-walsaal\\\/#breadcrumb\"},\"inLanguage\":\"de-DE\",\"potentialAction\":[{\"@type\":\"ReadAction\",\"target\":[\"https:\\\/\\\/www.ecomare.nl\\\/de\\\/entdecke-ecomare-auf-texel\\\/ausstellungen\\\/der-walsaal\\\/\"]}]},{\"@type\":\"ImageObject\",\"inLanguage\":\"de-DE\",\"@id\":\"https:\\\/\\\/www.ecomare.nl\\\/de\\\/entdecke-ecomare-auf-texel\\\/ausstellungen\\\/der-walsaal\\\/#primaryimage\",\"url\":\"https:\\\/\\\/www.ecomare.nl\\\/wp-content\\\/uploads\\\/2019\\\/07\\\/Tentoonstelling-walviszaal-potvis-STM_Ecomare_StefanKrofft-2019-59.jpg\",\"contentUrl\":\"https:\\\/\\\/www.ecomare.nl\\\/wp-content\\\/uploads\\\/2019\\\/07\\\/Tentoonstelling-walviszaal-potvis-STM_Ecomare_StefanKrofft-2019-59.jpg\",\"width\":840,\"height\":525},{\"@type\":\"BreadcrumbList\",\"@id\":\"https:\\\/\\\/www.ecomare.nl\\\/de\\\/entdecke-ecomare-auf-texel\\\/ausstellungen\\\/der-walsaal\\\/#breadcrumb\",\"itemListElement\":[{\"@type\":\"ListItem\",\"position\":1,\"name\":\"Home\",\"item\":\"https:\\\/\\\/www.ecomare.nl\\\/de\\\/\"},{\"@type\":\"ListItem\",\"position\":2,\"name\":\"Entdecke Ecomare auf Texel\",\"item\":\"https:\\\/\\\/www.ecomare.nl\\\/de\\\/entdecke-ecomare-auf-texel\\\/\"},{\"@type\":\"ListItem\",\"position\":3,\"name\":\"Ausstellungen\",\"item\":\"https:\\\/\\\/www.ecomare.nl\\\/de\\\/entdecke-ecomare-auf-texel\\\/ausstellungen\\\/\"},{\"@type\":\"ListItem\",\"position\":4,\"name\":\"Der Walsaal: Wale aus der Nordsee\"}]},{\"@type\":\"WebSite\",\"@id\":\"https:\\\/\\\/www.ecomare.nl\\\/#website\",\"url\":\"https:\\\/\\\/www.ecomare.nl\\\/\",\"name\":\"Ecomare\",\"description\":\"\",\"potentialAction\":[{\"@type\":\"SearchAction\",\"target\":{\"@type\":\"EntryPoint\",\"urlTemplate\":\"https:\\\/\\\/www.ecomare.nl\\\/?s={search_term_string}\"},\"query-input\":{\"@type\":\"PropertyValueSpecification\",\"valueRequired\":true,\"valueName\":\"search_term_string\"}}],\"inLanguage\":\"de-DE\"}]}<\/script>\n<!-- \/ Yoast SEO plugin. -->","yoast_head_json":{"title":"Der Walsaal: Wale aus der Nordsee - Ecomare","description":"Laufe vorbei an den beeindruckenden Skeletten von Pottwal, Schwertwal und Buckelwal aus der Nordsee. Entdecke den Schatz, der im Darm des Pottwals sa\u00df.","robots":{"index":"index","follow":"follow","max-snippet":"max-snippet:-1","max-image-preview":"max-image-preview:large","max-video-preview":"max-video-preview:-1"},"og_locale":"de_DE","og_type":"article","og_description":"Laufe vorbei an den beeindruckenden Skeletten von Pottwal, Schwertwal und Buckelwal aus der Nordsee. Entdecke den Schatz, der im Darm des Pottwals sa\u00df.","og_site_name":"Ecomare","article_publisher":"https:\/\/www.facebook.com\/beheerder.ecomaretexel\/","article_modified_time":"2021-02-24T08:35:09+00:00","og_image":[{"width":840,"height":525,"url":"https:\/\/www.ecomare.nl\/wp-content\/uploads\/2019\/07\/Tentoonstelling-walviszaal-potvis-STM_Ecomare_StefanKrofft-2019-59.jpg","type":"image\/jpeg"}],"twitter_card":"summary_large_image","twitter_site":"@ecomaretexel","twitter_misc":{"Est. reading time":"1 minute"},"schema":{"@context":"https:\/\/schema.org","@graph":[{"@type":"WebPage","@id":"https:\/\/www.ecomare.nl\/de\/entdecke-ecomare-auf-texel\/ausstellungen\/der-walsaal\/","url":"https:\/\/www.ecomare.nl\/de\/entdecke-ecomare-auf-texel\/ausstellungen\/der-walsaal\/","name":"Der Walsaal: Wale aus der Nordsee - Ecomare","isPartOf":{"@id":"https:\/\/www.ecomare.nl\/#website"},"primaryImageOfPage":{"@id":"https:\/\/www.ecomare.nl\/de\/entdecke-ecomare-auf-texel\/ausstellungen\/der-walsaal\/#primaryimage"},"image":{"@id":"https:\/\/www.ecomare.nl\/de\/entdecke-ecomare-auf-texel\/ausstellungen\/der-walsaal\/#primaryimage"},"thumbnailUrl":"https:\/\/www.ecomare.nl\/wp-content\/uploads\/2019\/07\/Tentoonstelling-walviszaal-potvis-STM_Ecomare_StefanKrofft-2019-59.jpg","datePublished":"2017-04-18T14:21:34+00:00","dateModified":"2021-02-24T08:35:09+00:00","description":"Laufe vorbei an den beeindruckenden Skeletten von Pottwal, Schwertwal und Buckelwal aus der Nordsee. Entdecke den Schatz, der im Darm des Pottwals sa\u00df.","breadcrumb":{"@id":"https:\/\/www.ecomare.nl\/de\/entdecke-ecomare-auf-texel\/ausstellungen\/der-walsaal\/#breadcrumb"},"inLanguage":"de-DE","potentialAction":[{"@type":"ReadAction","target":["https:\/\/www.ecomare.nl\/de\/entdecke-ecomare-auf-texel\/ausstellungen\/der-walsaal\/"]}]},{"@type":"ImageObject","inLanguage":"de-DE","@id":"https:\/\/www.ecomare.nl\/de\/entdecke-ecomare-auf-texel\/ausstellungen\/der-walsaal\/#primaryimage","url":"https:\/\/www.ecomare.nl\/wp-content\/uploads\/2019\/07\/Tentoonstelling-walviszaal-potvis-STM_Ecomare_StefanKrofft-2019-59.jpg","contentUrl":"https:\/\/www.ecomare.nl\/wp-content\/uploads\/2019\/07\/Tentoonstelling-walviszaal-potvis-STM_Ecomare_StefanKrofft-2019-59.jpg","width":840,"height":525},{"@type":"BreadcrumbList","@id":"https:\/\/www.ecomare.nl\/de\/entdecke-ecomare-auf-texel\/ausstellungen\/der-walsaal\/#breadcrumb","itemListElement":[{"@type":"ListItem","position":1,"name":"Home","item":"https:\/\/www.ecomare.nl\/de\/"},{"@type":"ListItem","position":2,"name":"Entdecke Ecomare auf Texel","item":"https:\/\/www.ecomare.nl\/de\/entdecke-ecomare-auf-texel\/"},{"@type":"ListItem","position":3,"name":"Ausstellungen","item":"https:\/\/www.ecomare.nl\/de\/entdecke-ecomare-auf-texel\/ausstellungen\/"},{"@type":"ListItem","position":4,"name":"Der Walsaal: Wale aus der Nordsee"}]},{"@type":"WebSite","@id":"https:\/\/www.ecomare.nl\/#website","url":"https:\/\/www.ecomare.nl\/","name":"Ecomare","description":"","potentialAction":[{"@type":"SearchAction","target":{"@type":"EntryPoint","urlTemplate":"https:\/\/www.ecomare.nl\/?s={search_term_string}"},"query-input":{"@type":"PropertyValueSpecification","valueRequired":true,"valueName":"search_term_string"}}],"inLanguage":"de-DE"}]}},"_links":{"self":[{"href":"https:\/\/www.ecomare.nl\/de\/wp-json\/wp\/v2\/pages\/524","targetHints":{"allow":["GET"]}}],"collection":[{"href":"https:\/\/www.ecomare.nl\/de\/wp-json\/wp\/v2\/pages"}],"about":[{"href":"https:\/\/www.ecomare.nl\/de\/wp-json\/wp\/v2\/types\/page"}],"author":[{"embeddable":true,"href":"https:\/\/www.ecomare.nl\/de\/wp-json\/wp\/v2\/users\/58"}],"replies":[{"embeddable":true,"href":"https:\/\/www.ecomare.nl\/de\/wp-json\/wp\/v2\/comments?post=524"}],"version-history":[{"count":0,"href":"https:\/\/www.ecomare.nl\/de\/wp-json\/wp\/v2\/pages\/524\/revisions"}],"up":[{"embeddable":true,"href":"https:\/\/www.ecomare.nl\/de\/wp-json\/wp\/v2\/pages\/489"}],"wp:featuredmedia":[{"embeddable":true,"href":"https:\/\/www.ecomare.nl\/de\/wp-json\/wp\/v2\/media\/10832"}],"wp:attachment":[{"href":"https:\/\/www.ecomare.nl\/de\/wp-json\/wp\/v2\/media?parent=524"}],"wp:term":[{"taxonomy":"post_tag","embeddable":true,"href":"https:\/\/www.ecomare.nl\/de\/wp-json\/wp\/v2\/tags?post=524"}],"curies":[{"name":"wp","href":"https:\/\/api.w.org\/{rel}","templated":true}]}}