{"id":5243,"date":"2018-02-16T10:58:23","date_gmt":"2018-02-16T09:58:23","guid":{"rendered":"https:\/\/tender-colden.109-235-78-20.plesk.page\/?page_id=5243"},"modified":"2022-02-28T10:04:52","modified_gmt":"2022-02-28T09:04:52","slug":"von-der-texel-faehre-zu-ecomare","status":"publish","type":"page","link":"https:\/\/www.ecomare.nl\/de\/besuche-ecomare\/praktische-informationen\/von-der-texel-faehre-zu-ecomare\/","title":{"rendered":"Von der Texel-F\u00e4hre zu Ecomare"},"content":{"rendered":"<p>Mit der F\u00e4hre nach Texel? Dann ist ein Besuch von Ecomare lohnenswert: Junge Seehunde in der Aufzuchtstation, gro\u00dfe, offene Meeresaquarien sowie ein einzigartiges Naturmuseum. Die F\u00e4hre nach Texel legt st\u00fcndlich ab, in Zeiten gro\u00dfer Auslastung sogar halbst\u00fcndlich. Die \u00dcberfahrt dauert 20 Minuten. Danach hast du verschiedene M\u00f6glichkeiten, um zu Ecomare zu kommen. Mit dem Fahrrad ist es am sch\u00f6nsten.<\/p>\n<div id=\"attachment_12982\" style=\"width: 850px\" class=\"wp-caption alignnone\"><img loading=\"lazy\" decoding=\"async\" aria-describedby=\"caption-attachment-12982\" class=\"size-full wp-image-12982\" src=\"https:\/\/www.ecomare.nl\/wp-content\/uploads\/2020\/05\/Koop-je-ticket-STM_Ecomare_StefanKrofft-2019-58.jpg\" alt=\"Koop je ticket voor Ecomare Texel\" width=\"840\" height=\"525\" srcset=\"https:\/\/www.ecomare.nl\/wp-content\/uploads\/2020\/05\/Koop-je-ticket-STM_Ecomare_StefanKrofft-2019-58.jpg 840w, https:\/\/www.ecomare.nl\/wp-content\/uploads\/2020\/05\/Koop-je-ticket-STM_Ecomare_StefanKrofft-2019-58-360x225.jpg 360w, https:\/\/www.ecomare.nl\/wp-content\/uploads\/2020\/05\/Koop-je-ticket-STM_Ecomare_StefanKrofft-2019-58-640x400.jpg 640w, https:\/\/www.ecomare.nl\/wp-content\/uploads\/2020\/05\/Koop-je-ticket-STM_Ecomare_StefanKrofft-2019-58-768x480.jpg 768w\" sizes=\"auto, (max-width: 840px) 100vw, 840px\" \/><p id=\"caption-attachment-12982\" class=\"wp-caption-text\">publiek in ecomare buiten grijze zeehond bassin<\/p><\/div>\n<h2>Fahrrad<\/h2>\n<p>Im F\u00e4hrhafen kann man sich Fahrr\u00e4der leihen. Die schnellste Route zu Ecomare f\u00fchrt \u00fcber den Pontweg. Folge den Schildern &#8216;De Koog&#8217; bis zum Abzweig 13. Biege dort nach links ab und folge dem Weg, bis Ecomare in Sicht kommt. Eine etwas l\u00e4ngere, aber auch sch\u00f6nere Route f\u00fchrt durch den Wald. Folge von der F\u00e4hre aus den Schildern in Richtung &#8216;Den Hoorn&#8217;, fahre vom Dorf aus zum Waldrand und folge dann den Wegweisern (&#8216;Pilzen&#8217;) zu Ecomare.<\/p>\n<h2>Bus<\/h2>\n<p>Linie 28 von Connection f\u00e4hrt vom F\u00e4hrhafen aus \u00fcber Den Burg und De Koog nach Ecomare.<\/p>\n<h2>Eigenes Auto<\/h2>\n<p>Folge von der F\u00e4hre aus den Schildern \u2018De Koog\u2019 bis zum Abzweig 13. Biege dort nach links ab und folge dem Weg, bis Ecomare in Sicht kommt. Mit der Texel E-Vignette kannst du \u00fcberall auf Texel parken. Diese digitale Parkkarte gilt auch auf dem Parkplatz von Ecomare. Weitere Informationen gibt es auf texelevignet.nl. Sonntags ist das Parken gratis.<\/p>\n<h2>WWW<\/h2>\n<p><a href=\"https:\/\/teso.nl\/nl\/\" target=\"_blank\" rel=\"noopener noreferrer\">TESO, der F\u00e4hrdienst, f\u00fcr alle Fragen \u00fcber Abfahrtzeiten und Tarife<\/a><\/p>\n<p>&nbsp;<\/p>\n","protected":false},"excerpt":{"rendered":"<p>Mit der F\u00e4hre nach Texel? Dann ist ein Besuch von Ecomare lohnenswert: Junge Seehunde in der Aufzuchtstation, gro\u00dfe, offene Meeresaquarien sowie ein einzigartiges Naturmuseum. Die F\u00e4hre nach Texel legt st\u00fcndlich ab, in Zeiten gro\u00dfer Auslastung sogar halbst\u00fcndlich. Die \u00dcberfahrt dauert 20 Minuten. Danach hast du verschiedene M\u00f6glichkeiten, um zu Ecomare zu kommen. Mit dem Fahrrad [&hellip;]<\/p>\n","protected":false},"author":1,"featured_media":5533,"parent":389,"menu_order":0,"comment_status":"closed","ping_status":"closed","template":"page-templates\/content-detail.php","meta":{"_acf_changed":false,"footnotes":""},"tags":[],"class_list":["post-5243","page","type-page","status-publish","has-post-thumbnail","hentry"],"acf":[],"yoast_head":"<!-- This site is optimized with the Yoast SEO plugin v27.6 - https:\/\/yoast.com\/product\/yoast-seo-wordpress\/ -->\n<title>Von der Texel-F\u00e4hre zu Ecomare - Ecomare<\/title>\n<meta name=\"robots\" content=\"index, follow, max-snippet:-1, max-image-preview:large, max-video-preview:-1\" \/>\n<meta property=\"og:locale\" content=\"de_DE\" \/>\n<meta property=\"og:type\" content=\"article\" \/>\n<meta property=\"og:description\" content=\"Mit der F\u00e4hre nach Texel? Dann ist ein Besuch von Ecomare lohnenswert: Junge Seehunde in der Aufzuchtstation, gro\u00dfe, offene Meeresaquarien sowie ein einzigartiges Naturmuseum. Die F\u00e4hre nach Texel legt st\u00fcndlich ab, in Zeiten gro\u00dfer Auslastung sogar halbst\u00fcndlich. Die \u00dcberfahrt dauert 20 Minuten. Danach hast du verschiedene M\u00f6glichkeiten, um zu Ecomare zu kommen. Mit dem Fahrrad [&hellip;]\" \/>\n<meta property=\"og:site_name\" content=\"Ecomare\" \/>\n<meta property=\"article:publisher\" content=\"https:\/\/www.facebook.com\/beheerder.ecomaretexel\/\" \/>\n<meta property=\"article:modified_time\" content=\"2022-02-28T09:04:52+00:00\" \/>\n<meta property=\"og:image\" content=\"https:\/\/www.ecomare.nl\/wp-content\/uploads\/2017\/09\/texelstroom.jpg\" \/>\n\t<meta property=\"og:image:width\" content=\"840\" \/>\n\t<meta property=\"og:image:height\" content=\"525\" \/>\n\t<meta property=\"og:image:type\" content=\"image\/jpeg\" \/>\n<meta name=\"twitter:card\" content=\"summary_large_image\" \/>\n<meta name=\"twitter:site\" content=\"@ecomaretexel\" \/>\n<meta name=\"twitter:label1\" content=\"Est. reading time\" \/>\n\t<meta name=\"twitter:data1\" content=\"2 minutes\" \/>\n<script type=\"application\/ld+json\" class=\"yoast-schema-graph\">{\"@context\":\"https:\\\/\\\/schema.org\",\"@graph\":[{\"@type\":\"WebPage\",\"@id\":\"https:\\\/\\\/www.ecomare.nl\\\/de\\\/besuche-ecomare\\\/praktische-informationen\\\/von-der-texel-faehre-zu-ecomare\\\/\",\"url\":\"https:\\\/\\\/www.ecomare.nl\\\/de\\\/besuche-ecomare\\\/praktische-informationen\\\/von-der-texel-faehre-zu-ecomare\\\/\",\"name\":\"Von der Texel-F\u00e4hre zu Ecomare - Ecomare\",\"isPartOf\":{\"@id\":\"https:\\\/\\\/www.ecomare.nl\\\/#website\"},\"primaryImageOfPage\":{\"@id\":\"https:\\\/\\\/www.ecomare.nl\\\/de\\\/besuche-ecomare\\\/praktische-informationen\\\/von-der-texel-faehre-zu-ecomare\\\/#primaryimage\"},\"image\":{\"@id\":\"https:\\\/\\\/www.ecomare.nl\\\/de\\\/besuche-ecomare\\\/praktische-informationen\\\/von-der-texel-faehre-zu-ecomare\\\/#primaryimage\"},\"thumbnailUrl\":\"https:\\\/\\\/www.ecomare.nl\\\/wp-content\\\/uploads\\\/2017\\\/09\\\/texelstroom.jpg\",\"datePublished\":\"2018-02-16T09:58:23+00:00\",\"dateModified\":\"2022-02-28T09:04:52+00:00\",\"breadcrumb\":{\"@id\":\"https:\\\/\\\/www.ecomare.nl\\\/de\\\/besuche-ecomare\\\/praktische-informationen\\\/von-der-texel-faehre-zu-ecomare\\\/#breadcrumb\"},\"inLanguage\":\"de-DE\",\"potentialAction\":[{\"@type\":\"ReadAction\",\"target\":[\"https:\\\/\\\/www.ecomare.nl\\\/de\\\/besuche-ecomare\\\/praktische-informationen\\\/von-der-texel-faehre-zu-ecomare\\\/\"]}]},{\"@type\":\"ImageObject\",\"inLanguage\":\"de-DE\",\"@id\":\"https:\\\/\\\/www.ecomare.nl\\\/de\\\/besuche-ecomare\\\/praktische-informationen\\\/von-der-texel-faehre-zu-ecomare\\\/#primaryimage\",\"url\":\"https:\\\/\\\/www.ecomare.nl\\\/wp-content\\\/uploads\\\/2017\\\/09\\\/texelstroom.jpg\",\"contentUrl\":\"https:\\\/\\\/www.ecomare.nl\\\/wp-content\\\/uploads\\\/2017\\\/09\\\/texelstroom.jpg\",\"width\":840,\"height\":525},{\"@type\":\"BreadcrumbList\",\"@id\":\"https:\\\/\\\/www.ecomare.nl\\\/de\\\/besuche-ecomare\\\/praktische-informationen\\\/von-der-texel-faehre-zu-ecomare\\\/#breadcrumb\",\"itemListElement\":[{\"@type\":\"ListItem\",\"position\":1,\"name\":\"Home\",\"item\":\"https:\\\/\\\/www.ecomare.nl\\\/de\\\/\"},{\"@type\":\"ListItem\",\"position\":2,\"name\":\"Besuche Ecomare auf Texel\",\"item\":\"https:\\\/\\\/www.ecomare.nl\\\/de\\\/besuche-ecomare\\\/\"},{\"@type\":\"ListItem\",\"position\":3,\"name\":\"Praktische Informationen\",\"item\":\"https:\\\/\\\/www.ecomare.nl\\\/de\\\/besuche-ecomare\\\/praktische-informationen\\\/\"},{\"@type\":\"ListItem\",\"position\":4,\"name\":\"Von der Texel-F\u00e4hre zu Ecomare\"}]},{\"@type\":\"WebSite\",\"@id\":\"https:\\\/\\\/www.ecomare.nl\\\/#website\",\"url\":\"https:\\\/\\\/www.ecomare.nl\\\/\",\"name\":\"Ecomare\",\"description\":\"\",\"potentialAction\":[{\"@type\":\"SearchAction\",\"target\":{\"@type\":\"EntryPoint\",\"urlTemplate\":\"https:\\\/\\\/www.ecomare.nl\\\/?s={search_term_string}\"},\"query-input\":{\"@type\":\"PropertyValueSpecification\",\"valueRequired\":true,\"valueName\":\"search_term_string\"}}],\"inLanguage\":\"de-DE\"}]}<\/script>\n<!-- \/ Yoast SEO plugin. -->","yoast_head_json":{"title":"Von der Texel-F\u00e4hre zu Ecomare - Ecomare","robots":{"index":"index","follow":"follow","max-snippet":"max-snippet:-1","max-image-preview":"max-image-preview:large","max-video-preview":"max-video-preview:-1"},"og_locale":"de_DE","og_type":"article","og_description":"Mit der F\u00e4hre nach Texel? Dann ist ein Besuch von Ecomare lohnenswert: Junge Seehunde in der Aufzuchtstation, gro\u00dfe, offene Meeresaquarien sowie ein einzigartiges Naturmuseum. Die F\u00e4hre nach Texel legt st\u00fcndlich ab, in Zeiten gro\u00dfer Auslastung sogar halbst\u00fcndlich. Die \u00dcberfahrt dauert 20 Minuten. Danach hast du verschiedene M\u00f6glichkeiten, um zu Ecomare zu kommen. Mit dem Fahrrad [&hellip;]","og_site_name":"Ecomare","article_publisher":"https:\/\/www.facebook.com\/beheerder.ecomaretexel\/","article_modified_time":"2022-02-28T09:04:52+00:00","og_image":[{"width":840,"height":525,"url":"https:\/\/www.ecomare.nl\/wp-content\/uploads\/2017\/09\/texelstroom.jpg","type":"image\/jpeg"}],"twitter_card":"summary_large_image","twitter_site":"@ecomaretexel","twitter_misc":{"Est. reading time":"2 minutes"},"schema":{"@context":"https:\/\/schema.org","@graph":[{"@type":"WebPage","@id":"https:\/\/www.ecomare.nl\/de\/besuche-ecomare\/praktische-informationen\/von-der-texel-faehre-zu-ecomare\/","url":"https:\/\/www.ecomare.nl\/de\/besuche-ecomare\/praktische-informationen\/von-der-texel-faehre-zu-ecomare\/","name":"Von der Texel-F\u00e4hre zu Ecomare - Ecomare","isPartOf":{"@id":"https:\/\/www.ecomare.nl\/#website"},"primaryImageOfPage":{"@id":"https:\/\/www.ecomare.nl\/de\/besuche-ecomare\/praktische-informationen\/von-der-texel-faehre-zu-ecomare\/#primaryimage"},"image":{"@id":"https:\/\/www.ecomare.nl\/de\/besuche-ecomare\/praktische-informationen\/von-der-texel-faehre-zu-ecomare\/#primaryimage"},"thumbnailUrl":"https:\/\/www.ecomare.nl\/wp-content\/uploads\/2017\/09\/texelstroom.jpg","datePublished":"2018-02-16T09:58:23+00:00","dateModified":"2022-02-28T09:04:52+00:00","breadcrumb":{"@id":"https:\/\/www.ecomare.nl\/de\/besuche-ecomare\/praktische-informationen\/von-der-texel-faehre-zu-ecomare\/#breadcrumb"},"inLanguage":"de-DE","potentialAction":[{"@type":"ReadAction","target":["https:\/\/www.ecomare.nl\/de\/besuche-ecomare\/praktische-informationen\/von-der-texel-faehre-zu-ecomare\/"]}]},{"@type":"ImageObject","inLanguage":"de-DE","@id":"https:\/\/www.ecomare.nl\/de\/besuche-ecomare\/praktische-informationen\/von-der-texel-faehre-zu-ecomare\/#primaryimage","url":"https:\/\/www.ecomare.nl\/wp-content\/uploads\/2017\/09\/texelstroom.jpg","contentUrl":"https:\/\/www.ecomare.nl\/wp-content\/uploads\/2017\/09\/texelstroom.jpg","width":840,"height":525},{"@type":"BreadcrumbList","@id":"https:\/\/www.ecomare.nl\/de\/besuche-ecomare\/praktische-informationen\/von-der-texel-faehre-zu-ecomare\/#breadcrumb","itemListElement":[{"@type":"ListItem","position":1,"name":"Home","item":"https:\/\/www.ecomare.nl\/de\/"},{"@type":"ListItem","position":2,"name":"Besuche Ecomare auf Texel","item":"https:\/\/www.ecomare.nl\/de\/besuche-ecomare\/"},{"@type":"ListItem","position":3,"name":"Praktische Informationen","item":"https:\/\/www.ecomare.nl\/de\/besuche-ecomare\/praktische-informationen\/"},{"@type":"ListItem","position":4,"name":"Von der Texel-F\u00e4hre zu Ecomare"}]},{"@type":"WebSite","@id":"https:\/\/www.ecomare.nl\/#website","url":"https:\/\/www.ecomare.nl\/","name":"Ecomare","description":"","potentialAction":[{"@type":"SearchAction","target":{"@type":"EntryPoint","urlTemplate":"https:\/\/www.ecomare.nl\/?s={search_term_string}"},"query-input":{"@type":"PropertyValueSpecification","valueRequired":true,"valueName":"search_term_string"}}],"inLanguage":"de-DE"}]}},"_links":{"self":[{"href":"https:\/\/www.ecomare.nl\/de\/wp-json\/wp\/v2\/pages\/5243","targetHints":{"allow":["GET"]}}],"collection":[{"href":"https:\/\/www.ecomare.nl\/de\/wp-json\/wp\/v2\/pages"}],"about":[{"href":"https:\/\/www.ecomare.nl\/de\/wp-json\/wp\/v2\/types\/page"}],"author":[{"embeddable":true,"href":"https:\/\/www.ecomare.nl\/de\/wp-json\/wp\/v2\/users\/1"}],"replies":[{"embeddable":true,"href":"https:\/\/www.ecomare.nl\/de\/wp-json\/wp\/v2\/comments?post=5243"}],"version-history":[{"count":2,"href":"https:\/\/www.ecomare.nl\/de\/wp-json\/wp\/v2\/pages\/5243\/revisions"}],"predecessor-version":[{"id":17364,"href":"https:\/\/www.ecomare.nl\/de\/wp-json\/wp\/v2\/pages\/5243\/revisions\/17364"}],"up":[{"embeddable":true,"href":"https:\/\/www.ecomare.nl\/de\/wp-json\/wp\/v2\/pages\/389"}],"wp:featuredmedia":[{"embeddable":true,"href":"https:\/\/www.ecomare.nl\/de\/wp-json\/wp\/v2\/media\/5533"}],"wp:attachment":[{"href":"https:\/\/www.ecomare.nl\/de\/wp-json\/wp\/v2\/media?parent=5243"}],"wp:term":[{"taxonomy":"post_tag","embeddable":true,"href":"https:\/\/www.ecomare.nl\/de\/wp-json\/wp\/v2\/tags?post=5243"}],"curies":[{"name":"wp","href":"https:\/\/api.w.org\/{rel}","templated":true}]}}