{"id":597,"date":"2017-04-18T16:58:47","date_gmt":"2017-04-18T14:58:47","guid":{"rendered":"https:\/\/tender-colden.109-235-78-20.plesk.page\/?page_id=597\/"},"modified":"2021-08-10T12:04:56","modified_gmt":"2021-08-10T10:04:56","slug":"haeufig-gestellte-fragen-ueber-seehundaufzucht","status":"publish","type":"page","link":"https:\/\/www.ecomare.nl\/de\/entdecke-ecomare-auf-texel\/tiere\/seehunde-bei-ecomare\/haeufig-gestellte-fragen-ueber-seehundaufzucht\/","title":{"rendered":"H\u00e4ufig gestellte Fragen \u00fcber die Seehundaufzucht"},"content":{"rendered":"<p><strong>Wie viele Seehunde und Kegelrobben haben pro Jahr Probleme? Was fressen die Seehunde in der Aufzuchtstation? Lies die h\u00e4ufig gestellten Fragen \u00fcber die Seehundaufzucht und entdecke, wie sie funktioniert. Ist deine Frage nicht dabei? Dann stelle sie per Mail den Tierpflegern: <a href=\"mailto:info@ecomare.nl\">info@ecomare.nl<\/a><\/strong><\/p>\n<p><img loading=\"lazy\" decoding=\"async\" class=\"alignnone wp-image-7515 size-full\" src=\"https:\/\/www.ecomare.nl\/wp-content\/uploads\/2017\/04\/ill-steun-KARIEN_1655.jpg\" alt=\"Adoptionsseehund Karien bei Ecomare\" width=\"840\" height=\"525\" srcset=\"https:\/\/www.ecomare.nl\/wp-content\/uploads\/2017\/04\/ill-steun-KARIEN_1655.jpg 840w, https:\/\/www.ecomare.nl\/wp-content\/uploads\/2017\/04\/ill-steun-KARIEN_1655-360x225.jpg 360w, https:\/\/www.ecomare.nl\/wp-content\/uploads\/2017\/04\/ill-steun-KARIEN_1655-768x480.jpg 768w, https:\/\/www.ecomare.nl\/wp-content\/uploads\/2017\/04\/ill-steun-KARIEN_1655-640x400.jpg 640w\" sizes=\"auto, (max-width: 840px) 100vw, 840px\" \/><\/p>\n<h2>Wie viele Seehunde und Kegelrobben sind in der Aufzuchtstation?<\/h2>\n<p>Das ist sehr unterschiedlich. In den Sommermonaten werden die Gemeinen Seehunde geboren, im Winter die Kegelrobben. In diesen Zeiten kommen oft Welpen in die Aufzuchtstation, die ihre Mutter verloren haben. In den Wintermonaten sp\u00fclen dar\u00fcber hinaus regelm\u00e4\u00dfig geschw\u00e4chte, junge Seehunde mit Lungenwurmbefall an. Ab und zu kommt ein Seehund in die Aufzuchtstation, der sich am M\u00fcll im Meer verletzt hat. In der festen Gruppe bei Ecomare leben zw\u00f6lf Gemeine Seehunde und drei Kegelrobben.<\/p>\n<h2>Wie viele Seehunde und Kegelrobben nehmt ihr pro Jahr auf?<\/h2>\n<p>Pro Jahr nimmt Ecomare etwa <a href=\"https:\/\/www.ecomare.nl\/de\/entdecke-ecomare-auf-texel\/tiere\/seehunde-bei-ecomare\/\">Hundert Seehunde<\/a> und Kegelrobben auf. Das sind Heuler (Jungtiere, die noch Milch trinken m\u00fcssen), kranke und geschw\u00e4chte junge Tiere und ab und an kranke oder verletzte ausgewachsene Seehunde und Kegelrobben.<\/p>\n<h2>Machen junge Seehunde immer so einen L\u00e4rm?<\/h2>\n<p>Junge Seehunde, die noch Muttermilch trinken, werden auch \u201aHeuler\u2018 genannt. Sie machen Ger\u00e4usche, um mit der Mutter in Kontakt zu bleiben. Auch die Seehundwelpen in der Aufzucht machen dieses Ger\u00e4usch. Wenn sie beginnen, selbstst\u00e4ndig zu werden, h\u00f6ren sie damit auf. Im Gegensatz zu Seel\u00f6wen, die viel L\u00e4rm machen, machen erwachsene Seehunde normalerweise keine Ger\u00e4usche. Nur in der Paarungszeit sind die M\u00e4nnchen lauter.<\/p>\n<h2>Was fressen Seehunde und Kegelrobben in der Aufzuchtstation?<\/h2>\n<p>Seehundjunge, die noch von der Muttermilch abh\u00e4ngig sind, bekommen spezielle Seehundmilch in der Aufzucht. Wenn sie etwas \u00e4lter sind, bekommen sie Fisch. Das ist meistens Hering, da diese Fischart sch\u00f6n fett ist. Sehr kranke Seehunde bekommen Fischbrei, wenn sie zu schwach sind, um ganze Fische zu vertragen.<\/p>\n<h2>Wie lernen Seehunde und Kegelrobben, selbstst\u00e4ndig Fische zu fangen?<\/h2>\n<p>In der Natur lernen sie nicht von ihrer Mutter, wie sie jagen m\u00fcssen, sie k\u00f6nnen es von sich aus. \u201eWenn der Hunger nagt, beginnt das Junge mit der Jagd\u201c. Der Jagdinstinkt von Seehunden und Kegelrobben geht in der Aufzuchtzeit nicht verloren.<\/p>\n<h2>Warum schwimmen die Seehunde manchmal auf dem R\u00fccken?<\/h2>\n<p>Es macht Seehunden nichts aus, ob sie nun auf ihrem Bauch, auf der Seite oder auf dem R\u00fccken schwimmen. Da sich die Nasenl\u00f6cher von selber schlie\u00dfen, wenn sie unter Wasser sind, bekommen sie nie Wasser in die Nase. Ihre Wendigkeit ist bei der Jagd auf Fische sehr praktisch.<\/p>\n<h2>Warum haben einige Seehunde und Kegelrobben bei Ecomare wei\u00dfe oder rote Augen?<\/h2>\n<p>In unserer <a href=\"https:\/\/www.ecomare.nl\/de\/entdecke-ecomare-auf-texel\/tiere\/seehunde-bei-ecomare\/\">festen Gruppe<\/a> leben vor allem sehr alte Tiere. Diese leiden unter Altersstar, wovon die Augen wei\u00df werden. Einige Tiere sind auch schon blind in der Aufzuchtstation gelandet. Sie sind nicht alt, aber sie haben auch wei\u00dfe oder rote Augen.<\/p>\n<h2>Warum l\u00e4sst Ecomare die Seehunde und Kegelrobben aus der festen Gruppe nicht frei?<\/h2>\n<p>Die feste Gruppe von Seehunden und Kegelrobben besteht aus alten Tieren sowie blinde, behinderte oder zu sehr auf Menschen gerichtete j\u00fcngere Tiere. Die alten Tiere wurden in den sechziger und siebziger Jahren aufgenommen. Damals war das Wattenmeer noch stark verschmutzt und die Sterblichkeit unter den Seehunden in der Natur war gro\u00df. Da man Angst hatte, dass die aufgenommenen Tiere im schmutzigen Meer nicht \u00fcberleben w\u00fcrden, wurden sie nicht ausgesetzt.<\/p>\n<h2>Warum bleiben die Seehunde in den Bassins so lange unter Wasser?<\/h2>\n<p>Seehunde und Kegelrobben k\u00f6nnen ihre Luft viel l\u00e4nger anhalten, als wir. Sie k\u00f6nnen sogar unter Wasser schlafen. Seehunde k\u00f6nnen in Ruhe 19 Minuten unter Wasser bleiben, Kegelrobben sogar eine halbe Stunde. Ein aktiver Tauchgang ist k\u00fcrzer, da das Tier dann mehr Sauerstoff verbraucht.<\/p>\n<h2>Darf ich selber einen Seehund f\u00fcttern?<\/h2>\n<p>Das geht leider nicht. Daf\u00fcr gibt es mehrere Gr\u00fcnde. Zun\u00e4chst einmal gibt es eine Menge Leute, die das gerne machen w\u00fcrden; Ecomare will nicht einen Menschen gl\u00fccklich machen und die anderen entt\u00e4uschen. Zweitens beobachten die Tierpfleger, wie viel jeder Seehund an einem Tag frisst. Dies geht nicht, wenn andere Menschen sie zwischendurch auch f\u00fcttern. Und drittens: Seehunde sind die gr\u00f6\u00dften Raubtiere, die wir in den Niederlanden haben. Bei einem solchen Gebiss muss man bei der F\u00fctterung sehr aufpassen!<\/p>\n<h2>Kann ich einen Tag lang dabei sein und in der Seehundaufzuchtstation mithelfen?<\/h2>\n<p>Die Tierpfleger von Ecomare haben alle H\u00e4nde voll zu tun, um die Seehunde, Kegelrobben, V\u00f6gel und Tiere im Meeresaquarium zu pflegen. Zudem bilden sie Praktikanten von der Tierpflegerausbildung aus. Das kostet Zeit, bringt aber auch eine Menge Hilfe. Dar\u00fcber hinaus h\u00e4lt es Ecomare f\u00fcr wichtig, dass gen\u00fcgend Praktikumspl\u00e4tze f\u00fcr Studenten zur Verf\u00fcgung stehen. Allerdings sollten Praktika mindestens 6 Wochen dauern, damit es f\u00fcr Ecomare rentabel bleibt. Jemand, der nur f\u00fcr einen Tag da ist oder aushilft, kostet den Tierpflegern zu viel Zeit. Dies ist leider nicht m\u00f6glich.<\/p>\n","protected":false},"excerpt":{"rendered":"<p>H\u00e4ufig gestellte Fragen \u00fcber die Seehundaufzucht bei Ecomare auf Texel. In der Station werden junge, kranke, geschw\u00e4chte und verletzte Seehunde gepflegt.<\/p>\n","protected":false},"author":1,"featured_media":1722,"parent":474,"menu_order":20,"comment_status":"closed","ping_status":"closed","template":"page-templates\/content-detail.php","meta":{"_acf_changed":false,"footnotes":""},"tags":[],"class_list":["post-597","page","type-page","status-publish","has-post-thumbnail","hentry"],"acf":[],"yoast_head":"<!-- This site is optimized with the Yoast SEO plugin v27.5 - https:\/\/yoast.com\/product\/yoast-seo-wordpress\/ -->\n<title>H\u00e4ufig gestellte Fragen \u00fcber die Seehundaufzucht - Ecomare<\/title>\n<meta name=\"description\" content=\"H\u00e4ufig gestellte Fragen \u00fcber die Seehundaufzucht bei Ecomare auf Texel. In der Station werden junge, kranke, geschw\u00e4chte und verletzte Seehunde gepflegt.\" \/>\n<meta name=\"robots\" content=\"index, follow, max-snippet:-1, max-image-preview:large, max-video-preview:-1\" \/>\n<meta property=\"og:locale\" content=\"de_DE\" \/>\n<meta property=\"og:type\" content=\"article\" \/>\n<meta property=\"og:description\" content=\"H\u00e4ufig gestellte Fragen \u00fcber die Seehundaufzucht bei Ecomare auf Texel. In der Station werden junge, kranke, geschw\u00e4chte und verletzte Seehunde gepflegt.\" \/>\n<meta property=\"og:site_name\" content=\"Ecomare\" \/>\n<meta property=\"article:publisher\" content=\"https:\/\/www.facebook.com\/beheerder.ecomaretexel\/\" \/>\n<meta property=\"article:modified_time\" content=\"2021-08-10T10:04:56+00:00\" \/>\n<meta property=\"og:image\" content=\"https:\/\/www.ecomare.nl\/wp-content\/uploads\/2017\/04\/ill-steun-KARIEN_1655.jpg\" \/>\n\t<meta property=\"og:image:width\" content=\"840\" \/>\n\t<meta property=\"og:image:height\" content=\"525\" \/>\n\t<meta property=\"og:image:type\" content=\"image\/jpeg\" \/>\n<meta name=\"twitter:card\" content=\"summary_large_image\" \/>\n<meta name=\"twitter:site\" content=\"@ecomaretexel\" \/>\n<meta name=\"twitter:label1\" content=\"Est. reading time\" \/>\n\t<meta name=\"twitter:data1\" content=\"4 minutes\" \/>\n<script type=\"application\/ld+json\" class=\"yoast-schema-graph\">{\"@context\":\"https:\\\/\\\/schema.org\",\"@graph\":[{\"@type\":\"WebPage\",\"@id\":\"https:\\\/\\\/www.ecomare.nl\\\/de\\\/entdecke-ecomare-auf-texel\\\/tiere\\\/seehunde-bei-ecomare\\\/haeufig-gestellte-fragen-ueber-seehundaufzucht\\\/\",\"url\":\"https:\\\/\\\/www.ecomare.nl\\\/de\\\/entdecke-ecomare-auf-texel\\\/tiere\\\/seehunde-bei-ecomare\\\/haeufig-gestellte-fragen-ueber-seehundaufzucht\\\/\",\"name\":\"H\u00e4ufig gestellte Fragen \u00fcber die Seehundaufzucht - Ecomare\",\"isPartOf\":{\"@id\":\"https:\\\/\\\/www.ecomare.nl\\\/#website\"},\"primaryImageOfPage\":{\"@id\":\"https:\\\/\\\/www.ecomare.nl\\\/de\\\/entdecke-ecomare-auf-texel\\\/tiere\\\/seehunde-bei-ecomare\\\/haeufig-gestellte-fragen-ueber-seehundaufzucht\\\/#primaryimage\"},\"image\":{\"@id\":\"https:\\\/\\\/www.ecomare.nl\\\/de\\\/entdecke-ecomare-auf-texel\\\/tiere\\\/seehunde-bei-ecomare\\\/haeufig-gestellte-fragen-ueber-seehundaufzucht\\\/#primaryimage\"},\"thumbnailUrl\":\"https:\\\/\\\/www.ecomare.nl\\\/wp-content\\\/uploads\\\/2017\\\/04\\\/ill-steun-KARIEN_1655.jpg\",\"datePublished\":\"2017-04-18T14:58:47+00:00\",\"dateModified\":\"2021-08-10T10:04:56+00:00\",\"description\":\"H\u00e4ufig gestellte Fragen \u00fcber die Seehundaufzucht bei Ecomare auf Texel. In der Station werden junge, kranke, geschw\u00e4chte und verletzte Seehunde gepflegt.\",\"breadcrumb\":{\"@id\":\"https:\\\/\\\/www.ecomare.nl\\\/de\\\/entdecke-ecomare-auf-texel\\\/tiere\\\/seehunde-bei-ecomare\\\/haeufig-gestellte-fragen-ueber-seehundaufzucht\\\/#breadcrumb\"},\"inLanguage\":\"de-DE\",\"potentialAction\":[{\"@type\":\"ReadAction\",\"target\":[\"https:\\\/\\\/www.ecomare.nl\\\/de\\\/entdecke-ecomare-auf-texel\\\/tiere\\\/seehunde-bei-ecomare\\\/haeufig-gestellte-fragen-ueber-seehundaufzucht\\\/\"]}]},{\"@type\":\"ImageObject\",\"inLanguage\":\"de-DE\",\"@id\":\"https:\\\/\\\/www.ecomare.nl\\\/de\\\/entdecke-ecomare-auf-texel\\\/tiere\\\/seehunde-bei-ecomare\\\/haeufig-gestellte-fragen-ueber-seehundaufzucht\\\/#primaryimage\",\"url\":\"https:\\\/\\\/www.ecomare.nl\\\/wp-content\\\/uploads\\\/2017\\\/04\\\/ill-steun-KARIEN_1655.jpg\",\"contentUrl\":\"https:\\\/\\\/www.ecomare.nl\\\/wp-content\\\/uploads\\\/2017\\\/04\\\/ill-steun-KARIEN_1655.jpg\",\"width\":840,\"height\":525,\"caption\":\"Adoptiezeehond Karien bij Ecomare\"},{\"@type\":\"BreadcrumbList\",\"@id\":\"https:\\\/\\\/www.ecomare.nl\\\/de\\\/entdecke-ecomare-auf-texel\\\/tiere\\\/seehunde-bei-ecomare\\\/haeufig-gestellte-fragen-ueber-seehundaufzucht\\\/#breadcrumb\",\"itemListElement\":[{\"@type\":\"ListItem\",\"position\":1,\"name\":\"Home\",\"item\":\"https:\\\/\\\/www.ecomare.nl\\\/de\\\/\"},{\"@type\":\"ListItem\",\"position\":2,\"name\":\"Entdecke Ecomare auf Texel\",\"item\":\"https:\\\/\\\/www.ecomare.nl\\\/de\\\/entdecke-ecomare-auf-texel\\\/\"},{\"@type\":\"ListItem\",\"position\":3,\"name\":\"Tiere\",\"item\":\"https:\\\/\\\/www.ecomare.nl\\\/de\\\/entdecke-ecomare-auf-texel\\\/tiere\\\/\"},{\"@type\":\"ListItem\",\"position\":4,\"name\":\"Seehunde bei Ecomare\",\"item\":\"https:\\\/\\\/www.ecomare.nl\\\/de\\\/entdecke-ecomare-auf-texel\\\/tiere\\\/seehunde-bei-ecomare\\\/\"},{\"@type\":\"ListItem\",\"position\":5,\"name\":\"H\u00e4ufig gestellte Fragen \u00fcber die Seehundaufzucht\"}]},{\"@type\":\"WebSite\",\"@id\":\"https:\\\/\\\/www.ecomare.nl\\\/#website\",\"url\":\"https:\\\/\\\/www.ecomare.nl\\\/\",\"name\":\"Ecomare\",\"description\":\"\",\"potentialAction\":[{\"@type\":\"SearchAction\",\"target\":{\"@type\":\"EntryPoint\",\"urlTemplate\":\"https:\\\/\\\/www.ecomare.nl\\\/?s={search_term_string}\"},\"query-input\":{\"@type\":\"PropertyValueSpecification\",\"valueRequired\":true,\"valueName\":\"search_term_string\"}}],\"inLanguage\":\"de-DE\"}]}<\/script>\n<!-- \/ Yoast SEO plugin. -->","yoast_head_json":{"title":"H\u00e4ufig gestellte Fragen \u00fcber die Seehundaufzucht - Ecomare","description":"H\u00e4ufig gestellte Fragen \u00fcber die Seehundaufzucht bei Ecomare auf Texel. In der Station werden junge, kranke, geschw\u00e4chte und verletzte Seehunde gepflegt.","robots":{"index":"index","follow":"follow","max-snippet":"max-snippet:-1","max-image-preview":"max-image-preview:large","max-video-preview":"max-video-preview:-1"},"og_locale":"de_DE","og_type":"article","og_description":"H\u00e4ufig gestellte Fragen \u00fcber die Seehundaufzucht bei Ecomare auf Texel. In der Station werden junge, kranke, geschw\u00e4chte und verletzte Seehunde gepflegt.","og_site_name":"Ecomare","article_publisher":"https:\/\/www.facebook.com\/beheerder.ecomaretexel\/","article_modified_time":"2021-08-10T10:04:56+00:00","og_image":[{"width":840,"height":525,"url":"https:\/\/www.ecomare.nl\/wp-content\/uploads\/2017\/04\/ill-steun-KARIEN_1655.jpg","type":"image\/jpeg"}],"twitter_card":"summary_large_image","twitter_site":"@ecomaretexel","twitter_misc":{"Est. reading time":"4 minutes"},"schema":{"@context":"https:\/\/schema.org","@graph":[{"@type":"WebPage","@id":"https:\/\/www.ecomare.nl\/de\/entdecke-ecomare-auf-texel\/tiere\/seehunde-bei-ecomare\/haeufig-gestellte-fragen-ueber-seehundaufzucht\/","url":"https:\/\/www.ecomare.nl\/de\/entdecke-ecomare-auf-texel\/tiere\/seehunde-bei-ecomare\/haeufig-gestellte-fragen-ueber-seehundaufzucht\/","name":"H\u00e4ufig gestellte Fragen \u00fcber die Seehundaufzucht - Ecomare","isPartOf":{"@id":"https:\/\/www.ecomare.nl\/#website"},"primaryImageOfPage":{"@id":"https:\/\/www.ecomare.nl\/de\/entdecke-ecomare-auf-texel\/tiere\/seehunde-bei-ecomare\/haeufig-gestellte-fragen-ueber-seehundaufzucht\/#primaryimage"},"image":{"@id":"https:\/\/www.ecomare.nl\/de\/entdecke-ecomare-auf-texel\/tiere\/seehunde-bei-ecomare\/haeufig-gestellte-fragen-ueber-seehundaufzucht\/#primaryimage"},"thumbnailUrl":"https:\/\/www.ecomare.nl\/wp-content\/uploads\/2017\/04\/ill-steun-KARIEN_1655.jpg","datePublished":"2017-04-18T14:58:47+00:00","dateModified":"2021-08-10T10:04:56+00:00","description":"H\u00e4ufig gestellte Fragen \u00fcber die Seehundaufzucht bei Ecomare auf Texel. In der Station werden junge, kranke, geschw\u00e4chte und verletzte Seehunde gepflegt.","breadcrumb":{"@id":"https:\/\/www.ecomare.nl\/de\/entdecke-ecomare-auf-texel\/tiere\/seehunde-bei-ecomare\/haeufig-gestellte-fragen-ueber-seehundaufzucht\/#breadcrumb"},"inLanguage":"de-DE","potentialAction":[{"@type":"ReadAction","target":["https:\/\/www.ecomare.nl\/de\/entdecke-ecomare-auf-texel\/tiere\/seehunde-bei-ecomare\/haeufig-gestellte-fragen-ueber-seehundaufzucht\/"]}]},{"@type":"ImageObject","inLanguage":"de-DE","@id":"https:\/\/www.ecomare.nl\/de\/entdecke-ecomare-auf-texel\/tiere\/seehunde-bei-ecomare\/haeufig-gestellte-fragen-ueber-seehundaufzucht\/#primaryimage","url":"https:\/\/www.ecomare.nl\/wp-content\/uploads\/2017\/04\/ill-steun-KARIEN_1655.jpg","contentUrl":"https:\/\/www.ecomare.nl\/wp-content\/uploads\/2017\/04\/ill-steun-KARIEN_1655.jpg","width":840,"height":525,"caption":"Adoptiezeehond Karien bij Ecomare"},{"@type":"BreadcrumbList","@id":"https:\/\/www.ecomare.nl\/de\/entdecke-ecomare-auf-texel\/tiere\/seehunde-bei-ecomare\/haeufig-gestellte-fragen-ueber-seehundaufzucht\/#breadcrumb","itemListElement":[{"@type":"ListItem","position":1,"name":"Home","item":"https:\/\/www.ecomare.nl\/de\/"},{"@type":"ListItem","position":2,"name":"Entdecke Ecomare auf Texel","item":"https:\/\/www.ecomare.nl\/de\/entdecke-ecomare-auf-texel\/"},{"@type":"ListItem","position":3,"name":"Tiere","item":"https:\/\/www.ecomare.nl\/de\/entdecke-ecomare-auf-texel\/tiere\/"},{"@type":"ListItem","position":4,"name":"Seehunde bei Ecomare","item":"https:\/\/www.ecomare.nl\/de\/entdecke-ecomare-auf-texel\/tiere\/seehunde-bei-ecomare\/"},{"@type":"ListItem","position":5,"name":"H\u00e4ufig gestellte Fragen \u00fcber die Seehundaufzucht"}]},{"@type":"WebSite","@id":"https:\/\/www.ecomare.nl\/#website","url":"https:\/\/www.ecomare.nl\/","name":"Ecomare","description":"","potentialAction":[{"@type":"SearchAction","target":{"@type":"EntryPoint","urlTemplate":"https:\/\/www.ecomare.nl\/?s={search_term_string}"},"query-input":{"@type":"PropertyValueSpecification","valueRequired":true,"valueName":"search_term_string"}}],"inLanguage":"de-DE"}]}},"_links":{"self":[{"href":"https:\/\/www.ecomare.nl\/de\/wp-json\/wp\/v2\/pages\/597","targetHints":{"allow":["GET"]}}],"collection":[{"href":"https:\/\/www.ecomare.nl\/de\/wp-json\/wp\/v2\/pages"}],"about":[{"href":"https:\/\/www.ecomare.nl\/de\/wp-json\/wp\/v2\/types\/page"}],"author":[{"embeddable":true,"href":"https:\/\/www.ecomare.nl\/de\/wp-json\/wp\/v2\/users\/1"}],"replies":[{"embeddable":true,"href":"https:\/\/www.ecomare.nl\/de\/wp-json\/wp\/v2\/comments?post=597"}],"version-history":[{"count":1,"href":"https:\/\/www.ecomare.nl\/de\/wp-json\/wp\/v2\/pages\/597\/revisions"}],"predecessor-version":[{"id":16358,"href":"https:\/\/www.ecomare.nl\/de\/wp-json\/wp\/v2\/pages\/597\/revisions\/16358"}],"up":[{"embeddable":true,"href":"https:\/\/www.ecomare.nl\/de\/wp-json\/wp\/v2\/pages\/474"}],"wp:featuredmedia":[{"embeddable":true,"href":"https:\/\/www.ecomare.nl\/de\/wp-json\/wp\/v2\/media\/1722"}],"wp:attachment":[{"href":"https:\/\/www.ecomare.nl\/de\/wp-json\/wp\/v2\/media?parent=597"}],"wp:term":[{"taxonomy":"post_tag","embeddable":true,"href":"https:\/\/www.ecomare.nl\/de\/wp-json\/wp\/v2\/tags?post=597"}],"curies":[{"name":"wp","href":"https:\/\/api.w.org\/{rel}","templated":true}]}}