{"id":6464,"date":"2018-08-29T14:32:05","date_gmt":"2018-08-29T12:32:05","guid":{"rendered":"https:\/\/tender-colden.109-235-78-20.plesk.page\/?page_id=6464"},"modified":"2022-05-18T11:44:48","modified_gmt":"2022-05-18T09:44:48","slug":"triff-ringelrobben-bei-ecomare","status":"publish","type":"page","link":"https:\/\/www.ecomare.nl\/de\/triff-ringelrobben-bei-ecomare\/","title":{"rendered":"Triff Ringelrobben bei Ecomare"},"content":{"rendered":"<p><strong>Neben Kegelrobben und Gemeinen Seehunden ist auch eine Ringelrobbe bei Ecomare zu sehen. Diese Robben leben im Nordpolgebiet, gelangen aber ab und zu als Irrgast in die Nordsee. Ringelrobben verdanken ihren Namen den Ringen auf dem Fell. <a href=\"https:\/\/www.ecomare.nl\/de\/besuche-ecomare\/\">Kommen<\/a> Sie dieses Tier bewundern?<\/strong><\/p>\n<p><img loading=\"lazy\" decoding=\"async\" class=\"alignnone size-full wp-image-6456\" src=\"https:\/\/www.ecomare.nl\/wp-content\/uploads\/2018\/08\/ringelrob-bewerkt-nieuws.jpg\" alt=\"Ringelrob\" width=\"840\" height=\"525\" srcset=\"https:\/\/www.ecomare.nl\/wp-content\/uploads\/2018\/08\/ringelrob-bewerkt-nieuws.jpg 840w, https:\/\/www.ecomare.nl\/wp-content\/uploads\/2018\/08\/ringelrob-bewerkt-nieuws-360x225.jpg 360w, https:\/\/www.ecomare.nl\/wp-content\/uploads\/2018\/08\/ringelrob-bewerkt-nieuws-768x480.jpg 768w, https:\/\/www.ecomare.nl\/wp-content\/uploads\/2018\/08\/ringelrob-bewerkt-nieuws-640x400.jpg 640w\" sizes=\"auto, (max-width: 840px) 100vw, 840px\" \/><\/p>\n<h2>Kleiner Seehund<\/h2>\n<p><a href=\"https:\/\/www.ecomare.nl\/de\/vertiefen\/lesefutter\/tiere\/robben\/ringelrob\/\">Ringelrobben<\/a>\u00a0 sind kleine Dickerchen und darum werden sie auch manchmal &#8216;kleiner Seehund&#8217; genannt. Der dritte (niederl\u00e4ndische) Name f\u00fcr diese Art ist Stinkrobbe. Diesen Namen verdanken sie der Tatsache, dass die M\u00e4nnchen in der Paarungszeit stark aus dem Maul riechen.<\/p>\n<h2>F\u00fctterungspr\u00e4sentation<\/h2>\n<p>Die Ringelrobbe schwimmt bei Ecomare im Bassin mit der gl\u00e4sernen Wand. W\u00e4hrend der <a href=\"https:\/\/www.ecomare.nl\/de\/besuche-ecomare\/agenda\/\">F\u00fctterungspr\u00e4sentationen<\/a> erz\u00e4hlen die Tierpfleger etwas \u00fcber diese besondere Robbenart.<\/p>\n","protected":false},"excerpt":{"rendered":"<p>Neben Kegelrobben und Gemeinen Seehunden ist auch eine Ringelrobbe bei Ecomare zu sehen. Diese Robben leben im Nordpolgebiet, gelangen aber ab und zu als Irrgast in die Nordsee.<\/p>\n","protected":false},"author":58,"featured_media":6541,"parent":0,"menu_order":0,"comment_status":"closed","ping_status":"closed","template":"page-templates\/content-detail.php","meta":{"_acf_changed":false,"footnotes":""},"tags":[],"class_list":["post-6464","page","type-page","status-publish","has-post-thumbnail","hentry"],"acf":[],"yoast_head":"<!-- This site is optimized with the Yoast SEO plugin v27.6 - https:\/\/yoast.com\/product\/yoast-seo-wordpress\/ -->\n<title>Triff Ringelrobben bei Ecomare - Ecomare<\/title>\n<meta name=\"description\" content=\"Neben Kegelrobben und Gemeinen Seehunden ist auch eine Ringelrobbe bei Ecomare zu sehen. Diese Robben leben im Nordpolgebiet, gelangen aber ab und zu als Irrgast in die Nordsee.\" \/>\n<meta name=\"robots\" content=\"index, follow, max-snippet:-1, max-image-preview:large, max-video-preview:-1\" \/>\n<meta property=\"og:locale\" content=\"de_DE\" \/>\n<meta property=\"og:type\" content=\"article\" \/>\n<meta property=\"og:description\" content=\"Neben Kegelrobben und Gemeinen Seehunden ist auch eine Ringelrobbe bei Ecomare zu sehen. Diese Robben leben im Nordpolgebiet, gelangen aber ab und zu als Irrgast in die Nordsee.\" \/>\n<meta property=\"og:site_name\" content=\"Ecomare\" \/>\n<meta property=\"article:publisher\" content=\"https:\/\/www.facebook.com\/beheerder.ecomaretexel\/\" \/>\n<meta property=\"article:modified_time\" content=\"2022-05-18T09:44:48+00:00\" \/>\n<meta property=\"og:image\" content=\"https:\/\/www.ecomare.nl\/wp-content\/uploads\/2018\/09\/BOB_5468-640x440.jpg\" \/>\n\t<meta property=\"og:image:width\" content=\"640\" \/>\n\t<meta property=\"og:image:height\" content=\"440\" \/>\n\t<meta property=\"og:image:type\" content=\"image\/jpeg\" \/>\n<meta name=\"twitter:card\" content=\"summary_large_image\" \/>\n<meta name=\"twitter:site\" content=\"@ecomaretexel\" \/>\n<meta name=\"twitter:label1\" content=\"Est. reading time\" \/>\n\t<meta name=\"twitter:data1\" content=\"1 minute\" \/>\n<script type=\"application\/ld+json\" class=\"yoast-schema-graph\">{\"@context\":\"https:\\\/\\\/schema.org\",\"@graph\":[{\"@type\":\"WebPage\",\"@id\":\"https:\\\/\\\/www.ecomare.nl\\\/ontmoet-ringelrobben-bij-ecomare\\\/\",\"url\":\"https:\\\/\\\/www.ecomare.nl\\\/ontmoet-ringelrobben-bij-ecomare\\\/\",\"name\":\"Triff Ringelrobben bei Ecomare - Ecomare\",\"isPartOf\":{\"@id\":\"https:\\\/\\\/www.ecomare.nl\\\/#website\"},\"primaryImageOfPage\":{\"@id\":\"https:\\\/\\\/www.ecomare.nl\\\/ontmoet-ringelrobben-bij-ecomare\\\/#primaryimage\"},\"image\":{\"@id\":\"https:\\\/\\\/www.ecomare.nl\\\/ontmoet-ringelrobben-bij-ecomare\\\/#primaryimage\"},\"thumbnailUrl\":\"https:\\\/\\\/www.ecomare.nl\\\/wp-content\\\/uploads\\\/2018\\\/09\\\/BOB_5468.jpg\",\"datePublished\":\"2018-08-29T12:32:05+00:00\",\"dateModified\":\"2022-05-18T09:44:48+00:00\",\"description\":\"Neben Kegelrobben und Gemeinen Seehunden ist auch eine Ringelrobbe bei Ecomare zu sehen. Diese Robben leben im Nordpolgebiet, gelangen aber ab und zu als Irrgast in die Nordsee.\",\"breadcrumb\":{\"@id\":\"https:\\\/\\\/www.ecomare.nl\\\/ontmoet-ringelrobben-bij-ecomare\\\/#breadcrumb\"},\"inLanguage\":\"de-DE\",\"potentialAction\":[{\"@type\":\"ReadAction\",\"target\":[\"https:\\\/\\\/www.ecomare.nl\\\/ontmoet-ringelrobben-bij-ecomare\\\/\"]}]},{\"@type\":\"ImageObject\",\"inLanguage\":\"de-DE\",\"@id\":\"https:\\\/\\\/www.ecomare.nl\\\/ontmoet-ringelrobben-bij-ecomare\\\/#primaryimage\",\"url\":\"https:\\\/\\\/www.ecomare.nl\\\/wp-content\\\/uploads\\\/2018\\\/09\\\/BOB_5468.jpg\",\"contentUrl\":\"https:\\\/\\\/www.ecomare.nl\\\/wp-content\\\/uploads\\\/2018\\\/09\\\/BOB_5468.jpg\",\"width\":2000,\"height\":1375,\"caption\":\"Ringelrob Bob bij Ecomare\"},{\"@type\":\"BreadcrumbList\",\"@id\":\"https:\\\/\\\/www.ecomare.nl\\\/ontmoet-ringelrobben-bij-ecomare\\\/#breadcrumb\",\"itemListElement\":[{\"@type\":\"ListItem\",\"position\":1,\"name\":\"Home\",\"item\":\"https:\\\/\\\/www.ecomare.nl\\\/de\\\/\"},{\"@type\":\"ListItem\",\"position\":2,\"name\":\"Triff Ringelrobben bei Ecomare\"}]},{\"@type\":\"WebSite\",\"@id\":\"https:\\\/\\\/www.ecomare.nl\\\/#website\",\"url\":\"https:\\\/\\\/www.ecomare.nl\\\/\",\"name\":\"Ecomare\",\"description\":\"\",\"potentialAction\":[{\"@type\":\"SearchAction\",\"target\":{\"@type\":\"EntryPoint\",\"urlTemplate\":\"https:\\\/\\\/www.ecomare.nl\\\/?s={search_term_string}\"},\"query-input\":{\"@type\":\"PropertyValueSpecification\",\"valueRequired\":true,\"valueName\":\"search_term_string\"}}],\"inLanguage\":\"de-DE\"}]}<\/script>\n<!-- \/ Yoast SEO plugin. -->","yoast_head_json":{"title":"Triff Ringelrobben bei Ecomare - Ecomare","description":"Neben Kegelrobben und Gemeinen Seehunden ist auch eine Ringelrobbe bei Ecomare zu sehen. Diese Robben leben im Nordpolgebiet, gelangen aber ab und zu als Irrgast in die Nordsee.","robots":{"index":"index","follow":"follow","max-snippet":"max-snippet:-1","max-image-preview":"max-image-preview:large","max-video-preview":"max-video-preview:-1"},"og_locale":"de_DE","og_type":"article","og_description":"Neben Kegelrobben und Gemeinen Seehunden ist auch eine Ringelrobbe bei Ecomare zu sehen. Diese Robben leben im Nordpolgebiet, gelangen aber ab und zu als Irrgast in die Nordsee.","og_site_name":"Ecomare","article_publisher":"https:\/\/www.facebook.com\/beheerder.ecomaretexel\/","article_modified_time":"2022-05-18T09:44:48+00:00","og_image":[{"width":640,"height":440,"url":"https:\/\/www.ecomare.nl\/wp-content\/uploads\/2018\/09\/BOB_5468-640x440.jpg","type":"image\/jpeg"}],"twitter_card":"summary_large_image","twitter_site":"@ecomaretexel","twitter_misc":{"Est. reading time":"1 minute"},"schema":{"@context":"https:\/\/schema.org","@graph":[{"@type":"WebPage","@id":"https:\/\/www.ecomare.nl\/ontmoet-ringelrobben-bij-ecomare\/","url":"https:\/\/www.ecomare.nl\/ontmoet-ringelrobben-bij-ecomare\/","name":"Triff Ringelrobben bei Ecomare - Ecomare","isPartOf":{"@id":"https:\/\/www.ecomare.nl\/#website"},"primaryImageOfPage":{"@id":"https:\/\/www.ecomare.nl\/ontmoet-ringelrobben-bij-ecomare\/#primaryimage"},"image":{"@id":"https:\/\/www.ecomare.nl\/ontmoet-ringelrobben-bij-ecomare\/#primaryimage"},"thumbnailUrl":"https:\/\/www.ecomare.nl\/wp-content\/uploads\/2018\/09\/BOB_5468.jpg","datePublished":"2018-08-29T12:32:05+00:00","dateModified":"2022-05-18T09:44:48+00:00","description":"Neben Kegelrobben und Gemeinen Seehunden ist auch eine Ringelrobbe bei Ecomare zu sehen. Diese Robben leben im Nordpolgebiet, gelangen aber ab und zu als Irrgast in die Nordsee.","breadcrumb":{"@id":"https:\/\/www.ecomare.nl\/ontmoet-ringelrobben-bij-ecomare\/#breadcrumb"},"inLanguage":"de-DE","potentialAction":[{"@type":"ReadAction","target":["https:\/\/www.ecomare.nl\/ontmoet-ringelrobben-bij-ecomare\/"]}]},{"@type":"ImageObject","inLanguage":"de-DE","@id":"https:\/\/www.ecomare.nl\/ontmoet-ringelrobben-bij-ecomare\/#primaryimage","url":"https:\/\/www.ecomare.nl\/wp-content\/uploads\/2018\/09\/BOB_5468.jpg","contentUrl":"https:\/\/www.ecomare.nl\/wp-content\/uploads\/2018\/09\/BOB_5468.jpg","width":2000,"height":1375,"caption":"Ringelrob Bob bij Ecomare"},{"@type":"BreadcrumbList","@id":"https:\/\/www.ecomare.nl\/ontmoet-ringelrobben-bij-ecomare\/#breadcrumb","itemListElement":[{"@type":"ListItem","position":1,"name":"Home","item":"https:\/\/www.ecomare.nl\/de\/"},{"@type":"ListItem","position":2,"name":"Triff Ringelrobben bei Ecomare"}]},{"@type":"WebSite","@id":"https:\/\/www.ecomare.nl\/#website","url":"https:\/\/www.ecomare.nl\/","name":"Ecomare","description":"","potentialAction":[{"@type":"SearchAction","target":{"@type":"EntryPoint","urlTemplate":"https:\/\/www.ecomare.nl\/?s={search_term_string}"},"query-input":{"@type":"PropertyValueSpecification","valueRequired":true,"valueName":"search_term_string"}}],"inLanguage":"de-DE"}]}},"_links":{"self":[{"href":"https:\/\/www.ecomare.nl\/de\/wp-json\/wp\/v2\/pages\/6464","targetHints":{"allow":["GET"]}}],"collection":[{"href":"https:\/\/www.ecomare.nl\/de\/wp-json\/wp\/v2\/pages"}],"about":[{"href":"https:\/\/www.ecomare.nl\/de\/wp-json\/wp\/v2\/types\/page"}],"author":[{"embeddable":true,"href":"https:\/\/www.ecomare.nl\/de\/wp-json\/wp\/v2\/users\/58"}],"replies":[{"embeddable":true,"href":"https:\/\/www.ecomare.nl\/de\/wp-json\/wp\/v2\/comments?post=6464"}],"version-history":[{"count":2,"href":"https:\/\/www.ecomare.nl\/de\/wp-json\/wp\/v2\/pages\/6464\/revisions"}],"predecessor-version":[{"id":17746,"href":"https:\/\/www.ecomare.nl\/de\/wp-json\/wp\/v2\/pages\/6464\/revisions\/17746"}],"wp:featuredmedia":[{"embeddable":true,"href":"https:\/\/www.ecomare.nl\/de\/wp-json\/wp\/v2\/media\/6541"}],"wp:attachment":[{"href":"https:\/\/www.ecomare.nl\/de\/wp-json\/wp\/v2\/media?parent=6464"}],"wp:term":[{"taxonomy":"post_tag","embeddable":true,"href":"https:\/\/www.ecomare.nl\/de\/wp-json\/wp\/v2\/tags?post=6464"}],"curies":[{"name":"wp","href":"https:\/\/api.w.org\/{rel}","templated":true}]}}