{"id":682,"date":"2017-04-19T10:43:05","date_gmt":"2017-04-19T08:43:05","guid":{"rendered":"https:\/\/tender-colden.109-235-78-20.plesk.page\/?page_id=682\/"},"modified":"2019-09-06T09:38:08","modified_gmt":"2019-09-06T07:38:08","slug":"anfang-seehundaufzucht-auf-texel","status":"publish","type":"page","link":"https:\/\/www.ecomare.nl\/de\/entdecke-ecomare-auf-texel\/tiere\/seehunde-bei-ecomare\/anfang-seehundaufzucht-auf-texel\/","title":{"rendered":"Der Anfang der Seehundaufzucht auf Texel"},"content":{"rendered":"<p><strong>1952 nahm Gerrit de Haan, Konservator beim Texels Museum, als erster in Europa Seehunde auf. Zusammen mit seiner Frau Annie stand er an der Basis der Seehundaufzucht, wie wir sie heute kennen. Es gab damals bei den Tier\u00e4rzten noch kein medizinisches Wissen \u00fcber Seehunde und das Ehepaar hat einige R\u00fcckschl\u00e4ge in Kauf nehmen m\u00fcssen. Gl\u00fccklicherweise haben sie sich nicht beirren lassen und es gelang schlie\u00dflich, Seehunde in Schwierigkeiten am Leben zu erhalten und sich erholen zu lassen.<\/strong><\/p>\n<h2><img loading=\"lazy\" decoding=\"async\" class=\"alignnone wp-image-7108 size-full\" src=\"https:\/\/www.ecomare.nl\/wp-content\/uploads\/2017\/04\/pcd03002-echtpaar-de-haan.jpg\" alt=\"Gerrit und Annie de Haan nahmen als erste in Europa Seehunde auf\" width=\"840\" height=\"525\" srcset=\"https:\/\/www.ecomare.nl\/wp-content\/uploads\/2017\/04\/pcd03002-echtpaar-de-haan.jpg 840w, https:\/\/www.ecomare.nl\/wp-content\/uploads\/2017\/04\/pcd03002-echtpaar-de-haan-360x225.jpg 360w, https:\/\/www.ecomare.nl\/wp-content\/uploads\/2017\/04\/pcd03002-echtpaar-de-haan-768x480.jpg 768w, https:\/\/www.ecomare.nl\/wp-content\/uploads\/2017\/04\/pcd03002-echtpaar-de-haan-640x400.jpg 640w\" sizes=\"auto, (max-width: 840px) 100vw, 840px\" \/><\/h2>\n<h2>Robbenjagd und Verschmutzung<\/h2>\n<p>In den 1950ern wurde noch in gro\u00dfem Umfang auf Seehunde und Kegelrobben gejagt. Dar\u00fcber hinaus war das Wattenmeer noch Jahrzehnte danach so verschmutzt, dass die Zahl der Seehunde auf ihren Tiefstpunkt sank. Diese Umst\u00e4nde machten die Arbeit des Aufzuchtzentrums sehr wichtig: Einerseits lebten die Seehunde weiter, die sonst gestorben w\u00e4ren, und andererseite wurden die Besucher auf die Probleme im Wattenmeer hingewiesen. Auch Dank der Arbeit von Ecomare wurde 1962 die Jagd auf Seehunde gestoppt und der Schutz der (Watten)Natur hat eine gr\u00f6\u00dfere gesellschaftliche Tragfl\u00e4che bekommen.<\/p>\n<p><img loading=\"lazy\" decoding=\"async\" class=\"alignnone wp-image-7110 size-full\" src=\"https:\/\/www.ecomare.nl\/wp-content\/uploads\/2017\/04\/annie-de-haan-zeehondje-em.jpg\" alt=\"Annie de Haan mit Seehund\" width=\"840\" height=\"525\" srcset=\"https:\/\/www.ecomare.nl\/wp-content\/uploads\/2017\/04\/annie-de-haan-zeehondje-em.jpg 840w, https:\/\/www.ecomare.nl\/wp-content\/uploads\/2017\/04\/annie-de-haan-zeehondje-em-360x225.jpg 360w, https:\/\/www.ecomare.nl\/wp-content\/uploads\/2017\/04\/annie-de-haan-zeehondje-em-768x480.jpg 768w, https:\/\/www.ecomare.nl\/wp-content\/uploads\/2017\/04\/annie-de-haan-zeehondje-em-640x400.jpg 640w\" sizes=\"auto, (max-width: 840px) 100vw, 840px\" \/><\/p>\n","protected":false},"excerpt":{"rendered":"<p>Auf Texel begann 1952 die erste Seehundaufzucht in den Niederlanden. Von Pionierarbeit bis zu einer professionellen Aufzuchtstation bei Ecomare.<\/p>\n","protected":false},"author":1,"featured_media":673,"parent":474,"menu_order":10,"comment_status":"closed","ping_status":"closed","template":"page-templates\/content-detail.php","meta":{"_acf_changed":false,"footnotes":""},"tags":[],"class_list":["post-682","page","type-page","status-publish","has-post-thumbnail","hentry"],"acf":[],"yoast_head":"<!-- This site is optimized with the Yoast SEO plugin v27.5 - https:\/\/yoast.com\/product\/yoast-seo-wordpress\/ -->\n<title>Der Anfang der Seehundaufzucht auf Texel - Ecomare<\/title>\n<meta name=\"description\" content=\"Auf Texel begann 1952 die erste Seehundaufzucht in den Niederlanden. Von Pionierarbeit bis zu einer professionellen Aufzuchtstation bei Ecomare.\" \/>\n<meta name=\"robots\" content=\"index, follow, max-snippet:-1, max-image-preview:large, max-video-preview:-1\" \/>\n<meta property=\"og:locale\" content=\"de_DE\" \/>\n<meta property=\"og:type\" content=\"article\" \/>\n<meta property=\"og:description\" content=\"Auf Texel begann 1952 die erste Seehundaufzucht in den Niederlanden. Von Pionierarbeit bis zu einer professionellen Aufzuchtstation bei Ecomare.\" \/>\n<meta property=\"og:site_name\" content=\"Ecomare\" \/>\n<meta property=\"article:publisher\" content=\"https:\/\/www.facebook.com\/beheerder.ecomaretexel\/\" \/>\n<meta property=\"article:modified_time\" content=\"2019-09-06T07:38:08+00:00\" \/>\n<meta property=\"og:image\" content=\"https:\/\/www.ecomare.nl\/wp-content\/uploads\/2017\/04\/pcd03002-echtpaar-de-haan.jpg\" \/>\n\t<meta property=\"og:image:width\" content=\"840\" \/>\n\t<meta property=\"og:image:height\" content=\"525\" \/>\n\t<meta property=\"og:image:type\" content=\"image\/jpeg\" \/>\n<meta name=\"twitter:card\" content=\"summary_large_image\" \/>\n<meta name=\"twitter:site\" content=\"@ecomaretexel\" \/>\n<meta name=\"twitter:label1\" content=\"Est. reading time\" \/>\n\t<meta name=\"twitter:data1\" content=\"1 minute\" \/>\n<script type=\"application\/ld+json\" class=\"yoast-schema-graph\">{\"@context\":\"https:\\\/\\\/schema.org\",\"@graph\":[{\"@type\":\"WebPage\",\"@id\":\"https:\\\/\\\/www.ecomare.nl\\\/de\\\/entdecke-ecomare-auf-texel\\\/tiere\\\/seehunde-bei-ecomare\\\/anfang-seehundaufzucht-auf-texel\\\/\",\"url\":\"https:\\\/\\\/www.ecomare.nl\\\/de\\\/entdecke-ecomare-auf-texel\\\/tiere\\\/seehunde-bei-ecomare\\\/anfang-seehundaufzucht-auf-texel\\\/\",\"name\":\"Der Anfang der Seehundaufzucht auf Texel - Ecomare\",\"isPartOf\":{\"@id\":\"https:\\\/\\\/www.ecomare.nl\\\/#website\"},\"primaryImageOfPage\":{\"@id\":\"https:\\\/\\\/www.ecomare.nl\\\/de\\\/entdecke-ecomare-auf-texel\\\/tiere\\\/seehunde-bei-ecomare\\\/anfang-seehundaufzucht-auf-texel\\\/#primaryimage\"},\"image\":{\"@id\":\"https:\\\/\\\/www.ecomare.nl\\\/de\\\/entdecke-ecomare-auf-texel\\\/tiere\\\/seehunde-bei-ecomare\\\/anfang-seehundaufzucht-auf-texel\\\/#primaryimage\"},\"thumbnailUrl\":\"https:\\\/\\\/www.ecomare.nl\\\/wp-content\\\/uploads\\\/2017\\\/04\\\/pcd03002-echtpaar-de-haan.jpg\",\"datePublished\":\"2017-04-19T08:43:05+00:00\",\"dateModified\":\"2019-09-06T07:38:08+00:00\",\"description\":\"Auf Texel begann 1952 die erste Seehundaufzucht in den Niederlanden. Von Pionierarbeit bis zu einer professionellen Aufzuchtstation bei Ecomare.\",\"breadcrumb\":{\"@id\":\"https:\\\/\\\/www.ecomare.nl\\\/de\\\/entdecke-ecomare-auf-texel\\\/tiere\\\/seehunde-bei-ecomare\\\/anfang-seehundaufzucht-auf-texel\\\/#breadcrumb\"},\"inLanguage\":\"de-DE\",\"potentialAction\":[{\"@type\":\"ReadAction\",\"target\":[\"https:\\\/\\\/www.ecomare.nl\\\/de\\\/entdecke-ecomare-auf-texel\\\/tiere\\\/seehunde-bei-ecomare\\\/anfang-seehundaufzucht-auf-texel\\\/\"]}]},{\"@type\":\"ImageObject\",\"inLanguage\":\"de-DE\",\"@id\":\"https:\\\/\\\/www.ecomare.nl\\\/de\\\/entdecke-ecomare-auf-texel\\\/tiere\\\/seehunde-bei-ecomare\\\/anfang-seehundaufzucht-auf-texel\\\/#primaryimage\",\"url\":\"https:\\\/\\\/www.ecomare.nl\\\/wp-content\\\/uploads\\\/2017\\\/04\\\/pcd03002-echtpaar-de-haan.jpg\",\"contentUrl\":\"https:\\\/\\\/www.ecomare.nl\\\/wp-content\\\/uploads\\\/2017\\\/04\\\/pcd03002-echtpaar-de-haan.jpg\",\"width\":840,\"height\":525,\"caption\":\"Gerrit en Annie de Haan ving als eerste in Europa zeehonden op\"},{\"@type\":\"BreadcrumbList\",\"@id\":\"https:\\\/\\\/www.ecomare.nl\\\/de\\\/entdecke-ecomare-auf-texel\\\/tiere\\\/seehunde-bei-ecomare\\\/anfang-seehundaufzucht-auf-texel\\\/#breadcrumb\",\"itemListElement\":[{\"@type\":\"ListItem\",\"position\":1,\"name\":\"Home\",\"item\":\"https:\\\/\\\/www.ecomare.nl\\\/de\\\/\"},{\"@type\":\"ListItem\",\"position\":2,\"name\":\"Entdecke Ecomare auf Texel\",\"item\":\"https:\\\/\\\/www.ecomare.nl\\\/de\\\/entdecke-ecomare-auf-texel\\\/\"},{\"@type\":\"ListItem\",\"position\":3,\"name\":\"Tiere\",\"item\":\"https:\\\/\\\/www.ecomare.nl\\\/de\\\/entdecke-ecomare-auf-texel\\\/tiere\\\/\"},{\"@type\":\"ListItem\",\"position\":4,\"name\":\"Seehunde bei Ecomare\",\"item\":\"https:\\\/\\\/www.ecomare.nl\\\/de\\\/entdecke-ecomare-auf-texel\\\/tiere\\\/seehunde-bei-ecomare\\\/\"},{\"@type\":\"ListItem\",\"position\":5,\"name\":\"Der Anfang der Seehundaufzucht auf Texel\"}]},{\"@type\":\"WebSite\",\"@id\":\"https:\\\/\\\/www.ecomare.nl\\\/#website\",\"url\":\"https:\\\/\\\/www.ecomare.nl\\\/\",\"name\":\"Ecomare\",\"description\":\"\",\"potentialAction\":[{\"@type\":\"SearchAction\",\"target\":{\"@type\":\"EntryPoint\",\"urlTemplate\":\"https:\\\/\\\/www.ecomare.nl\\\/?s={search_term_string}\"},\"query-input\":{\"@type\":\"PropertyValueSpecification\",\"valueRequired\":true,\"valueName\":\"search_term_string\"}}],\"inLanguage\":\"de-DE\"}]}<\/script>\n<!-- \/ Yoast SEO plugin. -->","yoast_head_json":{"title":"Der Anfang der Seehundaufzucht auf Texel - Ecomare","description":"Auf Texel begann 1952 die erste Seehundaufzucht in den Niederlanden. Von Pionierarbeit bis zu einer professionellen Aufzuchtstation bei Ecomare.","robots":{"index":"index","follow":"follow","max-snippet":"max-snippet:-1","max-image-preview":"max-image-preview:large","max-video-preview":"max-video-preview:-1"},"og_locale":"de_DE","og_type":"article","og_description":"Auf Texel begann 1952 die erste Seehundaufzucht in den Niederlanden. Von Pionierarbeit bis zu einer professionellen Aufzuchtstation bei Ecomare.","og_site_name":"Ecomare","article_publisher":"https:\/\/www.facebook.com\/beheerder.ecomaretexel\/","article_modified_time":"2019-09-06T07:38:08+00:00","og_image":[{"width":840,"height":525,"url":"https:\/\/www.ecomare.nl\/wp-content\/uploads\/2017\/04\/pcd03002-echtpaar-de-haan.jpg","type":"image\/jpeg"}],"twitter_card":"summary_large_image","twitter_site":"@ecomaretexel","twitter_misc":{"Est. reading time":"1 minute"},"schema":{"@context":"https:\/\/schema.org","@graph":[{"@type":"WebPage","@id":"https:\/\/www.ecomare.nl\/de\/entdecke-ecomare-auf-texel\/tiere\/seehunde-bei-ecomare\/anfang-seehundaufzucht-auf-texel\/","url":"https:\/\/www.ecomare.nl\/de\/entdecke-ecomare-auf-texel\/tiere\/seehunde-bei-ecomare\/anfang-seehundaufzucht-auf-texel\/","name":"Der Anfang der Seehundaufzucht auf Texel - Ecomare","isPartOf":{"@id":"https:\/\/www.ecomare.nl\/#website"},"primaryImageOfPage":{"@id":"https:\/\/www.ecomare.nl\/de\/entdecke-ecomare-auf-texel\/tiere\/seehunde-bei-ecomare\/anfang-seehundaufzucht-auf-texel\/#primaryimage"},"image":{"@id":"https:\/\/www.ecomare.nl\/de\/entdecke-ecomare-auf-texel\/tiere\/seehunde-bei-ecomare\/anfang-seehundaufzucht-auf-texel\/#primaryimage"},"thumbnailUrl":"https:\/\/www.ecomare.nl\/wp-content\/uploads\/2017\/04\/pcd03002-echtpaar-de-haan.jpg","datePublished":"2017-04-19T08:43:05+00:00","dateModified":"2019-09-06T07:38:08+00:00","description":"Auf Texel begann 1952 die erste Seehundaufzucht in den Niederlanden. Von Pionierarbeit bis zu einer professionellen Aufzuchtstation bei Ecomare.","breadcrumb":{"@id":"https:\/\/www.ecomare.nl\/de\/entdecke-ecomare-auf-texel\/tiere\/seehunde-bei-ecomare\/anfang-seehundaufzucht-auf-texel\/#breadcrumb"},"inLanguage":"de-DE","potentialAction":[{"@type":"ReadAction","target":["https:\/\/www.ecomare.nl\/de\/entdecke-ecomare-auf-texel\/tiere\/seehunde-bei-ecomare\/anfang-seehundaufzucht-auf-texel\/"]}]},{"@type":"ImageObject","inLanguage":"de-DE","@id":"https:\/\/www.ecomare.nl\/de\/entdecke-ecomare-auf-texel\/tiere\/seehunde-bei-ecomare\/anfang-seehundaufzucht-auf-texel\/#primaryimage","url":"https:\/\/www.ecomare.nl\/wp-content\/uploads\/2017\/04\/pcd03002-echtpaar-de-haan.jpg","contentUrl":"https:\/\/www.ecomare.nl\/wp-content\/uploads\/2017\/04\/pcd03002-echtpaar-de-haan.jpg","width":840,"height":525,"caption":"Gerrit en Annie de Haan ving als eerste in Europa zeehonden op"},{"@type":"BreadcrumbList","@id":"https:\/\/www.ecomare.nl\/de\/entdecke-ecomare-auf-texel\/tiere\/seehunde-bei-ecomare\/anfang-seehundaufzucht-auf-texel\/#breadcrumb","itemListElement":[{"@type":"ListItem","position":1,"name":"Home","item":"https:\/\/www.ecomare.nl\/de\/"},{"@type":"ListItem","position":2,"name":"Entdecke Ecomare auf Texel","item":"https:\/\/www.ecomare.nl\/de\/entdecke-ecomare-auf-texel\/"},{"@type":"ListItem","position":3,"name":"Tiere","item":"https:\/\/www.ecomare.nl\/de\/entdecke-ecomare-auf-texel\/tiere\/"},{"@type":"ListItem","position":4,"name":"Seehunde bei Ecomare","item":"https:\/\/www.ecomare.nl\/de\/entdecke-ecomare-auf-texel\/tiere\/seehunde-bei-ecomare\/"},{"@type":"ListItem","position":5,"name":"Der Anfang der Seehundaufzucht auf Texel"}]},{"@type":"WebSite","@id":"https:\/\/www.ecomare.nl\/#website","url":"https:\/\/www.ecomare.nl\/","name":"Ecomare","description":"","potentialAction":[{"@type":"SearchAction","target":{"@type":"EntryPoint","urlTemplate":"https:\/\/www.ecomare.nl\/?s={search_term_string}"},"query-input":{"@type":"PropertyValueSpecification","valueRequired":true,"valueName":"search_term_string"}}],"inLanguage":"de-DE"}]}},"_links":{"self":[{"href":"https:\/\/www.ecomare.nl\/de\/wp-json\/wp\/v2\/pages\/682","targetHints":{"allow":["GET"]}}],"collection":[{"href":"https:\/\/www.ecomare.nl\/de\/wp-json\/wp\/v2\/pages"}],"about":[{"href":"https:\/\/www.ecomare.nl\/de\/wp-json\/wp\/v2\/types\/page"}],"author":[{"embeddable":true,"href":"https:\/\/www.ecomare.nl\/de\/wp-json\/wp\/v2\/users\/1"}],"replies":[{"embeddable":true,"href":"https:\/\/www.ecomare.nl\/de\/wp-json\/wp\/v2\/comments?post=682"}],"version-history":[{"count":0,"href":"https:\/\/www.ecomare.nl\/de\/wp-json\/wp\/v2\/pages\/682\/revisions"}],"up":[{"embeddable":true,"href":"https:\/\/www.ecomare.nl\/de\/wp-json\/wp\/v2\/pages\/474"}],"wp:featuredmedia":[{"embeddable":true,"href":"https:\/\/www.ecomare.nl\/de\/wp-json\/wp\/v2\/media\/673"}],"wp:attachment":[{"href":"https:\/\/www.ecomare.nl\/de\/wp-json\/wp\/v2\/media?parent=682"}],"wp:term":[{"taxonomy":"post_tag","embeddable":true,"href":"https:\/\/www.ecomare.nl\/de\/wp-json\/wp\/v2\/tags?post=682"}],"curies":[{"name":"wp","href":"https:\/\/api.w.org\/{rel}","templated":true}]}}