{"id":789,"date":"2017-03-30T16:06:32","date_gmt":"2017-03-30T14:06:32","guid":{"rendered":"https:\/\/tender-colden.109-235-78-20.plesk.page\/plan\/guided-tours-ecomare\/"},"modified":"2025-10-27T09:28:50","modified_gmt":"2025-10-27T08:28:50","slug":"exkursionen-ecomare","status":"publish","type":"page","link":"https:\/\/www.ecomare.nl\/de\/besuche-ecomare\/exkursionen-ecomare\/","title":{"rendered":"Exkursionen"},"content":{"rendered":"<p><strong>Unterwegs mit einem F\u00fchrer erlebt und sieht man so viel mehr! Auf Texel ist jede Saison ein Erlebnis. Genie\u00dfe, entdecke und lerne \u00fcber die Natur mit einem aktiven Feldprogramm oder Exkursion. Hier unten kannst du sehen, welches Programm dich anspricht und zu dir passt. <span class=\"jCAhz ChMk0b\"><span class=\"ryNqvb\">Wenn du eine Exkursion buchst, gehen wir davon aus, dass du die <a href=\"https:\/\/www.ecomare.nl\/wp-content\/uploads\/2025\/10\/Excursie-voorwaarden-Duits.pdf\" target=\"_blank\" rel=\"noopener\">Bedingungen f\u00fcr die Exkursionsteilnahme<\/a>\u00a0gelesen hast.<\/span><\/span> <span class=\"jCAhz ChMk0b\"><span class=\"ryNqvb\">Viel Spa\u00df!<\/span><\/span><\/strong><\/p>\n","protected":false},"excerpt":{"rendered":"<p>Bei Ecomare kannst du aus zahlreichen aktiven Feldprogrammen auf Texel w\u00e4hlen. Erlebe, entdecke und lerne \u00fcber die Natur des Wattenmeeres und der Nordsee!<\/p>\n","protected":false},"author":1,"featured_media":7022,"parent":321,"menu_order":60,"comment_status":"closed","ping_status":"closed","template":"page-templates\/excursies-overzicht.php","meta":{"_acf_changed":false,"footnotes":""},"tags":[],"class_list":["post-789","page","type-page","status-publish","has-post-thumbnail","hentry"],"acf":[],"yoast_head":"<!-- This site is optimized with the Yoast SEO plugin v27.5 - https:\/\/yoast.com\/product\/yoast-seo-wordpress\/ -->\n<title>Exkursionen - Ecomare<\/title>\n<meta name=\"description\" content=\"Bei Ecomare kannst du aus zahlreichen aktiven Feldprogrammen auf Texel w\u00e4hlen. Erlebe, entdecke und lerne \u00fcber die Natur des Wattenmeeres und der Nordsee!\" \/>\n<meta name=\"robots\" content=\"index, follow, max-snippet:-1, max-image-preview:large, max-video-preview:-1\" \/>\n<meta property=\"og:locale\" content=\"de_DE\" \/>\n<meta property=\"og:type\" content=\"article\" \/>\n<meta property=\"og:description\" content=\"Bei Ecomare kannst du aus zahlreichen aktiven Feldprogrammen auf Texel w\u00e4hlen. Erlebe, entdecke und lerne \u00fcber die Natur des Wattenmeeres und der Nordsee!\" \/>\n<meta property=\"og:site_name\" content=\"Ecomare\" \/>\n<meta property=\"article:publisher\" content=\"https:\/\/www.facebook.com\/beheerder.ecomaretexel\/\" \/>\n<meta property=\"article:modified_time\" content=\"2025-10-27T08:28:50+00:00\" \/>\n<meta property=\"og:image\" content=\"https:\/\/www.ecomare.nl\/wp-content\/uploads\/2017\/04\/krassekeetexcursie-schoolgroep-0011.jpg\" \/>\n\t<meta property=\"og:image:width\" content=\"840\" \/>\n\t<meta property=\"og:image:height\" content=\"525\" \/>\n\t<meta property=\"og:image:type\" content=\"image\/jpeg\" \/>\n<meta name=\"twitter:card\" content=\"summary_large_image\" \/>\n<meta name=\"twitter:site\" content=\"@ecomaretexel\" \/>\n<meta name=\"twitter:label1\" content=\"Est. reading time\" \/>\n\t<meta name=\"twitter:data1\" content=\"1 minute\" \/>\n<script type=\"application\/ld+json\" class=\"yoast-schema-graph\">{\"@context\":\"https:\\\/\\\/schema.org\",\"@graph\":[{\"@type\":\"WebPage\",\"@id\":\"https:\\\/\\\/www.ecomare.nl\\\/de\\\/besuche-ecomare\\\/exkursionen-ecomare\\\/\",\"url\":\"https:\\\/\\\/www.ecomare.nl\\\/de\\\/besuche-ecomare\\\/exkursionen-ecomare\\\/\",\"name\":\"Exkursionen - Ecomare\",\"isPartOf\":{\"@id\":\"https:\\\/\\\/www.ecomare.nl\\\/#website\"},\"primaryImageOfPage\":{\"@id\":\"https:\\\/\\\/www.ecomare.nl\\\/de\\\/besuche-ecomare\\\/exkursionen-ecomare\\\/#primaryimage\"},\"image\":{\"@id\":\"https:\\\/\\\/www.ecomare.nl\\\/de\\\/besuche-ecomare\\\/exkursionen-ecomare\\\/#primaryimage\"},\"thumbnailUrl\":\"https:\\\/\\\/www.ecomare.nl\\\/wp-content\\\/uploads\\\/2017\\\/04\\\/krassekeetexcursie-schoolgroep-0011.jpg\",\"datePublished\":\"2017-03-30T14:06:32+00:00\",\"dateModified\":\"2025-10-27T08:28:50+00:00\",\"description\":\"Bei Ecomare kannst du aus zahlreichen aktiven Feldprogrammen auf Texel w\u00e4hlen. Erlebe, entdecke und lerne \u00fcber die Natur des Wattenmeeres und der Nordsee!\",\"breadcrumb\":{\"@id\":\"https:\\\/\\\/www.ecomare.nl\\\/de\\\/besuche-ecomare\\\/exkursionen-ecomare\\\/#breadcrumb\"},\"inLanguage\":\"de-DE\",\"potentialAction\":[{\"@type\":\"ReadAction\",\"target\":[\"https:\\\/\\\/www.ecomare.nl\\\/de\\\/besuche-ecomare\\\/exkursionen-ecomare\\\/\"]}]},{\"@type\":\"ImageObject\",\"inLanguage\":\"de-DE\",\"@id\":\"https:\\\/\\\/www.ecomare.nl\\\/de\\\/besuche-ecomare\\\/exkursionen-ecomare\\\/#primaryimage\",\"url\":\"https:\\\/\\\/www.ecomare.nl\\\/wp-content\\\/uploads\\\/2017\\\/04\\\/krassekeetexcursie-schoolgroep-0011.jpg\",\"contentUrl\":\"https:\\\/\\\/www.ecomare.nl\\\/wp-content\\\/uploads\\\/2017\\\/04\\\/krassekeetexcursie-schoolgroep-0011.jpg\",\"width\":840,\"height\":525},{\"@type\":\"BreadcrumbList\",\"@id\":\"https:\\\/\\\/www.ecomare.nl\\\/de\\\/besuche-ecomare\\\/exkursionen-ecomare\\\/#breadcrumb\",\"itemListElement\":[{\"@type\":\"ListItem\",\"position\":1,\"name\":\"Home\",\"item\":\"https:\\\/\\\/www.ecomare.nl\\\/de\\\/\"},{\"@type\":\"ListItem\",\"position\":2,\"name\":\"Besuche Ecomare auf Texel\",\"item\":\"https:\\\/\\\/www.ecomare.nl\\\/de\\\/besuche-ecomare\\\/\"},{\"@type\":\"ListItem\",\"position\":3,\"name\":\"Exkursionen\"}]},{\"@type\":\"WebSite\",\"@id\":\"https:\\\/\\\/www.ecomare.nl\\\/#website\",\"url\":\"https:\\\/\\\/www.ecomare.nl\\\/\",\"name\":\"Ecomare\",\"description\":\"\",\"potentialAction\":[{\"@type\":\"SearchAction\",\"target\":{\"@type\":\"EntryPoint\",\"urlTemplate\":\"https:\\\/\\\/www.ecomare.nl\\\/?s={search_term_string}\"},\"query-input\":{\"@type\":\"PropertyValueSpecification\",\"valueRequired\":true,\"valueName\":\"search_term_string\"}}],\"inLanguage\":\"de-DE\"}]}<\/script>\n<!-- \/ Yoast SEO plugin. -->","yoast_head_json":{"title":"Exkursionen - Ecomare","description":"Bei Ecomare kannst du aus zahlreichen aktiven Feldprogrammen auf Texel w\u00e4hlen. Erlebe, entdecke und lerne \u00fcber die Natur des Wattenmeeres und der Nordsee!","robots":{"index":"index","follow":"follow","max-snippet":"max-snippet:-1","max-image-preview":"max-image-preview:large","max-video-preview":"max-video-preview:-1"},"og_locale":"de_DE","og_type":"article","og_description":"Bei Ecomare kannst du aus zahlreichen aktiven Feldprogrammen auf Texel w\u00e4hlen. Erlebe, entdecke und lerne \u00fcber die Natur des Wattenmeeres und der Nordsee!","og_site_name":"Ecomare","article_publisher":"https:\/\/www.facebook.com\/beheerder.ecomaretexel\/","article_modified_time":"2025-10-27T08:28:50+00:00","og_image":[{"width":840,"height":525,"url":"https:\/\/www.ecomare.nl\/wp-content\/uploads\/2017\/04\/krassekeetexcursie-schoolgroep-0011.jpg","type":"image\/jpeg"}],"twitter_card":"summary_large_image","twitter_site":"@ecomaretexel","twitter_misc":{"Est. reading time":"1 minute"},"schema":{"@context":"https:\/\/schema.org","@graph":[{"@type":"WebPage","@id":"https:\/\/www.ecomare.nl\/de\/besuche-ecomare\/exkursionen-ecomare\/","url":"https:\/\/www.ecomare.nl\/de\/besuche-ecomare\/exkursionen-ecomare\/","name":"Exkursionen - Ecomare","isPartOf":{"@id":"https:\/\/www.ecomare.nl\/#website"},"primaryImageOfPage":{"@id":"https:\/\/www.ecomare.nl\/de\/besuche-ecomare\/exkursionen-ecomare\/#primaryimage"},"image":{"@id":"https:\/\/www.ecomare.nl\/de\/besuche-ecomare\/exkursionen-ecomare\/#primaryimage"},"thumbnailUrl":"https:\/\/www.ecomare.nl\/wp-content\/uploads\/2017\/04\/krassekeetexcursie-schoolgroep-0011.jpg","datePublished":"2017-03-30T14:06:32+00:00","dateModified":"2025-10-27T08:28:50+00:00","description":"Bei Ecomare kannst du aus zahlreichen aktiven Feldprogrammen auf Texel w\u00e4hlen. Erlebe, entdecke und lerne \u00fcber die Natur des Wattenmeeres und der Nordsee!","breadcrumb":{"@id":"https:\/\/www.ecomare.nl\/de\/besuche-ecomare\/exkursionen-ecomare\/#breadcrumb"},"inLanguage":"de-DE","potentialAction":[{"@type":"ReadAction","target":["https:\/\/www.ecomare.nl\/de\/besuche-ecomare\/exkursionen-ecomare\/"]}]},{"@type":"ImageObject","inLanguage":"de-DE","@id":"https:\/\/www.ecomare.nl\/de\/besuche-ecomare\/exkursionen-ecomare\/#primaryimage","url":"https:\/\/www.ecomare.nl\/wp-content\/uploads\/2017\/04\/krassekeetexcursie-schoolgroep-0011.jpg","contentUrl":"https:\/\/www.ecomare.nl\/wp-content\/uploads\/2017\/04\/krassekeetexcursie-schoolgroep-0011.jpg","width":840,"height":525},{"@type":"BreadcrumbList","@id":"https:\/\/www.ecomare.nl\/de\/besuche-ecomare\/exkursionen-ecomare\/#breadcrumb","itemListElement":[{"@type":"ListItem","position":1,"name":"Home","item":"https:\/\/www.ecomare.nl\/de\/"},{"@type":"ListItem","position":2,"name":"Besuche Ecomare auf Texel","item":"https:\/\/www.ecomare.nl\/de\/besuche-ecomare\/"},{"@type":"ListItem","position":3,"name":"Exkursionen"}]},{"@type":"WebSite","@id":"https:\/\/www.ecomare.nl\/#website","url":"https:\/\/www.ecomare.nl\/","name":"Ecomare","description":"","potentialAction":[{"@type":"SearchAction","target":{"@type":"EntryPoint","urlTemplate":"https:\/\/www.ecomare.nl\/?s={search_term_string}"},"query-input":{"@type":"PropertyValueSpecification","valueRequired":true,"valueName":"search_term_string"}}],"inLanguage":"de-DE"}]}},"_links":{"self":[{"href":"https:\/\/www.ecomare.nl\/de\/wp-json\/wp\/v2\/pages\/789","targetHints":{"allow":["GET"]}}],"collection":[{"href":"https:\/\/www.ecomare.nl\/de\/wp-json\/wp\/v2\/pages"}],"about":[{"href":"https:\/\/www.ecomare.nl\/de\/wp-json\/wp\/v2\/types\/page"}],"author":[{"embeddable":true,"href":"https:\/\/www.ecomare.nl\/de\/wp-json\/wp\/v2\/users\/1"}],"replies":[{"embeddable":true,"href":"https:\/\/www.ecomare.nl\/de\/wp-json\/wp\/v2\/comments?post=789"}],"version-history":[{"count":3,"href":"https:\/\/www.ecomare.nl\/de\/wp-json\/wp\/v2\/pages\/789\/revisions"}],"predecessor-version":[{"id":26153,"href":"https:\/\/www.ecomare.nl\/de\/wp-json\/wp\/v2\/pages\/789\/revisions\/26153"}],"up":[{"embeddable":true,"href":"https:\/\/www.ecomare.nl\/de\/wp-json\/wp\/v2\/pages\/321"}],"wp:featuredmedia":[{"embeddable":true,"href":"https:\/\/www.ecomare.nl\/de\/wp-json\/wp\/v2\/media\/7022"}],"wp:attachment":[{"href":"https:\/\/www.ecomare.nl\/de\/wp-json\/wp\/v2\/media?parent=789"}],"wp:term":[{"taxonomy":"post_tag","embeddable":true,"href":"https:\/\/www.ecomare.nl\/de\/wp-json\/wp\/v2\/tags?post=789"}],"curies":[{"name":"wp","href":"https:\/\/api.w.org\/{rel}","templated":true}]}}