{"id":798,"date":"2017-04-19T12:03:26","date_gmt":"2017-04-19T10:03:26","guid":{"rendered":"https:\/\/tender-colden.109-235-78-20.plesk.page\/?page_id=798\/"},"modified":"2018-02-27T11:09:26","modified_gmt":"2018-02-27T10:09:26","slug":"duenenpark","status":"publish","type":"page","link":"https:\/\/www.ecomare.nl\/de\/entdecke-ecomare-auf-texel\/duenenpark\/","title":{"rendered":"D\u00fcnenpark"},"content":{"rendered":"<p><strong>Der D\u00fcnenpark ist ein pr\u00e4chtiges D\u00fcnengebiet. Es ist nur \u00fcber Ecomare zu erreichen. Man kann hier herrlich rundwandern. Entscheide dich zwischen der herausfordernden Kinderwanderung oder einer 1,5\u00a0km langen Rundwanderung. Der digitale F\u00fchrer erz\u00e4hlt dir aktuelle und interessante Fakten \u00fcber die D\u00fcnenlandschaft, Pflanzen und Tiere. In der Hauptsaison gibt es regelm\u00e4\u00dfig gratis Exkursionen f\u00fcr Besucher von Ecomare.<\/strong><\/p>\n<p><img loading=\"lazy\" decoding=\"async\" class=\"alignnone wp-image-7142\" src=\"https:\/\/www.ecomare.nl\/wp-content\/uploads\/2017\/04\/duinpark-groene-route-1-sd--360x225.jpg\" alt=\"Wandelen in het duinpark bij Ecomare\" width=\"958\" height=\"599\" srcset=\"https:\/\/www.ecomare.nl\/wp-content\/uploads\/2017\/04\/duinpark-groene-route-1-sd--360x225.jpg 360w, https:\/\/www.ecomare.nl\/wp-content\/uploads\/2017\/04\/duinpark-groene-route-1-sd--768x480.jpg 768w, https:\/\/www.ecomare.nl\/wp-content\/uploads\/2017\/04\/duinpark-groene-route-1-sd--640x400.jpg 640w, https:\/\/www.ecomare.nl\/wp-content\/uploads\/2017\/04\/duinpark-groene-route-1-sd-.jpg 840w\" sizes=\"auto, (max-width: 958px) 100vw, 958px\" \/><\/p>\n<h2>Kinderwanderung im D\u00fcnenpark<\/h2>\n<p>Sonnen wie eine Hundsrose, laufen wie eine Kreuzkr\u00f6te, rennen wie ein Fasan oder h\u00f6ren wie ein Kaninchen. Mit der Kinderwanderung k\u00f6nnen Kinder die D\u00fcnen wie eine Pflanze oder ein Tier entdecken. Spielend die Natur erleben, das ist besonders toll!<\/p>\n<p><img loading=\"lazy\" decoding=\"async\" class=\"alignnone wp-image-7136\" src=\"https:\/\/www.ecomare.nl\/wp-content\/uploads\/2017\/04\/kinderpad-duinpark-8764-360x225.jpg\" alt=\"Kind vliegt als een kiekendief in het duinpark bij Ecomare\" width=\"952\" height=\"595\" srcset=\"https:\/\/www.ecomare.nl\/wp-content\/uploads\/2017\/04\/kinderpad-duinpark-8764-360x225.jpg 360w, https:\/\/www.ecomare.nl\/wp-content\/uploads\/2017\/04\/kinderpad-duinpark-8764-768x480.jpg 768w, https:\/\/www.ecomare.nl\/wp-content\/uploads\/2017\/04\/kinderpad-duinpark-8764-640x400.jpg 640w, https:\/\/www.ecomare.nl\/wp-content\/uploads\/2017\/04\/kinderpad-duinpark-8764.jpg 840w\" sizes=\"auto, (max-width: 952px) 100vw, 952px\" \/><\/p>\n<h2>Br\u00fctende M\u00f6wen am Weg<\/h2>\n<p>Im Fr\u00fchling sieht man im D\u00fcnenpark \u00fcberall M\u00f6wen sitzen. Es sind br\u00fctende Sturmm\u00f6wen, Heringsm\u00f6wen und Silberm\u00f6wen. An anderen Orten auf Texel sind die Brutgebiete der M\u00f6wen gesperrt, aber hier geht man ganz einfach mitten hindurch. Solange jeder ordentlich auf dem Weg bleibt, interessieren sich die V\u00f6gel nicht f\u00fcr uns. Eine gro\u00dfartige M\u00f6glichkeit, die M\u00f6wen und ihre Jungen ganz aus der N\u00e4he anzuschauen!<\/p>\n<p><img loading=\"lazy\" decoding=\"async\" class=\"alignnone wp-image-8162 size-full\" src=\"https:\/\/www.ecomare.nl\/wp-content\/uploads\/2017\/04\/zilvermeeuw-paartje.jpg\" alt=\"Twee zilvermeeuwen, een zittend, de ander staand.\" width=\"840\" height=\"525\" srcset=\"https:\/\/www.ecomare.nl\/wp-content\/uploads\/2017\/04\/zilvermeeuw-paartje.jpg 840w, https:\/\/www.ecomare.nl\/wp-content\/uploads\/2017\/04\/zilvermeeuw-paartje-360x225.jpg 360w, https:\/\/www.ecomare.nl\/wp-content\/uploads\/2017\/04\/zilvermeeuw-paartje-768x480.jpg 768w, https:\/\/www.ecomare.nl\/wp-content\/uploads\/2017\/04\/zilvermeeuw-paartje-640x400.jpg 640w\" sizes=\"auto, (max-width: 840px) 100vw, 840px\" \/><\/p>\n<h2>Entdecke den D\u00fcnenpark mit der gratis App<\/h2>\n<p>Mit einem digitalen Naturf\u00fchrer macht man noch mehr aus der Wanderung im D\u00fcnenpark. Lade die gps App (im Nederlands oder English) einfach auf dein Smartphone. Bei der Wanderung erh\u00e4lst du aktuelle und interessante Fakten \u00fcber die D\u00fcnenlandschaft, Pflanzen und Tiere. Dein pers\u00f6nlicher F\u00fchrer weist dich auf Besonderheiten hin!<\/p>\n<h3>Downloaden der D\u00fcnenparktour<\/h3>\n<p>Der digitale Naturf\u00fchrer wird von <a href=\"https:\/\/izi.travel\/nl\/ec5d-dune-park-ecomare\/en\" target=\"_blank\" rel=\"noopener noreferrer\">IZI.travel<\/a> angeboten. Die IZI.travel App kann auf iOS- und Android-Smartphones heruntergeladen werden. Dies kann man zuhause machen oder \u00fcber die WIFI-Verbindung bei Ecomare.<\/p>\n<p><img loading=\"lazy\" decoding=\"async\" class=\"alignnone wp-image-7140\" src=\"https:\/\/www.ecomare.nl\/wp-content\/uploads\/2017\/04\/gezin-in-duinen-sd-360x225.jpg\" alt=\"Gezin in het duinpark bij Ecomare\" width=\"1018\" height=\"636\" srcset=\"https:\/\/www.ecomare.nl\/wp-content\/uploads\/2017\/04\/gezin-in-duinen-sd-360x225.jpg 360w, https:\/\/www.ecomare.nl\/wp-content\/uploads\/2017\/04\/gezin-in-duinen-sd-768x480.jpg 768w, https:\/\/www.ecomare.nl\/wp-content\/uploads\/2017\/04\/gezin-in-duinen-sd-640x400.jpg 640w, https:\/\/www.ecomare.nl\/wp-content\/uploads\/2017\/04\/gezin-in-duinen-sd.jpg 840w\" sizes=\"auto, (max-width: 1018px) 100vw, 1018px\" \/><\/p>\n","protected":false},"excerpt":{"rendered":"<p>Im D\u00fcnenpark von Ecomare kann man herrlich wandern. Folge der Kinderroute oder lade die gratis App herunter, um die Wanderung noch interessanter zu machen.<\/p>\n","protected":false},"author":58,"featured_media":1055,"parent":333,"menu_order":30,"comment_status":"closed","ping_status":"closed","template":"page-templates\/content-detail.php","meta":{"_acf_changed":false,"footnotes":""},"tags":[],"class_list":["post-798","page","type-page","status-publish","has-post-thumbnail","hentry"],"acf":[],"yoast_head":"<!-- This site is optimized with the Yoast SEO plugin v27.5 - https:\/\/yoast.com\/product\/yoast-seo-wordpress\/ -->\n<title>D\u00fcnenpark - Ecomare<\/title>\n<meta name=\"description\" content=\"Im D\u00fcnenpark von Ecomare kann man herrlich wandern. Folge der Kinderroute oder lade die gratis App herunter, um die Wanderung noch interessanter zu machen.\" \/>\n<meta name=\"robots\" content=\"index, follow, max-snippet:-1, max-image-preview:large, max-video-preview:-1\" \/>\n<meta property=\"og:locale\" content=\"de_DE\" \/>\n<meta property=\"og:type\" content=\"article\" \/>\n<meta property=\"og:description\" content=\"Im D\u00fcnenpark von Ecomare kann man herrlich wandern. Folge der Kinderroute oder lade die gratis App herunter, um die Wanderung noch interessanter zu machen.\" \/>\n<meta property=\"og:site_name\" content=\"Ecomare\" \/>\n<meta property=\"article:publisher\" content=\"https:\/\/www.facebook.com\/beheerder.ecomaretexel\/\" \/>\n<meta property=\"article:modified_time\" content=\"2018-02-27T10:09:26+00:00\" \/>\n<meta property=\"og:image\" content=\"https:\/\/www.ecomare.nl\/wp-content\/uploads\/2017\/04\/duinpark-08-11-sd.jpg\" \/>\n\t<meta property=\"og:image:width\" content=\"840\" \/>\n\t<meta property=\"og:image:height\" content=\"525\" \/>\n\t<meta property=\"og:image:type\" content=\"image\/jpeg\" \/>\n<meta name=\"twitter:card\" content=\"summary_large_image\" \/>\n<meta name=\"twitter:site\" content=\"@ecomaretexel\" \/>\n<meta name=\"twitter:label1\" content=\"Est. reading time\" \/>\n\t<meta name=\"twitter:data1\" content=\"1 minute\" \/>\n<script type=\"application\/ld+json\" class=\"yoast-schema-graph\">{\"@context\":\"https:\\\/\\\/schema.org\",\"@graph\":[{\"@type\":\"WebPage\",\"@id\":\"https:\\\/\\\/www.ecomare.nl\\\/de\\\/entdecke-ecomare-auf-texel\\\/duenenpark\\\/\",\"url\":\"https:\\\/\\\/www.ecomare.nl\\\/de\\\/entdecke-ecomare-auf-texel\\\/duenenpark\\\/\",\"name\":\"D\u00fcnenpark - Ecomare\",\"isPartOf\":{\"@id\":\"https:\\\/\\\/www.ecomare.nl\\\/#website\"},\"primaryImageOfPage\":{\"@id\":\"https:\\\/\\\/www.ecomare.nl\\\/de\\\/entdecke-ecomare-auf-texel\\\/duenenpark\\\/#primaryimage\"},\"image\":{\"@id\":\"https:\\\/\\\/www.ecomare.nl\\\/de\\\/entdecke-ecomare-auf-texel\\\/duenenpark\\\/#primaryimage\"},\"thumbnailUrl\":\"https:\\\/\\\/www.ecomare.nl\\\/wp-content\\\/uploads\\\/2017\\\/04\\\/duinpark-08-11-sd.jpg\",\"datePublished\":\"2017-04-19T10:03:26+00:00\",\"dateModified\":\"2018-02-27T10:09:26+00:00\",\"description\":\"Im D\u00fcnenpark von Ecomare kann man herrlich wandern. Folge der Kinderroute oder lade die gratis App herunter, um die Wanderung noch interessanter zu machen.\",\"breadcrumb\":{\"@id\":\"https:\\\/\\\/www.ecomare.nl\\\/de\\\/entdecke-ecomare-auf-texel\\\/duenenpark\\\/#breadcrumb\"},\"inLanguage\":\"de-DE\",\"potentialAction\":[{\"@type\":\"ReadAction\",\"target\":[\"https:\\\/\\\/www.ecomare.nl\\\/de\\\/entdecke-ecomare-auf-texel\\\/duenenpark\\\/\"]}]},{\"@type\":\"ImageObject\",\"inLanguage\":\"de-DE\",\"@id\":\"https:\\\/\\\/www.ecomare.nl\\\/de\\\/entdecke-ecomare-auf-texel\\\/duenenpark\\\/#primaryimage\",\"url\":\"https:\\\/\\\/www.ecomare.nl\\\/wp-content\\\/uploads\\\/2017\\\/04\\\/duinpark-08-11-sd.jpg\",\"contentUrl\":\"https:\\\/\\\/www.ecomare.nl\\\/wp-content\\\/uploads\\\/2017\\\/04\\\/duinpark-08-11-sd.jpg\",\"width\":840,\"height\":525,\"caption\":\"SONY DSC\"},{\"@type\":\"BreadcrumbList\",\"@id\":\"https:\\\/\\\/www.ecomare.nl\\\/de\\\/entdecke-ecomare-auf-texel\\\/duenenpark\\\/#breadcrumb\",\"itemListElement\":[{\"@type\":\"ListItem\",\"position\":1,\"name\":\"Home\",\"item\":\"https:\\\/\\\/www.ecomare.nl\\\/de\\\/\"},{\"@type\":\"ListItem\",\"position\":2,\"name\":\"Entdecke Ecomare auf Texel\",\"item\":\"https:\\\/\\\/www.ecomare.nl\\\/de\\\/entdecke-ecomare-auf-texel\\\/\"},{\"@type\":\"ListItem\",\"position\":3,\"name\":\"D\u00fcnenpark\"}]},{\"@type\":\"WebSite\",\"@id\":\"https:\\\/\\\/www.ecomare.nl\\\/#website\",\"url\":\"https:\\\/\\\/www.ecomare.nl\\\/\",\"name\":\"Ecomare\",\"description\":\"\",\"potentialAction\":[{\"@type\":\"SearchAction\",\"target\":{\"@type\":\"EntryPoint\",\"urlTemplate\":\"https:\\\/\\\/www.ecomare.nl\\\/?s={search_term_string}\"},\"query-input\":{\"@type\":\"PropertyValueSpecification\",\"valueRequired\":true,\"valueName\":\"search_term_string\"}}],\"inLanguage\":\"de-DE\"}]}<\/script>\n<!-- \/ Yoast SEO plugin. -->","yoast_head_json":{"title":"D\u00fcnenpark - Ecomare","description":"Im D\u00fcnenpark von Ecomare kann man herrlich wandern. Folge der Kinderroute oder lade die gratis App herunter, um die Wanderung noch interessanter zu machen.","robots":{"index":"index","follow":"follow","max-snippet":"max-snippet:-1","max-image-preview":"max-image-preview:large","max-video-preview":"max-video-preview:-1"},"og_locale":"de_DE","og_type":"article","og_description":"Im D\u00fcnenpark von Ecomare kann man herrlich wandern. Folge der Kinderroute oder lade die gratis App herunter, um die Wanderung noch interessanter zu machen.","og_site_name":"Ecomare","article_publisher":"https:\/\/www.facebook.com\/beheerder.ecomaretexel\/","article_modified_time":"2018-02-27T10:09:26+00:00","og_image":[{"width":840,"height":525,"url":"https:\/\/www.ecomare.nl\/wp-content\/uploads\/2017\/04\/duinpark-08-11-sd.jpg","type":"image\/jpeg"}],"twitter_card":"summary_large_image","twitter_site":"@ecomaretexel","twitter_misc":{"Est. reading time":"1 minute"},"schema":{"@context":"https:\/\/schema.org","@graph":[{"@type":"WebPage","@id":"https:\/\/www.ecomare.nl\/de\/entdecke-ecomare-auf-texel\/duenenpark\/","url":"https:\/\/www.ecomare.nl\/de\/entdecke-ecomare-auf-texel\/duenenpark\/","name":"D\u00fcnenpark - Ecomare","isPartOf":{"@id":"https:\/\/www.ecomare.nl\/#website"},"primaryImageOfPage":{"@id":"https:\/\/www.ecomare.nl\/de\/entdecke-ecomare-auf-texel\/duenenpark\/#primaryimage"},"image":{"@id":"https:\/\/www.ecomare.nl\/de\/entdecke-ecomare-auf-texel\/duenenpark\/#primaryimage"},"thumbnailUrl":"https:\/\/www.ecomare.nl\/wp-content\/uploads\/2017\/04\/duinpark-08-11-sd.jpg","datePublished":"2017-04-19T10:03:26+00:00","dateModified":"2018-02-27T10:09:26+00:00","description":"Im D\u00fcnenpark von Ecomare kann man herrlich wandern. Folge der Kinderroute oder lade die gratis App herunter, um die Wanderung noch interessanter zu machen.","breadcrumb":{"@id":"https:\/\/www.ecomare.nl\/de\/entdecke-ecomare-auf-texel\/duenenpark\/#breadcrumb"},"inLanguage":"de-DE","potentialAction":[{"@type":"ReadAction","target":["https:\/\/www.ecomare.nl\/de\/entdecke-ecomare-auf-texel\/duenenpark\/"]}]},{"@type":"ImageObject","inLanguage":"de-DE","@id":"https:\/\/www.ecomare.nl\/de\/entdecke-ecomare-auf-texel\/duenenpark\/#primaryimage","url":"https:\/\/www.ecomare.nl\/wp-content\/uploads\/2017\/04\/duinpark-08-11-sd.jpg","contentUrl":"https:\/\/www.ecomare.nl\/wp-content\/uploads\/2017\/04\/duinpark-08-11-sd.jpg","width":840,"height":525,"caption":"SONY DSC"},{"@type":"BreadcrumbList","@id":"https:\/\/www.ecomare.nl\/de\/entdecke-ecomare-auf-texel\/duenenpark\/#breadcrumb","itemListElement":[{"@type":"ListItem","position":1,"name":"Home","item":"https:\/\/www.ecomare.nl\/de\/"},{"@type":"ListItem","position":2,"name":"Entdecke Ecomare auf Texel","item":"https:\/\/www.ecomare.nl\/de\/entdecke-ecomare-auf-texel\/"},{"@type":"ListItem","position":3,"name":"D\u00fcnenpark"}]},{"@type":"WebSite","@id":"https:\/\/www.ecomare.nl\/#website","url":"https:\/\/www.ecomare.nl\/","name":"Ecomare","description":"","potentialAction":[{"@type":"SearchAction","target":{"@type":"EntryPoint","urlTemplate":"https:\/\/www.ecomare.nl\/?s={search_term_string}"},"query-input":{"@type":"PropertyValueSpecification","valueRequired":true,"valueName":"search_term_string"}}],"inLanguage":"de-DE"}]}},"_links":{"self":[{"href":"https:\/\/www.ecomare.nl\/de\/wp-json\/wp\/v2\/pages\/798","targetHints":{"allow":["GET"]}}],"collection":[{"href":"https:\/\/www.ecomare.nl\/de\/wp-json\/wp\/v2\/pages"}],"about":[{"href":"https:\/\/www.ecomare.nl\/de\/wp-json\/wp\/v2\/types\/page"}],"author":[{"embeddable":true,"href":"https:\/\/www.ecomare.nl\/de\/wp-json\/wp\/v2\/users\/58"}],"replies":[{"embeddable":true,"href":"https:\/\/www.ecomare.nl\/de\/wp-json\/wp\/v2\/comments?post=798"}],"version-history":[{"count":0,"href":"https:\/\/www.ecomare.nl\/de\/wp-json\/wp\/v2\/pages\/798\/revisions"}],"up":[{"embeddable":true,"href":"https:\/\/www.ecomare.nl\/de\/wp-json\/wp\/v2\/pages\/333"}],"wp:featuredmedia":[{"embeddable":true,"href":"https:\/\/www.ecomare.nl\/de\/wp-json\/wp\/v2\/media\/1055"}],"wp:attachment":[{"href":"https:\/\/www.ecomare.nl\/de\/wp-json\/wp\/v2\/media?parent=798"}],"wp:term":[{"taxonomy":"post_tag","embeddable":true,"href":"https:\/\/www.ecomare.nl\/de\/wp-json\/wp\/v2\/tags?post=798"}],"curies":[{"name":"wp","href":"https:\/\/api.w.org\/{rel}","templated":true}]}}