{"id":998,"date":"2017-03-31T16:21:40","date_gmt":"2017-03-31T14:21:40","guid":{"rendered":"https:\/\/tender-colden.109-235-78-20.plesk.page\/besuche-ecomare\/groepen-en-bedrijven\/"},"modified":"2025-06-08T11:10:04","modified_gmt":"2025-06-08T09:10:04","slug":"gruppen-und-betriebe","status":"publish","type":"page","link":"https:\/\/www.ecomare.nl\/de\/besuche-ecomare\/gruppen-und-betriebe\/","title":{"rendered":"Gruppen und Betriebe"},"content":{"rendered":"<p><strong>Ecomare ist ein gro\u00dfartiges Ziel f\u00fcr einen Betriebsausflug oder Familientag auf Texel. Kommst du mit einer Gruppe von 15 Personen oder mehr? Dann bekommst du 15% Erm\u00e4\u00dfigung auf den Eintritt. Eine Reservierung f\u00fcr den Besuch ist nicht n\u00f6tig, die Erm\u00e4\u00dfigung wird an der Kasse verrechnet. Aber vielleicht m\u00f6chtet ihr Lunch oder eine Kaffee? Oder eine Exkursion buchen? <\/strong><strong>Dann k\u00f6nnen Sie uns vorab kontaktieren, um die Optionen zu besprechen.<\/strong><\/p>\n<h2>Essen und Trinken<\/h2>\n<p>Das Selbstbedienungsrestaurant von Ecomare hat f\u00fcr jeden etwas zu bieten. M\u00f6chtest du mit einer Gruppe kommen? Dann k\u00f6nnen Sie uns vorab kontaktieren unter 0031-<a href=\"tel:\/\/+31222367440\">222-367440<\/a>\u00a0of <a href=\"mailto:boekingskantoor@ecomare.nl\" target=\"_blank\" rel=\"noopener\">boekingskantoor@ecomare.nl<\/a>\u00a0um die Optionen zu besprechen.<\/p>\n<h2>Ins Freie<\/h2>\n<p>Es gibt allerlei M\u00f6glichkeiten f\u00fcr Exkursionen und aktive Feldprogramme. Das ultimative Erlebnis ist doch die Wattexkursion. Bei Niedrigwasser l\u00e4uft man \u00fcber den Boden des Meeres; ein paar Stunden sp\u00e4ter steht alles wieder unter Wasser! Tiere im Schlick suchen, f\u00fchlen, wie der Wattboden an den Gummistiefeln zieht, die Weite, der Geruch, die Ger\u00e4usche: Eine gro\u00dfartige Erfahrung. F\u00fcr das Besprechen der M\u00f6glichkeiten und Preise kannst du zu B\u00fcrozeiten Kontakt mit dem Buchungsb\u00fcro unter der Nummer 0031-222-367440 aufnehmen.<\/p>\n","protected":false},"excerpt":{"rendered":"<p>F\u00fcr Gruppen ab 15 Personen gibt es viele M\u00f6glichkeiten f\u00fcr einen tollen Tag auf Texel. Besuche Ecomare inkl. Lunch oder buche eine Exkursion.<\/p>\n","protected":false},"author":1,"featured_media":752,"parent":321,"menu_order":80,"comment_status":"closed","ping_status":"closed","template":"page-templates\/content-detail.php","meta":{"_acf_changed":false,"footnotes":""},"tags":[],"class_list":["post-998","page","type-page","status-publish","has-post-thumbnail","hentry"],"acf":[],"yoast_head":"<!-- This site is optimized with the Yoast SEO plugin v27.5 - https:\/\/yoast.com\/product\/yoast-seo-wordpress\/ -->\n<title>Gruppen und Betriebe - Ecomare<\/title>\n<meta name=\"description\" content=\"F\u00fcr Gruppen ab 15 Personen gibt es viele M\u00f6glichkeiten f\u00fcr einen tollen Tag auf Texel. Besuche Ecomare inkl. Lunch oder buche eine Exkursion.\" \/>\n<meta name=\"robots\" content=\"index, follow, max-snippet:-1, max-image-preview:large, max-video-preview:-1\" \/>\n<meta property=\"og:locale\" content=\"de_DE\" \/>\n<meta property=\"og:type\" content=\"article\" \/>\n<meta property=\"og:description\" content=\"F\u00fcr Gruppen ab 15 Personen gibt es viele M\u00f6glichkeiten f\u00fcr einen tollen Tag auf Texel. Besuche Ecomare inkl. Lunch oder buche eine Exkursion.\" \/>\n<meta property=\"og:site_name\" content=\"Ecomare\" \/>\n<meta property=\"article:publisher\" content=\"https:\/\/www.facebook.com\/beheerder.ecomaretexel\/\" \/>\n<meta property=\"article:modified_time\" content=\"2025-06-08T09:10:04+00:00\" \/>\n<meta property=\"og:image\" content=\"https:\/\/www.ecomare.nl\/wp-content\/uploads\/2017\/04\/wadexcursie2014-6630-sw.jpg\" \/>\n\t<meta property=\"og:image:width\" content=\"840\" \/>\n\t<meta property=\"og:image:height\" content=\"525\" \/>\n\t<meta property=\"og:image:type\" content=\"image\/jpeg\" \/>\n<meta name=\"twitter:card\" content=\"summary_large_image\" \/>\n<meta name=\"twitter:site\" content=\"@ecomaretexel\" \/>\n<meta name=\"twitter:label1\" content=\"Est. reading time\" \/>\n\t<meta name=\"twitter:data1\" content=\"2 minutes\" \/>\n<script type=\"application\/ld+json\" class=\"yoast-schema-graph\">{\"@context\":\"https:\\\/\\\/schema.org\",\"@graph\":[{\"@type\":\"WebPage\",\"@id\":\"https:\\\/\\\/www.ecomare.nl\\\/de\\\/besuche-ecomare\\\/gruppen-und-betriebe\\\/\",\"url\":\"https:\\\/\\\/www.ecomare.nl\\\/de\\\/besuche-ecomare\\\/gruppen-und-betriebe\\\/\",\"name\":\"Gruppen und Betriebe - Ecomare\",\"isPartOf\":{\"@id\":\"https:\\\/\\\/www.ecomare.nl\\\/#website\"},\"primaryImageOfPage\":{\"@id\":\"https:\\\/\\\/www.ecomare.nl\\\/de\\\/besuche-ecomare\\\/gruppen-und-betriebe\\\/#primaryimage\"},\"image\":{\"@id\":\"https:\\\/\\\/www.ecomare.nl\\\/de\\\/besuche-ecomare\\\/gruppen-und-betriebe\\\/#primaryimage\"},\"thumbnailUrl\":\"https:\\\/\\\/www.ecomare.nl\\\/wp-content\\\/uploads\\\/2017\\\/04\\\/wadexcursie2014-6630-sw.jpg\",\"datePublished\":\"2017-03-31T14:21:40+00:00\",\"dateModified\":\"2025-06-08T09:10:04+00:00\",\"description\":\"F\u00fcr Gruppen ab 15 Personen gibt es viele M\u00f6glichkeiten f\u00fcr einen tollen Tag auf Texel. Besuche Ecomare inkl. Lunch oder buche eine Exkursion.\",\"breadcrumb\":{\"@id\":\"https:\\\/\\\/www.ecomare.nl\\\/de\\\/besuche-ecomare\\\/gruppen-und-betriebe\\\/#breadcrumb\"},\"inLanguage\":\"de-DE\",\"potentialAction\":[{\"@type\":\"ReadAction\",\"target\":[\"https:\\\/\\\/www.ecomare.nl\\\/de\\\/besuche-ecomare\\\/gruppen-und-betriebe\\\/\"]}]},{\"@type\":\"ImageObject\",\"inLanguage\":\"de-DE\",\"@id\":\"https:\\\/\\\/www.ecomare.nl\\\/de\\\/besuche-ecomare\\\/gruppen-und-betriebe\\\/#primaryimage\",\"url\":\"https:\\\/\\\/www.ecomare.nl\\\/wp-content\\\/uploads\\\/2017\\\/04\\\/wadexcursie2014-6630-sw.jpg\",\"contentUrl\":\"https:\\\/\\\/www.ecomare.nl\\\/wp-content\\\/uploads\\\/2017\\\/04\\\/wadexcursie2014-6630-sw.jpg\",\"width\":840,\"height\":525,\"caption\":\"Leerlingen lopen over het wad\"},{\"@type\":\"BreadcrumbList\",\"@id\":\"https:\\\/\\\/www.ecomare.nl\\\/de\\\/besuche-ecomare\\\/gruppen-und-betriebe\\\/#breadcrumb\",\"itemListElement\":[{\"@type\":\"ListItem\",\"position\":1,\"name\":\"Home\",\"item\":\"https:\\\/\\\/www.ecomare.nl\\\/de\\\/\"},{\"@type\":\"ListItem\",\"position\":2,\"name\":\"Besuche Ecomare auf Texel\",\"item\":\"https:\\\/\\\/www.ecomare.nl\\\/de\\\/besuche-ecomare\\\/\"},{\"@type\":\"ListItem\",\"position\":3,\"name\":\"Gruppen und Betriebe\"}]},{\"@type\":\"WebSite\",\"@id\":\"https:\\\/\\\/www.ecomare.nl\\\/#website\",\"url\":\"https:\\\/\\\/www.ecomare.nl\\\/\",\"name\":\"Ecomare\",\"description\":\"\",\"potentialAction\":[{\"@type\":\"SearchAction\",\"target\":{\"@type\":\"EntryPoint\",\"urlTemplate\":\"https:\\\/\\\/www.ecomare.nl\\\/?s={search_term_string}\"},\"query-input\":{\"@type\":\"PropertyValueSpecification\",\"valueRequired\":true,\"valueName\":\"search_term_string\"}}],\"inLanguage\":\"de-DE\"}]}<\/script>\n<!-- \/ Yoast SEO plugin. -->","yoast_head_json":{"title":"Gruppen und Betriebe - Ecomare","description":"F\u00fcr Gruppen ab 15 Personen gibt es viele M\u00f6glichkeiten f\u00fcr einen tollen Tag auf Texel. Besuche Ecomare inkl. Lunch oder buche eine Exkursion.","robots":{"index":"index","follow":"follow","max-snippet":"max-snippet:-1","max-image-preview":"max-image-preview:large","max-video-preview":"max-video-preview:-1"},"og_locale":"de_DE","og_type":"article","og_description":"F\u00fcr Gruppen ab 15 Personen gibt es viele M\u00f6glichkeiten f\u00fcr einen tollen Tag auf Texel. Besuche Ecomare inkl. Lunch oder buche eine Exkursion.","og_site_name":"Ecomare","article_publisher":"https:\/\/www.facebook.com\/beheerder.ecomaretexel\/","article_modified_time":"2025-06-08T09:10:04+00:00","og_image":[{"width":840,"height":525,"url":"https:\/\/www.ecomare.nl\/wp-content\/uploads\/2017\/04\/wadexcursie2014-6630-sw.jpg","type":"image\/jpeg"}],"twitter_card":"summary_large_image","twitter_site":"@ecomaretexel","twitter_misc":{"Est. reading time":"2 minutes"},"schema":{"@context":"https:\/\/schema.org","@graph":[{"@type":"WebPage","@id":"https:\/\/www.ecomare.nl\/de\/besuche-ecomare\/gruppen-und-betriebe\/","url":"https:\/\/www.ecomare.nl\/de\/besuche-ecomare\/gruppen-und-betriebe\/","name":"Gruppen und Betriebe - Ecomare","isPartOf":{"@id":"https:\/\/www.ecomare.nl\/#website"},"primaryImageOfPage":{"@id":"https:\/\/www.ecomare.nl\/de\/besuche-ecomare\/gruppen-und-betriebe\/#primaryimage"},"image":{"@id":"https:\/\/www.ecomare.nl\/de\/besuche-ecomare\/gruppen-und-betriebe\/#primaryimage"},"thumbnailUrl":"https:\/\/www.ecomare.nl\/wp-content\/uploads\/2017\/04\/wadexcursie2014-6630-sw.jpg","datePublished":"2017-03-31T14:21:40+00:00","dateModified":"2025-06-08T09:10:04+00:00","description":"F\u00fcr Gruppen ab 15 Personen gibt es viele M\u00f6glichkeiten f\u00fcr einen tollen Tag auf Texel. Besuche Ecomare inkl. Lunch oder buche eine Exkursion.","breadcrumb":{"@id":"https:\/\/www.ecomare.nl\/de\/besuche-ecomare\/gruppen-und-betriebe\/#breadcrumb"},"inLanguage":"de-DE","potentialAction":[{"@type":"ReadAction","target":["https:\/\/www.ecomare.nl\/de\/besuche-ecomare\/gruppen-und-betriebe\/"]}]},{"@type":"ImageObject","inLanguage":"de-DE","@id":"https:\/\/www.ecomare.nl\/de\/besuche-ecomare\/gruppen-und-betriebe\/#primaryimage","url":"https:\/\/www.ecomare.nl\/wp-content\/uploads\/2017\/04\/wadexcursie2014-6630-sw.jpg","contentUrl":"https:\/\/www.ecomare.nl\/wp-content\/uploads\/2017\/04\/wadexcursie2014-6630-sw.jpg","width":840,"height":525,"caption":"Leerlingen lopen over het wad"},{"@type":"BreadcrumbList","@id":"https:\/\/www.ecomare.nl\/de\/besuche-ecomare\/gruppen-und-betriebe\/#breadcrumb","itemListElement":[{"@type":"ListItem","position":1,"name":"Home","item":"https:\/\/www.ecomare.nl\/de\/"},{"@type":"ListItem","position":2,"name":"Besuche Ecomare auf Texel","item":"https:\/\/www.ecomare.nl\/de\/besuche-ecomare\/"},{"@type":"ListItem","position":3,"name":"Gruppen und Betriebe"}]},{"@type":"WebSite","@id":"https:\/\/www.ecomare.nl\/#website","url":"https:\/\/www.ecomare.nl\/","name":"Ecomare","description":"","potentialAction":[{"@type":"SearchAction","target":{"@type":"EntryPoint","urlTemplate":"https:\/\/www.ecomare.nl\/?s={search_term_string}"},"query-input":{"@type":"PropertyValueSpecification","valueRequired":true,"valueName":"search_term_string"}}],"inLanguage":"de-DE"}]}},"_links":{"self":[{"href":"https:\/\/www.ecomare.nl\/de\/wp-json\/wp\/v2\/pages\/998","targetHints":{"allow":["GET"]}}],"collection":[{"href":"https:\/\/www.ecomare.nl\/de\/wp-json\/wp\/v2\/pages"}],"about":[{"href":"https:\/\/www.ecomare.nl\/de\/wp-json\/wp\/v2\/types\/page"}],"author":[{"embeddable":true,"href":"https:\/\/www.ecomare.nl\/de\/wp-json\/wp\/v2\/users\/1"}],"replies":[{"embeddable":true,"href":"https:\/\/www.ecomare.nl\/de\/wp-json\/wp\/v2\/comments?post=998"}],"version-history":[{"count":4,"href":"https:\/\/www.ecomare.nl\/de\/wp-json\/wp\/v2\/pages\/998\/revisions"}],"predecessor-version":[{"id":25661,"href":"https:\/\/www.ecomare.nl\/de\/wp-json\/wp\/v2\/pages\/998\/revisions\/25661"}],"up":[{"embeddable":true,"href":"https:\/\/www.ecomare.nl\/de\/wp-json\/wp\/v2\/pages\/321"}],"wp:featuredmedia":[{"embeddable":true,"href":"https:\/\/www.ecomare.nl\/de\/wp-json\/wp\/v2\/media\/752"}],"wp:attachment":[{"href":"https:\/\/www.ecomare.nl\/de\/wp-json\/wp\/v2\/media?parent=998"}],"wp:term":[{"taxonomy":"post_tag","embeddable":true,"href":"https:\/\/www.ecomare.nl\/de\/wp-json\/wp\/v2\/tags?post=998"}],"curies":[{"name":"wp","href":"https:\/\/api.w.org\/{rel}","templated":true}]}}